{"id":4090,"date":"2025-12-20T23:12:44","date_gmt":"2025-12-21T04:12:44","guid":{"rendered":"https:\/\/portal.hospitalsvpgarzon.gov.co\/?page_id=4090"},"modified":"2025-12-20T23:16:00","modified_gmt":"2025-12-21T04:16:00","slug":"instrumentos-de-gestion-de-la-informacion","status":"publish","type":"page","link":"https:\/\/hospitalsvpgarzon.gov.co\/index.php\/transparencia-y-acceso-a-la-informacion-publica\/instrumentos-de-gestion-de-la-informacion\/","title":{"rendered":"Instrumentos de gesti\u00f3n de la informaci\u00f3n"},"content":{"rendered":"<p><div class=\"fusion-fullwidth fullwidth-box fusion-builder-row-1 fusion-flex-container has-pattern-background has-mask-background nonhundred-percent-fullwidth non-hundred-percent-height-scrolling\" style=\"--awb-border-radius-top-left:0px;--awb-border-radius-top-right:0px;--awb-border-radius-bottom-right:0px;--awb-border-radius-bottom-left:0px;--awb-flex-wrap:wrap;\" ><div class=\"fusion-builder-row fusion-row fusion-flex-align-items-flex-start fusion-flex-content-wrap\" style=\"max-width:89.44%;margin-left: calc(-4% \/ 2 );margin-right: calc(-4% \/ 2 );\"><div class=\"fusion-layout-column fusion_builder_column fusion-builder-column-0 fusion_builder_column_1_1 1_1 fusion-flex-column\" style=\"--awb-bg-size:cover;--awb-width-large:100%;--awb-margin-top-large:0px;--awb-spacing-right-large:1.92%;--awb-margin-bottom-large:20px;--awb-spacing-left-large:1.92%;--awb-width-medium:100%;--awb-order-medium:0;--awb-spacing-right-medium:1.92%;--awb-spacing-left-medium:1.92%;--awb-width-small:100%;--awb-order-small:0;--awb-spacing-right-small:1.92%;--awb-spacing-left-small:1.92%;\"><div class=\"fusion-column-wrapper fusion-column-has-shadow fusion-flex-justify-content-flex-start fusion-content-layout-column\"><div class=\"fusion-text fusion-text-1\"><p>La E.S.E Hospital Departamental San Vicente de Pa\u00fal de Garz\u00f3n,\u00a0TIENE A SU DISPOSICI\u00d3N\u00a0sus conjuntos de datos en la plataforma de Datos Abiertos para que puedan ser visualizados, descargados y utilizados para fines de investigaci\u00f3n y consulta.<\/p>\n<pre><\/pre>\n<\/div><div class=\"fusion-image-element \" style=\"--awb-caption-title-font-family:var(--h2_typography-font-family);--awb-caption-title-font-weight:var(--h2_typography-font-weight);--awb-caption-title-font-style:var(--h2_typography-font-style);--awb-caption-title-size:var(--h2_typography-font-size);--awb-caption-title-transform:var(--h2_typography-text-transform);--awb-caption-title-line-height:var(--h2_typography-line-height);--awb-caption-title-letter-spacing:var(--h2_typography-letter-spacing);\"><span class=\" fusion-imageframe imageframe-none imageframe-1 hover-type-none\"><a class=\"fusion-no-lightbox\" href=\"https:\/\/www.datos.gov.co\/browse?Informaci\u00f3n-de-la-Entidad_Departamento=Huila&amp;Informaci\u00f3n-de-la-Entidad_Municipio=Garz\u00f3n&amp;q=hospital+departamental+san+vicente+de+paul&amp;sortBy=relevance\" target=\"_self\" aria-label=\"logoDatosAbiertos\"><img decoding=\"async\" width=\"300\" height=\"132\" src=\"https:\/\/hospitalsvpgarzon.gov.co\/wp-content\/uploads\/2024\/11\/logoDatosAbiertos.png\" data-orig-src=\"https:\/\/portal.hospitalsvpgarzon.gov.co\/wp-content\/uploads\/2024\/11\/logoDatosAbiertos-300x132.png\" alt class=\"lazyload img-responsive wp-image-362\" srcset=\"data:image\/svg+xml,%3Csvg%20xmlns%3D%27http%3A%2F%2Fwww.w3.org%2F2000%2Fsvg%27%20width%3D%27793%27%20height%3D%27350%27%20viewBox%3D%270%200%20793%20350%27%3E%3Crect%20width%3D%27793%27%20height%3D%27350%27%20fill-opacity%3D%220%22%2F%3E%3C%2Fsvg%3E\" data-srcset=\"https:\/\/hospitalsvpgarzon.gov.co\/wp-content\/uploads\/2024\/11\/logoDatosAbiertos-200x88.png 200w, https:\/\/hospitalsvpgarzon.gov.co\/wp-content\/uploads\/2024\/11\/logoDatosAbiertos-400x177.png 400w, https:\/\/hospitalsvpgarzon.gov.co\/wp-content\/uploads\/2024\/11\/logoDatosAbiertos-600x265.png 600w, https:\/\/hospitalsvpgarzon.gov.co\/wp-content\/uploads\/2024\/11\/logoDatosAbiertos.png 793w\" data-sizes=\"auto\" data-orig-sizes=\"(max-width: 700px) 100vw, 300px\" \/><\/a><\/span><\/div><div class=\"fusion-alert alert notice alert-warning fusion-alert-center awb-alert-native-link-color alert-dismissable awb-alert-close-boxed\" role=\"alert\"><div class=\"fusion-alert-content-wrapper\"><span class=\"alert-icon\"><i class=\"awb-icon-cog\" aria-hidden=\"true\"><\/i><\/span><span class=\"fusion-alert-content\">Puedes acceder a ellos ingresando a la plataforma de\u00a0<a href=\"https:\/\/www.datos.gov.co\/browse?Informaci%C3%B3n-de-la-Entidad_Departamento=Huila&amp;Informaci%C3%B3n-de-la-Entidad_Municipio=Garz%C3%B3n&amp;q=hospital+departamental+san+vicente+de+paul&amp;sortBy=relevance\" target=\"_blank\" rel=\"noopener\">www.datos.gov.co<\/a><\/span><\/div><button type=\"button\" class=\"close toggle-alert\" data-dismiss=\"alert\" aria-label=\"Close\">&times;<\/button><\/div><div class=\"fusion-text fusion-text-2\"><p><a href=\"https:\/\/portal.hospitalsvpgarzon.gov.co\/wp-content\/uploads\/2025\/12\/Activos-de-informacion-2024-2025.xlsx\">1.1.1. Activos de informacion 2024-2025<\/a><\/p>\n<p><a href=\"https:\/\/portal.hospitalsvpgarzon.gov.co\/wp-content\/uploads\/2025\/12\/ESQUEMAS-DE-PUBLICACION.xlsx\">1.1.2. ESQUEMAS DE PUBLICACI\u00d3N<\/a><\/p>\n<\/div><\/div><\/div><\/div><\/div><div class=\"fusion-fullwidth fullwidth-box fusion-builder-row-2 fusion-flex-container has-pattern-background has-mask-background nonhundred-percent-fullwidth non-hundred-percent-height-scrolling\" style=\"--awb-border-radius-top-left:0px;--awb-border-radius-top-right:0px;--awb-border-radius-bottom-right:0px;--awb-border-radius-bottom-left:0px;--awb-flex-wrap:wrap;\" ><div class=\"fusion-builder-row fusion-row fusion-flex-align-items-flex-start fusion-flex-content-wrap\" style=\"max-width:89.44%;margin-left: calc(-4% \/ 2 );margin-right: calc(-4% \/ 2 );\"><div class=\"fusion-layout-column fusion_builder_column fusion-builder-column-1 fusion_builder_column_1_1 1_1 fusion-flex-column\" style=\"--awb-bg-size:cover;--awb-width-large:100%;--awb-margin-top-large:0px;--awb-spacing-right-large:1.92%;--awb-margin-bottom-large:20px;--awb-spacing-left-large:1.92%;--awb-width-medium:100%;--awb-order-medium:0;--awb-spacing-right-medium:1.92%;--awb-spacing-left-medium:1.92%;--awb-width-small:100%;--awb-order-small:0;--awb-spacing-right-small:1.92%;--awb-spacing-left-small:1.92%;\"><div class=\"fusion-column-wrapper fusion-column-has-shadow fusion-flex-justify-content-flex-start fusion-content-layout-column\"><div class=\"fusion-title title fusion-title-1 fusion-sep-none fusion-title-text fusion-title-size-one\"><h1 class=\"fusion-title-heading title-heading-left\" style=\"margin:0;text-transform:none;\">Instrumentos de gesti\u00f3n de la informaci\u00f3n<\/h1><\/div><\/div><\/div><\/div><\/div><\/p>\n","protected":false},"excerpt":{"rendered":"","protected":false},"author":1,"featured_media":0,"parent":26,"menu_order":0,"comment_status":"closed","ping_status":"closed","template":"","meta":{"footnotes":""},"class_list":["post-4090","page","type-page","status-publish","hentry"],"yoast_head":"<!-- This site is optimized with the Yoast SEO plugin v26.6 - https:\/\/yoast.com\/wordpress\/plugins\/seo\/ -->\n<title>Instrumentos de gesti\u00f3n de la informaci\u00f3n - San Vicente de Paul<\/title>\n<meta name=\"robots\" content=\"index, follow, max-snippet:-1, max-image-preview:large, max-video-preview:-1\" \/>\n<link rel=\"canonical\" href=\"https:\/\/hospitalsvpgarzon.gov.co\/index.php\/transparencia-y-acceso-a-la-informacion-publica\/instrumentos-de-gestion-de-la-informacion\/\" \/>\n<meta property=\"og:locale\" content=\"es_ES\" \/>\n<meta property=\"og:type\" content=\"article\" \/>\n<meta property=\"og:title\" content=\"Instrumentos de gesti\u00f3n de la informaci\u00f3n - San Vicente de Paul\" \/>\n<meta property=\"og:url\" content=\"https:\/\/hospitalsvpgarzon.gov.co\/index.php\/transparencia-y-acceso-a-la-informacion-publica\/instrumentos-de-gestion-de-la-informacion\/\" \/>\n<meta property=\"og:site_name\" content=\"San Vicente de Paul\" \/>\n<meta property=\"article:modified_time\" content=\"2025-12-21T04:16:00+00:00\" \/>\n<meta name=\"twitter:card\" content=\"summary_large_image\" \/>\n<meta name=\"twitter:label1\" content=\"Tiempo de lectura\" \/>\n\t<meta name=\"twitter:data1\" content=\"1 minuto\" \/>\n<script type=\"application\/ld+json\" class=\"yoast-schema-graph\">{\"@context\":\"https:\/\/schema.org\",\"@graph\":[{\"@type\":\"WebPage\",\"@id\":\"https:\/\/hospitalsvpgarzon.gov.co\/index.php\/transparencia-y-acceso-a-la-informacion-publica\/instrumentos-de-gestion-de-la-informacion\/\",\"url\":\"https:\/\/hospitalsvpgarzon.gov.co\/index.php\/transparencia-y-acceso-a-la-informacion-publica\/instrumentos-de-gestion-de-la-informacion\/\",\"name\":\"Instrumentos de gesti\u00f3n de la informaci\u00f3n - San Vicente de Paul\",\"isPartOf\":{\"@id\":\"https:\/\/hospitalsvpgarzon.gov.co\/#website\"},\"datePublished\":\"2025-12-21T04:12:44+00:00\",\"dateModified\":\"2025-12-21T04:16:00+00:00\",\"breadcrumb\":{\"@id\":\"https:\/\/hospitalsvpgarzon.gov.co\/index.php\/transparencia-y-acceso-a-la-informacion-publica\/instrumentos-de-gestion-de-la-informacion\/#breadcrumb\"},\"inLanguage\":\"es\",\"potentialAction\":[{\"@type\":\"ReadAction\",\"target\":[\"https:\/\/hospitalsvpgarzon.gov.co\/index.php\/transparencia-y-acceso-a-la-informacion-publica\/instrumentos-de-gestion-de-la-informacion\/\"]}]},{\"@type\":\"BreadcrumbList\",\"@id\":\"https:\/\/hospitalsvpgarzon.gov.co\/index.php\/transparencia-y-acceso-a-la-informacion-publica\/instrumentos-de-gestion-de-la-informacion\/#breadcrumb\",\"itemListElement\":[{\"@type\":\"ListItem\",\"position\":1,\"name\":\"Portada\",\"item\":\"https:\/\/hospitalsvpgarzon.gov.co\/\"},{\"@type\":\"ListItem\",\"position\":2,\"name\":\"Transparencia y Acceso a la Informaci\u00f3n P\u00fablica\",\"item\":\"https:\/\/hospitalsvpgarzon.gov.co\/index.php\/transparencia-y-acceso-a-la-informacion-publica\/\"},{\"@type\":\"ListItem\",\"position\":3,\"name\":\"Instrumentos de gesti\u00f3n de la informaci\u00f3n\"}]},{\"@type\":\"WebSite\",\"@id\":\"https:\/\/hospitalsvpgarzon.gov.co\/#website\",\"url\":\"https:\/\/hospitalsvpgarzon.gov.co\/\",\"name\":\"San Vicente de Paul\",\"description\":\"\",\"potentialAction\":[{\"@type\":\"SearchAction\",\"target\":{\"@type\":\"EntryPoint\",\"urlTemplate\":\"https:\/\/hospitalsvpgarzon.gov.co\/?s={search_term_string}\"},\"query-input\":{\"@type\":\"PropertyValueSpecification\",\"valueRequired\":true,\"valueName\":\"search_term_string\"}}],\"inLanguage\":\"es\"}]}<\/script>\n<!-- \/ Yoast SEO plugin. -->","yoast_head_json":{"title":"Instrumentos de gesti\u00f3n de la informaci\u00f3n - San Vicente de Paul","robots":{"index":"index","follow":"follow","max-snippet":"max-snippet:-1","max-image-preview":"max-image-preview:large","max-video-preview":"max-video-preview:-1"},"canonical":"https:\/\/hospitalsvpgarzon.gov.co\/index.php\/transparencia-y-acceso-a-la-informacion-publica\/instrumentos-de-gestion-de-la-informacion\/","og_locale":"es_ES","og_type":"article","og_title":"Instrumentos de gesti\u00f3n de la informaci\u00f3n - San Vicente de Paul","og_url":"https:\/\/hospitalsvpgarzon.gov.co\/index.php\/transparencia-y-acceso-a-la-informacion-publica\/instrumentos-de-gestion-de-la-informacion\/","og_site_name":"San Vicente de Paul","article_modified_time":"2025-12-21T04:16:00+00:00","twitter_card":"summary_large_image","twitter_misc":{"Tiempo de lectura":"1 minuto"},"schema":{"@context":"https:\/\/schema.org","@graph":[{"@type":"WebPage","@id":"https:\/\/hospitalsvpgarzon.gov.co\/index.php\/transparencia-y-acceso-a-la-informacion-publica\/instrumentos-de-gestion-de-la-informacion\/","url":"https:\/\/hospitalsvpgarzon.gov.co\/index.php\/transparencia-y-acceso-a-la-informacion-publica\/instrumentos-de-gestion-de-la-informacion\/","name":"Instrumentos de gesti\u00f3n de la informaci\u00f3n - San Vicente de Paul","isPartOf":{"@id":"https:\/\/hospitalsvpgarzon.gov.co\/#website"},"datePublished":"2025-12-21T04:12:44+00:00","dateModified":"2025-12-21T04:16:00+00:00","breadcrumb":{"@id":"https:\/\/hospitalsvpgarzon.gov.co\/index.php\/transparencia-y-acceso-a-la-informacion-publica\/instrumentos-de-gestion-de-la-informacion\/#breadcrumb"},"inLanguage":"es","potentialAction":[{"@type":"ReadAction","target":["https:\/\/hospitalsvpgarzon.gov.co\/index.php\/transparencia-y-acceso-a-la-informacion-publica\/instrumentos-de-gestion-de-la-informacion\/"]}]},{"@type":"BreadcrumbList","@id":"https:\/\/hospitalsvpgarzon.gov.co\/index.php\/transparencia-y-acceso-a-la-informacion-publica\/instrumentos-de-gestion-de-la-informacion\/#breadcrumb","itemListElement":[{"@type":"ListItem","position":1,"name":"Portada","item":"https:\/\/hospitalsvpgarzon.gov.co\/"},{"@type":"ListItem","position":2,"name":"Transparencia y Acceso a la Informaci\u00f3n P\u00fablica","item":"https:\/\/hospitalsvpgarzon.gov.co\/index.php\/transparencia-y-acceso-a-la-informacion-publica\/"},{"@type":"ListItem","position":3,"name":"Instrumentos de gesti\u00f3n de la informaci\u00f3n"}]},{"@type":"WebSite","@id":"https:\/\/hospitalsvpgarzon.gov.co\/#website","url":"https:\/\/hospitalsvpgarzon.gov.co\/","name":"San Vicente de Paul","description":"","potentialAction":[{"@type":"SearchAction","target":{"@type":"EntryPoint","urlTemplate":"https:\/\/hospitalsvpgarzon.gov.co\/?s={search_term_string}"},"query-input":{"@type":"PropertyValueSpecification","valueRequired":true,"valueName":"search_term_string"}}],"inLanguage":"es"}]}},"_links":{"self":[{"href":"https:\/\/hospitalsvpgarzon.gov.co\/index.php\/wp-json\/wp\/v2\/pages\/4090","targetHints":{"allow":["GET"]}}],"collection":[{"href":"https:\/\/hospitalsvpgarzon.gov.co\/index.php\/wp-json\/wp\/v2\/pages"}],"about":[{"href":"https:\/\/hospitalsvpgarzon.gov.co\/index.php\/wp-json\/wp\/v2\/types\/page"}],"author":[{"embeddable":true,"href":"https:\/\/hospitalsvpgarzon.gov.co\/index.php\/wp-json\/wp\/v2\/users\/1"}],"replies":[{"embeddable":true,"href":"https:\/\/hospitalsvpgarzon.gov.co\/index.php\/wp-json\/wp\/v2\/comments?post=4090"}],"version-history":[{"count":2,"href":"https:\/\/hospitalsvpgarzon.gov.co\/index.php\/wp-json\/wp\/v2\/pages\/4090\/revisions"}],"predecessor-version":[{"id":4092,"href":"https:\/\/hospitalsvpgarzon.gov.co\/index.php\/wp-json\/wp\/v2\/pages\/4090\/revisions\/4092"}],"up":[{"embeddable":true,"href":"https:\/\/hospitalsvpgarzon.gov.co\/index.php\/wp-json\/wp\/v2\/pages\/26"}],"wp:attachment":[{"href":"https:\/\/hospitalsvpgarzon.gov.co\/index.php\/wp-json\/wp\/v2\/media?parent=4090"}],"curies":[{"name":"wp","href":"https:\/\/api.w.org\/{rel}","templated":true}]}}