{"id":376,"date":"2024-11-25T00:45:09","date_gmt":"2024-11-25T00:45:09","guid":{"rendered":"https:\/\/portal.hospitalsvpgarzon.gov.co\/?page_id=376"},"modified":"2024-11-25T01:18:04","modified_gmt":"2024-11-25T01:18:04","slug":"participa-2","status":"publish","type":"page","link":"https:\/\/hospitalsvpgarzon.gov.co\/index.php\/inicio\/participa-2\/","title":{"rendered":"Participa"},"content":{"rendered":"<div class=\"fusion-fullwidth fullwidth-box fusion-builder-row-1 fusion-flex-container has-pattern-background has-mask-background nonhundred-percent-fullwidth non-hundred-percent-height-scrolling\" style=\"--awb-border-radius-top-left:0px;--awb-border-radius-top-right:0px;--awb-border-radius-bottom-right:0px;--awb-border-radius-bottom-left:0px;--awb-flex-wrap:wrap;\" ><div class=\"fusion-builder-row fusion-row fusion-flex-align-items-flex-start fusion-flex-content-wrap\" style=\"max-width:89.44%;margin-left: calc(-4% \/ 2 );margin-right: calc(-4% \/ 2 );\"><div class=\"fusion-layout-column fusion_builder_column fusion-builder-column-0 fusion_builder_column_1_1 1_1 fusion-flex-column\" style=\"--awb-bg-size:cover;--awb-width-large:100%;--awb-margin-top-large:0px;--awb-spacing-right-large:1.92%;--awb-margin-bottom-large:20px;--awb-spacing-left-large:1.92%;--awb-width-medium:100%;--awb-order-medium:0;--awb-spacing-right-medium:1.92%;--awb-spacing-left-medium:1.92%;--awb-width-small:100%;--awb-order-small:0;--awb-spacing-right-small:1.92%;--awb-spacing-left-small:1.92%;\"><div class=\"fusion-column-wrapper fusion-column-has-shadow fusion-flex-justify-content-flex-start fusion-content-layout-column\"><div class=\"fusion-text fusion-text-1\"><p>En esta categor\u00eda la E.S.E Hospital Departamental San Vicente de Paul, publica los contenidos de informaci\u00f3n sobre los espacios, mecanismos y acciones que permiten la participaci\u00f3n ciudadana en el ciclo de la gesti\u00f3n p\u00fablica, esto con el prop\u00f3sito de dinamizar la vinculaci\u00f3n de la ciudadan\u00eda y sus diferentes grupos de valor, en las decisiones y acciones p\u00fablicas durante el diagn\u00f3stico, formulaci\u00f3n, implementaci\u00f3n, evaluaci\u00f3n y seguimiento a la gesti\u00f3n institucional.<\/p>\n<\/div><\/div><\/div><div class=\"fusion-layout-column fusion_builder_column fusion-builder-column-1 fusion_builder_column_1_2 1_2 fusion-flex-column\" style=\"--awb-bg-size:cover;--awb-width-large:50%;--awb-margin-top-large:0px;--awb-spacing-right-large:3.84%;--awb-margin-bottom-large:20px;--awb-spacing-left-large:3.84%;--awb-width-medium:50%;--awb-order-medium:0;--awb-spacing-right-medium:3.84%;--awb-spacing-left-medium:3.84%;--awb-width-small:100%;--awb-order-small:0;--awb-spacing-right-small:1.92%;--awb-spacing-left-small:1.92%;\"><div class=\"fusion-column-wrapper fusion-column-has-shadow fusion-flex-justify-content-flex-start fusion-content-layout-column\"><div class=\"fusion-title title fusion-title-1 fusion-sep-none fusion-title-text fusion-title-size-three\"><h3 class=\"fusion-title-heading title-heading-left\" style=\"margin:0;text-transform:none;\">Participaci\u00f3n para la Identificaci\u00f3n del Problema Diagn\u00f3stico de Necesidades<\/h3><\/div><div class=\"fusion-text fusion-text-2\"><ul>\n<li><a href=\"https:\/\/www.hospitalsvpgarzon.gov.co\/gestionhsvp\/gestionriesgos.html\" target=\"_blank\" rel=\"noopener\">Plan Anticorrupci\u00f3n y de Atenci\u00f3n al Ciudadano (PAAC)<\/a><\/li>\n<li><a href=\"https:\/\/www.hospitalsvpgarzon.gov.co\/enlineahsvp\/siau\/participacionsocialsalud.html\" target=\"_blank\" rel=\"noopener\">Plan de Acci\u00f3n Participaci\u00f3n Social en Salud<\/a><\/li>\n<li><a href=\"https:\/\/www.hospitalsvpgarzon.gov.co\/documentos\/ProtocoloAtencion\/A1DG1350%20-%20001%20METODOLOG%C3%8DA%20DE%20PARTICIPACI%C3%93N%20CIUDADANA.pdf\" target=\"_blank\" rel=\"noopener\">Metodolog\u00eda de Participaci\u00f3n Ciudadana<\/a><\/li>\n<li><a href=\"https:\/\/www.hospitalsvpgarzon.gov.co\/documentos\/ProtocoloAtencion\/RESOLUCION%20DE%20PARTICIPACION%20CIUDADANA.pdf\" target=\"_blank\" rel=\"noopener\">Resoluci\u00f3n No 0659 de 2022<\/a><\/li>\n<li>Caja de Herramientas<\/li>\n<li>Herramienta de evaluaci\u00f3n:\u00a0<a href=\"https:\/\/www.hospitalsvpgarzon.gov.co\/documentos\/controlinterno\/RESULTADO%20ESTADISTICAS%20RENDICION%20DE%20CUENTAS%20VIGENCIA%202021.pdf\" target=\"_blank\" rel=\"noopener\">Evaluaci\u00f3n Rendici\u00f3n de Cuentas<\/a><\/li>\n<li>Divulgar resultados:\u00a0<a href=\"https:\/\/www.hospitalsvpgarzon.gov.co\/enlineahsvp\/siau\/siau.html\" target=\"_blank\" rel=\"noopener\">Seguimiento PQRS<\/a><\/li>\n<\/ul>\n<\/div><\/div><\/div><div class=\"fusion-layout-column fusion_builder_column fusion-builder-column-2 fusion_builder_column_1_2 1_2 fusion-flex-column\" style=\"--awb-bg-size:cover;--awb-width-large:50%;--awb-margin-top-large:0px;--awb-spacing-right-large:3.84%;--awb-margin-bottom-large:20px;--awb-spacing-left-large:3.84%;--awb-width-medium:50%;--awb-order-medium:0;--awb-spacing-right-medium:3.84%;--awb-spacing-left-medium:3.84%;--awb-width-small:100%;--awb-order-small:0;--awb-spacing-right-small:1.92%;--awb-spacing-left-small:1.92%;\"><div class=\"fusion-column-wrapper fusion-column-has-shadow fusion-flex-justify-content-flex-start fusion-content-layout-column\"><div class=\"fusion-title title fusion-title-2 fusion-sep-none fusion-title-text fusion-title-size-three\"><h3 class=\"fusion-title-heading title-heading-left\" style=\"margin:0;text-transform:none;\">Planeacion y\/o Presupuesto Participativo<\/h3><\/div><div class=\"fusion-text fusion-text-3\"><p>Detalles<\/p>\n<ul>\n<li><a href=\"https:\/\/www.hospitalsvpgarzon.gov.co\/gestionhsvp\/mipg\/indicadoresgestion.html\" target=\"_blank\" rel=\"noopener\">Plan de Acci\u00f3n<\/a><\/li>\n<li><a href=\"https:\/\/www.hospitalsvpgarzon.gov.co\/gestionhsvp\/rendicion-de-cuentas\/informesfinancieros.html\" target=\"_blank\" rel=\"noopener\">Plan de Gastos P\u00fablicos<\/a><\/li>\n<\/ul>\n<\/div><\/div><\/div><div class=\"fusion-layout-column fusion_builder_column fusion-builder-column-3 fusion_builder_column_1_2 1_2 fusion-flex-column\" style=\"--awb-bg-size:cover;--awb-width-large:50%;--awb-margin-top-large:0px;--awb-spacing-right-large:3.84%;--awb-margin-bottom-large:20px;--awb-spacing-left-large:3.84%;--awb-width-medium:50%;--awb-order-medium:0;--awb-spacing-right-medium:3.84%;--awb-spacing-left-medium:3.84%;--awb-width-small:100%;--awb-order-small:0;--awb-spacing-right-small:1.92%;--awb-spacing-left-small:1.92%;\"><div class=\"fusion-column-wrapper fusion-column-has-shadow fusion-flex-justify-content-flex-start fusion-content-layout-column\"><div class=\"fusion-title title fusion-title-3 fusion-sep-none fusion-title-text fusion-title-size-three\"><h3 class=\"fusion-title-heading title-heading-left\" style=\"margin:0;text-transform:none;\">Participaci\u00f3n y Consulta Ciudadana de Proyectos, Normas, Pol\u00edticas o Programas<\/h3><\/div><div class=\"fusion-text fusion-text-4\"><p>Detalles<\/p>\n<ul>\n<li><a href=\"https:\/\/www.hospitalsvpgarzon.gov.co\/quienessomos\/normatividad.html\" target=\"_blank\" rel=\"noopener\">Normatividad (Juriscol)<\/a><\/li>\n<\/ul>\n<\/div><\/div><\/div><div class=\"fusion-layout-column fusion_builder_column fusion-builder-column-4 fusion_builder_column_1_2 1_2 fusion-flex-column\" style=\"--awb-bg-size:cover;--awb-width-large:50%;--awb-margin-top-large:0px;--awb-spacing-right-large:3.84%;--awb-margin-bottom-large:20px;--awb-spacing-left-large:3.84%;--awb-width-medium:50%;--awb-order-medium:0;--awb-spacing-right-medium:3.84%;--awb-spacing-left-medium:3.84%;--awb-width-small:100%;--awb-order-small:0;--awb-spacing-right-small:1.92%;--awb-spacing-left-small:1.92%;\"><div class=\"fusion-column-wrapper fusion-column-has-shadow fusion-flex-justify-content-flex-start fusion-content-layout-column\"><div class=\"fusion-title title fusion-title-4 fusion-sep-none fusion-title-text fusion-title-size-three\"><h3 class=\"fusion-title-heading title-heading-left\" style=\"margin:0;text-transform:none;\">Rendici\u00f3n de Cuentas<\/h3><\/div><div class=\"fusion-text fusion-text-5\"><ul>\n<li>Habilitar un espacio para que ciudadan\u00eda postule tem\u00e1ticas:\u00a0<a href=\"https:\/\/www.hospitalsvpgarzon.gov.co\/gestionhsvp\/rendicion-de-cuentas.html\" target=\"_blank\" rel=\"noopener\">Micrositio<\/a><\/li>\n<li>Estrategia de comunicaci\u00f3n para la rendici\u00f3n de cuentas:\u00a0<a href=\"https:\/\/www.hospitalsvpgarzon.gov.co\/documentos\/controlinterno\/MANUALRENDICIONDECUENTAS2021ESEGARZONDPTAL.pdf\" target=\"_blank\" rel=\"noopener\">Manual de Rendici\u00f3n de Cuentas<\/a><\/li>\n<li>Articular los informes de rendici\u00f3n de cuentas en el men\u00fa de Transparencia:\u00a0<a href=\"https:\/\/www.hospitalsvpgarzon.gov.co\/gestionhsvp\/rendicion-de-cuentas.html\" target=\"_blank\" rel=\"noopener\">Micrositio<\/a><\/li>\n<li>Habilitar un canal para eventos de dialogos, articulaci\u00f3n con sistema nacional de rendici\u00f3n de cuentas:\u00a0<a href=\"https:\/\/www.hospitalsvpgarzon.gov.co\/gestionhsvp\/rendicion-de-cuentas.html\" target=\"_blank\" rel=\"noopener\">Micrositio<\/a><\/li>\n<\/ul>\n<\/div><\/div><\/div><div class=\"fusion-layout-column fusion_builder_column fusion-builder-column-5 fusion_builder_column_1_2 1_2 fusion-flex-column\" style=\"--awb-bg-size:cover;--awb-width-large:50%;--awb-margin-top-large:0px;--awb-spacing-right-large:3.84%;--awb-margin-bottom-large:20px;--awb-spacing-left-large:3.84%;--awb-width-medium:50%;--awb-order-medium:0;--awb-spacing-right-medium:3.84%;--awb-spacing-left-medium:3.84%;--awb-width-small:100%;--awb-order-small:0;--awb-spacing-right-small:1.92%;--awb-spacing-left-small:1.92%;\"><div class=\"fusion-column-wrapper fusion-column-has-shadow fusion-flex-justify-content-flex-start fusion-content-layout-column\"><div class=\"fusion-title title fusion-title-5 fusion-sep-none fusion-title-text fusion-title-size-three\"><h3 class=\"fusion-title-heading title-heading-left\" style=\"margin:0;text-transform:none;\">Control Ciudadano<\/h3><\/div><div class=\"fusion-text fusion-text-6\"><p>Detalles<\/p>\n<ul>\n<li><a href=\"https:\/\/www.hospitalsvpgarzon.gov.co\/enlineahsvp\/siau\/participacionsocialsalud.html\" target=\"_blank\" rel=\"noopener\">Plan de Participaci\u00f3n Ciudadana<\/a><\/li>\n<li><a href=\"https:\/\/www.hospitalsvpgarzon.gov.co\/gestionhsvp\/rendicion-de-cuentas.html\" target=\"_blank\" rel=\"noopener\">Rendici\u00f3n de Cuentas<\/a><\/li>\n<li><a href=\"https:\/\/www.hospitalsvpgarzon.gov.co\/contratacionhsvp\/convocatoriaspublicas.html\" target=\"_blank\" rel=\"noopener\">Convocatorias P\u00fablicas (Contrataci\u00f3n)<\/a><\/li>\n<\/ul>\n<\/div><\/div><\/div><div class=\"fusion-layout-column fusion_builder_column fusion-builder-column-6 fusion_builder_column_1_2 1_2 fusion-flex-column\" style=\"--awb-bg-size:cover;--awb-width-large:50%;--awb-margin-top-large:0px;--awb-spacing-right-large:3.84%;--awb-margin-bottom-large:20px;--awb-spacing-left-large:3.84%;--awb-width-medium:50%;--awb-order-medium:0;--awb-spacing-right-medium:3.84%;--awb-spacing-left-medium:3.84%;--awb-width-small:100%;--awb-order-small:0;--awb-spacing-right-small:1.92%;--awb-spacing-left-small:1.92%;\"><div class=\"fusion-column-wrapper fusion-column-has-shadow fusion-flex-justify-content-flex-start fusion-content-layout-column\"><div class=\"fusion-title title fusion-title-6 fusion-sep-none fusion-title-text fusion-title-size-three\"><h3 class=\"fusion-title-heading title-heading-left\" style=\"margin:0;text-transform:none;\">Colaboraci\u00f3n e Innovaci\u00f3n<\/h3><\/div><div class=\"fusion-text fusion-text-7\"><p>Detalles<\/p>\n<ul>\n<li><a href=\"https:\/\/www.hospitalsvpgarzon.gov.co\/documentos\/Participa\/COMITE%20ETICA%20PARA%20LA%20INVESTIGACION%20EN%20SALUD%20-%20RES1155%202017.pdf\" target=\"_blank\" rel=\"noopener\">Comit\u00e9 de Etica para la Investigaci\u00f3n en Salud &#8211; Resoluci\u00f3n No 1155 de 2017<\/a><\/li>\n<\/ul>\n<\/div><\/div><\/div><\/div><\/div>\n","protected":false},"excerpt":{"rendered":"","protected":false},"author":1,"featured_media":0,"parent":2,"menu_order":0,"comment_status":"closed","ping_status":"closed","template":"","meta":{"footnotes":""},"class_list":["post-376","page","type-page","status-publish","hentry"],"yoast_head":"<!-- This site is optimized with the Yoast SEO plugin v26.6 - https:\/\/yoast.com\/wordpress\/plugins\/seo\/ -->\n<title>Participa - San Vicente de Paul<\/title>\n<meta name=\"robots\" content=\"index, follow, max-snippet:-1, max-image-preview:large, max-video-preview:-1\" \/>\n<link rel=\"canonical\" href=\"https:\/\/hospitalsvpgarzon.gov.co\/index.php\/inicio\/participa-2\/\" \/>\n<meta property=\"og:locale\" content=\"es_ES\" \/>\n<meta property=\"og:type\" content=\"article\" \/>\n<meta property=\"og:title\" content=\"Participa - San Vicente de Paul\" \/>\n<meta property=\"og:url\" content=\"https:\/\/hospitalsvpgarzon.gov.co\/index.php\/inicio\/participa-2\/\" \/>\n<meta property=\"og:site_name\" content=\"San Vicente de Paul\" \/>\n<meta property=\"article:modified_time\" content=\"2024-11-25T01:18:04+00:00\" \/>\n<meta name=\"twitter:card\" content=\"summary_large_image\" \/>\n<meta name=\"twitter:label1\" content=\"Tiempo de lectura\" \/>\n\t<meta name=\"twitter:data1\" content=\"2 minutos\" \/>\n<script type=\"application\/ld+json\" class=\"yoast-schema-graph\">{\"@context\":\"https:\/\/schema.org\",\"@graph\":[{\"@type\":\"WebPage\",\"@id\":\"https:\/\/hospitalsvpgarzon.gov.co\/index.php\/inicio\/participa-2\/\",\"url\":\"https:\/\/hospitalsvpgarzon.gov.co\/index.php\/inicio\/participa-2\/\",\"name\":\"Participa - San Vicente de Paul\",\"isPartOf\":{\"@id\":\"https:\/\/hospitalsvpgarzon.gov.co\/#website\"},\"datePublished\":\"2024-11-25T00:45:09+00:00\",\"dateModified\":\"2024-11-25T01:18:04+00:00\",\"breadcrumb\":{\"@id\":\"https:\/\/hospitalsvpgarzon.gov.co\/index.php\/inicio\/participa-2\/#breadcrumb\"},\"inLanguage\":\"es\",\"potentialAction\":[{\"@type\":\"ReadAction\",\"target\":[\"https:\/\/hospitalsvpgarzon.gov.co\/index.php\/inicio\/participa-2\/\"]}]},{\"@type\":\"BreadcrumbList\",\"@id\":\"https:\/\/hospitalsvpgarzon.gov.co\/index.php\/inicio\/participa-2\/#breadcrumb\",\"itemListElement\":[{\"@type\":\"ListItem\",\"position\":1,\"name\":\"Portada\",\"item\":\"https:\/\/hospitalsvpgarzon.gov.co\/\"},{\"@type\":\"ListItem\",\"position\":2,\"name\":\"Inicio\",\"item\":\"https:\/\/hospitalsvpgarzon.gov.co\/index.php\/inicio\/\"},{\"@type\":\"ListItem\",\"position\":3,\"name\":\"Participa\"}]},{\"@type\":\"WebSite\",\"@id\":\"https:\/\/hospitalsvpgarzon.gov.co\/#website\",\"url\":\"https:\/\/hospitalsvpgarzon.gov.co\/\",\"name\":\"San Vicente de Paul\",\"description\":\"\",\"potentialAction\":[{\"@type\":\"SearchAction\",\"target\":{\"@type\":\"EntryPoint\",\"urlTemplate\":\"https:\/\/hospitalsvpgarzon.gov.co\/?s={search_term_string}\"},\"query-input\":{\"@type\":\"PropertyValueSpecification\",\"valueRequired\":true,\"valueName\":\"search_term_string\"}}],\"inLanguage\":\"es\"}]}<\/script>\n<!-- \/ Yoast SEO plugin. -->","yoast_head_json":{"title":"Participa - San Vicente de Paul","robots":{"index":"index","follow":"follow","max-snippet":"max-snippet:-1","max-image-preview":"max-image-preview:large","max-video-preview":"max-video-preview:-1"},"canonical":"https:\/\/hospitalsvpgarzon.gov.co\/index.php\/inicio\/participa-2\/","og_locale":"es_ES","og_type":"article","og_title":"Participa - San Vicente de Paul","og_url":"https:\/\/hospitalsvpgarzon.gov.co\/index.php\/inicio\/participa-2\/","og_site_name":"San Vicente de Paul","article_modified_time":"2024-11-25T01:18:04+00:00","twitter_card":"summary_large_image","twitter_misc":{"Tiempo de lectura":"2 minutos"},"schema":{"@context":"https:\/\/schema.org","@graph":[{"@type":"WebPage","@id":"https:\/\/hospitalsvpgarzon.gov.co\/index.php\/inicio\/participa-2\/","url":"https:\/\/hospitalsvpgarzon.gov.co\/index.php\/inicio\/participa-2\/","name":"Participa - San Vicente de Paul","isPartOf":{"@id":"https:\/\/hospitalsvpgarzon.gov.co\/#website"},"datePublished":"2024-11-25T00:45:09+00:00","dateModified":"2024-11-25T01:18:04+00:00","breadcrumb":{"@id":"https:\/\/hospitalsvpgarzon.gov.co\/index.php\/inicio\/participa-2\/#breadcrumb"},"inLanguage":"es","potentialAction":[{"@type":"ReadAction","target":["https:\/\/hospitalsvpgarzon.gov.co\/index.php\/inicio\/participa-2\/"]}]},{"@type":"BreadcrumbList","@id":"https:\/\/hospitalsvpgarzon.gov.co\/index.php\/inicio\/participa-2\/#breadcrumb","itemListElement":[{"@type":"ListItem","position":1,"name":"Portada","item":"https:\/\/hospitalsvpgarzon.gov.co\/"},{"@type":"ListItem","position":2,"name":"Inicio","item":"https:\/\/hospitalsvpgarzon.gov.co\/index.php\/inicio\/"},{"@type":"ListItem","position":3,"name":"Participa"}]},{"@type":"WebSite","@id":"https:\/\/hospitalsvpgarzon.gov.co\/#website","url":"https:\/\/hospitalsvpgarzon.gov.co\/","name":"San Vicente de Paul","description":"","potentialAction":[{"@type":"SearchAction","target":{"@type":"EntryPoint","urlTemplate":"https:\/\/hospitalsvpgarzon.gov.co\/?s={search_term_string}"},"query-input":{"@type":"PropertyValueSpecification","valueRequired":true,"valueName":"search_term_string"}}],"inLanguage":"es"}]}},"_links":{"self":[{"href":"https:\/\/hospitalsvpgarzon.gov.co\/index.php\/wp-json\/wp\/v2\/pages\/376","targetHints":{"allow":["GET"]}}],"collection":[{"href":"https:\/\/hospitalsvpgarzon.gov.co\/index.php\/wp-json\/wp\/v2\/pages"}],"about":[{"href":"https:\/\/hospitalsvpgarzon.gov.co\/index.php\/wp-json\/wp\/v2\/types\/page"}],"author":[{"embeddable":true,"href":"https:\/\/hospitalsvpgarzon.gov.co\/index.php\/wp-json\/wp\/v2\/users\/1"}],"replies":[{"embeddable":true,"href":"https:\/\/hospitalsvpgarzon.gov.co\/index.php\/wp-json\/wp\/v2\/comments?post=376"}],"version-history":[{"count":0,"href":"https:\/\/hospitalsvpgarzon.gov.co\/index.php\/wp-json\/wp\/v2\/pages\/376\/revisions"}],"up":[{"embeddable":true,"href":"https:\/\/hospitalsvpgarzon.gov.co\/index.php\/wp-json\/wp\/v2\/pages\/2"}],"wp:attachment":[{"href":"https:\/\/hospitalsvpgarzon.gov.co\/index.php\/wp-json\/wp\/v2\/media?parent=376"}],"curies":[{"name":"wp","href":"https:\/\/api.w.org\/{rel}","templated":true}]}}