{"id":357,"date":"2024-11-24T22:36:31","date_gmt":"2024-11-24T22:36:31","guid":{"rendered":"https:\/\/portal.hospitalsvpgarzon.gov.co\/?page_id=357"},"modified":"2026-01-05T15:52:56","modified_gmt":"2026-01-05T20:52:56","slug":"datos-abiertos","status":"publish","type":"page","link":"https:\/\/hospitalsvpgarzon.gov.co\/index.php\/transparencia-y-acceso-a-la-informacion-publica\/datos-abiertos\/","title":{"rendered":"Datos Abiertos"},"content":{"rendered":"<p><div class=\"fusion-fullwidth fullwidth-box fusion-builder-row-1 fusion-flex-container has-pattern-background has-mask-background nonhundred-percent-fullwidth non-hundred-percent-height-scrolling\" style=\"--awb-border-radius-top-left:0px;--awb-border-radius-top-right:0px;--awb-border-radius-bottom-right:0px;--awb-border-radius-bottom-left:0px;--awb-flex-wrap:wrap;\" ><div class=\"fusion-builder-row fusion-row fusion-flex-align-items-flex-start fusion-flex-content-wrap\" style=\"max-width:89.44%;margin-left: calc(-4% \/ 2 );margin-right: calc(-4% \/ 2 );\"><div class=\"fusion-layout-column fusion_builder_column fusion-builder-column-0 fusion_builder_column_1_1 1_1 fusion-flex-column\" style=\"--awb-bg-size:cover;--awb-width-large:100%;--awb-margin-top-large:0px;--awb-spacing-right-large:1.92%;--awb-margin-bottom-large:20px;--awb-spacing-left-large:1.92%;--awb-width-medium:100%;--awb-order-medium:0;--awb-spacing-right-medium:1.92%;--awb-spacing-left-medium:1.92%;--awb-width-small:100%;--awb-order-small:0;--awb-spacing-right-small:1.92%;--awb-spacing-left-small:1.92%;\"><div class=\"fusion-column-wrapper fusion-column-has-shadow fusion-flex-justify-content-flex-start fusion-content-layout-column\"><div class=\"fusion-text fusion-text-1\"><p>La E.S.E Hospital Departamental San Vicente de Pa\u00fal de Garz\u00f3n,\u00a0TIENE A SU DISPOSICI\u00d3N\u00a0sus conjuntos de datos en la plataforma de Datos Abiertos para que puedan ser visualizados, descargados y utilizados para fines de investigaci\u00f3n y consulta.<\/p>\n<pre><\/pre>\n<\/div><div class=\"fusion-image-element \" style=\"--awb-caption-title-font-family:var(--h2_typography-font-family);--awb-caption-title-font-weight:var(--h2_typography-font-weight);--awb-caption-title-font-style:var(--h2_typography-font-style);--awb-caption-title-size:var(--h2_typography-font-size);--awb-caption-title-transform:var(--h2_typography-text-transform);--awb-caption-title-line-height:var(--h2_typography-line-height);--awb-caption-title-letter-spacing:var(--h2_typography-letter-spacing);\"><span class=\" fusion-imageframe imageframe-none imageframe-1 hover-type-none\"><a class=\"fusion-no-lightbox\" href=\"https:\/\/www.datos.gov.co\/browse?Informaci\u00f3n-de-la-Entidad_Departamento=Huila&amp;Informaci\u00f3n-de-la-Entidad_Municipio=Garz\u00f3n&amp;q=hospital+departamental+san+vicente+de+paul&amp;sortBy=relevance\" target=\"_self\" aria-label=\"logoDatosAbiertos\"><img decoding=\"async\" width=\"793\" height=\"350\" src=\"https:\/\/hospitalsvpgarzon.gov.co\/wp-content\/uploads\/2024\/11\/logoDatosAbiertos.png\" data-orig-src=\"https:\/\/hospitalsvpgarzon.gov.co\/wp-content\/uploads\/2024\/11\/logoDatosAbiertos.png\" alt class=\"lazyload img-responsive wp-image-362\" srcset=\"data:image\/svg+xml,%3Csvg%20xmlns%3D%27http%3A%2F%2Fwww.w3.org%2F2000%2Fsvg%27%20width%3D%27793%27%20height%3D%27350%27%20viewBox%3D%270%200%20793%20350%27%3E%3Crect%20width%3D%27793%27%20height%3D%27350%27%20fill-opacity%3D%220%22%2F%3E%3C%2Fsvg%3E\" data-srcset=\"https:\/\/hospitalsvpgarzon.gov.co\/wp-content\/uploads\/2024\/11\/logoDatosAbiertos-200x88.png 200w, https:\/\/hospitalsvpgarzon.gov.co\/wp-content\/uploads\/2024\/11\/logoDatosAbiertos-400x177.png 400w, https:\/\/hospitalsvpgarzon.gov.co\/wp-content\/uploads\/2024\/11\/logoDatosAbiertos-600x265.png 600w, https:\/\/hospitalsvpgarzon.gov.co\/wp-content\/uploads\/2024\/11\/logoDatosAbiertos.png 793w\" data-sizes=\"auto\" data-orig-sizes=\"(max-width: 700px) 100vw, 793px\" \/><\/a><\/span><\/div><div class=\"fusion-alert alert notice alert-warning fusion-alert-center awb-alert-native-link-color alert-dismissable awb-alert-close-boxed\" role=\"alert\"><div class=\"fusion-alert-content-wrapper\"><span class=\"alert-icon\"><i class=\"awb-icon-cog\" aria-hidden=\"true\"><\/i><\/span><span class=\"fusion-alert-content\">Puedes acceder a ellos ingresando a la plataforma de\u00a0<a href=\"https:\/\/www.datos.gov.co\/browse?Informaci%C3%B3n-de-la-Entidad_Departamento=Huila&amp;Informaci%C3%B3n-de-la-Entidad_Municipio=Garz%C3%B3n&amp;q=hospital+departamental+san+vicente+de+paul&amp;sortBy=relevance\" target=\"_blank\" rel=\"noopener\">www.datos.gov.co<\/a><\/span><\/div><button type=\"button\" class=\"close toggle-alert\" data-dismiss=\"alert\" aria-label=\"Close\">&times;<\/button><\/div><\/div><\/div><\/div><\/div><div class=\"fusion-fullwidth fullwidth-box fusion-builder-row-2 fusion-flex-container has-pattern-background has-mask-background nonhundred-percent-fullwidth non-hundred-percent-height-scrolling\" style=\"--awb-border-radius-top-left:0px;--awb-border-radius-top-right:0px;--awb-border-radius-bottom-right:0px;--awb-border-radius-bottom-left:0px;--awb-flex-wrap:wrap;\" ><div class=\"fusion-builder-row fusion-row fusion-flex-align-items-flex-start fusion-flex-content-wrap\" style=\"max-width:89.44%;margin-left: calc(-4% \/ 2 );margin-right: calc(-4% \/ 2 );\"><div class=\"fusion-layout-column fusion_builder_column fusion-builder-column-1 fusion_builder_column_1_1 1_1 fusion-flex-column\" style=\"--awb-bg-size:cover;--awb-width-large:100%;--awb-margin-top-large:0px;--awb-spacing-right-large:1.92%;--awb-margin-bottom-large:20px;--awb-spacing-left-large:1.92%;--awb-width-medium:100%;--awb-order-medium:0;--awb-spacing-right-medium:1.92%;--awb-spacing-left-medium:1.92%;--awb-width-small:100%;--awb-order-small:0;--awb-spacing-right-small:1.92%;--awb-spacing-left-small:1.92%;\"><div class=\"fusion-column-wrapper fusion-column-has-shadow fusion-flex-justify-content-flex-start fusion-content-layout-column\"><div class=\"fusion-title title fusion-title-1 fusion-sep-none fusion-title-text fusion-title-size-one\"><h1 class=\"fusion-title-heading title-heading-left\" style=\"margin:0;text-transform:none;\">Instrumentos de gesti\u00f3n de la informaci\u00f3n<\/h1><\/div><\/div><\/div><div class=\"fusion-layout-column fusion_builder_column fusion-builder-column-2 fusion_builder_column_1_3 1_3 fusion-flex-column\" style=\"--awb-bg-size:cover;--awb-width-large:33.333333333333%;--awb-margin-top-large:0px;--awb-spacing-right-large:5.76%;--awb-margin-bottom-large:20px;--awb-spacing-left-large:5.76%;--awb-width-medium:33.333333333333%;--awb-order-medium:0;--awb-spacing-right-medium:5.76%;--awb-spacing-left-medium:5.76%;--awb-width-small:100%;--awb-order-small:0;--awb-spacing-right-small:1.92%;--awb-spacing-left-small:1.92%;\"><div class=\"fusion-column-wrapper fusion-column-has-shadow fusion-flex-justify-content-flex-start fusion-content-layout-column\"><div class=\"fusion-text fusion-text-2\"><ul>\n<li>\u00cdndice de la informaci\u00f3n clasificada y reservada. <em><a href=\"https:\/\/hospitalsvpgarzon.gov.co\/documentos\/InformacionPublica\/INDICE%20DE%20INFORMACION%20CLASIFICADA%20Y%20RESERVADA.xlsx\">Descargar archivo<\/a><\/em><\/li>\n<li>\u00cdnforme indicadores de calidad III trimestre <a href=\"https:\/\/hospitalsvpgarzon.gov.co\/wp-content\/uploads\/2025\/12\/INFORME-INDICADORES-DE-CALIDAD-III-TRIMESTRE-.pdf\">Descargar archivo<\/a><\/li>\n<li>Registro de activos de informacion 2024<a href=\"https:\/\/hospitalsvpgarzon.gov.co\/wp-content\/uploads\/2025\/12\/REGISTRO-DE-ACTIVOS-DE-INFORMACION-2024.xlsx\">Descargar archivo<\/a><\/li>\n<\/ul>\n<\/div><\/div><\/div><div class=\"fusion-layout-column fusion_builder_column fusion-builder-column-3 fusion_builder_column_1_3 1_3 fusion-flex-column\" style=\"--awb-bg-size:cover;--awb-width-large:33.333333333333%;--awb-margin-top-large:0px;--awb-spacing-right-large:5.76%;--awb-margin-bottom-large:20px;--awb-spacing-left-large:5.76%;--awb-width-medium:33.333333333333%;--awb-order-medium:0;--awb-spacing-right-medium:5.76%;--awb-spacing-left-medium:5.76%;--awb-width-small:100%;--awb-order-small:0;--awb-spacing-right-small:1.92%;--awb-spacing-left-small:1.92%;\"><div class=\"fusion-column-wrapper fusion-column-has-shadow fusion-flex-justify-content-flex-start fusion-content-layout-column\"><div class=\"fusion-text fusion-text-3\"><ul>\n<li>Programa gesti\u00f3n documental. <em><a href=\"https:\/\/hospitalsvpgarzon.gov.co\/documentos\/InformacionPublica\/PROGRAMA%20GESTION%20DOCUMENTAL.pdf\" data-wplink-edit=\"true\">Ver o descargar archivo<\/a><\/em><\/li>\n<li>Aprobaci\u00f3n programa gesti\u00f3n documental. <em><a href=\"https:\/\/hospitalsvpgarzon.gov.co\/documentos\/InformacionPublica\/APROBACION%20PROGRAMA%20DE%20GESTION%20DOCUMENTAL.pdf\">Ver o descargar archivo<\/a><\/em><\/li>\n<\/ul>\n<\/div><\/div><\/div><div class=\"fusion-layout-column fusion_builder_column fusion-builder-column-4 fusion_builder_column_1_3 1_3 fusion-flex-column\" style=\"--awb-bg-size:cover;--awb-width-large:33.333333333333%;--awb-margin-top-large:0px;--awb-spacing-right-large:5.76%;--awb-margin-bottom-large:20px;--awb-spacing-left-large:5.76%;--awb-width-medium:33.333333333333%;--awb-order-medium:0;--awb-spacing-right-medium:5.76%;--awb-spacing-left-medium:5.76%;--awb-width-small:100%;--awb-order-small:0;--awb-spacing-right-small:1.92%;--awb-spacing-left-small:1.92%;\"><div class=\"fusion-column-wrapper fusion-column-has-shadow fusion-flex-justify-content-flex-start fusion-content-layout-column\"><div class=\"fusion-text fusion-text-4\"><ul>\n<li>Manual de pol\u00edticas de gesti\u00f3n en salud institucional<em><a href=\"https:\/\/hospitalsvpgarzon.gov.co\/wp-content\/uploads\/2025\/12\/A2ML1048-002-MANUAL-POLITICAS-INSTITUCIONALES-EN-SALUD-V_03.pdf\">Ver o descargar archivo<\/a><\/em><\/li>\n<li>Indice de informacion clasificada y reservada<em><a href=\"https:\/\/hospitalsvpgarzon.gov.co\/wp-content\/uploads\/2025\/12\/INDICE-DE-INFORMACION-CLASIFICADA-Y-RESERVADA.xlsx\">Ver o descargar archivo<\/a><\/em><\/li>\n<\/ul>\n<\/div><\/div><\/div><\/div><\/div><div class=\"fusion-fullwidth fullwidth-box fusion-builder-row-3 fusion-flex-container has-pattern-background has-mask-background nonhundred-percent-fullwidth non-hundred-percent-height-scrolling\" style=\"--awb-border-radius-top-left:0px;--awb-border-radius-top-right:0px;--awb-border-radius-bottom-right:0px;--awb-border-radius-bottom-left:0px;--awb-flex-wrap:wrap;\" ><div class=\"fusion-builder-row fusion-row fusion-flex-align-items-flex-start fusion-flex-content-wrap\" style=\"max-width:89.44%;margin-left: calc(-4% \/ 2 );margin-right: calc(-4% \/ 2 );\"><div class=\"fusion-layout-column fusion_builder_column fusion-builder-column-5 fusion_builder_column_1_1 1_1 fusion-flex-column\" style=\"--awb-bg-size:cover;--awb-width-large:100%;--awb-margin-top-large:0px;--awb-spacing-right-large:1.92%;--awb-margin-bottom-large:20px;--awb-spacing-left-large:1.92%;--awb-width-medium:100%;--awb-order-medium:0;--awb-spacing-right-medium:1.92%;--awb-spacing-left-medium:1.92%;--awb-width-small:100%;--awb-order-small:0;--awb-spacing-right-small:1.92%;--awb-spacing-left-small:1.92%;\"><div class=\"fusion-column-wrapper fusion-column-has-shadow fusion-flex-justify-content-flex-start fusion-content-layout-column\"><div class=\"fusion-title title fusion-title-2 fusion-sep-none fusion-title-text fusion-title-size-one\"><h1 class=\"fusion-title-heading title-heading-left\" style=\"margin:0;text-transform:none;\">\u00bfQue son los datos abiertos?<\/h1><\/div><\/div><\/div><div class=\"fusion-layout-column fusion_builder_column fusion-builder-column-6 fusion_builder_column_1_2 1_2 fusion-flex-column\" style=\"--awb-bg-size:cover;--awb-width-large:50%;--awb-margin-top-large:0px;--awb-spacing-right-large:3.84%;--awb-margin-bottom-large:20px;--awb-spacing-left-large:3.84%;--awb-width-medium:50%;--awb-order-medium:0;--awb-spacing-right-medium:3.84%;--awb-spacing-left-medium:3.84%;--awb-width-small:100%;--awb-order-small:0;--awb-spacing-right-small:1.92%;--awb-spacing-left-small:1.92%;\"><div class=\"fusion-column-wrapper fusion-column-has-shadow fusion-flex-justify-content-flex-start fusion-content-layout-column\"><div class=\"fusion-text fusion-text-5\"><p>Con el proyecto de Datos Abiertos, el Gobierno Colombiano promueve la transparencia, el acceso a la informaci\u00f3n p\u00fablica, la competitividad, el desarrollo econ\u00f3mico, y la generaci\u00f3n de impacto social a trav\u00e9s de la apertura, la reutilizaci\u00f3n de los datos p\u00fablicos, y el uso y apropiaci\u00f3n de las TIC.<\/p>\n<p>La iniciativa de Datos Abiertos busca que todas las entidades del sector p\u00fablico publiquen la informaci\u00f3n pertinente y de calidad en formatos estructurados a disposici\u00f3n de los usuarios para que ellos y las entidades la utilicen de diferentes maneras, seg\u00fan su inter\u00e9s: generar informes, reportes, estad\u00edsticas, investigaciones, control social, oportunidades de negocio (ej. aplicaciones), entre otros temas.<\/p>\n<\/div><\/div><\/div><div class=\"fusion-layout-column fusion_builder_column fusion-builder-column-7 fusion_builder_column_1_2 1_2 fusion-flex-column\" style=\"--awb-bg-size:cover;--awb-width-large:50%;--awb-margin-top-large:0px;--awb-spacing-right-large:3.84%;--awb-margin-bottom-large:20px;--awb-spacing-left-large:3.84%;--awb-width-medium:50%;--awb-order-medium:0;--awb-spacing-right-medium:3.84%;--awb-spacing-left-medium:3.84%;--awb-width-small:100%;--awb-order-small:0;--awb-spacing-right-small:1.92%;--awb-spacing-left-small:1.92%;\"><div class=\"fusion-column-wrapper fusion-column-has-shadow fusion-flex-justify-content-flex-start fusion-content-layout-column\"><\/div><\/div><\/div><\/div><\/p>\n","protected":false},"excerpt":{"rendered":"","protected":false},"author":1,"featured_media":0,"parent":26,"menu_order":0,"comment_status":"closed","ping_status":"closed","template":"100-width.php","meta":{"footnotes":""},"class_list":["post-357","page","type-page","status-publish","hentry"],"yoast_head":"<!-- This site is optimized with the Yoast SEO plugin v26.6 - https:\/\/yoast.com\/wordpress\/plugins\/seo\/ -->\n<title>Datos Abiertos - San Vicente de Paul<\/title>\n<meta name=\"robots\" content=\"index, follow, max-snippet:-1, max-image-preview:large, max-video-preview:-1\" \/>\n<link rel=\"canonical\" href=\"https:\/\/hospitalsvpgarzon.gov.co\/index.php\/transparencia-y-acceso-a-la-informacion-publica\/datos-abiertos\/\" \/>\n<meta property=\"og:locale\" content=\"es_ES\" \/>\n<meta property=\"og:type\" content=\"article\" \/>\n<meta property=\"og:title\" content=\"Datos Abiertos - San Vicente de Paul\" \/>\n<meta property=\"og:url\" content=\"https:\/\/hospitalsvpgarzon.gov.co\/index.php\/transparencia-y-acceso-a-la-informacion-publica\/datos-abiertos\/\" \/>\n<meta property=\"og:site_name\" content=\"San Vicente de Paul\" \/>\n<meta property=\"article:modified_time\" content=\"2026-01-05T20:52:56+00:00\" \/>\n<meta name=\"twitter:card\" content=\"summary_large_image\" \/>\n<meta name=\"twitter:label1\" content=\"Tiempo de lectura\" \/>\n\t<meta name=\"twitter:data1\" content=\"2 minutos\" \/>\n<script type=\"application\/ld+json\" class=\"yoast-schema-graph\">{\"@context\":\"https:\/\/schema.org\",\"@graph\":[{\"@type\":\"WebPage\",\"@id\":\"https:\/\/hospitalsvpgarzon.gov.co\/index.php\/transparencia-y-acceso-a-la-informacion-publica\/datos-abiertos\/\",\"url\":\"https:\/\/hospitalsvpgarzon.gov.co\/index.php\/transparencia-y-acceso-a-la-informacion-publica\/datos-abiertos\/\",\"name\":\"Datos Abiertos - San Vicente de Paul\",\"isPartOf\":{\"@id\":\"https:\/\/hospitalsvpgarzon.gov.co\/#website\"},\"datePublished\":\"2024-11-24T22:36:31+00:00\",\"dateModified\":\"2026-01-05T20:52:56+00:00\",\"breadcrumb\":{\"@id\":\"https:\/\/hospitalsvpgarzon.gov.co\/index.php\/transparencia-y-acceso-a-la-informacion-publica\/datos-abiertos\/#breadcrumb\"},\"inLanguage\":\"es\",\"potentialAction\":[{\"@type\":\"ReadAction\",\"target\":[\"https:\/\/hospitalsvpgarzon.gov.co\/index.php\/transparencia-y-acceso-a-la-informacion-publica\/datos-abiertos\/\"]}]},{\"@type\":\"BreadcrumbList\",\"@id\":\"https:\/\/hospitalsvpgarzon.gov.co\/index.php\/transparencia-y-acceso-a-la-informacion-publica\/datos-abiertos\/#breadcrumb\",\"itemListElement\":[{\"@type\":\"ListItem\",\"position\":1,\"name\":\"Portada\",\"item\":\"https:\/\/hospitalsvpgarzon.gov.co\/\"},{\"@type\":\"ListItem\",\"position\":2,\"name\":\"Transparencia y Acceso a la Informaci\u00f3n P\u00fablica\",\"item\":\"https:\/\/hospitalsvpgarzon.gov.co\/index.php\/transparencia-y-acceso-a-la-informacion-publica\/\"},{\"@type\":\"ListItem\",\"position\":3,\"name\":\"Datos Abiertos\"}]},{\"@type\":\"WebSite\",\"@id\":\"https:\/\/hospitalsvpgarzon.gov.co\/#website\",\"url\":\"https:\/\/hospitalsvpgarzon.gov.co\/\",\"name\":\"San Vicente de Paul\",\"description\":\"\",\"potentialAction\":[{\"@type\":\"SearchAction\",\"target\":{\"@type\":\"EntryPoint\",\"urlTemplate\":\"https:\/\/hospitalsvpgarzon.gov.co\/?s={search_term_string}\"},\"query-input\":{\"@type\":\"PropertyValueSpecification\",\"valueRequired\":true,\"valueName\":\"search_term_string\"}}],\"inLanguage\":\"es\"}]}<\/script>\n<!-- \/ Yoast SEO plugin. -->","yoast_head_json":{"title":"Datos Abiertos - San Vicente de Paul","robots":{"index":"index","follow":"follow","max-snippet":"max-snippet:-1","max-image-preview":"max-image-preview:large","max-video-preview":"max-video-preview:-1"},"canonical":"https:\/\/hospitalsvpgarzon.gov.co\/index.php\/transparencia-y-acceso-a-la-informacion-publica\/datos-abiertos\/","og_locale":"es_ES","og_type":"article","og_title":"Datos Abiertos - San Vicente de Paul","og_url":"https:\/\/hospitalsvpgarzon.gov.co\/index.php\/transparencia-y-acceso-a-la-informacion-publica\/datos-abiertos\/","og_site_name":"San Vicente de Paul","article_modified_time":"2026-01-05T20:52:56+00:00","twitter_card":"summary_large_image","twitter_misc":{"Tiempo de lectura":"2 minutos"},"schema":{"@context":"https:\/\/schema.org","@graph":[{"@type":"WebPage","@id":"https:\/\/hospitalsvpgarzon.gov.co\/index.php\/transparencia-y-acceso-a-la-informacion-publica\/datos-abiertos\/","url":"https:\/\/hospitalsvpgarzon.gov.co\/index.php\/transparencia-y-acceso-a-la-informacion-publica\/datos-abiertos\/","name":"Datos Abiertos - San Vicente de Paul","isPartOf":{"@id":"https:\/\/hospitalsvpgarzon.gov.co\/#website"},"datePublished":"2024-11-24T22:36:31+00:00","dateModified":"2026-01-05T20:52:56+00:00","breadcrumb":{"@id":"https:\/\/hospitalsvpgarzon.gov.co\/index.php\/transparencia-y-acceso-a-la-informacion-publica\/datos-abiertos\/#breadcrumb"},"inLanguage":"es","potentialAction":[{"@type":"ReadAction","target":["https:\/\/hospitalsvpgarzon.gov.co\/index.php\/transparencia-y-acceso-a-la-informacion-publica\/datos-abiertos\/"]}]},{"@type":"BreadcrumbList","@id":"https:\/\/hospitalsvpgarzon.gov.co\/index.php\/transparencia-y-acceso-a-la-informacion-publica\/datos-abiertos\/#breadcrumb","itemListElement":[{"@type":"ListItem","position":1,"name":"Portada","item":"https:\/\/hospitalsvpgarzon.gov.co\/"},{"@type":"ListItem","position":2,"name":"Transparencia y Acceso a la Informaci\u00f3n P\u00fablica","item":"https:\/\/hospitalsvpgarzon.gov.co\/index.php\/transparencia-y-acceso-a-la-informacion-publica\/"},{"@type":"ListItem","position":3,"name":"Datos Abiertos"}]},{"@type":"WebSite","@id":"https:\/\/hospitalsvpgarzon.gov.co\/#website","url":"https:\/\/hospitalsvpgarzon.gov.co\/","name":"San Vicente de Paul","description":"","potentialAction":[{"@type":"SearchAction","target":{"@type":"EntryPoint","urlTemplate":"https:\/\/hospitalsvpgarzon.gov.co\/?s={search_term_string}"},"query-input":{"@type":"PropertyValueSpecification","valueRequired":true,"valueName":"search_term_string"}}],"inLanguage":"es"}]}},"_links":{"self":[{"href":"https:\/\/hospitalsvpgarzon.gov.co\/index.php\/wp-json\/wp\/v2\/pages\/357","targetHints":{"allow":["GET"]}}],"collection":[{"href":"https:\/\/hospitalsvpgarzon.gov.co\/index.php\/wp-json\/wp\/v2\/pages"}],"about":[{"href":"https:\/\/hospitalsvpgarzon.gov.co\/index.php\/wp-json\/wp\/v2\/types\/page"}],"author":[{"embeddable":true,"href":"https:\/\/hospitalsvpgarzon.gov.co\/index.php\/wp-json\/wp\/v2\/users\/1"}],"replies":[{"embeddable":true,"href":"https:\/\/hospitalsvpgarzon.gov.co\/index.php\/wp-json\/wp\/v2\/comments?post=357"}],"version-history":[{"count":6,"href":"https:\/\/hospitalsvpgarzon.gov.co\/index.php\/wp-json\/wp\/v2\/pages\/357\/revisions"}],"predecessor-version":[{"id":4163,"href":"https:\/\/hospitalsvpgarzon.gov.co\/index.php\/wp-json\/wp\/v2\/pages\/357\/revisions\/4163"}],"up":[{"embeddable":true,"href":"https:\/\/hospitalsvpgarzon.gov.co\/index.php\/wp-json\/wp\/v2\/pages\/26"}],"wp:attachment":[{"href":"https:\/\/hospitalsvpgarzon.gov.co\/index.php\/wp-json\/wp\/v2\/media?parent=357"}],"curies":[{"name":"wp","href":"https:\/\/api.w.org\/{rel}","templated":true}]}}