{"id":330,"date":"2024-11-24T21:43:06","date_gmt":"2024-11-24T21:43:06","guid":{"rendered":"https:\/\/portal.hospitalsvpgarzon.gov.co\/?page_id=330"},"modified":"2026-01-05T15:46:20","modified_gmt":"2026-01-05T20:46:20","slug":"politicas-institucionales","status":"publish","type":"page","link":"https:\/\/hospitalsvpgarzon.gov.co\/index.php\/gestion\/planes-y-proyectos\/politicas-institucionales\/","title":{"rendered":"Pol\u00edticas Institucionales"},"content":{"rendered":"<div class=\"fusion-fullwidth fullwidth-box fusion-builder-row-1 fusion-flex-container has-pattern-background has-mask-background nonhundred-percent-fullwidth non-hundred-percent-height-scrolling\" style=\"--awb-border-radius-top-left:0px;--awb-border-radius-top-right:0px;--awb-border-radius-bottom-right:0px;--awb-border-radius-bottom-left:0px;--awb-flex-wrap:wrap;\" ><div class=\"fusion-builder-row fusion-row fusion-flex-align-items-flex-start fusion-flex-content-wrap\" style=\"max-width:89.44%;margin-left: calc(-4% \/ 2 );margin-right: calc(-4% \/ 2 );\"><div class=\"fusion-layout-column fusion_builder_column fusion-builder-column-0 fusion_builder_column_1_1 1_1 fusion-flex-column\" style=\"--awb-bg-size:cover;--awb-width-large:100%;--awb-margin-top-large:0px;--awb-spacing-right-large:1.92%;--awb-margin-bottom-large:20px;--awb-spacing-left-large:1.92%;--awb-width-medium:100%;--awb-order-medium:0;--awb-spacing-right-medium:1.92%;--awb-spacing-left-medium:1.92%;--awb-width-small:100%;--awb-order-small:0;--awb-spacing-right-small:1.92%;--awb-spacing-left-small:1.92%;\"><div class=\"fusion-column-wrapper fusion-column-has-shadow fusion-flex-justify-content-flex-start fusion-content-layout-column\"><div class=\"fusion-title title fusion-title-1 fusion-sep-none fusion-title-text fusion-title-size-two\"><h2 class=\"fusion-title-heading title-heading-left\" style=\"margin:0;text-transform:none;\">Pol\u00edticas Institucionales<\/h2><\/div><div class=\"fusion-image-element \" style=\"text-align:center;--awb-caption-title-font-family:var(--h2_typography-font-family);--awb-caption-title-font-weight:var(--h2_typography-font-weight);--awb-caption-title-font-style:var(--h2_typography-font-style);--awb-caption-title-size:var(--h2_typography-font-size);--awb-caption-title-transform:var(--h2_typography-text-transform);--awb-caption-title-line-height:var(--h2_typography-line-height);--awb-caption-title-letter-spacing:var(--h2_typography-letter-spacing);\"><span class=\" fusion-imageframe imageframe-none imageframe-1 hover-type-none\"><img decoding=\"async\" width=\"1280\" height=\"720\" alt=\"Pol\u00edticas Institucionales\" title=\"politicas2\" src=\"https:\/\/hospitalsvpgarzon.gov.co\/wp-content\/uploads\/2024\/11\/politicas2.jpg\" data-orig-src=\"https:\/\/hospitalsvpgarzon.gov.co\/wp-content\/uploads\/2024\/11\/politicas2.jpg\" class=\"lazyload img-responsive wp-image-379\" srcset=\"data:image\/svg+xml,%3Csvg%20xmlns%3D%27http%3A%2F%2Fwww.w3.org%2F2000%2Fsvg%27%20width%3D%271280%27%20height%3D%27720%27%20viewBox%3D%270%200%201280%20720%27%3E%3Crect%20width%3D%271280%27%20height%3D%27720%27%20fill-opacity%3D%220%22%2F%3E%3C%2Fsvg%3E\" data-srcset=\"https:\/\/hospitalsvpgarzon.gov.co\/wp-content\/uploads\/2024\/11\/politicas2-200x113.jpg 200w, https:\/\/hospitalsvpgarzon.gov.co\/wp-content\/uploads\/2024\/11\/politicas2-400x225.jpg 400w, https:\/\/hospitalsvpgarzon.gov.co\/wp-content\/uploads\/2024\/11\/politicas2-600x338.jpg 600w, https:\/\/hospitalsvpgarzon.gov.co\/wp-content\/uploads\/2024\/11\/politicas2-800x450.jpg 800w, https:\/\/hospitalsvpgarzon.gov.co\/wp-content\/uploads\/2024\/11\/politicas2-1200x675.jpg 1200w, https:\/\/hospitalsvpgarzon.gov.co\/wp-content\/uploads\/2024\/11\/politicas2.jpg 1280w\" data-sizes=\"auto\" data-orig-sizes=\"(max-width: 700px) 100vw, 1280px\" \/><\/span><\/div><div class=\"fusion-text fusion-text-1\"><ul>\n<li>Acuerdo No 016 De 2023 pol\u00edticas Institucionales\u00a0<a href=\"https:\/\/www.hospitalsvpgarzon.gov.co\/documentos\/controlinterno\/1_AcuerdoNo016de2013_POLITICAS_INSTITUCIONALES.pdf\" target=\"_blank\" rel=\"noopener\">Descargar Archivo Aqu\u00ed<\/a><\/li>\n<li>Manual Pol\u00edticas Gesti\u00f3n salud institucional\u00a0<a href=\"https:\/\/www.hospitalsvpgarzon.gov.co\/documentos\/controlinterno\/2_MANUAL_POLITICAS_GESTION_SALUD_INSTITUCIONAL.pdf\" target=\"_blank\" rel=\"noopener\">Descargar Archivo Aqu\u00ed<\/a><\/li>\n<li>Pol\u00edtica protecci\u00f3n datos 2020\u00a0<a href=\"https:\/\/www.hospitalsvpgarzon.gov.co\/documentos\/controlinterno\/3_Proteccion_Datos_2020_compressed.pdf\" target=\"_blank\" rel=\"noopener\">Descargar Archivo Aqu\u00ed<\/a><\/li>\n<li>Pol\u00edtica de seguridad de la informaci\u00f3n\u00a0<a href=\"https:\/\/www.hospitalsvpgarzon.gov.co\/documentos\/controlinterno\/4_POLITICA_DE_SEGURIDAD_DE_LA_INFORMACION_HSVP1.pdf\" target=\"_blank\" rel=\"noopener\">Descargar Archivo Aqu\u00ed<\/a><\/li>\n<li>Carta de Trato Digno\u00a0<a href=\"https:\/\/www.hospitalsvpgarzon.gov.co\/documentos\/controlinterno\/1_carta_de_trato_digno.pdf\" target=\"_blank\" rel=\"noopener\">Descargar Archivo Aqu\u00ed<\/a><\/li>\n<li>Pol\u00edticas de Seguridad de la Informaci\u00f3n del Sitio Web y Protecci\u00f3n de Datos Personales\u00a0<a href=\"https:\/\/www.hospitalsvpgarzon.gov.co\/documentos\/InformacionPublica\/PSIyProtecci%C3%B3nDatosPersonalesSitioWEB.pdf\" target=\"_blank\" rel=\"noopener\">Descargar Archivo Aqu\u00ed<\/a><\/li>\n<li>T\u00e9rminos y Condiciones del Sitio Web\u00a0<a href=\"https:\/\/www.hospitalsvpgarzon.gov.co\/documentos\/InformacionPublica\/Terminos%20y%20condiciones%20del%20sitio%20web.docx\" target=\"_blank\" rel=\"noopener\">Descargar Archivo Aqu\u00ed<\/a><\/li>\n<li>Autorizaci\u00f3n de uso de contenidos\u00a0<a href=\"https:\/\/www.hospitalsvpgarzon.gov.co\/documentos\/InformacionPublica\/Autorizaci%C3%B3n%20de%20uso%20de%20contenidos.docx\" target=\"_blank\" rel=\"noopener\">Descargar Archivo Aqu\u00ed<\/a><\/li>\n<li>Pol\u00edtica de seguridad de la informaci\u00f3n\u00a0<a href=\"https:\/\/www.hospitalsvpgarzon.gov.co\/documentos\/InformacionPublica\/Politica%20de%20seguridad%20de%20la%20informaci%C3%B3n.docx\" target=\"_blank\" rel=\"noopener\">Descargar Archivo Aqu\u00ed<\/a><\/li>\n<li>Pol\u00edtica\u00a0de derechos de autor\u00a0<a href=\"https:\/\/www.hospitalsvpgarzon.gov.co\/documentos\/InformacionPublica\/Politica%20derechos%20de%20autor.docx\" target=\"_blank\" rel=\"noopener\">Descargar Archivo Aqu\u00ed<\/a><\/li>\n<\/ul>\n<\/div><div class=\"fusion-image-element \" style=\"text-align:center;--awb-caption-title-font-family:var(--h2_typography-font-family);--awb-caption-title-font-weight:var(--h2_typography-font-weight);--awb-caption-title-font-style:var(--h2_typography-font-style);--awb-caption-title-size:var(--h2_typography-font-size);--awb-caption-title-transform:var(--h2_typography-text-transform);--awb-caption-title-line-height:var(--h2_typography-line-height);--awb-caption-title-letter-spacing:var(--h2_typography-letter-spacing);\"><span class=\" fusion-imageframe imageframe-none imageframe-2 hover-type-none\"><img decoding=\"async\" width=\"188\" height=\"235\" title=\"politicas\" src=\"data:image\/svg+xml,%3Csvg%20xmlns%3D%27http%3A%2F%2Fwww.w3.org%2F2000%2Fsvg%27%20width%3D%27188%27%20height%3D%27235%27%20viewBox%3D%270%200%20188%20235%27%3E%3Crect%20width%3D%27188%27%20height%3D%27235%27%20fill-opacity%3D%220%22%2F%3E%3C%2Fsvg%3E\" data-orig-src=\"https:\/\/hospitalsvpgarzon.gov.co\/wp-content\/uploads\/2024\/11\/politicas.png\" alt class=\"lazyload img-responsive wp-image-332\"\/><\/span><\/div><div class=\"fusion-text fusion-text-2\"><ol>\n<li>POL\u00cdTICA DE PLANEACI\u00d3N INSTITUCIONAL<\/li>\n<li>POL\u00cdTICA DE GESTI\u00d3N PRESUPUESTAL Y EFICIENCIA DEL GASTO<\/li>\n<li>POL\u00cdTICA DE TALENTO HUMANO<\/li>\n<li>POL\u00cdTICA DE INTEGRIDAD<\/li>\n<li>POL\u00cdTICA DE TRANSPARENCIA, ACCESO A LA INFORMACI\u00d3N P\u00daBLICA Y LUCHA CONTRA LA CORRUPCI\u00d3N<\/li>\n<li>POL\u00cdTICA DE FORTALECIMIENTO ORGANIZACIONAL Y SIMPLIFICACI\u00d3N DE PROCESOS<\/li>\n<li>POL\u00cdTICA DE SERVICIO AL CIUDADANO<\/li>\n<li>POL\u00cdTICA DE PARTICIPACI\u00d3N CIUDADANA EN LA GESTI\u00d3N P\u00daBLICA<\/li>\n<li>POL\u00cdTICA DE RACIONALIZACI\u00d3N DE TR\u00c1MITES<\/li>\n<li>POL\u00cdTICA DE GESTI\u00d3N DOCUMENTAL<\/li>\n<li>POL\u00cdTICA DE GOBIERNO DIGITAL (antes gobierno en l\u00ednea)<\/li>\n<li>POL\u00cdTICA DE SEGURIDAD DIGITAL<\/li>\n<li>POL\u00cdTICA DE PREVENCI\u00d3N DEL DA\u00d1O ANTIJUR\u00cdDICO Y LA DEFENSA JUDICIAL<\/li>\n<li>POL\u00cdTICA DE GESTI\u00d3N DEL CONOCIMIENTO E INNOVACI\u00d3N<\/li>\n<li>POL\u00cdTICA DE CONTROL INTERNO<\/li>\n<li>POL\u00cdTICA DE SEGUIMIENTO Y EVALUACI\u00d3N DEL DESEMPE\u00d1O INSTITUCIONAL<\/li>\n<li>POL\u00cdTICA DE PRESTACI\u00d3N INTEGRAL DE SERVICIOS DE SALUD<\/li>\n<li>POL\u00cdTICA DE SEGURIDAD DEL PACIENTE<\/li>\n<li>POL\u00cdTICA DE HUMANIZACI\u00d3N<\/li>\n<li>POL\u00cdTICA DE CALIDAD EN SALUD<\/li>\n<li>POL\u00cdTICA DE PRIORIZACI\u00d3N DE LA ATENCI\u00d3N A POBLACIONES VULNERABLES<\/li>\n<li>POL\u00cdTICA INSTITUCI\u00d3N AMIGA DE LA MUJER Y DE LA INFANCIA (IAMII)<\/li>\n<li>POL\u00cdTICA GESTI\u00d3N DE TECNOLOG\u00cdA<\/li>\n<li>POL\u00cdTICA DE GESTI\u00d3N DEL RIESGO<\/li>\n<li>POL\u00cdTICA DE SEGURIDAD Y SALUD EN EL TRABAJO<\/li>\n<li>POL\u00cdTICA DE GESTI\u00d3N AMBIENTAL<\/li>\n<li>POL\u00cdTICA DE AMBIENTE F\u00cdSICO<\/li>\n<li>POL\u00cdTICA DE FARMAC\u00c9UTICA<\/li>\n<li>POL\u00cdTICA DE NO USO Y RE\u00daSO DE DISPOSITIVOS M\u00c9DICOS<\/li>\n<li>POL\u00cdTICA DE NO DROGAS, ALCOHOL, TABAQUISMO (NO DATA)<\/li>\n<li>POL\u00cdTICA DE COMPRAS<\/li>\n<li>POL\u00cdTICA DE SISTEMA DE ADMINISTRACI\u00d3N DEL RIESGO DEL LAVADO DE ACTIVOS Y FINANCIACI\u00d3N DEL TERRORISMO (SARLAFT)<\/li>\n<li>POL\u00cdTICA DE COMUNICACIONES<\/li>\n<li>POL\u00cdTICA DE SEGURIDAD Y PRIVACIDAD DE LA INFORMACI\u00d3NPOL\u00cdTICA DE PROTECCI\u00d3N DE DATOS<\/li>\n<li>POL\u00cdTICA DE REVELACI\u00d3N DE INFORMACI\u00d3N<\/li>\n<li>POL\u00cdTICA DE MERCADEO<\/li>\n<li>POL\u00cdTICA DE INVERSIONES EN ACTIVOS<\/li>\n<li>POL\u00cdTICA DE TRANSACCIONES CON BIENES INMOBILIARIOS<\/li>\n<li>POL\u00cdTICA CONTABLES<\/li>\n<li>POL\u00cdTICA DE CERO PAPEL<\/li>\n<li>POL\u00cdTICA DE DENUNCIAS ANTE SOSPECHAS DE COMPORTAMIENTOS NO ADECUADOS POR PARTE DE OTROS DIRECTIVOS O DE<\/li>\n<li>EMPLEADOS DE LA ORGANIZACI\u00d3N<\/li>\n<li>POL\u00cdTICA DE ORIENTACI\u00d3N FORMAL QUE DEBEN RECIBIR LOS MIEMBROS DE JUNTA DIRECTIVA<\/li>\n<li>POL\u00cdTICA DE RESPONSABILIDAD SOCIAL EMPRESARIAL<\/li>\n<li><a href=\"https:\/\/hospitalsvpgarzon.gov.co\/documentos\/InformacionPublica\/PL_Proteccion_Datos_2020_compressed.pdf\" target=\"_blank\" rel=\"noopener\">POLITICA DE PROTECCI\u00d3N DE DATOS PERSONALES<\/a><\/li>\n<\/ol>\n<\/div><\/div><\/div><\/div><\/div>\n","protected":false},"excerpt":{"rendered":"","protected":false},"author":1,"featured_media":0,"parent":370,"menu_order":0,"comment_status":"closed","ping_status":"closed","template":"100-width.php","meta":{"footnotes":""},"class_list":["post-330","page","type-page","status-publish","hentry"],"yoast_head":"<!-- This site is optimized with the Yoast SEO plugin v26.6 - https:\/\/yoast.com\/wordpress\/plugins\/seo\/ -->\n<title>Pol\u00edticas Institucionales - San Vicente de Paul<\/title>\n<meta name=\"robots\" content=\"index, follow, max-snippet:-1, max-image-preview:large, max-video-preview:-1\" \/>\n<link rel=\"canonical\" href=\"https:\/\/hospitalsvpgarzon.gov.co\/index.php\/gestion\/planes-y-proyectos\/politicas-institucionales\/\" \/>\n<meta property=\"og:locale\" content=\"es_ES\" \/>\n<meta property=\"og:type\" content=\"article\" \/>\n<meta property=\"og:title\" content=\"Pol\u00edticas Institucionales - San Vicente de Paul\" \/>\n<meta property=\"og:url\" content=\"https:\/\/hospitalsvpgarzon.gov.co\/index.php\/gestion\/planes-y-proyectos\/politicas-institucionales\/\" \/>\n<meta property=\"og:site_name\" content=\"San Vicente de Paul\" \/>\n<meta property=\"article:modified_time\" content=\"2026-01-05T20:46:20+00:00\" \/>\n<meta name=\"twitter:card\" content=\"summary_large_image\" \/>\n<meta name=\"twitter:label1\" content=\"Tiempo de lectura\" \/>\n\t<meta name=\"twitter:data1\" content=\"1 minuto\" \/>\n<script type=\"application\/ld+json\" class=\"yoast-schema-graph\">{\"@context\":\"https:\/\/schema.org\",\"@graph\":[{\"@type\":\"WebPage\",\"@id\":\"https:\/\/hospitalsvpgarzon.gov.co\/index.php\/gestion\/planes-y-proyectos\/politicas-institucionales\/\",\"url\":\"https:\/\/hospitalsvpgarzon.gov.co\/index.php\/gestion\/planes-y-proyectos\/politicas-institucionales\/\",\"name\":\"Pol\u00edticas Institucionales - San Vicente de Paul\",\"isPartOf\":{\"@id\":\"https:\/\/hospitalsvpgarzon.gov.co\/#website\"},\"datePublished\":\"2024-11-24T21:43:06+00:00\",\"dateModified\":\"2026-01-05T20:46:20+00:00\",\"breadcrumb\":{\"@id\":\"https:\/\/hospitalsvpgarzon.gov.co\/index.php\/gestion\/planes-y-proyectos\/politicas-institucionales\/#breadcrumb\"},\"inLanguage\":\"es\",\"potentialAction\":[{\"@type\":\"ReadAction\",\"target\":[\"https:\/\/hospitalsvpgarzon.gov.co\/index.php\/gestion\/planes-y-proyectos\/politicas-institucionales\/\"]}]},{\"@type\":\"BreadcrumbList\",\"@id\":\"https:\/\/hospitalsvpgarzon.gov.co\/index.php\/gestion\/planes-y-proyectos\/politicas-institucionales\/#breadcrumb\",\"itemListElement\":[{\"@type\":\"ListItem\",\"position\":1,\"name\":\"Portada\",\"item\":\"https:\/\/hospitalsvpgarzon.gov.co\/\"},{\"@type\":\"ListItem\",\"position\":2,\"name\":\"Gesti\u00f3n\",\"item\":\"https:\/\/hospitalsvpgarzon.gov.co\/index.php\/gestion\/\"},{\"@type\":\"ListItem\",\"position\":3,\"name\":\"Planes y Proyectos\",\"item\":\"https:\/\/hospitalsvpgarzon.gov.co\/index.php\/gestion\/planes-y-proyectos\/\"},{\"@type\":\"ListItem\",\"position\":4,\"name\":\"Pol\u00edticas Institucionales\"}]},{\"@type\":\"WebSite\",\"@id\":\"https:\/\/hospitalsvpgarzon.gov.co\/#website\",\"url\":\"https:\/\/hospitalsvpgarzon.gov.co\/\",\"name\":\"San Vicente de Paul\",\"description\":\"\",\"potentialAction\":[{\"@type\":\"SearchAction\",\"target\":{\"@type\":\"EntryPoint\",\"urlTemplate\":\"https:\/\/hospitalsvpgarzon.gov.co\/?s={search_term_string}\"},\"query-input\":{\"@type\":\"PropertyValueSpecification\",\"valueRequired\":true,\"valueName\":\"search_term_string\"}}],\"inLanguage\":\"es\"}]}<\/script>\n<!-- \/ Yoast SEO plugin. -->","yoast_head_json":{"title":"Pol\u00edticas Institucionales - San Vicente de Paul","robots":{"index":"index","follow":"follow","max-snippet":"max-snippet:-1","max-image-preview":"max-image-preview:large","max-video-preview":"max-video-preview:-1"},"canonical":"https:\/\/hospitalsvpgarzon.gov.co\/index.php\/gestion\/planes-y-proyectos\/politicas-institucionales\/","og_locale":"es_ES","og_type":"article","og_title":"Pol\u00edticas Institucionales - San Vicente de Paul","og_url":"https:\/\/hospitalsvpgarzon.gov.co\/index.php\/gestion\/planes-y-proyectos\/politicas-institucionales\/","og_site_name":"San Vicente de Paul","article_modified_time":"2026-01-05T20:46:20+00:00","twitter_card":"summary_large_image","twitter_misc":{"Tiempo de lectura":"1 minuto"},"schema":{"@context":"https:\/\/schema.org","@graph":[{"@type":"WebPage","@id":"https:\/\/hospitalsvpgarzon.gov.co\/index.php\/gestion\/planes-y-proyectos\/politicas-institucionales\/","url":"https:\/\/hospitalsvpgarzon.gov.co\/index.php\/gestion\/planes-y-proyectos\/politicas-institucionales\/","name":"Pol\u00edticas Institucionales - San Vicente de Paul","isPartOf":{"@id":"https:\/\/hospitalsvpgarzon.gov.co\/#website"},"datePublished":"2024-11-24T21:43:06+00:00","dateModified":"2026-01-05T20:46:20+00:00","breadcrumb":{"@id":"https:\/\/hospitalsvpgarzon.gov.co\/index.php\/gestion\/planes-y-proyectos\/politicas-institucionales\/#breadcrumb"},"inLanguage":"es","potentialAction":[{"@type":"ReadAction","target":["https:\/\/hospitalsvpgarzon.gov.co\/index.php\/gestion\/planes-y-proyectos\/politicas-institucionales\/"]}]},{"@type":"BreadcrumbList","@id":"https:\/\/hospitalsvpgarzon.gov.co\/index.php\/gestion\/planes-y-proyectos\/politicas-institucionales\/#breadcrumb","itemListElement":[{"@type":"ListItem","position":1,"name":"Portada","item":"https:\/\/hospitalsvpgarzon.gov.co\/"},{"@type":"ListItem","position":2,"name":"Gesti\u00f3n","item":"https:\/\/hospitalsvpgarzon.gov.co\/index.php\/gestion\/"},{"@type":"ListItem","position":3,"name":"Planes y Proyectos","item":"https:\/\/hospitalsvpgarzon.gov.co\/index.php\/gestion\/planes-y-proyectos\/"},{"@type":"ListItem","position":4,"name":"Pol\u00edticas Institucionales"}]},{"@type":"WebSite","@id":"https:\/\/hospitalsvpgarzon.gov.co\/#website","url":"https:\/\/hospitalsvpgarzon.gov.co\/","name":"San Vicente de Paul","description":"","potentialAction":[{"@type":"SearchAction","target":{"@type":"EntryPoint","urlTemplate":"https:\/\/hospitalsvpgarzon.gov.co\/?s={search_term_string}"},"query-input":{"@type":"PropertyValueSpecification","valueRequired":true,"valueName":"search_term_string"}}],"inLanguage":"es"}]}},"_links":{"self":[{"href":"https:\/\/hospitalsvpgarzon.gov.co\/index.php\/wp-json\/wp\/v2\/pages\/330","targetHints":{"allow":["GET"]}}],"collection":[{"href":"https:\/\/hospitalsvpgarzon.gov.co\/index.php\/wp-json\/wp\/v2\/pages"}],"about":[{"href":"https:\/\/hospitalsvpgarzon.gov.co\/index.php\/wp-json\/wp\/v2\/types\/page"}],"author":[{"embeddable":true,"href":"https:\/\/hospitalsvpgarzon.gov.co\/index.php\/wp-json\/wp\/v2\/users\/1"}],"replies":[{"embeddable":true,"href":"https:\/\/hospitalsvpgarzon.gov.co\/index.php\/wp-json\/wp\/v2\/comments?post=330"}],"version-history":[{"count":2,"href":"https:\/\/hospitalsvpgarzon.gov.co\/index.php\/wp-json\/wp\/v2\/pages\/330\/revisions"}],"predecessor-version":[{"id":4159,"href":"https:\/\/hospitalsvpgarzon.gov.co\/index.php\/wp-json\/wp\/v2\/pages\/330\/revisions\/4159"}],"up":[{"embeddable":true,"href":"https:\/\/hospitalsvpgarzon.gov.co\/index.php\/wp-json\/wp\/v2\/pages\/370"}],"wp:attachment":[{"href":"https:\/\/hospitalsvpgarzon.gov.co\/index.php\/wp-json\/wp\/v2\/media?parent=330"}],"curies":[{"name":"wp","href":"https:\/\/api.w.org\/{rel}","templated":true}]}}