{"id":287,"date":"2024-11-24T20:13:21","date_gmt":"2024-11-24T20:13:21","guid":{"rendered":"https:\/\/portal.hospitalsvpgarzon.gov.co\/?page_id=287"},"modified":"2026-01-06T15:58:11","modified_gmt":"2026-01-06T20:58:11","slug":"buzon-p-q-r-s-d","status":"publish","type":"page","link":"https:\/\/hospitalsvpgarzon.gov.co\/index.php\/quienes-somos\/buzon-p-q-r-s-d\/","title":{"rendered":"Buz\u00f3n (P.Q.R.S.D)"},"content":{"rendered":"<p><div class=\"fusion-fullwidth fullwidth-box fusion-builder-row-1 fusion-flex-container has-pattern-background has-mask-background nonhundred-percent-fullwidth non-hundred-percent-height-scrolling\" style=\"--awb-border-radius-top-left:0px;--awb-border-radius-top-right:0px;--awb-border-radius-bottom-right:0px;--awb-border-radius-bottom-left:0px;--awb-flex-wrap:wrap;\" ><div class=\"fusion-builder-row fusion-row fusion-flex-align-items-flex-start fusion-flex-content-wrap\" style=\"max-width:89.44%;margin-left: calc(-4% \/ 2 );margin-right: calc(-4% \/ 2 );\"><div class=\"fusion-layout-column fusion_builder_column fusion-builder-column-0 fusion_builder_column_1_1 1_1 fusion-flex-column\" style=\"--awb-bg-size:cover;--awb-width-large:100%;--awb-margin-top-large:0px;--awb-spacing-right-large:1.92%;--awb-margin-bottom-large:20px;--awb-spacing-left-large:1.92%;--awb-width-medium:100%;--awb-order-medium:0;--awb-spacing-right-medium:1.92%;--awb-spacing-left-medium:1.92%;--awb-width-small:100%;--awb-order-small:0;--awb-spacing-right-small:1.92%;--awb-spacing-left-small:1.92%;\"><div class=\"fusion-column-wrapper fusion-column-has-shadow fusion-flex-justify-content-flex-start fusion-content-layout-column\"><div class=\"fusion-text fusion-text-1\" style=\"--awb-font-size:20px;\"><p>Apreciado ciudadano:<\/p>\n<p>Le damos la bienvenida a\u00a0este espacio en el que usted podr\u00e1 realizar sus\u00a0Peticiones,\u00a0Quejas,\u00a0Reclamos,\u00a0Sugerencias,\u00a0Felicitaciones o\u00a0Denuncias. Le invitamos a seleccionar el modo con el que desea radicar su solicitud:<\/p>\n<\/div><\/div><\/div><div class=\"fusion-layout-column fusion_builder_column fusion-builder-column-1 fusion_builder_column_1_3 1_3 fusion-flex-column\" style=\"--awb-bg-size:cover;--awb-width-large:33.333333333333%;--awb-margin-top-large:0px;--awb-spacing-right-large:5.76%;--awb-margin-bottom-large:20px;--awb-spacing-left-large:5.76%;--awb-width-medium:33.333333333333%;--awb-order-medium:0;--awb-spacing-right-medium:5.76%;--awb-spacing-left-medium:5.76%;--awb-width-small:100%;--awb-order-small:0;--awb-spacing-right-small:1.92%;--awb-spacing-left-small:1.92%;\"><div class=\"fusion-column-wrapper fusion-column-has-shadow fusion-flex-justify-content-flex-start fusion-content-layout-column\"><div ><a class=\"fusion-button button-flat fusion-button-default-size button-custom fusion-button-default button-1 fusion-button-default-span fusion-button-default-type botonpqr\" style=\"--button_accent_color:#000000;--button_border_color:#d3d3d3;--button_accent_hover_color:var(--awb-custom12);--button_border_hover_color:#194ed3;--button_gradient_top_color:#ffffff;--button_gradient_bottom_color:#ffffff;--button_gradient_top_color_hover:var(--awb-color8);--button_gradient_bottom_color_hover:var(--awb-color8);\" target=\"_blank\" rel=\"noopener noreferrer\" title=\"Registre su Solicitud\" aria-label=\"Registre su Solicitud\" href=\"https:\/\/extranet.hospitalsvpgarzon.gov.co\/Site.aspx?Codigo=D368389F-817B-4485-A1F0-B6C28E5F2532&amp;p=\/Radicar&amp;Tipo=I\"><i class=\"fa-edit fas button-icon-left\" aria-hidden=\"true\"><\/i><span class=\"fusion-button-text\">Registre su Solicitud<\/span><\/a><\/div><\/div><\/div><div class=\"fusion-layout-column fusion_builder_column fusion-builder-column-2 fusion_builder_column_1_3 1_3 fusion-flex-column\" style=\"--awb-bg-size:cover;--awb-width-large:33.333333333333%;--awb-margin-top-large:0px;--awb-spacing-right-large:5.76%;--awb-margin-bottom-large:20px;--awb-spacing-left-large:5.76%;--awb-width-medium:33.333333333333%;--awb-order-medium:0;--awb-spacing-right-medium:5.76%;--awb-spacing-left-medium:5.76%;--awb-width-small:100%;--awb-order-small:0;--awb-spacing-right-small:1.92%;--awb-spacing-left-small:1.92%;\"><div class=\"fusion-column-wrapper fusion-column-has-shadow fusion-flex-justify-content-flex-start fusion-content-layout-column\"><div ><a class=\"fusion-button button-flat fusion-button-default-size button-custom fusion-button-default button-2 fusion-button-default-span fusion-button-default-type\" style=\"--button_accent_color:#000000;--button_border_color:#d3d3d3;--button_accent_hover_color:var(--awb-custom12);--button_border_hover_color:#194ed3;--button_gradient_top_color:#ffffff;--button_gradient_bottom_color:#ffffff;--button_gradient_top_color_hover:var(--awb-color8);--button_gradient_bottom_color_hover:var(--awb-color8);\" target=\"_blank\" rel=\"noopener noreferrer\" title=\"Registre su solicitud an\u00f3nima\" aria-label=\"Registre su solicitud an\u00f3nima\" href=\"https:\/\/extranet.hospitalsvpgarzon.gov.co\/Site.aspx?Codigo=D368389F-817B-4485-A1F0-B6C28E5F2532&amp;p=\/Radicar&amp;Tipo=A\"><i class=\"fa-user-secret fas button-icon-left\" aria-hidden=\"true\"><\/i><span class=\"fusion-button-text\">Registre su solicitud an\u00f3nima<\/span><\/a><\/div><\/div><\/div><div class=\"fusion-layout-column fusion_builder_column fusion-builder-column-3 fusion_builder_column_1_3 1_3 fusion-flex-column\" style=\"--awb-bg-size:cover;--awb-width-large:33.333333333333%;--awb-margin-top-large:0px;--awb-spacing-right-large:5.76%;--awb-margin-bottom-large:20px;--awb-spacing-left-large:5.76%;--awb-width-medium:33.333333333333%;--awb-order-medium:0;--awb-spacing-right-medium:5.76%;--awb-spacing-left-medium:5.76%;--awb-width-small:100%;--awb-order-small:0;--awb-spacing-right-small:1.92%;--awb-spacing-left-small:1.92%;\"><div class=\"fusion-column-wrapper fusion-column-has-shadow fusion-flex-justify-content-flex-start fusion-content-layout-column\"><div ><a class=\"fusion-button button-flat fusion-button-default-size button-custom fusion-button-default button-3 fusion-button-default-span fusion-button-default-type\" style=\"--button_accent_color:#050505;--button_border_color:#d1d2d3;--button_accent_hover_color:var(--awb-custom12);--button_border_hover_color:#194ed3;--button_gradient_top_color:#ffffff;--button_gradient_bottom_color:#ffffff;--button_gradient_top_color_hover:var(--awb-color8);--button_gradient_bottom_color_hover:var(--awb-color8);\" target=\"_blank\" rel=\"noopener noreferrer\" title=\"Gu\u00eda Diligenciamiento\" aria-label=\"Gu\u00eda Diligenciamiento\" href=\"https:\/\/hospitalsvpgarzon.gov.co\/wp-content\/uploads\/2025\/09\/GUIA-PARA-DILIGENCIAR-PETICIONES-QUEJAS-RECLAMOS-Y-SUGERENCIAS.pdf\"><i class=\"fa-user-secret fas button-icon-left\" aria-hidden=\"true\"><\/i><span class=\"fusion-button-text\">Gu\u00eda Diligenciamiento<\/span><\/a><\/div><\/div><\/div><\/div><\/div><div class=\"fusion-fullwidth fullwidth-box fusion-builder-row-2 fusion-flex-container has-pattern-background has-mask-background nonhundred-percent-fullwidth non-hundred-percent-height-scrolling\" style=\"--awb-border-radius-top-left:0px;--awb-border-radius-top-right:0px;--awb-border-radius-bottom-right:0px;--awb-border-radius-bottom-left:0px;--awb-flex-wrap:wrap;\" ><div class=\"fusion-builder-row fusion-row fusion-flex-align-items-flex-start fusion-flex-content-wrap\" style=\"max-width:89.44%;margin-left: calc(-4% \/ 2 );margin-right: calc(-4% \/ 2 );\"><div class=\"fusion-layout-column fusion_builder_column fusion-builder-column-4 fusion_builder_column_1_1 1_1 fusion-flex-column\" style=\"--awb-bg-size:cover;--awb-width-large:100%;--awb-margin-top-large:0px;--awb-spacing-right-large:1.92%;--awb-margin-bottom-large:20px;--awb-spacing-left-large:1.92%;--awb-width-medium:100%;--awb-order-medium:0;--awb-spacing-right-medium:1.92%;--awb-spacing-left-medium:1.92%;--awb-width-small:100%;--awb-order-small:0;--awb-spacing-right-small:1.92%;--awb-spacing-left-small:1.92%;\"><div class=\"fusion-column-wrapper fusion-column-has-shadow fusion-flex-justify-content-flex-start fusion-content-layout-column\"><div style=\"text-align:center;\"><a class=\"fusion-button button-flat fusion-button-default-size button-custom fusion-button-default button-4 fusion-button-default-span fusion-button-default-type\" style=\"--button_accent_color:#ffffff;--button_accent_hover_color:var(--awb-custom12);--button_border_hover_color:#194ed3;--button-border-radius-top-left:30px;--button-border-radius-top-right:30px;--button-border-radius-bottom-right:30px;--button-border-radius-bottom-left:30px;--button_gradient_top_color:var(--awb-color8);--button_gradient_bottom_color:var(--awb-color8);--button_gradient_top_color_hover:var(--awb-color8);--button_gradient_bottom_color_hover:var(--awb-color8);--button_margin-top:30px;\" target=\"_self\" title=\"Consulte su solicitud\" aria-label=\"Consulte su solicitud\" href=\"https:\/\/extranet.hospitalsvpgarzon.gov.co\/Site.aspx?Codigo=D368389F-817B-4485-A1F0-B6C28E5F2532&amp;p=\/\"><span class=\"fusion-button-text\">Consulte su solicitud<\/span><\/a><\/div><div class=\"fusion-text fusion-text-2\" style=\"--awb-font-size:20px;\"><p>Por favor tenga en cuenta las siguientes definiciones para establecer el tipo de solicitud a presentar y los t\u00e9rminos de respuesta.<\/p>\n<p>DERECHO DE PETICI\u00d3N: Mecanismo que toda persona tiene para presentar solicitudes respetuosas ante las autoridades o ante ciertos particulares con el fin de obtener una pronta soluci\u00f3n sobre lo solicitado. El derecho de petici\u00f3n est\u00e1 consagrado en la Constituci\u00f3n Pol\u00edtica de Colombia como fundamental, es decir, que hace parte de los derechos de las personas y que su protecci\u00f3n judicial inmediata puede lograrse mediante el ejercicio de la tutela.<\/p>\n<ul>\n<li style=\"font-family: 'Plus Jakarta Sans';\">PETICION: Solicitud del cliente respecto a informaci\u00f3n de la Entidad o alg\u00fan servicio especial.<\/li>\n<li style=\"font-family: 'Plus Jakarta Sans';\">QUEJA: Es la inconformidad expresada del cliente respecto a un funcionario o servicio de la que ofrece la Entidad.<\/li>\n<li style=\"font-family: 'Plus Jakarta Sans';\">RECLAMO: Es la inconformidad expresada del cliente respecto al servicio y los procesos de la Entidad.<\/li>\n<li style=\"font-family: 'Plus Jakarta Sans';\">SUGERENCIA: Idea que se propone o recomienda a una autoridad para que se tenga en consideraci\u00f3n al momento de hacerse alg\u00fan evento.<\/li>\n<li style=\"font-family: 'Plus Jakarta Sans';\">FELICITACI\u00d3N: Manifestaci\u00f3n a una persona de la satisfacci\u00f3n que se experimenta con motivo de alg\u00fan suceso favorable para ella<\/li>\n<li style=\"font-family: 'Plus Jakarta Sans';\">DENUNCIA: Es la acci\u00f3n y efecto de denunciar (avisar, notificar, declarar la irregularidad o ilegalidad de algo, delatar)<\/li>\n<\/ul>\n<\/div><\/div><\/div><\/div><\/div><\/p>\n","protected":false},"excerpt":{"rendered":"","protected":false},"author":1,"featured_media":0,"parent":57,"menu_order":0,"comment_status":"closed","ping_status":"closed","template":"","meta":{"footnotes":""},"class_list":["post-287","page","type-page","status-publish","hentry"],"yoast_head":"<!-- This site is optimized with the Yoast SEO plugin v26.6 - https:\/\/yoast.com\/wordpress\/plugins\/seo\/ -->\n<title>Buz\u00f3n (P.Q.R.S.D) - San Vicente de Paul<\/title>\n<meta name=\"robots\" content=\"index, follow, max-snippet:-1, max-image-preview:large, max-video-preview:-1\" \/>\n<link rel=\"canonical\" href=\"https:\/\/hospitalsvpgarzon.gov.co\/index.php\/quienes-somos\/buzon-p-q-r-s-d\/\" \/>\n<meta property=\"og:locale\" content=\"es_ES\" \/>\n<meta property=\"og:type\" content=\"article\" \/>\n<meta property=\"og:title\" content=\"Buz\u00f3n (P.Q.R.S.D) - San Vicente de Paul\" \/>\n<meta property=\"og:url\" content=\"https:\/\/hospitalsvpgarzon.gov.co\/index.php\/quienes-somos\/buzon-p-q-r-s-d\/\" \/>\n<meta property=\"og:site_name\" content=\"San Vicente de Paul\" \/>\n<meta property=\"article:modified_time\" content=\"2026-01-06T20:58:11+00:00\" \/>\n<meta name=\"twitter:card\" content=\"summary_large_image\" \/>\n<meta name=\"twitter:label1\" content=\"Tiempo de lectura\" \/>\n\t<meta name=\"twitter:data1\" content=\"2 minutos\" \/>\n<script type=\"application\/ld+json\" class=\"yoast-schema-graph\">{\"@context\":\"https:\/\/schema.org\",\"@graph\":[{\"@type\":\"WebPage\",\"@id\":\"https:\/\/hospitalsvpgarzon.gov.co\/index.php\/quienes-somos\/buzon-p-q-r-s-d\/\",\"url\":\"https:\/\/hospitalsvpgarzon.gov.co\/index.php\/quienes-somos\/buzon-p-q-r-s-d\/\",\"name\":\"Buz\u00f3n (P.Q.R.S.D) - San Vicente de Paul\",\"isPartOf\":{\"@id\":\"https:\/\/hospitalsvpgarzon.gov.co\/#website\"},\"datePublished\":\"2024-11-24T20:13:21+00:00\",\"dateModified\":\"2026-01-06T20:58:11+00:00\",\"breadcrumb\":{\"@id\":\"https:\/\/hospitalsvpgarzon.gov.co\/index.php\/quienes-somos\/buzon-p-q-r-s-d\/#breadcrumb\"},\"inLanguage\":\"es\",\"potentialAction\":[{\"@type\":\"ReadAction\",\"target\":[\"https:\/\/hospitalsvpgarzon.gov.co\/index.php\/quienes-somos\/buzon-p-q-r-s-d\/\"]}]},{\"@type\":\"BreadcrumbList\",\"@id\":\"https:\/\/hospitalsvpgarzon.gov.co\/index.php\/quienes-somos\/buzon-p-q-r-s-d\/#breadcrumb\",\"itemListElement\":[{\"@type\":\"ListItem\",\"position\":1,\"name\":\"Portada\",\"item\":\"https:\/\/hospitalsvpgarzon.gov.co\/\"},{\"@type\":\"ListItem\",\"position\":2,\"name\":\"Qui\u00e9nes Somos\",\"item\":\"https:\/\/hospitalsvpgarzon.gov.co\/index.php\/quienes-somos\/\"},{\"@type\":\"ListItem\",\"position\":3,\"name\":\"Buz\u00f3n (P.Q.R.S.D)\"}]},{\"@type\":\"WebSite\",\"@id\":\"https:\/\/hospitalsvpgarzon.gov.co\/#website\",\"url\":\"https:\/\/hospitalsvpgarzon.gov.co\/\",\"name\":\"San Vicente de Paul\",\"description\":\"\",\"potentialAction\":[{\"@type\":\"SearchAction\",\"target\":{\"@type\":\"EntryPoint\",\"urlTemplate\":\"https:\/\/hospitalsvpgarzon.gov.co\/?s={search_term_string}\"},\"query-input\":{\"@type\":\"PropertyValueSpecification\",\"valueRequired\":true,\"valueName\":\"search_term_string\"}}],\"inLanguage\":\"es\"}]}<\/script>\n<!-- \/ Yoast SEO plugin. -->","yoast_head_json":{"title":"Buz\u00f3n (P.Q.R.S.D) - San Vicente de Paul","robots":{"index":"index","follow":"follow","max-snippet":"max-snippet:-1","max-image-preview":"max-image-preview:large","max-video-preview":"max-video-preview:-1"},"canonical":"https:\/\/hospitalsvpgarzon.gov.co\/index.php\/quienes-somos\/buzon-p-q-r-s-d\/","og_locale":"es_ES","og_type":"article","og_title":"Buz\u00f3n (P.Q.R.S.D) - San Vicente de Paul","og_url":"https:\/\/hospitalsvpgarzon.gov.co\/index.php\/quienes-somos\/buzon-p-q-r-s-d\/","og_site_name":"San Vicente de Paul","article_modified_time":"2026-01-06T20:58:11+00:00","twitter_card":"summary_large_image","twitter_misc":{"Tiempo de lectura":"2 minutos"},"schema":{"@context":"https:\/\/schema.org","@graph":[{"@type":"WebPage","@id":"https:\/\/hospitalsvpgarzon.gov.co\/index.php\/quienes-somos\/buzon-p-q-r-s-d\/","url":"https:\/\/hospitalsvpgarzon.gov.co\/index.php\/quienes-somos\/buzon-p-q-r-s-d\/","name":"Buz\u00f3n (P.Q.R.S.D) - San Vicente de Paul","isPartOf":{"@id":"https:\/\/hospitalsvpgarzon.gov.co\/#website"},"datePublished":"2024-11-24T20:13:21+00:00","dateModified":"2026-01-06T20:58:11+00:00","breadcrumb":{"@id":"https:\/\/hospitalsvpgarzon.gov.co\/index.php\/quienes-somos\/buzon-p-q-r-s-d\/#breadcrumb"},"inLanguage":"es","potentialAction":[{"@type":"ReadAction","target":["https:\/\/hospitalsvpgarzon.gov.co\/index.php\/quienes-somos\/buzon-p-q-r-s-d\/"]}]},{"@type":"BreadcrumbList","@id":"https:\/\/hospitalsvpgarzon.gov.co\/index.php\/quienes-somos\/buzon-p-q-r-s-d\/#breadcrumb","itemListElement":[{"@type":"ListItem","position":1,"name":"Portada","item":"https:\/\/hospitalsvpgarzon.gov.co\/"},{"@type":"ListItem","position":2,"name":"Qui\u00e9nes Somos","item":"https:\/\/hospitalsvpgarzon.gov.co\/index.php\/quienes-somos\/"},{"@type":"ListItem","position":3,"name":"Buz\u00f3n (P.Q.R.S.D)"}]},{"@type":"WebSite","@id":"https:\/\/hospitalsvpgarzon.gov.co\/#website","url":"https:\/\/hospitalsvpgarzon.gov.co\/","name":"San Vicente de Paul","description":"","potentialAction":[{"@type":"SearchAction","target":{"@type":"EntryPoint","urlTemplate":"https:\/\/hospitalsvpgarzon.gov.co\/?s={search_term_string}"},"query-input":{"@type":"PropertyValueSpecification","valueRequired":true,"valueName":"search_term_string"}}],"inLanguage":"es"}]}},"_links":{"self":[{"href":"https:\/\/hospitalsvpgarzon.gov.co\/index.php\/wp-json\/wp\/v2\/pages\/287","targetHints":{"allow":["GET"]}}],"collection":[{"href":"https:\/\/hospitalsvpgarzon.gov.co\/index.php\/wp-json\/wp\/v2\/pages"}],"about":[{"href":"https:\/\/hospitalsvpgarzon.gov.co\/index.php\/wp-json\/wp\/v2\/types\/page"}],"author":[{"embeddable":true,"href":"https:\/\/hospitalsvpgarzon.gov.co\/index.php\/wp-json\/wp\/v2\/users\/1"}],"replies":[{"embeddable":true,"href":"https:\/\/hospitalsvpgarzon.gov.co\/index.php\/wp-json\/wp\/v2\/comments?post=287"}],"version-history":[{"count":23,"href":"https:\/\/hospitalsvpgarzon.gov.co\/index.php\/wp-json\/wp\/v2\/pages\/287\/revisions"}],"predecessor-version":[{"id":4221,"href":"https:\/\/hospitalsvpgarzon.gov.co\/index.php\/wp-json\/wp\/v2\/pages\/287\/revisions\/4221"}],"up":[{"embeddable":true,"href":"https:\/\/hospitalsvpgarzon.gov.co\/index.php\/wp-json\/wp\/v2\/pages\/57"}],"wp:attachment":[{"href":"https:\/\/hospitalsvpgarzon.gov.co\/index.php\/wp-json\/wp\/v2\/media?parent=287"}],"curies":[{"name":"wp","href":"https:\/\/api.w.org\/{rel}","templated":true}]}}