{"id":28,"date":"2024-11-12T22:22:23","date_gmt":"2024-11-12T22:22:23","guid":{"rendered":"https:\/\/portal.hospitalsvpgarzon.gov.co\/?page_id=28"},"modified":"2026-01-05T10:12:32","modified_gmt":"2026-01-05T15:12:32","slug":"atencion-y-servicios-a-la-ciudadania","status":"publish","type":"page","link":"https:\/\/hospitalsvpgarzon.gov.co\/index.php\/atencion-y-servicios-a-la-ciudadania\/","title":{"rendered":"Atenci\u00f3n y Servicios a la Ciudadan\u00eda"},"content":{"rendered":"<div class=\"fusion-fullwidth fullwidth-box fusion-builder-row-1 fusion-flex-container has-pattern-background has-mask-background nonhundred-percent-fullwidth non-hundred-percent-height-scrolling\" style=\"--awb-border-radius-top-left:0px;--awb-border-radius-top-right:0px;--awb-border-radius-bottom-right:0px;--awb-border-radius-bottom-left:0px;--awb-flex-wrap:wrap;\" ><div class=\"fusion-builder-row fusion-row fusion-flex-align-items-flex-start fusion-flex-content-wrap\" style=\"max-width:89.44%;margin-left: calc(-4% \/ 2 );margin-right: calc(-4% \/ 2 );\"><div class=\"fusion-layout-column fusion_builder_column fusion-builder-column-0 fusion_builder_column_3_4 3_4 fusion-flex-column\" style=\"--awb-padding-top:20px;--awb-padding-right:20px;--awb-padding-bottom:20px;--awb-padding-left:20px;--awb-overflow:hidden;--awb-bg-color:#e2e2e2;--awb-bg-color-hover:#e2e2e2;--awb-bg-size:cover;--awb-border-radius:15px 15px 15px 15px;--awb-width-large:75%;--awb-margin-top-large:0px;--awb-spacing-right-large:2.56%;--awb-margin-bottom-large:20px;--awb-spacing-left-large:2.56%;--awb-width-medium:75%;--awb-order-medium:0;--awb-spacing-right-medium:2.56%;--awb-spacing-left-medium:2.56%;--awb-width-small:100%;--awb-order-small:0;--awb-spacing-right-small:1.92%;--awb-spacing-left-small:1.92%;\"><div class=\"fusion-column-wrapper fusion-column-has-shadow fusion-flex-justify-content-flex-start fusion-content-layout-column\"><div class=\"fusion-title title fusion-title-1 fusion-sep-none fusion-title-text fusion-title-size-three\"><h3 class=\"fusion-title-heading title-heading-left\" style=\"margin:0;text-transform:none;\">Canales de escucha<\/h3><\/div><ul style=\"--awb-size:24px;--awb-line-height:40.8px;--awb-icon-width:40.8px;--awb-icon-height:40.8px;--awb-icon-margin:16.8px;--awb-content-margin:57.6px;--awb-circlecolor:var(--awb-custom11);--awb-circle-yes-font-size:21.12px;\" class=\"fusion-checklist fusion-checklist-1 fusion-checklist-default type-icons\"><li class=\"fusion-li-item\" style=\"\"><span class=\"icon-wrapper circle-yes\"><i class=\"fusion-li-icon fa-whatsapp fab\" aria-hidden=\"true\"><\/i><\/span><div class=\"fusion-li-item-content\">\n<h3>WhatsApp Atenci\u00f3n Cirug\u00eda<\/h3>\n<h5><a href=\"https:\/\/api.whatsapp.com\/send\/?phone=3187644287&amp;text=Necesito+pedir+una+cita&amp;type=phone_number&amp;app_absent=0\">+57 3187644287<\/a><\/h5>\n<\/div><\/li><li class=\"fusion-li-item\" style=\"\"><span class=\"icon-wrapper circle-yes\"><i class=\"fusion-li-icon fa-whatsapp fab\" aria-hidden=\"true\"><\/i><\/span><div class=\"fusion-li-item-content\">\n<h3>Im\u00e1genes Diagn\u00f3sticas WhatsApp<\/h3>\n<h5><a href=\"https:\/\/api.whatsapp.com\/send\/?phone=3166307019&amp;text=Necesito+pedir+una+cita&amp;type=phone_number&amp;app_absent=0\">+57 3166307019<\/a><\/h5>\n<\/div><\/li><li class=\"fusion-li-item\" style=\"\"><span class=\"icon-wrapper circle-yes\"><i class=\"fusion-li-icon fa-whatsapp fab\" aria-hidden=\"true\"><\/i><\/span><div class=\"fusion-li-item-content\">\n<h3>Apoyo Terap\u00e9utico WhatsApp<\/h3>\n<h5><a href=\"https:\/\/api.whatsapp.com\/send\/?phone=3166307019&amp;text=Necesito+pedir+una+cita&amp;type=phone_number&amp;app_absent=0\">+57 3182822648 <\/a><\/h5>\n<\/div><\/li><li class=\"fusion-li-item\" style=\"\"><span class=\"icon-wrapper circle-yes\"><i class=\"fusion-li-icon fa-whatsapp fab\" aria-hidden=\"true\"><\/i><\/span><div class=\"fusion-li-item-content\">\n<h3>Canal de atenci\u00f3n Cirug\u00eda:<\/h3>\n<h5><a href=\"https:\/\/api.whatsapp.com\/send\/?phone=3166307019&amp;text=Necesito+pedir+una+cita&amp;type=phone_number&amp;app_absent=0\">+57 3187644287<\/a><\/h5>\n<\/div><\/li><\/ul><div class=\"fusion-title title fusion-title-2 fusion-sep-none fusion-title-text fusion-title-size-one\"><h1 class=\"fusion-title-heading title-heading-left\" style=\"margin:0;text-transform:none;\"><h3 class=\"fusion-title-heading title-heading-left\">Sedes<\/h3><\/h1><\/div><ul style=\"--awb-size:24px;--awb-item-padding-bottom:45px;--awb-line-height:40.8px;--awb-icon-width:40.8px;--awb-icon-height:40.8px;--awb-icon-margin:16.8px;--awb-content-margin:57.6px;--awb-circlecolor:var(--awb-custom11);--awb-circle-yes-font-size:21.12px;\" class=\"fusion-checklist fusion-checklist-2 fusion-checklist-default type-icons\"><li class=\"fusion-li-item\" style=\"\"><span class=\"icon-wrapper circle-yes\"><i class=\"fusion-li-icon fa-map-marker-alt fas\" aria-hidden=\"true\"><\/i><\/span><div class=\"fusion-li-item-content\">\n<p>Sede Principal<\/p>\n<p>Ubicada en la Calle 7 # 14-69<\/p>\n<\/div><\/li><li class=\"fusion-li-item\" style=\"\"><span class=\"icon-wrapper circle-yes\"><i class=\"fusion-li-icon fa-map-marker-alt fas\" aria-hidden=\"true\"><\/i><\/span><div class=\"fusion-li-item-content\">\n<p>Sede Ambulatoria, Consulta externa y apoyo terap\u00e9utico<br \/>\nUbicada en la Calle 2D # 4 -22, Barrio San Cayetano.<\/p>\n<\/div><\/li><\/ul><div class=\"fusion-image-carousel fusion-image-carousel-auto fusion-image-carousel-1 lightbox-enabled fusion-carousel-border\"><div class=\"awb-carousel awb-swiper awb-swiper-carousel\" data-autoplay=\"no\" data-columns=\"2\" data-itemmargin=\"13\" data-itemwidth=\"180\" data-touchscroll=\"no\" data-imagesize=\"auto\" style=\"--awb-columns:2;\"><div class=\"swiper-wrapper awb-image-carousel-wrapper fusion-flex-align-items-center\"><div class=\"swiper-slide\"><div class=\"fusion-carousel-item-wrapper\"><div class=\"fusion-image-wrapper hover-type-none\"><a data-rel=\"iLightbox[image_carousel_1]\" data-title=\"Garzon Sede Principal\" aria-label=\"Garzon Sede Principal\" href=\"https:\/\/hospitalsvpgarzon.gov.co\/wp-content\/uploads\/2024\/12\/Garzon-Sede-Principal-1.jpg\" target=\"_self\"><img decoding=\"async\" width=\"1263\" height=\"839\" src=\"https:\/\/hospitalsvpgarzon.gov.co\/wp-content\/uploads\/2024\/12\/Garzon-Sede-Principal-1.jpg\" class=\"attachment-full size-full lazyload\" alt=\"\" srcset=\"data:image\/svg+xml,%3Csvg%20xmlns%3D%27http%3A%2F%2Fwww.w3.org%2F2000%2Fsvg%27%20width%3D%271263%27%20height%3D%27839%27%20viewBox%3D%270%200%201263%20839%27%3E%3Crect%20width%3D%271263%27%20height%3D%27839%27%20fill-opacity%3D%220%22%2F%3E%3C%2Fsvg%3E\" data-orig-src=\"https:\/\/hospitalsvpgarzon.gov.co\/wp-content\/uploads\/2024\/12\/Garzon-Sede-Principal-1.jpg\" data-srcset=\"https:\/\/hospitalsvpgarzon.gov.co\/wp-content\/uploads\/2024\/12\/Garzon-Sede-Principal-1-200x133.jpg 200w, https:\/\/hospitalsvpgarzon.gov.co\/wp-content\/uploads\/2024\/12\/Garzon-Sede-Principal-1-400x266.jpg 400w, https:\/\/hospitalsvpgarzon.gov.co\/wp-content\/uploads\/2024\/12\/Garzon-Sede-Principal-1-600x399.jpg 600w, https:\/\/hospitalsvpgarzon.gov.co\/wp-content\/uploads\/2024\/12\/Garzon-Sede-Principal-1-800x531.jpg 800w, https:\/\/hospitalsvpgarzon.gov.co\/wp-content\/uploads\/2024\/12\/Garzon-Sede-Principal-1-1200x797.jpg 1200w, https:\/\/hospitalsvpgarzon.gov.co\/wp-content\/uploads\/2024\/12\/Garzon-Sede-Principal-1.jpg 1263w\" data-sizes=\"auto\" \/><\/a><\/div><\/div><\/div><div class=\"swiper-slide\"><div class=\"fusion-carousel-item-wrapper\"><div class=\"fusion-image-wrapper hover-type-none\"><a data-rel=\"iLightbox[image_carousel_1]\" data-title=\"Garzon Sede Ambulatoria\" aria-label=\"Garzon Sede Ambulatoria\" href=\"https:\/\/hospitalsvpgarzon.gov.co\/wp-content\/uploads\/2024\/12\/Garzon-Sede-Ambulatoria.jpg\" target=\"_self\"><img decoding=\"async\" width=\"1263\" height=\"839\" src=\"https:\/\/hospitalsvpgarzon.gov.co\/wp-content\/uploads\/2024\/12\/Garzon-Sede-Ambulatoria.jpg\" class=\"attachment-full size-full lazyload\" alt=\"\" srcset=\"data:image\/svg+xml,%3Csvg%20xmlns%3D%27http%3A%2F%2Fwww.w3.org%2F2000%2Fsvg%27%20width%3D%271263%27%20height%3D%27839%27%20viewBox%3D%270%200%201263%20839%27%3E%3Crect%20width%3D%271263%27%20height%3D%27839%27%20fill-opacity%3D%220%22%2F%3E%3C%2Fsvg%3E\" data-orig-src=\"https:\/\/hospitalsvpgarzon.gov.co\/wp-content\/uploads\/2024\/12\/Garzon-Sede-Ambulatoria.jpg\" data-srcset=\"https:\/\/hospitalsvpgarzon.gov.co\/wp-content\/uploads\/2024\/12\/Garzon-Sede-Ambulatoria-200x133.jpg 200w, https:\/\/hospitalsvpgarzon.gov.co\/wp-content\/uploads\/2024\/12\/Garzon-Sede-Ambulatoria-400x266.jpg 400w, https:\/\/hospitalsvpgarzon.gov.co\/wp-content\/uploads\/2024\/12\/Garzon-Sede-Ambulatoria-600x399.jpg 600w, https:\/\/hospitalsvpgarzon.gov.co\/wp-content\/uploads\/2024\/12\/Garzon-Sede-Ambulatoria-800x531.jpg 800w, https:\/\/hospitalsvpgarzon.gov.co\/wp-content\/uploads\/2024\/12\/Garzon-Sede-Ambulatoria-1200x797.jpg 1200w, https:\/\/hospitalsvpgarzon.gov.co\/wp-content\/uploads\/2024\/12\/Garzon-Sede-Ambulatoria.jpg 1263w\" data-sizes=\"auto\" \/><\/a><\/div><\/div><\/div><\/div><div class=\"awb-swiper-button awb-swiper-button-prev\"><i class=\"awb-icon-angle-left\" aria-hidden=\"true\"><\/i><\/div><div class=\"awb-swiper-button awb-swiper-button-next\"><i class=\"awb-icon-angle-right\" aria-hidden=\"true\"><\/i><\/div><\/div><\/div><ul style=\"--awb-size:24px;--awb-line-height:40.8px;--awb-icon-width:40.8px;--awb-icon-height:40.8px;--awb-icon-margin:16.8px;--awb-content-margin:57.6px;--awb-circlecolor:#65bc7b;--awb-circle-yes-font-size:21.12px;\" class=\"fusion-checklist fusion-checklist-3 fusion-checklist-default type-icons\"><li class=\"fusion-li-item\" style=\"\"><span class=\"icon-wrapper circle-yes\"><i class=\"fusion-li-icon fa-whatsapp fab\" aria-hidden=\"true\"><\/i><\/span><div class=\"fusion-li-item-content\">\n<h3>Central de Citas:<\/h3>\n<h5><a href=\"https:\/\/api.whatsapp.com\/send\/?phone=3187070190&amp;text=Necesito+pedir+una+cita&amp;type=phone_number&amp;app_absent=0\">+57 3187070190<\/a><\/h5>\n<h5><a href=\"https:\/\/api.whatsapp.com\/send\/?phone=3174231876&amp;text=Necesito+pedir+una+cita&amp;type=phone_number&amp;app_absent=0\">+57 3174231876<\/a><\/h5>\n<h5><a href=\"https:\/\/api.whatsapp.com\/send\/?phone=3154883460&amp;text=Necesito+pedir+una+cita&amp;type=phone_number&amp;app_absent=0\">+57 3154883460<\/a><\/h5>\n<\/div><\/li><\/ul><div class=\"fusion-title title fusion-title-3 fusion-sep-none fusion-title-text fusion-title-size-one\"><h1 class=\"fusion-title-heading title-heading-left\" style=\"margin:0;text-transform:none;\"><h3 class=\"fusion-title-heading title-heading-left\">Correos Electr\u00f3nicos de Atenci\u00f3n<\/h3><\/h1><\/div><ul style=\"--awb-size:24px;--awb-item-padding-bottom:45px;--awb-line-height:40.8px;--awb-icon-width:40.8px;--awb-icon-height:40.8px;--awb-icon-margin:16.8px;--awb-content-margin:57.6px;--awb-circlecolor:var(--awb-custom11);--awb-circle-yes-font-size:21.12px;\" class=\"fusion-checklist fusion-checklist-4 fusion-checklist-default type-icons\"><li class=\"fusion-li-item\" style=\"\"><span class=\"icon-wrapper circle-yes\"><i class=\"fusion-li-icon fa-at fas\" aria-hidden=\"true\"><\/i><\/span><div class=\"fusion-li-item-content\">\n<p>gerencia@hospitalsvpgarzon.gov.co<\/p>\n<\/div><\/li><li class=\"fusion-li-item\" style=\"\"><span class=\"icon-wrapper circle-yes\"><i class=\"fusion-li-icon fa-at fas\" aria-hidden=\"true\"><\/i><\/span><div class=\"fusion-li-item-content\">\n<p>mercadeo@hospitalsvpgarzon.gov.co<\/p>\n<\/div><\/li><li class=\"fusion-li-item\" style=\"\"><span class=\"icon-wrapper circle-yes\"><i class=\"fusion-li-icon fa-at fas\" aria-hidden=\"true\"><\/i><\/span><div class=\"fusion-li-item-content\">\n<p>mercadeo@hospitalsvpgarzon.gov.co<\/p>\n<\/div><\/li><\/ul><\/div><\/div><div class=\"fusion-layout-column fusion_builder_column fusion-builder-column-1 fusion_builder_column_1_4 1_4 fusion-flex-column\" style=\"--awb-bg-size:cover;--awb-width-large:25%;--awb-margin-top-large:0px;--awb-spacing-right-large:7.68%;--awb-margin-bottom-large:20px;--awb-spacing-left-large:7.68%;--awb-width-medium:25%;--awb-order-medium:0;--awb-spacing-right-medium:7.68%;--awb-spacing-left-medium:7.68%;--awb-width-small:100%;--awb-order-small:0;--awb-spacing-right-small:1.92%;--awb-spacing-left-small:1.92%;\"><div class=\"fusion-column-wrapper fusion-column-has-shadow fusion-flex-justify-content-flex-start fusion-content-layout-column\"><div style=\"text-align:center;\"><a class=\"fusion-button button-flat fusion-button-default-size button-custom fusion-button-default button-1 fusion-button-default-span fusion-button-default-type\" style=\"--button_accent_color:#ffffff;--button_accent_hover_color:var(--awb-custom12);--button_border_hover_color:#194ed3;--button_gradient_top_color:var(--awb-color6);--button_gradient_bottom_color:var(--awb-color6);--button_gradient_top_color_hover:var(--awb-color8);--button_gradient_bottom_color_hover:var(--awb-color8);--button_margin-bottom:10px;\" target=\"_blank\" rel=\"noopener noreferrer\"><span class=\"fusion-button-text\">Oficina de Atenci\u00f3n al ciudadano<\/span><\/a><\/div><div style=\"text-align:center;\"><a class=\"fusion-button button-flat fusion-button-default-size button-default fusion-button-default button-2 fusion-button-default-span fusion-button-default-type\" style=\"--button_margin-bottom:10px;\" target=\"_blank\" rel=\"noopener noreferrer\" href=\"https:\/\/hospitalsvpgarzon.gov.co\/index.php\/en-linea\/siau_sistema-informacion-atencion-al-usuario\/derechos-y-deberes-de-los-pacientes\/\"><span class=\"fusion-button-text\">Derechos y Deberes de nuestros usuarios<\/span><\/a><\/div><div style=\"text-align:center;\"><a class=\"fusion-button button-flat fusion-button-default-size button-default fusion-button-default button-3 fusion-button-default-span fusion-button-default-type\" style=\"--button_margin-bottom:10px;\" target=\"_blank\" rel=\"noopener noreferrer\" href=\"https:\/\/hospitalsvpgarzon.gov.co\/index.php\/manuales\/\"><span class=\"fusion-button-text\">Manual de Atenci\u00f3n al Ciudadano<\/span><\/a><\/div><div style=\"text-align:center;\"><a class=\"fusion-button button-flat fusion-button-default-size button-default fusion-button-default button-4 fusion-button-default-span fusion-button-default-type\" style=\"--button_margin-bottom:10px;\" target=\"_blank\" rel=\"noopener noreferrer\" href=\"http:\/\/www.resultadoslab.com.co\/resultadoslab\/vistas\/login.php?id=U0FOVklDRU5URQ==\"><span class=\"fusion-button-text\">Mi Laboratorio !Descargar!<\/span><\/a><\/div><div style=\"text-align:center;\"><a class=\"fusion-button button-flat fusion-button-default-size button-default fusion-button-default button-5 fusion-button-default-span fusion-button-default-type\" style=\"--button_margin-bottom:10px;\" target=\"_blank\" rel=\"noopener noreferrer\" href=\"https:\/\/hospitalsvpgarzon.gov.co\/index.php\/quienes-somos\/modelo-de-operacion\/\"><span class=\"fusion-button-text\">Carta de Trato Digno<\/span><\/a><\/div><div style=\"text-align:center;\"><a class=\"fusion-button button-flat fusion-button-default-size button-default fusion-button-default button-6 fusion-button-default-span fusion-button-default-type\" style=\"--button_margin-bottom:10px;\" target=\"_blank\" rel=\"noopener noreferrer\" href=\"https:\/\/hospitalsvpgarzon.gov.co\/wp-content\/uploads\/2025\/09\/B2PT2157-004-PROTOCOLO-DE-ATENCION-INTEGRAL-DE-VICTIMAS-DE-VIOLENCIA-INTRAFAMILIAR-SEXUAL-Y-DE-GENERO-V_05.pdf\"><span class=\"fusion-button-text\">Ruta de atenci\u00f3n a v\u00edctimas de violencias de g\u00e9nero y sexuales.<\/span><\/a><\/div><div style=\"text-align:center;\"><a class=\"fusion-button button-flat fusion-button-default-size button-default fusion-button-default button-7 fusion-button-default-span fusion-button-default-type\" style=\"--button_margin-bottom:10px;\" target=\"_blank\" rel=\"noopener noreferrer\" href=\"https:\/\/hospitalsvpgarzon.gov.co\/index.php\/formulario-de-inscripcion-ciudadana-a-procesos-de-participacion\/\"><span class=\"fusion-button-text\">Participaci\u00f3n Y Atenci\u00f3n Al Ciudadano<\/span><\/a><\/div><div style=\"text-align:center;\"><a class=\"fusion-button button-flat fusion-button-default-size button-default fusion-button-default button-8 fusion-button-default-span fusion-button-default-type\" style=\"--button_margin-bottom:10px;\" target=\"_blank\" rel=\"noopener noreferrer\" href=\"https:\/\/hospitalsvpgarzon.gov.co\/index.php\/en-linea\/siau_sistema-informacion-atencion-al-usuario\/participacion-social-en-la-e-s-e\/\"><span class=\"fusion-button-text\">Participaci\u00f3n Social en Salud<\/span><\/a><\/div><div style=\"text-align:center;\"><a class=\"fusion-button button-flat fusion-button-default-size button-default fusion-button-default button-9 fusion-button-default-span fusion-button-default-type\" style=\"--button_margin-bottom:10px;\" target=\"_blank\" rel=\"noopener noreferrer\" href=\"https:\/\/hospitalsvpgarzon.gov.co\/index.php\/en-linea\/servicios-de-informacion\/informacion-para-grupos-especificos\/\"><span class=\"fusion-button-text\">Caracterizaci\u00f3n Grupos de Valor<\/span><\/a><\/div><div style=\"text-align:center;\"><a class=\"fusion-button button-flat fusion-button-default-size button-default fusion-button-default button-10 fusion-button-default-span fusion-button-default-type\" style=\"--button_margin-bottom:10px;\" target=\"_blank\" rel=\"noopener noreferrer\" href=\"https:\/\/hospitalsvpgarzon.gov.co\/index.php\/participa\/metodologia-de-participacion-ciudadana\/\"><span class=\"fusion-button-text\">Cronograma de Participaci\u00f3n Ciudadana<\/span><\/a><\/div><div style=\"text-align:center;\"><a class=\"fusion-button button-flat fusion-button-default-size button-default fusion-button-default button-11 fusion-button-default-span fusion-button-default-type\" style=\"--button_margin-bottom:10px;\" target=\"_blank\" rel=\"noopener noreferrer\" href=\"https:\/\/hospitalsvpgarzon.gov.co\/index.php\/atencion-y-servicios-a-la-ciudadania\/nuestros-servicios\/transporte-asistencial\/\"><span class=\"fusion-button-text\">Conozca c\u00f3mo acceder a los Servicios Ambulatorios, asignaci\u00f3n de citas v\u00eda telef\u00f3nica y presencial<\/span><\/a><\/div><div style=\"text-align:center;\"><a class=\"fusion-button button-flat fusion-button-default-size button-default fusion-button-default button-12 fusion-button-default-span fusion-button-default-type\" style=\"--button_margin-bottom:10px;\" target=\"_blank\" rel=\"noopener noreferrer\" href=\"https:\/\/hospitalsvpgarzon.gov.co\/index.php\/encuesta-de-percepcion-y-consulta-de-la-informacion-publicada-en-la-pagina-web\/\"><span class=\"fusion-button-text\">Encuesta de percepci\u00f3n de la ciudadan\u00eda, frente al acceso y consulta de la informaci\u00f3n publicada en la p\u00e1gina web<\/span><\/a><\/div><div style=\"text-align:center;\"><a class=\"fusion-button button-flat fusion-button-default-size button-default fusion-button-default button-13 fusion-button-default-span fusion-button-default-type\" style=\"--button_margin-bottom:10px;\" target=\"_blank\" rel=\"noopener noreferrer\" href=\"https:\/\/hospitalsvpgarzon.gov.co\/index.php\/atencion-y-servicios-a-la-ciudadania\/tramites\/\"><span class=\"fusion-button-text\">Tramites<\/span><\/a><\/div><div style=\"text-align:center;\"><a class=\"fusion-button button-flat fusion-button-default-size button-default fusion-button-default button-14 fusion-button-default-span fusion-button-default-type\" style=\"--button_margin-bottom:10px;\" target=\"_blank\" rel=\"noopener noreferrer\" href=\"https:\/\/hospitalsvpgarzon.gov.co\/index.php\/registro-de-observaciones-de-las-veedurias\/\"><span class=\"fusion-button-text\">Grupos Asociativos\/Veedur\u00edas<\/span><\/a><\/div><\/div><\/div><\/div><\/div>\n","protected":false},"excerpt":{"rendered":"","protected":false},"author":1,"featured_media":0,"parent":0,"menu_order":0,"comment_status":"closed","ping_status":"closed","template":"","meta":{"footnotes":""},"class_list":["post-28","page","type-page","status-publish","hentry"],"yoast_head":"<!-- This site is optimized with the Yoast SEO plugin v26.6 - https:\/\/yoast.com\/wordpress\/plugins\/seo\/ -->\n<title>Atenci\u00f3n y Servicios a la Ciudadan\u00eda - San Vicente de Paul<\/title>\n<meta name=\"robots\" content=\"index, follow, max-snippet:-1, max-image-preview:large, max-video-preview:-1\" \/>\n<link rel=\"canonical\" href=\"https:\/\/hospitalsvpgarzon.gov.co\/index.php\/atencion-y-servicios-a-la-ciudadania\/\" \/>\n<meta property=\"og:locale\" content=\"es_ES\" \/>\n<meta property=\"og:type\" content=\"article\" \/>\n<meta property=\"og:title\" content=\"Atenci\u00f3n y Servicios a la Ciudadan\u00eda - San Vicente de Paul\" \/>\n<meta property=\"og:url\" content=\"https:\/\/hospitalsvpgarzon.gov.co\/index.php\/atencion-y-servicios-a-la-ciudadania\/\" \/>\n<meta property=\"og:site_name\" content=\"San Vicente de Paul\" \/>\n<meta property=\"article:modified_time\" content=\"2026-01-05T15:12:32+00:00\" \/>\n<meta name=\"twitter:card\" content=\"summary_large_image\" \/>\n<meta name=\"twitter:label1\" content=\"Tiempo de lectura\" \/>\n\t<meta name=\"twitter:data1\" content=\"1 minuto\" \/>\n<script type=\"application\/ld+json\" class=\"yoast-schema-graph\">{\"@context\":\"https:\/\/schema.org\",\"@graph\":[{\"@type\":\"WebPage\",\"@id\":\"https:\/\/hospitalsvpgarzon.gov.co\/index.php\/atencion-y-servicios-a-la-ciudadania\/\",\"url\":\"https:\/\/hospitalsvpgarzon.gov.co\/index.php\/atencion-y-servicios-a-la-ciudadania\/\",\"name\":\"Atenci\u00f3n y Servicios a la Ciudadan\u00eda - San Vicente de Paul\",\"isPartOf\":{\"@id\":\"https:\/\/hospitalsvpgarzon.gov.co\/#website\"},\"datePublished\":\"2024-11-12T22:22:23+00:00\",\"dateModified\":\"2026-01-05T15:12:32+00:00\",\"breadcrumb\":{\"@id\":\"https:\/\/hospitalsvpgarzon.gov.co\/index.php\/atencion-y-servicios-a-la-ciudadania\/#breadcrumb\"},\"inLanguage\":\"es\",\"potentialAction\":[{\"@type\":\"ReadAction\",\"target\":[\"https:\/\/hospitalsvpgarzon.gov.co\/index.php\/atencion-y-servicios-a-la-ciudadania\/\"]}]},{\"@type\":\"BreadcrumbList\",\"@id\":\"https:\/\/hospitalsvpgarzon.gov.co\/index.php\/atencion-y-servicios-a-la-ciudadania\/#breadcrumb\",\"itemListElement\":[{\"@type\":\"ListItem\",\"position\":1,\"name\":\"Portada\",\"item\":\"https:\/\/hospitalsvpgarzon.gov.co\/\"},{\"@type\":\"ListItem\",\"position\":2,\"name\":\"Atenci\u00f3n y Servicios a la Ciudadan\u00eda\"}]},{\"@type\":\"WebSite\",\"@id\":\"https:\/\/hospitalsvpgarzon.gov.co\/#website\",\"url\":\"https:\/\/hospitalsvpgarzon.gov.co\/\",\"name\":\"San Vicente de Paul\",\"description\":\"\",\"potentialAction\":[{\"@type\":\"SearchAction\",\"target\":{\"@type\":\"EntryPoint\",\"urlTemplate\":\"https:\/\/hospitalsvpgarzon.gov.co\/?s={search_term_string}\"},\"query-input\":{\"@type\":\"PropertyValueSpecification\",\"valueRequired\":true,\"valueName\":\"search_term_string\"}}],\"inLanguage\":\"es\"}]}<\/script>\n<!-- \/ Yoast SEO plugin. -->","yoast_head_json":{"title":"Atenci\u00f3n y Servicios a la Ciudadan\u00eda - San Vicente de Paul","robots":{"index":"index","follow":"follow","max-snippet":"max-snippet:-1","max-image-preview":"max-image-preview:large","max-video-preview":"max-video-preview:-1"},"canonical":"https:\/\/hospitalsvpgarzon.gov.co\/index.php\/atencion-y-servicios-a-la-ciudadania\/","og_locale":"es_ES","og_type":"article","og_title":"Atenci\u00f3n y Servicios a la Ciudadan\u00eda - San Vicente de Paul","og_url":"https:\/\/hospitalsvpgarzon.gov.co\/index.php\/atencion-y-servicios-a-la-ciudadania\/","og_site_name":"San Vicente de Paul","article_modified_time":"2026-01-05T15:12:32+00:00","twitter_card":"summary_large_image","twitter_misc":{"Tiempo de lectura":"1 minuto"},"schema":{"@context":"https:\/\/schema.org","@graph":[{"@type":"WebPage","@id":"https:\/\/hospitalsvpgarzon.gov.co\/index.php\/atencion-y-servicios-a-la-ciudadania\/","url":"https:\/\/hospitalsvpgarzon.gov.co\/index.php\/atencion-y-servicios-a-la-ciudadania\/","name":"Atenci\u00f3n y Servicios a la Ciudadan\u00eda - San Vicente de Paul","isPartOf":{"@id":"https:\/\/hospitalsvpgarzon.gov.co\/#website"},"datePublished":"2024-11-12T22:22:23+00:00","dateModified":"2026-01-05T15:12:32+00:00","breadcrumb":{"@id":"https:\/\/hospitalsvpgarzon.gov.co\/index.php\/atencion-y-servicios-a-la-ciudadania\/#breadcrumb"},"inLanguage":"es","potentialAction":[{"@type":"ReadAction","target":["https:\/\/hospitalsvpgarzon.gov.co\/index.php\/atencion-y-servicios-a-la-ciudadania\/"]}]},{"@type":"BreadcrumbList","@id":"https:\/\/hospitalsvpgarzon.gov.co\/index.php\/atencion-y-servicios-a-la-ciudadania\/#breadcrumb","itemListElement":[{"@type":"ListItem","position":1,"name":"Portada","item":"https:\/\/hospitalsvpgarzon.gov.co\/"},{"@type":"ListItem","position":2,"name":"Atenci\u00f3n y Servicios a la Ciudadan\u00eda"}]},{"@type":"WebSite","@id":"https:\/\/hospitalsvpgarzon.gov.co\/#website","url":"https:\/\/hospitalsvpgarzon.gov.co\/","name":"San Vicente de Paul","description":"","potentialAction":[{"@type":"SearchAction","target":{"@type":"EntryPoint","urlTemplate":"https:\/\/hospitalsvpgarzon.gov.co\/?s={search_term_string}"},"query-input":{"@type":"PropertyValueSpecification","valueRequired":true,"valueName":"search_term_string"}}],"inLanguage":"es"}]}},"_links":{"self":[{"href":"https:\/\/hospitalsvpgarzon.gov.co\/index.php\/wp-json\/wp\/v2\/pages\/28","targetHints":{"allow":["GET"]}}],"collection":[{"href":"https:\/\/hospitalsvpgarzon.gov.co\/index.php\/wp-json\/wp\/v2\/pages"}],"about":[{"href":"https:\/\/hospitalsvpgarzon.gov.co\/index.php\/wp-json\/wp\/v2\/types\/page"}],"author":[{"embeddable":true,"href":"https:\/\/hospitalsvpgarzon.gov.co\/index.php\/wp-json\/wp\/v2\/users\/1"}],"replies":[{"embeddable":true,"href":"https:\/\/hospitalsvpgarzon.gov.co\/index.php\/wp-json\/wp\/v2\/comments?post=28"}],"version-history":[{"count":6,"href":"https:\/\/hospitalsvpgarzon.gov.co\/index.php\/wp-json\/wp\/v2\/pages\/28\/revisions"}],"predecessor-version":[{"id":4144,"href":"https:\/\/hospitalsvpgarzon.gov.co\/index.php\/wp-json\/wp\/v2\/pages\/28\/revisions\/4144"}],"wp:attachment":[{"href":"https:\/\/hospitalsvpgarzon.gov.co\/index.php\/wp-json\/wp\/v2\/media?parent=28"}],"curies":[{"name":"wp","href":"https:\/\/api.w.org\/{rel}","templated":true}]}}