{"id":2068,"date":"2024-12-18T02:57:14","date_gmt":"2024-12-18T02:57:14","guid":{"rendered":"https:\/\/portal.hospitalsvpgarzon.gov.co\/?page_id=2068"},"modified":"2024-12-18T02:57:21","modified_gmt":"2024-12-18T02:57:21","slug":"formulario-de-inscripcion-ciudadana-a-procesos-de-participacion","status":"publish","type":"page","link":"https:\/\/hospitalsvpgarzon.gov.co\/index.php\/formulario-de-inscripcion-ciudadana-a-procesos-de-participacion\/","title":{"rendered":"Formulario de Inscripci\u00f3n Ciudadana a Procesos de Participaci\u00f3n"},"content":{"rendered":"<div class=\"fusion-fullwidth fullwidth-box fusion-builder-row-1 fusion-flex-container has-pattern-background has-mask-background nonhundred-percent-fullwidth non-hundred-percent-height-scrolling\" style=\"--awb-border-radius-top-left:0px;--awb-border-radius-top-right:0px;--awb-border-radius-bottom-right:0px;--awb-border-radius-bottom-left:0px;--awb-flex-wrap:wrap;\" ><div class=\"fusion-builder-row fusion-row fusion-flex-align-items-flex-start fusion-flex-content-wrap\" style=\"max-width:89.44%;margin-left: calc(-4% \/ 2 );margin-right: calc(-4% \/ 2 );\"><div class=\"fusion-layout-column fusion_builder_column fusion-builder-column-0 fusion_builder_column_1_1 1_1 fusion-flex-column\" style=\"--awb-bg-size:cover;--awb-width-large:100%;--awb-margin-top-large:0px;--awb-spacing-right-large:1.92%;--awb-margin-bottom-large:20px;--awb-spacing-left-large:1.92%;--awb-width-medium:100%;--awb-order-medium:0;--awb-spacing-right-medium:1.92%;--awb-spacing-left-medium:1.92%;--awb-width-small:100%;--awb-order-small:0;--awb-spacing-right-small:1.92%;--awb-spacing-left-small:1.92%;\"><div class=\"fusion-column-wrapper fusion-column-has-shadow fusion-flex-justify-content-flex-start fusion-content-layout-column\"><div class=\"fusion-form fusion-form-builder fusion-form-form-wrapper fusion-form-2067\" style=\"--awb-tooltip-text-color:#ffffff;--awb-tooltip-background-color:#333333;\" data-form-id=\"2067\" data-config=\"{&quot;form_id&quot;:&quot;2067&quot;,&quot;form_post_id&quot;:&quot;2067&quot;,&quot;post_id&quot;:2068,&quot;form_type&quot;:&quot;ajax&quot;,&quot;confirmation_type&quot;:&quot;message&quot;,&quot;redirect_url&quot;:&quot;&quot;,&quot;field_labels&quot;:{&quot;grupo_de_valor&quot;:&quot;Por favor indique a qu\\u00e9 grupo de valor pertenece:&quot;,&quot;otros&quot;:&quot;&quot;,&quot;tema_interesado&quot;:&quot;\\u00bfEn qu\\u00e9 tema est\\u00e1 interesado en participar?&quot;,&quot;otros_tema&quot;:&quot;&quot;},&quot;field_logics&quot;:{&quot;grupo_de_valor&quot;:&quot;[{\\&quot;operator\\&quot;:\\&quot;and\\&quot;,\\&quot;comparison\\&quot;:\\&quot;equal\\&quot;,\\&quot;field\\&quot;:null,\\&quot;value\\&quot;:\\&quot;\\&quot;}]&quot;,&quot;otros&quot;:&quot;[{\\&quot;operator\\&quot;:\\&quot;and\\&quot;,\\&quot;comparison\\&quot;:\\&quot;equal\\&quot;,\\&quot;field\\&quot;:\\&quot;grupo_de_valor\\&quot;,\\&quot;value\\&quot;:\\&quot;Otros\\&quot;}]&quot;,&quot;tema_interesado&quot;:&quot;&quot;,&quot;otros_tema&quot;:&quot;[{\\&quot;operator\\&quot;:\\&quot;and\\&quot;,\\&quot;comparison\\&quot;:\\&quot;equal\\&quot;,\\&quot;field\\&quot;:\\&quot;tema_interesado[]\\&quot;,\\&quot;value\\&quot;:\\&quot;Otros\\&quot;}]&quot;},&quot;field_types&quot;:{&quot;grupo_de_valor&quot;:&quot;radio&quot;,&quot;otros&quot;:&quot;text&quot;,&quot;tema_interesado&quot;:&quot;checkbox&quot;,&quot;otros_tema&quot;:&quot;text&quot;,&quot;submit_1&quot;:&quot;submit&quot;},&quot;nonce_method&quot;:&quot;ajax&quot;}\"><form action=\"https:\/\/hospitalsvpgarzon.gov.co\/index.php\/formulario-de-inscripcion-ciudadana-a-procesos-de-participacion\/\" method=\"post\" class=\"fusion-form fusion-form-2067\"><div class=\"fusion-fullwidth fullwidth-box fusion-builder-row-1-1 fusion-flex-container has-pattern-background has-mask-background nonhundred-percent-fullwidth non-hundred-percent-height-scrolling\" style=\"--awb-border-radius-top-left:0px;--awb-border-radius-top-right:0px;--awb-border-radius-bottom-right:0px;--awb-border-radius-bottom-left:0px;--awb-flex-wrap:wrap;\" ><div class=\"fusion-builder-row fusion-row fusion-flex-align-items-flex-start fusion-flex-content-wrap\" style=\"width:104% !important;max-width:104% !important;margin-left: calc(-4% \/ 2 );margin-right: calc(-4% \/ 2 );\"><div class=\"fusion-layout-column fusion_builder_column fusion-builder-column-1 fusion_builder_column_1_1 1_1 fusion-flex-column\" style=\"--awb-bg-size:cover;--awb-width-large:100%;--awb-margin-top-large:0px;--awb-spacing-right-large:1.92%;--awb-margin-bottom-large:20px;--awb-spacing-left-large:1.92%;--awb-width-medium:100%;--awb-order-medium:0;--awb-spacing-right-medium:1.92%;--awb-spacing-left-medium:1.92%;--awb-width-small:100%;--awb-order-small:0;--awb-spacing-right-small:1.92%;--awb-spacing-left-small:1.92%;\"><div class=\"fusion-column-wrapper fusion-column-has-shadow fusion-flex-justify-content-flex-start fusion-content-layout-column\"><div class=\"fusion-text fusion-text-1\"><p><strong>E.S.E. HOSPITAL DEPARTAMENTAL SAN VICENTE DE PA\u00daL\u00a0 <\/strong><\/p>\n<p>Este formulario permite la interacci\u00f3n y comunicaci\u00f3n con ciudadanos y grupos de valor, as\u00ed mismo,\u00a0 permite monitorear la receptividad de las acciones que adelanta la entidad en materia de participaci\u00f3n.<\/p>\n<p>A trav\u00e9s de este formulario pueden:<\/p>\n<ul>\n<li>Postular propuestas ciudadanas a la planeaci\u00f3n y\/o presupuesto de la entidad.<\/li>\n<li>Postular propuestas ciudadanas a normas, pol\u00edticas, programas o proyectos en proceso de consulta<\/li>\n<li>Registrar temas de inter\u00e9s y preferencias metodol\u00f3gicas por parte de la ciudadan\u00eda y grupos de valor en relaci\u00f3n con los espacios de informaci\u00f3n y di\u00e1logo.<\/li>\n<\/ul>\n<\/div><div class=\"fusion-form-field fusion-form-radio-field fusion-form-label-above fusion-form-field-hidden\" style=\"\" data-form-id=\"2067\"><div class=\"fusion-form-label-wrapper\"><span class=\"label\">Por favor indique a qu\u00e9 grupo de valor pertenece: <abbr class=\"fusion-form-element-required\" title=\"required\">*<\/abbr><\/span><\/div><fieldset><div class=\"fusion-form-radio\"><input tabindex=\"\" id=\"radio-grupo_de_valor-1-0\" type=\"radio\" value=\"Usuarios\" name=\"grupo_de_valor\" class=\"fusion-form-input\" required=\"true\" aria-required=\"true\" data-holds-private-data=\"false\"\/><label for=\"radio-grupo_de_valor-1-0\">Usuarios<\/label><\/div><div class=\"fusion-form-radio\"><input tabindex=\"\" id=\"radio-grupo_de_valor-1-1\" type=\"radio\" value=\"Proveedores\" name=\"grupo_de_valor\" class=\"fusion-form-input\" required=\"true\" aria-required=\"true\" data-holds-private-data=\"false\"\/><label for=\"radio-grupo_de_valor-1-1\">Proveedores<\/label><\/div><div class=\"fusion-form-radio\"><input tabindex=\"\" id=\"radio-grupo_de_valor-1-2\" type=\"radio\" value=\"Servidor P\u00fablico\" name=\"grupo_de_valor\" class=\"fusion-form-input\" required=\"true\" aria-required=\"true\" data-holds-private-data=\"false\"\/><label for=\"radio-grupo_de_valor-1-2\">Servidor P\u00fablico<\/label><\/div><div class=\"fusion-form-radio\"><input tabindex=\"\" id=\"radio-grupo_de_valor-1-3\" type=\"radio\" value=\"Agremiados P\u00e1rticipes en Procesos del Hospital\" name=\"grupo_de_valor\" class=\"fusion-form-input\" required=\"true\" aria-required=\"true\" data-holds-private-data=\"false\"\/><label for=\"radio-grupo_de_valor-1-3\">Agremiados P\u00e1rticipes en Procesos del Hospital<\/label><\/div><div class=\"fusion-form-radio\"><input tabindex=\"\" id=\"radio-grupo_de_valor-1-4\" type=\"radio\" value=\"Contratista\" name=\"grupo_de_valor\" class=\"fusion-form-input\" required=\"true\" aria-required=\"true\" data-holds-private-data=\"false\"\/><label for=\"radio-grupo_de_valor-1-4\">Contratista<\/label><\/div><div class=\"fusion-form-radio\"><input tabindex=\"\" id=\"radio-grupo_de_valor-1-5\" type=\"radio\" value=\"Entidades Administradoras de Planes de Beneficios (EAPB)\" name=\"grupo_de_valor\" class=\"fusion-form-input\" required=\"true\" aria-required=\"true\" data-holds-private-data=\"false\"\/><label for=\"radio-grupo_de_valor-1-5\">Entidades Administradoras de Planes de Beneficios (EAPB)<\/label><\/div><div class=\"fusion-form-radio\"><input tabindex=\"\" id=\"radio-grupo_de_valor-1-6\" type=\"radio\" value=\"Veedores ciudadanos\" name=\"grupo_de_valor\" class=\"fusion-form-input\" required=\"true\" aria-required=\"true\" data-holds-private-data=\"false\"\/><label for=\"radio-grupo_de_valor-1-6\">Veedores ciudadanos<\/label><\/div><div class=\"fusion-form-radio\"><input tabindex=\"\" id=\"radio-grupo_de_valor-1-7\" type=\"radio\" value=\"\u00d3rganos de control\" name=\"grupo_de_valor\" class=\"fusion-form-input\" required=\"true\" aria-required=\"true\" data-holds-private-data=\"false\"\/><label for=\"radio-grupo_de_valor-1-7\">\u00d3rganos de control<\/label><\/div><div class=\"fusion-form-radio\"><input tabindex=\"\" id=\"radio-grupo_de_valor-1-8\" type=\"radio\" value=\"Medios de comunicaci\u00f3n\" name=\"grupo_de_valor\" class=\"fusion-form-input\" required=\"true\" aria-required=\"true\" data-holds-private-data=\"false\"\/><label for=\"radio-grupo_de_valor-1-8\">Medios de comunicaci\u00f3n<\/label><\/div><div class=\"fusion-form-radio\"><input tabindex=\"\" id=\"radio-grupo_de_valor-1-9\" type=\"radio\" value=\"Estudiantes\" name=\"grupo_de_valor\" class=\"fusion-form-input\" required=\"true\" aria-required=\"true\" data-holds-private-data=\"false\"\/><label for=\"radio-grupo_de_valor-1-9\">Estudiantes<\/label><\/div><div class=\"fusion-form-radio\"><input tabindex=\"\" id=\"radio-grupo_de_valor-1-10\" type=\"radio\" value=\"Instituciones educativas\" name=\"grupo_de_valor\" class=\"fusion-form-input\" required=\"true\" aria-required=\"true\" data-holds-private-data=\"false\"\/><label for=\"radio-grupo_de_valor-1-10\">Instituciones educativas<\/label><\/div><div class=\"fusion-form-radio\"><input tabindex=\"\" id=\"radio-grupo_de_valor-1-11\" type=\"radio\" value=\"IPS\" name=\"grupo_de_valor\" class=\"fusion-form-input\" required=\"true\" aria-required=\"true\" data-holds-private-data=\"false\"\/><label for=\"radio-grupo_de_valor-1-11\">IPS<\/label><\/div><div class=\"fusion-form-radio\"><input tabindex=\"\" id=\"radio-grupo_de_valor-1-12\" type=\"radio\" value=\"Otros\" name=\"grupo_de_valor\" class=\"fusion-form-input\" required=\"true\" aria-required=\"true\" data-holds-private-data=\"false\"\/><label for=\"radio-grupo_de_valor-1-12\">Otros<\/label><\/div><\/fieldset><\/div><div class=\"fusion-form-field fusion-form-text-field fusion-form-label-above fusion-form-field-hidden\" style=\"\" data-form-id=\"2067\"><input type=\"text\" name=\"otros\" id=\"otros\" value=\"\"  class=\"fusion-form-input\" placeholder=\"Indique el grupo de valor al que pertenece \" data-holds-private-data=\"false\" minlength=\"0\"\/><\/div><div class=\"fusion-form-field fusion-form-checkbox-field fusion-form-label-above\" style=\"\" data-form-id=\"2067\"><div class=\"fusion-form-label-wrapper\"><span class=\"label\">\u00bfEn qu\u00e9 tema est\u00e1 interesado en participar? <abbr class=\"fusion-form-element-required\" title=\"Please select between 1 and 6 checkboxes from this field.\">*<\/abbr><\/span><\/div><fieldset data-awb-fieldset-min-required=\"1\" data-awb-fieldset-max-required=\"6\" data-awb-fieldset-error=\"Please select between 1 and 6 checkboxes from this field.\"><div class=\"fusion-form-checkbox\"><input tabindex=\"\" id=\"checkbox-tema_interesado-1-0\" type=\"checkbox\" value=\"Proyectos normativos\" name=\"tema_interesado[]\" class=\"fusion-form-input\" data-holds-private-data=\"false\"\/><label for=\"checkbox-tema_interesado-1-0\">Proyectos normativos<\/label><\/div><div class=\"fusion-form-checkbox\"><input tabindex=\"\" id=\"checkbox-tema_interesado-1-1\" type=\"checkbox\" value=\"Planes, programas y proyectos\" name=\"tema_interesado[]\" class=\"fusion-form-input\" data-holds-private-data=\"false\"\/><label for=\"checkbox-tema_interesado-1-1\">Planes, programas y proyectos<\/label><\/div><div class=\"fusion-form-checkbox\"><input tabindex=\"\" id=\"checkbox-tema_interesado-1-2\" type=\"checkbox\" value=\"Rendici\u00f3n de cuentas\" name=\"tema_interesado[]\" class=\"fusion-form-input\" data-holds-private-data=\"false\"\/><label for=\"checkbox-tema_interesado-1-2\">Rendici\u00f3n de cuentas<\/label><\/div><div class=\"fusion-form-checkbox\"><input tabindex=\"\" id=\"checkbox-tema_interesado-1-3\" type=\"checkbox\" value=\"Plan anticorrupci\u00f3n y atenci\u00f3n al ciudadano\" name=\"tema_interesado[]\" class=\"fusion-form-input\" data-holds-private-data=\"false\"\/><label for=\"checkbox-tema_interesado-1-3\">Plan anticorrupci\u00f3n y atenci\u00f3n al ciudadano<\/label><\/div><div class=\"fusion-form-checkbox\"><input tabindex=\"\" id=\"checkbox-tema_interesado-1-4\" type=\"checkbox\" value=\"Participaci\u00f3n ciudadana\" name=\"tema_interesado[]\" class=\"fusion-form-input\" data-holds-private-data=\"false\"\/><label for=\"checkbox-tema_interesado-1-4\">Participaci\u00f3n ciudadana<\/label><\/div><div class=\"fusion-form-checkbox\"><input tabindex=\"\" id=\"checkbox-tema_interesado-1-5\" type=\"checkbox\" value=\"Otros\" name=\"tema_interesado[]\" class=\"fusion-form-input\" data-holds-private-data=\"false\"\/><label for=\"checkbox-tema_interesado-1-5\">Otros<\/label><\/div><\/fieldset><\/div><div class=\"fusion-form-field fusion-form-text-field fusion-form-label-above fusion-form-field-hidden\" style=\"\" data-form-id=\"2067\"><input type=\"text\" name=\"otros_tema\" id=\"otros_tema\" value=\"\"  class=\"fusion-form-input\" placeholder=\"Indique el grupo de valor al que pertenece \" data-holds-private-data=\"false\" minlength=\"0\"\/><\/div><div class=\"fusion-text fusion-text-2\"><p>E.S.E Hospital Departamental San Vicente De Pa\u00fal \u00a9 <strong>Pol\u00edticas de Privacidad y Condiciones de Uso\u00a0<\/strong><\/p>\n<\/div>\n<div class=\"fusion-form-field fusion-form-submit-field fusion-form-label-above\" style=\"\" data-form-id=\"2067\"><div style=\"text-align:center;\"><button type=\"submit\" class=\"fusion-button button-flat button-xlarge button-default fusion-button-default button-1 fusion-button-default-span  form-form-submit button-default\" data-form-number=\"2067\" tabindex=\"\"><span class=\"fusion-button-text\">Enviar<\/span><\/button><\/div><\/div><\/div><\/div><\/div><\/div><input type=\"hidden\" name=\"fusion_privacy_store_ip_ua\" value=\"false\"><input type=\"hidden\" name=\"fusion_privacy_expiration_interval\" value=\"48\"><input type=\"hidden\" name=\"privacy_expiration_action\" value=\"anonymize\"><\/form><\/div><\/div><\/div><\/div><\/div>\n","protected":false},"excerpt":{"rendered":"","protected":false},"author":1,"featured_media":0,"parent":0,"menu_order":0,"comment_status":"closed","ping_status":"closed","template":"","meta":{"footnotes":""},"class_list":["post-2068","page","type-page","status-publish","hentry"],"yoast_head":"<!-- This site is optimized with the Yoast SEO plugin v26.6 - https:\/\/yoast.com\/wordpress\/plugins\/seo\/ -->\n<title>Formulario de Inscripci\u00f3n Ciudadana a Procesos de Participaci\u00f3n - San Vicente de Paul<\/title>\n<meta name=\"robots\" content=\"index, follow, max-snippet:-1, max-image-preview:large, max-video-preview:-1\" \/>\n<link rel=\"canonical\" href=\"https:\/\/hospitalsvpgarzon.gov.co\/index.php\/formulario-de-inscripcion-ciudadana-a-procesos-de-participacion\/\" \/>\n<meta property=\"og:locale\" content=\"es_ES\" \/>\n<meta property=\"og:type\" content=\"article\" \/>\n<meta property=\"og:title\" content=\"Formulario de Inscripci\u00f3n Ciudadana a Procesos de Participaci\u00f3n - San Vicente de Paul\" \/>\n<meta property=\"og:url\" content=\"https:\/\/hospitalsvpgarzon.gov.co\/index.php\/formulario-de-inscripcion-ciudadana-a-procesos-de-participacion\/\" \/>\n<meta property=\"og:site_name\" content=\"San Vicente de Paul\" \/>\n<meta property=\"article:modified_time\" content=\"2024-12-18T02:57:21+00:00\" \/>\n<meta name=\"twitter:card\" content=\"summary_large_image\" \/>\n<script type=\"application\/ld+json\" class=\"yoast-schema-graph\">{\"@context\":\"https:\/\/schema.org\",\"@graph\":[{\"@type\":\"WebPage\",\"@id\":\"https:\/\/hospitalsvpgarzon.gov.co\/index.php\/formulario-de-inscripcion-ciudadana-a-procesos-de-participacion\/\",\"url\":\"https:\/\/hospitalsvpgarzon.gov.co\/index.php\/formulario-de-inscripcion-ciudadana-a-procesos-de-participacion\/\",\"name\":\"Formulario de Inscripci\u00f3n Ciudadana a Procesos de Participaci\u00f3n - San Vicente de Paul\",\"isPartOf\":{\"@id\":\"https:\/\/hospitalsvpgarzon.gov.co\/#website\"},\"datePublished\":\"2024-12-18T02:57:14+00:00\",\"dateModified\":\"2024-12-18T02:57:21+00:00\",\"breadcrumb\":{\"@id\":\"https:\/\/hospitalsvpgarzon.gov.co\/index.php\/formulario-de-inscripcion-ciudadana-a-procesos-de-participacion\/#breadcrumb\"},\"inLanguage\":\"es\",\"potentialAction\":[{\"@type\":\"ReadAction\",\"target\":[\"https:\/\/hospitalsvpgarzon.gov.co\/index.php\/formulario-de-inscripcion-ciudadana-a-procesos-de-participacion\/\"]}]},{\"@type\":\"BreadcrumbList\",\"@id\":\"https:\/\/hospitalsvpgarzon.gov.co\/index.php\/formulario-de-inscripcion-ciudadana-a-procesos-de-participacion\/#breadcrumb\",\"itemListElement\":[{\"@type\":\"ListItem\",\"position\":1,\"name\":\"Portada\",\"item\":\"https:\/\/hospitalsvpgarzon.gov.co\/\"},{\"@type\":\"ListItem\",\"position\":2,\"name\":\"Formulario de Inscripci\u00f3n Ciudadana a Procesos de Participaci\u00f3n\"}]},{\"@type\":\"WebSite\",\"@id\":\"https:\/\/hospitalsvpgarzon.gov.co\/#website\",\"url\":\"https:\/\/hospitalsvpgarzon.gov.co\/\",\"name\":\"San Vicente de Paul\",\"description\":\"\",\"potentialAction\":[{\"@type\":\"SearchAction\",\"target\":{\"@type\":\"EntryPoint\",\"urlTemplate\":\"https:\/\/hospitalsvpgarzon.gov.co\/?s={search_term_string}\"},\"query-input\":{\"@type\":\"PropertyValueSpecification\",\"valueRequired\":true,\"valueName\":\"search_term_string\"}}],\"inLanguage\":\"es\"}]}<\/script>\n<!-- \/ Yoast SEO plugin. -->","yoast_head_json":{"title":"Formulario de Inscripci\u00f3n Ciudadana a Procesos de Participaci\u00f3n - San Vicente de Paul","robots":{"index":"index","follow":"follow","max-snippet":"max-snippet:-1","max-image-preview":"max-image-preview:large","max-video-preview":"max-video-preview:-1"},"canonical":"https:\/\/hospitalsvpgarzon.gov.co\/index.php\/formulario-de-inscripcion-ciudadana-a-procesos-de-participacion\/","og_locale":"es_ES","og_type":"article","og_title":"Formulario de Inscripci\u00f3n Ciudadana a Procesos de Participaci\u00f3n - San Vicente de Paul","og_url":"https:\/\/hospitalsvpgarzon.gov.co\/index.php\/formulario-de-inscripcion-ciudadana-a-procesos-de-participacion\/","og_site_name":"San Vicente de Paul","article_modified_time":"2024-12-18T02:57:21+00:00","twitter_card":"summary_large_image","schema":{"@context":"https:\/\/schema.org","@graph":[{"@type":"WebPage","@id":"https:\/\/hospitalsvpgarzon.gov.co\/index.php\/formulario-de-inscripcion-ciudadana-a-procesos-de-participacion\/","url":"https:\/\/hospitalsvpgarzon.gov.co\/index.php\/formulario-de-inscripcion-ciudadana-a-procesos-de-participacion\/","name":"Formulario de Inscripci\u00f3n Ciudadana a Procesos de Participaci\u00f3n - San Vicente de Paul","isPartOf":{"@id":"https:\/\/hospitalsvpgarzon.gov.co\/#website"},"datePublished":"2024-12-18T02:57:14+00:00","dateModified":"2024-12-18T02:57:21+00:00","breadcrumb":{"@id":"https:\/\/hospitalsvpgarzon.gov.co\/index.php\/formulario-de-inscripcion-ciudadana-a-procesos-de-participacion\/#breadcrumb"},"inLanguage":"es","potentialAction":[{"@type":"ReadAction","target":["https:\/\/hospitalsvpgarzon.gov.co\/index.php\/formulario-de-inscripcion-ciudadana-a-procesos-de-participacion\/"]}]},{"@type":"BreadcrumbList","@id":"https:\/\/hospitalsvpgarzon.gov.co\/index.php\/formulario-de-inscripcion-ciudadana-a-procesos-de-participacion\/#breadcrumb","itemListElement":[{"@type":"ListItem","position":1,"name":"Portada","item":"https:\/\/hospitalsvpgarzon.gov.co\/"},{"@type":"ListItem","position":2,"name":"Formulario de Inscripci\u00f3n Ciudadana a Procesos de Participaci\u00f3n"}]},{"@type":"WebSite","@id":"https:\/\/hospitalsvpgarzon.gov.co\/#website","url":"https:\/\/hospitalsvpgarzon.gov.co\/","name":"San Vicente de Paul","description":"","potentialAction":[{"@type":"SearchAction","target":{"@type":"EntryPoint","urlTemplate":"https:\/\/hospitalsvpgarzon.gov.co\/?s={search_term_string}"},"query-input":{"@type":"PropertyValueSpecification","valueRequired":true,"valueName":"search_term_string"}}],"inLanguage":"es"}]}},"_links":{"self":[{"href":"https:\/\/hospitalsvpgarzon.gov.co\/index.php\/wp-json\/wp\/v2\/pages\/2068","targetHints":{"allow":["GET"]}}],"collection":[{"href":"https:\/\/hospitalsvpgarzon.gov.co\/index.php\/wp-json\/wp\/v2\/pages"}],"about":[{"href":"https:\/\/hospitalsvpgarzon.gov.co\/index.php\/wp-json\/wp\/v2\/types\/page"}],"author":[{"embeddable":true,"href":"https:\/\/hospitalsvpgarzon.gov.co\/index.php\/wp-json\/wp\/v2\/users\/1"}],"replies":[{"embeddable":true,"href":"https:\/\/hospitalsvpgarzon.gov.co\/index.php\/wp-json\/wp\/v2\/comments?post=2068"}],"version-history":[{"count":0,"href":"https:\/\/hospitalsvpgarzon.gov.co\/index.php\/wp-json\/wp\/v2\/pages\/2068\/revisions"}],"wp:attachment":[{"href":"https:\/\/hospitalsvpgarzon.gov.co\/index.php\/wp-json\/wp\/v2\/media?parent=2068"}],"curies":[{"name":"wp","href":"https:\/\/api.w.org\/{rel}","templated":true}]}}