{"id":200,"date":"2024-11-24T18:58:55","date_gmt":"2024-11-24T18:58:55","guid":{"rendered":"https:\/\/portal.hospitalsvpgarzon.gov.co\/?page_id=200"},"modified":"2025-07-10T14:34:39","modified_gmt":"2025-07-10T14:34:39","slug":"recurso-humano","status":"publish","type":"page","link":"https:\/\/hospitalsvpgarzon.gov.co\/index.php\/quienes-somos\/recurso-humano\/","title":{"rendered":"Recurso Humano"},"content":{"rendered":"<p><div class=\"fusion-fullwidth fullwidth-box fusion-builder-row-1 fusion-flex-container has-pattern-background has-mask-background nonhundred-percent-fullwidth non-hundred-percent-height-scrolling\" style=\"--awb-border-radius-top-left:0px;--awb-border-radius-top-right:0px;--awb-border-radius-bottom-right:0px;--awb-border-radius-bottom-left:0px;--awb-flex-wrap:wrap;\" ><div class=\"fusion-builder-row fusion-row fusion-flex-align-items-flex-start fusion-flex-content-wrap\" style=\"max-width:89.44%;margin-left: calc(-4% \/ 2 );margin-right: calc(-4% \/ 2 );\"><div class=\"fusion-layout-column fusion_builder_column fusion-builder-column-0 fusion_builder_column_1_1 1_1 fusion-flex-column\" style=\"--awb-bg-size:cover;--awb-width-large:100%;--awb-margin-top-large:0px;--awb-spacing-right-large:1.92%;--awb-margin-bottom-large:20px;--awb-spacing-left-large:1.92%;--awb-width-medium:100%;--awb-order-medium:0;--awb-spacing-right-medium:1.92%;--awb-spacing-left-medium:1.92%;--awb-width-small:100%;--awb-order-small:0;--awb-spacing-right-small:1.92%;--awb-spacing-left-small:1.92%;\"><div class=\"fusion-column-wrapper fusion-column-has-shadow fusion-flex-justify-content-flex-start fusion-content-layout-column\"><div class=\"fusion-text fusion-text-1\"><p>A continuaci\u00f3n se deja enlace al SIGEP donde podr\u00e1 encontrar el directorio de informaci\u00f3n de los servidores p\u00fablicos, empleados y contratistas que laboran en la E.S.E<\/p>\n<\/div><div class=\"fusion-image-element \" style=\"text-align:center;--awb-caption-title-font-family:var(--h2_typography-font-family);--awb-caption-title-font-weight:var(--h2_typography-font-weight);--awb-caption-title-font-style:var(--h2_typography-font-style);--awb-caption-title-size:var(--h2_typography-font-size);--awb-caption-title-transform:var(--h2_typography-text-transform);--awb-caption-title-line-height:var(--h2_typography-line-height);--awb-caption-title-letter-spacing:var(--h2_typography-letter-spacing);\"><span class=\" fusion-imageframe imageframe-none imageframe-1 hover-type-none\"><a class=\"fusion-no-lightbox\" href=\"https:\/\/www1.funcionpublica.gov.co\/web\/sigep2\" target=\"_blank\" aria-label=\"logo-sigep2\" rel=\"noopener noreferrer\"><img decoding=\"async\" width=\"249\" height=\"127\" alt=\"Recurso Humano\" src=\"https:\/\/hospitalsvpgarzon.gov.co\/wp-content\/uploads\/2024\/11\/logo-sigep2.png\" data-orig-src=\"https:\/\/portal.hospitalsvpgarzon.gov.co\/wp-content\/uploads\/2024\/11\/logo-sigep2.png\" class=\"lazyload img-responsive wp-image-217\" srcset=\"data:image\/svg+xml,%3Csvg%20xmlns%3D%27http%3A%2F%2Fwww.w3.org%2F2000%2Fsvg%27%20width%3D%27249%27%20height%3D%27127%27%20viewBox%3D%270%200%20249%20127%27%3E%3Crect%20width%3D%27249%27%20height%3D%27127%27%20fill-opacity%3D%220%22%2F%3E%3C%2Fsvg%3E\" data-srcset=\"https:\/\/hospitalsvpgarzon.gov.co\/wp-content\/uploads\/2024\/11\/logo-sigep2-200x102.png 200w, https:\/\/hospitalsvpgarzon.gov.co\/wp-content\/uploads\/2024\/11\/logo-sigep2.png 249w\" data-sizes=\"auto\" data-orig-sizes=\"(max-width: 700px) 100vw, 249px\" \/><\/a><\/span><\/div><div class=\"fusion-title title fusion-title-1 fusion-sep-none fusion-title-text fusion-title-size-two\"><h2 class=\"fusion-title-heading title-heading-left\" style=\"margin:0;text-transform:none;\">Directorio de Informaci\u00f3n de Servidores P\u00fablicos y Contratistas<\/h2><\/div><div class=\"fusion-text fusion-text-2\"><p><b>\u00abDirectorio de Informaci\u00f3n de Servidores P\u00fablicos y&nbsp; Contratistas\u00bb &#8211; 2024<\/b><\/p>\n<ul>\n<li>Directorio de Informaci\u00f3n de Servidores P\u00fablicos de Planta 2024 &#8211;&nbsp;<a href=\"https:\/\/www.hospitalsvpgarzon.gov.co\/documentos\/controlinterno\/DIRECTORIO_DE_INFORMACION_SERVIDORES_PUBLICOS_PLANTA%202024.pdf\" target=\"_blank\" rel=\"noopener\">Descargar Archivo<\/a><\/li>\n<\/ul>\n<p><b>\u00abDirectorio de Informaci\u00f3n de Servidores P\u00fablicos y&nbsp; Contratistas\u00bb &#8211; 2023<\/b><\/p>\n<ul>\n<li>Directorio de Informaci\u00f3n de Servidores P\u00fablicos de Planta 2023 &#8211;&nbsp;<a href=\"https:\/\/www.hospitalsvpgarzon.gov.co\/documentos\/controlinterno\/DIRECTORIO_DE_INFORMACION_SERVIDORES_PUBLICOS_PLANTA%202023.xlsx\" target=\"_blank\" rel=\"noopener\">Descargar Archivo<\/a><\/li>\n<\/ul>\n<p><b>\u00abDirectorio de Informaci\u00f3n de Servidores P\u00fablicos y&nbsp; Contratistas\u00bb &#8211; 2022<\/b><\/p>\n<ul>\n<li>Directorio de Informaci\u00f3n de Servidores P\u00fablicos de Planta 2022 &#8211;&nbsp;<a href=\"https:\/\/www.hospitalsvpgarzon.gov.co\/documentos\/controlinterno\/DIRECTORIO_DE_INFORMACION_SERVIDORES_PUBLICOS_PLANTA.xlsx\" target=\"_blank\" rel=\"noopener\">Descargar Archivo<\/a><\/li>\n<li>Directorio de Informaci\u00f3n de Prestadores de Servicios de la E.S.E. (Corte Mayo 2022) &#8211;&nbsp;<a href=\"https:\/\/www.hospitalsvpgarzon.gov.co\/documentos\/controlinterno\/DIRECTORIO_DE_INFORMACION_PRESTADORES_SERVCIOS_%20DE_%20LA_ESE_CORTEMAYO2022.xlsx\" target=\"_blank\" rel=\"noopener\">Descargar Archivo<\/a><\/li>\n<li>Conformaci\u00f3n Comisi\u00f3n de Personal 2020-2022 &#8211;&nbsp;<a href=\"https:\/\/www.hospitalsvpgarzon.gov.co\/documentos\/controlinterno\/CONFORMACION_COMISION_DE_PERSONAL_2020_2022.pdf\" target=\"_blank\" rel=\"noopener\">Descargar Archivo<\/a><\/li>\n<\/ul>\n<div>\n<p><b>\u00abDirectorio de Informaci\u00f3n de Servidores P\u00fablicos y&nbsp; Contratistas\u00bb &#8211; 2021<\/b><\/p>\n<address>\n<ul>\n<li><a href=\"https:\/\/www.hospitalsvpgarzon.gov.co\/documentos\/controlinterno\/2_directorio_prestacion_de_servicios_ese_corte_31_enero_2021.xlsx\" target=\"_blank\" rel=\"noopener\">Directorio de Informaci\u00f3n de Contratistas 2021<\/a><\/li>\n<li><a href=\"https:\/\/www.hospitalsvpgarzon.gov.co\/documentos\/controlinterno\/1_DIRECTORIO_DE_INFORMACION_SERVIDORES_PUBLICOS_PLANTA_DE_LA_E_S_E.xlsx\" target=\"_blank\" rel=\"noopener\">Directorio de Informaci\u00f3n del&nbsp;Personal de Planta de la E.S.E<\/a><\/li>\n<\/ul>\n<\/address>\n<\/div>\n<div>\n<p><b>\u00abInformaci\u00f3n relativa del Departamento de Talento Humano\u00bb<\/b><\/p>\n<ol>\n<li><a href=\"https:\/\/www.hospitalsvpgarzon.gov.co\/documentos\/controlinterno\/manual%20funciones%202019.pdf\" target=\"_blank\" rel=\"noopener\">Manual de Funciones 2019<\/a><\/li>\n<li><a href=\"https:\/\/www.hospitalsvpgarzon.gov.co\/documentos\/controlinterno\/Manual_de_Funciones_2017.pdf\" target=\"_blank\" rel=\"noopener\">Manual de Funciones&nbsp;2017<\/a><\/li>\n<li><a href=\"https:\/\/www.hospitalsvpgarzon.gov.co\/documentos\/InformacionPublica\/TH_Escala_Salarial.pdf\" target=\"_blank\" rel=\"noopener\">Asignaci\u00f3n Salarial<\/a><\/li>\n<li><a href=\"https:\/\/www.hospitalsvpgarzon.gov.co\/documentos\/InformacionPublica\/TH_Calificacion_Desempe%C3%B1o_Laboral.pdf\" target=\"_blank\" rel=\"noopener\">Evaluaci\u00f3n de Desempe\u00f1o<\/a><\/li>\n<li><a href=\"https:\/\/www.hospitalsvpgarzon.gov.co\/documentos\/InformacionPublica\/TH_Manual_Induccion.pdf\" target=\"_blank\" rel=\"noopener\">Manual de Inducci\u00f3n<\/a><\/li>\n<li><a href=\"https:\/\/www.hospitalsvpgarzon.gov.co\/documentos\/InformacionPublica\/TH_Directorio_Agremiaciones.pdf\" target=\"_blank\" rel=\"noopener\">Directorio de Agremiaciones<\/a><\/li>\n<li><a href=\"https:\/\/www.hospitalsvpgarzon.gov.co\/documentos\/InformacionPublica\/TH_Informe_Derecho_Peticion.pdf\" target=\"_blank\" rel=\"noopener\">Informe de Peticiones y Derechos de Petici\u00f3n<\/a><\/li>\n<li><a href=\"https:\/\/www.hospitalsvpgarzon.gov.co\/documentos\/InformacionPublica\/ACUERDO_N011_2022.pdf\" target=\"_blank\" rel=\"noopener\">Acuerdo N\u00b0 011 de 2022<\/a><\/li>\n<li><a href=\"https:\/\/www.hospitalsvpgarzon.gov.co\/documentos\/InformacionPublica\/ACUERDO_N012_2022.pdf\" target=\"_blank\" rel=\"noopener\">Acuerdo N\u00b0 012 de 2022<\/a><\/li>\n<li><a href=\"https:\/\/www.hospitalsvpgarzon.gov.co\/documentos\/InformacionPublica\/10%20Acta%2012%20comit%C3%A9%20bienestar.pdf\" target=\"_blank\" rel=\"noopener\">Acta No. 12 comit\u00e9 bienestar<\/a><\/li>\n<li><a href=\"https:\/\/www.hospitalsvpgarzon.gov.co\/documentos\/InformacionPublica\/11%20Acta%20negociacion%20sundicato.pdf\" target=\"_blank\" rel=\"noopener\">Acta negociaci\u00f3n sindicato<\/a><\/li>\n<li><a href=\"https:\/\/www.hospitalsvpgarzon.gov.co\/documentos\/InformacionPublica\/12%20Comision%20personal.pdf\" target=\"_blank\" rel=\"noopener\">Comisi\u00f3n personal<\/a><\/li>\n<li><a href=\"https:\/\/www.hospitalsvpgarzon.gov.co\/documentos\/InformacionPublica\/13%20Eleccion%20comision%20personal.pdf\" target=\"_blank\" rel=\"noopener\">Elecci\u00f3n comisi\u00f3n personal<\/a><\/li>\n<li><a href=\"https:\/\/www.hospitalsvpgarzon.gov.co\/documentos\/InformacionPublica\/14%20Informe%20clima%20laboral.pdf\" target=\"_blank\" rel=\"noopener\">Informe clima laboral<\/a><\/li>\n<li><a href=\"https:\/\/www.hospitalsvpgarzon.gov.co\/documentos\/InformacionPublica\/15%20Resolucion%20de%20comision.pdf\" target=\"_blank\" rel=\"noopener\">Resoluci\u00f3n de comisi\u00f3n<\/a><\/li>\n<li><a href=\"https:\/\/www.hospitalsvpgarzon.gov.co\/documentos\/InformacionPublica\/16%20ACTA%20DE%20ENTREGA%20DE%20CARGO%20Y%20PUESTO%20DE%20TRABAJO.pdf\" target=\"_blank\" rel=\"noopener\">Acta de entrega de cargo y puesto de trabajo<\/a><\/li>\n<li><a href=\"https:\/\/portal.hospitalsvpgarzon.gov.co\/wp-content\/uploads\/2025\/07\/Resolucion-No.-0404-Convocatoria-Comite-de-Convivencia-Laboral.pdf\">Resoluci\u00f3n No. 0404 &#8211; Convocatoria Comit\u00e9 de Convivencia Laboral.<\/a><\/li>\n<\/ol>\n<\/div>\n<\/div><\/div><\/div><\/div><\/div><\/p>\n","protected":false},"excerpt":{"rendered":"","protected":false},"author":1,"featured_media":0,"parent":57,"menu_order":0,"comment_status":"closed","ping_status":"closed","template":"","meta":{"footnotes":""},"class_list":["post-200","page","type-page","status-publish","hentry"],"yoast_head":"<!-- This site is optimized with the Yoast SEO plugin v26.6 - https:\/\/yoast.com\/wordpress\/plugins\/seo\/ -->\n<title>Recurso Humano - San Vicente de Paul<\/title>\n<meta name=\"robots\" content=\"index, follow, max-snippet:-1, max-image-preview:large, max-video-preview:-1\" \/>\n<link rel=\"canonical\" href=\"https:\/\/hospitalsvpgarzon.gov.co\/index.php\/quienes-somos\/recurso-humano\/\" \/>\n<meta property=\"og:locale\" content=\"es_ES\" \/>\n<meta property=\"og:type\" content=\"article\" \/>\n<meta property=\"og:title\" content=\"Recurso Humano - San Vicente de Paul\" \/>\n<meta property=\"og:url\" content=\"https:\/\/hospitalsvpgarzon.gov.co\/index.php\/quienes-somos\/recurso-humano\/\" \/>\n<meta property=\"og:site_name\" content=\"San Vicente de Paul\" \/>\n<meta property=\"article:modified_time\" content=\"2025-07-10T14:34:39+00:00\" \/>\n<meta name=\"twitter:card\" content=\"summary_large_image\" \/>\n<meta name=\"twitter:label1\" content=\"Tiempo de lectura\" \/>\n\t<meta name=\"twitter:data1\" content=\"2 minutos\" \/>\n<script type=\"application\/ld+json\" class=\"yoast-schema-graph\">{\"@context\":\"https:\/\/schema.org\",\"@graph\":[{\"@type\":\"WebPage\",\"@id\":\"https:\/\/hospitalsvpgarzon.gov.co\/index.php\/quienes-somos\/recurso-humano\/\",\"url\":\"https:\/\/hospitalsvpgarzon.gov.co\/index.php\/quienes-somos\/recurso-humano\/\",\"name\":\"Recurso Humano - San Vicente de Paul\",\"isPartOf\":{\"@id\":\"https:\/\/hospitalsvpgarzon.gov.co\/#website\"},\"datePublished\":\"2024-11-24T18:58:55+00:00\",\"dateModified\":\"2025-07-10T14:34:39+00:00\",\"breadcrumb\":{\"@id\":\"https:\/\/hospitalsvpgarzon.gov.co\/index.php\/quienes-somos\/recurso-humano\/#breadcrumb\"},\"inLanguage\":\"es\",\"potentialAction\":[{\"@type\":\"ReadAction\",\"target\":[\"https:\/\/hospitalsvpgarzon.gov.co\/index.php\/quienes-somos\/recurso-humano\/\"]}]},{\"@type\":\"BreadcrumbList\",\"@id\":\"https:\/\/hospitalsvpgarzon.gov.co\/index.php\/quienes-somos\/recurso-humano\/#breadcrumb\",\"itemListElement\":[{\"@type\":\"ListItem\",\"position\":1,\"name\":\"Portada\",\"item\":\"https:\/\/hospitalsvpgarzon.gov.co\/\"},{\"@type\":\"ListItem\",\"position\":2,\"name\":\"Qui\u00e9nes Somos\",\"item\":\"https:\/\/hospitalsvpgarzon.gov.co\/index.php\/quienes-somos\/\"},{\"@type\":\"ListItem\",\"position\":3,\"name\":\"Recurso Humano\"}]},{\"@type\":\"WebSite\",\"@id\":\"https:\/\/hospitalsvpgarzon.gov.co\/#website\",\"url\":\"https:\/\/hospitalsvpgarzon.gov.co\/\",\"name\":\"San Vicente de Paul\",\"description\":\"\",\"potentialAction\":[{\"@type\":\"SearchAction\",\"target\":{\"@type\":\"EntryPoint\",\"urlTemplate\":\"https:\/\/hospitalsvpgarzon.gov.co\/?s={search_term_string}\"},\"query-input\":{\"@type\":\"PropertyValueSpecification\",\"valueRequired\":true,\"valueName\":\"search_term_string\"}}],\"inLanguage\":\"es\"}]}<\/script>\n<!-- \/ Yoast SEO plugin. -->","yoast_head_json":{"title":"Recurso Humano - San Vicente de Paul","robots":{"index":"index","follow":"follow","max-snippet":"max-snippet:-1","max-image-preview":"max-image-preview:large","max-video-preview":"max-video-preview:-1"},"canonical":"https:\/\/hospitalsvpgarzon.gov.co\/index.php\/quienes-somos\/recurso-humano\/","og_locale":"es_ES","og_type":"article","og_title":"Recurso Humano - San Vicente de Paul","og_url":"https:\/\/hospitalsvpgarzon.gov.co\/index.php\/quienes-somos\/recurso-humano\/","og_site_name":"San Vicente de Paul","article_modified_time":"2025-07-10T14:34:39+00:00","twitter_card":"summary_large_image","twitter_misc":{"Tiempo de lectura":"2 minutos"},"schema":{"@context":"https:\/\/schema.org","@graph":[{"@type":"WebPage","@id":"https:\/\/hospitalsvpgarzon.gov.co\/index.php\/quienes-somos\/recurso-humano\/","url":"https:\/\/hospitalsvpgarzon.gov.co\/index.php\/quienes-somos\/recurso-humano\/","name":"Recurso Humano - San Vicente de Paul","isPartOf":{"@id":"https:\/\/hospitalsvpgarzon.gov.co\/#website"},"datePublished":"2024-11-24T18:58:55+00:00","dateModified":"2025-07-10T14:34:39+00:00","breadcrumb":{"@id":"https:\/\/hospitalsvpgarzon.gov.co\/index.php\/quienes-somos\/recurso-humano\/#breadcrumb"},"inLanguage":"es","potentialAction":[{"@type":"ReadAction","target":["https:\/\/hospitalsvpgarzon.gov.co\/index.php\/quienes-somos\/recurso-humano\/"]}]},{"@type":"BreadcrumbList","@id":"https:\/\/hospitalsvpgarzon.gov.co\/index.php\/quienes-somos\/recurso-humano\/#breadcrumb","itemListElement":[{"@type":"ListItem","position":1,"name":"Portada","item":"https:\/\/hospitalsvpgarzon.gov.co\/"},{"@type":"ListItem","position":2,"name":"Qui\u00e9nes Somos","item":"https:\/\/hospitalsvpgarzon.gov.co\/index.php\/quienes-somos\/"},{"@type":"ListItem","position":3,"name":"Recurso Humano"}]},{"@type":"WebSite","@id":"https:\/\/hospitalsvpgarzon.gov.co\/#website","url":"https:\/\/hospitalsvpgarzon.gov.co\/","name":"San Vicente de Paul","description":"","potentialAction":[{"@type":"SearchAction","target":{"@type":"EntryPoint","urlTemplate":"https:\/\/hospitalsvpgarzon.gov.co\/?s={search_term_string}"},"query-input":{"@type":"PropertyValueSpecification","valueRequired":true,"valueName":"search_term_string"}}],"inLanguage":"es"}]}},"_links":{"self":[{"href":"https:\/\/hospitalsvpgarzon.gov.co\/index.php\/wp-json\/wp\/v2\/pages\/200","targetHints":{"allow":["GET"]}}],"collection":[{"href":"https:\/\/hospitalsvpgarzon.gov.co\/index.php\/wp-json\/wp\/v2\/pages"}],"about":[{"href":"https:\/\/hospitalsvpgarzon.gov.co\/index.php\/wp-json\/wp\/v2\/types\/page"}],"author":[{"embeddable":true,"href":"https:\/\/hospitalsvpgarzon.gov.co\/index.php\/wp-json\/wp\/v2\/users\/1"}],"replies":[{"embeddable":true,"href":"https:\/\/hospitalsvpgarzon.gov.co\/index.php\/wp-json\/wp\/v2\/comments?post=200"}],"version-history":[{"count":4,"href":"https:\/\/hospitalsvpgarzon.gov.co\/index.php\/wp-json\/wp\/v2\/pages\/200\/revisions"}],"predecessor-version":[{"id":3527,"href":"https:\/\/hospitalsvpgarzon.gov.co\/index.php\/wp-json\/wp\/v2\/pages\/200\/revisions\/3527"}],"up":[{"embeddable":true,"href":"https:\/\/hospitalsvpgarzon.gov.co\/index.php\/wp-json\/wp\/v2\/pages\/57"}],"wp:attachment":[{"href":"https:\/\/hospitalsvpgarzon.gov.co\/index.php\/wp-json\/wp\/v2\/media?parent=200"}],"curies":[{"name":"wp","href":"https:\/\/api.w.org\/{rel}","templated":true}]}}