{"id":1816,"date":"2024-12-16T17:20:38","date_gmt":"2024-12-16T17:20:38","guid":{"rendered":"https:\/\/portal.hospitalsvpgarzon.gov.co\/?page_id=1816"},"modified":"2024-12-16T17:20:38","modified_gmt":"2024-12-16T17:20:38","slug":"derechos-de-los-ninos-y-ninas-hospitalizados","status":"publish","type":"page","link":"https:\/\/hospitalsvpgarzon.gov.co\/index.php\/en-linea\/estrategia-iamii\/derechos-de-los-ninos-y-ninas-hospitalizados\/","title":{"rendered":"Derechos de los ni\u00f1os y ni\u00f1as Hospitalizados"},"content":{"rendered":"<div class=\"fusion-fullwidth fullwidth-box fusion-builder-row-1 fusion-flex-container has-pattern-background has-mask-background nonhundred-percent-fullwidth non-hundred-percent-height-scrolling\" style=\"--awb-border-radius-top-left:0px;--awb-border-radius-top-right:0px;--awb-border-radius-bottom-right:0px;--awb-border-radius-bottom-left:0px;--awb-flex-wrap:wrap;\" ><div class=\"fusion-builder-row fusion-row fusion-flex-align-items-flex-start fusion-flex-content-wrap\" style=\"max-width:89.44%;margin-left: calc(-4% \/ 2 );margin-right: calc(-4% \/ 2 );\"><div class=\"fusion-layout-column fusion_builder_column fusion-builder-column-0 fusion_builder_column_1_1 1_1 fusion-flex-column\" style=\"--awb-bg-size:cover;--awb-width-large:100%;--awb-margin-top-large:0px;--awb-spacing-right-large:1.92%;--awb-margin-bottom-large:20px;--awb-spacing-left-large:1.92%;--awb-width-medium:100%;--awb-order-medium:0;--awb-spacing-right-medium:1.92%;--awb-spacing-left-medium:1.92%;--awb-width-small:100%;--awb-order-small:0;--awb-spacing-right-small:1.92%;--awb-spacing-left-small:1.92%;\"><div class=\"fusion-column-wrapper fusion-column-has-shadow fusion-flex-justify-content-flex-start fusion-content-layout-column\"><div class=\"fusion-title title fusion-title-1 fusion-sep-none fusion-title-text fusion-title-size-three\"><h3 class=\"fusion-title-heading title-heading-left\" style=\"margin:0;text-transform:none;\">DERECHOS DE LOS NI\u00d1OS Y NI\u00d1AS HOSPITALIZADOS<\/h3><\/div><\/div><\/div><div class=\"fusion-layout-column fusion_builder_column fusion-builder-column-1 fusion_builder_column_1_2 1_2 fusion-flex-column\" style=\"--awb-bg-size:cover;--awb-width-large:50%;--awb-margin-top-large:0px;--awb-spacing-right-large:3.84%;--awb-margin-bottom-large:20px;--awb-spacing-left-large:3.84%;--awb-width-medium:50%;--awb-order-medium:0;--awb-spacing-right-medium:3.84%;--awb-spacing-left-medium:3.84%;--awb-width-small:100%;--awb-order-small:0;--awb-spacing-right-small:1.92%;--awb-spacing-left-small:1.92%;\"><div class=\"fusion-column-wrapper fusion-column-has-shadow fusion-flex-justify-content-flex-start fusion-content-layout-column\"><div class=\"fusion-image-element \" style=\"--awb-caption-title-font-family:var(--h2_typography-font-family);--awb-caption-title-font-weight:var(--h2_typography-font-weight);--awb-caption-title-font-style:var(--h2_typography-font-style);--awb-caption-title-size:var(--h2_typography-font-size);--awb-caption-title-transform:var(--h2_typography-text-transform);--awb-caption-title-line-height:var(--h2_typography-line-height);--awb-caption-title-letter-spacing:var(--h2_typography-letter-spacing);\"><span class=\" fusion-imageframe imageframe-none imageframe-1 hover-type-none\"><img decoding=\"async\" width=\"600\" height=\"600\" title=\"el-viaje-de-luis-cuento-corto-dedicado-a-los-ninos-hospitalizados-sm\" src=\"https:\/\/hospitalsvpgarzon.gov.co\/wp-content\/uploads\/2024\/12\/el-viaje-de-luis-cuento-corto-dedicado-a-los-ninos-hospitalizados-sm.jpg\" data-orig-src=\"https:\/\/portal.hospitalsvpgarzon.gov.co\/wp-content\/uploads\/2024\/12\/el-viaje-de-luis-cuento-corto-dedicado-a-los-ninos-hospitalizados-sm.jpg\" alt class=\"lazyload img-responsive wp-image-1818\" srcset=\"data:image\/svg+xml,%3Csvg%20xmlns%3D%27http%3A%2F%2Fwww.w3.org%2F2000%2Fsvg%27%20width%3D%27600%27%20height%3D%27600%27%20viewBox%3D%270%200%20600%20600%27%3E%3Crect%20width%3D%27600%27%20height%3D%27600%27%20fill-opacity%3D%220%22%2F%3E%3C%2Fsvg%3E\" data-srcset=\"https:\/\/hospitalsvpgarzon.gov.co\/wp-content\/uploads\/2024\/12\/el-viaje-de-luis-cuento-corto-dedicado-a-los-ninos-hospitalizados-sm-200x200.jpg 200w, https:\/\/hospitalsvpgarzon.gov.co\/wp-content\/uploads\/2024\/12\/el-viaje-de-luis-cuento-corto-dedicado-a-los-ninos-hospitalizados-sm-400x400.jpg 400w, https:\/\/hospitalsvpgarzon.gov.co\/wp-content\/uploads\/2024\/12\/el-viaje-de-luis-cuento-corto-dedicado-a-los-ninos-hospitalizados-sm.jpg 600w\" data-sizes=\"auto\" data-orig-sizes=\"(max-width: 700px) 100vw, 600px\" \/><\/span><\/div><\/div><\/div><div class=\"fusion-layout-column fusion_builder_column fusion-builder-column-2 fusion_builder_column_1_2 1_2 fusion-flex-column\" style=\"--awb-bg-size:cover;--awb-width-large:50%;--awb-margin-top-large:0px;--awb-spacing-right-large:3.84%;--awb-margin-bottom-large:20px;--awb-spacing-left-large:3.84%;--awb-width-medium:50%;--awb-order-medium:0;--awb-spacing-right-medium:3.84%;--awb-spacing-left-medium:3.84%;--awb-width-small:100%;--awb-order-small:0;--awb-spacing-right-small:1.92%;--awb-spacing-left-small:1.92%;\"><div class=\"fusion-column-wrapper fusion-column-has-shadow fusion-flex-justify-content-flex-start fusion-content-layout-column\"><div class=\"fusion-text fusion-text-1\"><ul>\n<li>Que me llamen por mi nombre, me sonr\u00edan y me presten cuidado y atenci\u00f3n.<\/li>\n<li>Que me den a conocer los nombres de mis doctores, enfermeras, y de cualquier otra persona que participe en mi cuidado.<\/li>\n<li>Que atiendan mis necesidades b\u00e1sicas como estar aseado, seco, c\u00f3modo, sin angustias, siempre que sea posible.<\/li>\n<li>Que me proporcionen los horarios m\u00e1s normales posibles: para que me curen, para dormir sin interrupci\u00f3n, para descansar, para jugar, para aprender y que pueda estar acompa\u00f1ado de mis padres el mayor tiempo posible.<\/li>\n<li>Que me permitan, caminar, jugar, aprender y hacer bullicio, si esto no interfiere con la calidad de mi cuidado y con las personas de mi entorno.<\/li>\n<li>Que me permitan llorar y expresarme frente a cualquier cosa que me duela y a negarme a trav\u00e9s de mis padres, hacer objeto de investigaci\u00f3n, con tratamientos, cuidados o ex\u00e1menes cuyo principal prop\u00f3sito no sea recuperar mi salud.<\/li>\n<li>Que me expliquen lo que est\u00e1 sucediendo y contesten a mis preguntas con franqueza, en palabras que yo pueda entender.<\/li>\n<li>Que el personal de salud no hable de m\u00ed, a mis espaldas, por los pasillos como si yo no existiera, a menos de que yo sepa lo que est\u00e1 sucediendo.<\/li>\n<li>Que me fijen un sitio y un horario para mis an\u00e1lisis y procedimientos que no me mantengan, con miedo, con hambre o sed, por m\u00e1s tiempo del que sea necesario.<\/li>\n<li>Que pueda disponer de juguetes, libros, medios audiovisuales acorde a mi edad.<\/li>\n<\/ul>\n<\/div><\/div><\/div><\/div><\/div>\n","protected":false},"excerpt":{"rendered":"","protected":false},"author":1,"featured_media":0,"parent":1787,"menu_order":0,"comment_status":"closed","ping_status":"closed","template":"","meta":{"footnotes":""},"class_list":["post-1816","page","type-page","status-publish","hentry"],"yoast_head":"<!-- This site is optimized with the Yoast SEO plugin v26.6 - https:\/\/yoast.com\/wordpress\/plugins\/seo\/ -->\n<title>Derechos de los ni\u00f1os y ni\u00f1as Hospitalizados - San Vicente de Paul<\/title>\n<meta name=\"robots\" content=\"index, follow, max-snippet:-1, max-image-preview:large, max-video-preview:-1\" \/>\n<link rel=\"canonical\" href=\"https:\/\/hospitalsvpgarzon.gov.co\/index.php\/en-linea\/estrategia-iamii\/derechos-de-los-ninos-y-ninas-hospitalizados\/\" \/>\n<meta property=\"og:locale\" content=\"es_ES\" \/>\n<meta property=\"og:type\" content=\"article\" \/>\n<meta property=\"og:title\" content=\"Derechos de los ni\u00f1os y ni\u00f1as Hospitalizados - San Vicente de Paul\" \/>\n<meta property=\"og:url\" content=\"https:\/\/hospitalsvpgarzon.gov.co\/index.php\/en-linea\/estrategia-iamii\/derechos-de-los-ninos-y-ninas-hospitalizados\/\" \/>\n<meta property=\"og:site_name\" content=\"San Vicente de Paul\" \/>\n<meta name=\"twitter:card\" content=\"summary_large_image\" \/>\n<meta name=\"twitter:label1\" content=\"Tiempo de lectura\" \/>\n\t<meta name=\"twitter:data1\" content=\"2 minutos\" \/>\n<script type=\"application\/ld+json\" class=\"yoast-schema-graph\">{\"@context\":\"https:\/\/schema.org\",\"@graph\":[{\"@type\":\"WebPage\",\"@id\":\"https:\/\/hospitalsvpgarzon.gov.co\/index.php\/en-linea\/estrategia-iamii\/derechos-de-los-ninos-y-ninas-hospitalizados\/\",\"url\":\"https:\/\/hospitalsvpgarzon.gov.co\/index.php\/en-linea\/estrategia-iamii\/derechos-de-los-ninos-y-ninas-hospitalizados\/\",\"name\":\"Derechos de los ni\u00f1os y ni\u00f1as Hospitalizados - San Vicente de Paul\",\"isPartOf\":{\"@id\":\"https:\/\/hospitalsvpgarzon.gov.co\/#website\"},\"datePublished\":\"2024-12-16T17:20:38+00:00\",\"breadcrumb\":{\"@id\":\"https:\/\/hospitalsvpgarzon.gov.co\/index.php\/en-linea\/estrategia-iamii\/derechos-de-los-ninos-y-ninas-hospitalizados\/#breadcrumb\"},\"inLanguage\":\"es\",\"potentialAction\":[{\"@type\":\"ReadAction\",\"target\":[\"https:\/\/hospitalsvpgarzon.gov.co\/index.php\/en-linea\/estrategia-iamii\/derechos-de-los-ninos-y-ninas-hospitalizados\/\"]}]},{\"@type\":\"BreadcrumbList\",\"@id\":\"https:\/\/hospitalsvpgarzon.gov.co\/index.php\/en-linea\/estrategia-iamii\/derechos-de-los-ninos-y-ninas-hospitalizados\/#breadcrumb\",\"itemListElement\":[{\"@type\":\"ListItem\",\"position\":1,\"name\":\"Portada\",\"item\":\"https:\/\/hospitalsvpgarzon.gov.co\/\"},{\"@type\":\"ListItem\",\"position\":2,\"name\":\"En linea\",\"item\":\"https:\/\/hospitalsvpgarzon.gov.co\/index.php\/en-linea\/\"},{\"@type\":\"ListItem\",\"position\":3,\"name\":\"Estrategia IAMII\",\"item\":\"https:\/\/hospitalsvpgarzon.gov.co\/index.php\/en-linea\/estrategia-iamii\/\"},{\"@type\":\"ListItem\",\"position\":4,\"name\":\"Derechos de los ni\u00f1os y ni\u00f1as Hospitalizados\"}]},{\"@type\":\"WebSite\",\"@id\":\"https:\/\/hospitalsvpgarzon.gov.co\/#website\",\"url\":\"https:\/\/hospitalsvpgarzon.gov.co\/\",\"name\":\"San Vicente de Paul\",\"description\":\"\",\"potentialAction\":[{\"@type\":\"SearchAction\",\"target\":{\"@type\":\"EntryPoint\",\"urlTemplate\":\"https:\/\/hospitalsvpgarzon.gov.co\/?s={search_term_string}\"},\"query-input\":{\"@type\":\"PropertyValueSpecification\",\"valueRequired\":true,\"valueName\":\"search_term_string\"}}],\"inLanguage\":\"es\"}]}<\/script>\n<!-- \/ Yoast SEO plugin. -->","yoast_head_json":{"title":"Derechos de los ni\u00f1os y ni\u00f1as Hospitalizados - San Vicente de Paul","robots":{"index":"index","follow":"follow","max-snippet":"max-snippet:-1","max-image-preview":"max-image-preview:large","max-video-preview":"max-video-preview:-1"},"canonical":"https:\/\/hospitalsvpgarzon.gov.co\/index.php\/en-linea\/estrategia-iamii\/derechos-de-los-ninos-y-ninas-hospitalizados\/","og_locale":"es_ES","og_type":"article","og_title":"Derechos de los ni\u00f1os y ni\u00f1as Hospitalizados - San Vicente de Paul","og_url":"https:\/\/hospitalsvpgarzon.gov.co\/index.php\/en-linea\/estrategia-iamii\/derechos-de-los-ninos-y-ninas-hospitalizados\/","og_site_name":"San Vicente de Paul","twitter_card":"summary_large_image","twitter_misc":{"Tiempo de lectura":"2 minutos"},"schema":{"@context":"https:\/\/schema.org","@graph":[{"@type":"WebPage","@id":"https:\/\/hospitalsvpgarzon.gov.co\/index.php\/en-linea\/estrategia-iamii\/derechos-de-los-ninos-y-ninas-hospitalizados\/","url":"https:\/\/hospitalsvpgarzon.gov.co\/index.php\/en-linea\/estrategia-iamii\/derechos-de-los-ninos-y-ninas-hospitalizados\/","name":"Derechos de los ni\u00f1os y ni\u00f1as Hospitalizados - San Vicente de Paul","isPartOf":{"@id":"https:\/\/hospitalsvpgarzon.gov.co\/#website"},"datePublished":"2024-12-16T17:20:38+00:00","breadcrumb":{"@id":"https:\/\/hospitalsvpgarzon.gov.co\/index.php\/en-linea\/estrategia-iamii\/derechos-de-los-ninos-y-ninas-hospitalizados\/#breadcrumb"},"inLanguage":"es","potentialAction":[{"@type":"ReadAction","target":["https:\/\/hospitalsvpgarzon.gov.co\/index.php\/en-linea\/estrategia-iamii\/derechos-de-los-ninos-y-ninas-hospitalizados\/"]}]},{"@type":"BreadcrumbList","@id":"https:\/\/hospitalsvpgarzon.gov.co\/index.php\/en-linea\/estrategia-iamii\/derechos-de-los-ninos-y-ninas-hospitalizados\/#breadcrumb","itemListElement":[{"@type":"ListItem","position":1,"name":"Portada","item":"https:\/\/hospitalsvpgarzon.gov.co\/"},{"@type":"ListItem","position":2,"name":"En linea","item":"https:\/\/hospitalsvpgarzon.gov.co\/index.php\/en-linea\/"},{"@type":"ListItem","position":3,"name":"Estrategia IAMII","item":"https:\/\/hospitalsvpgarzon.gov.co\/index.php\/en-linea\/estrategia-iamii\/"},{"@type":"ListItem","position":4,"name":"Derechos de los ni\u00f1os y ni\u00f1as Hospitalizados"}]},{"@type":"WebSite","@id":"https:\/\/hospitalsvpgarzon.gov.co\/#website","url":"https:\/\/hospitalsvpgarzon.gov.co\/","name":"San Vicente de Paul","description":"","potentialAction":[{"@type":"SearchAction","target":{"@type":"EntryPoint","urlTemplate":"https:\/\/hospitalsvpgarzon.gov.co\/?s={search_term_string}"},"query-input":{"@type":"PropertyValueSpecification","valueRequired":true,"valueName":"search_term_string"}}],"inLanguage":"es"}]}},"_links":{"self":[{"href":"https:\/\/hospitalsvpgarzon.gov.co\/index.php\/wp-json\/wp\/v2\/pages\/1816","targetHints":{"allow":["GET"]}}],"collection":[{"href":"https:\/\/hospitalsvpgarzon.gov.co\/index.php\/wp-json\/wp\/v2\/pages"}],"about":[{"href":"https:\/\/hospitalsvpgarzon.gov.co\/index.php\/wp-json\/wp\/v2\/types\/page"}],"author":[{"embeddable":true,"href":"https:\/\/hospitalsvpgarzon.gov.co\/index.php\/wp-json\/wp\/v2\/users\/1"}],"replies":[{"embeddable":true,"href":"https:\/\/hospitalsvpgarzon.gov.co\/index.php\/wp-json\/wp\/v2\/comments?post=1816"}],"version-history":[{"count":0,"href":"https:\/\/hospitalsvpgarzon.gov.co\/index.php\/wp-json\/wp\/v2\/pages\/1816\/revisions"}],"up":[{"embeddable":true,"href":"https:\/\/hospitalsvpgarzon.gov.co\/index.php\/wp-json\/wp\/v2\/pages\/1787"}],"wp:attachment":[{"href":"https:\/\/hospitalsvpgarzon.gov.co\/index.php\/wp-json\/wp\/v2\/media?parent=1816"}],"curies":[{"name":"wp","href":"https:\/\/api.w.org\/{rel}","templated":true}]}}