{"id":1796,"date":"2024-12-16T17:04:00","date_gmt":"2024-12-16T17:04:00","guid":{"rendered":"https:\/\/portal.hospitalsvpgarzon.gov.co\/?page_id=1796"},"modified":"2024-12-16T20:08:46","modified_gmt":"2024-12-16T20:08:46","slug":"comite-iamii-institucional","status":"publish","type":"page","link":"https:\/\/hospitalsvpgarzon.gov.co\/index.php\/en-linea\/estrategia-iamii\/comite-iamii-institucional\/","title":{"rendered":"Comit\u00e9 IAMII Institucional"},"content":{"rendered":"<div class=\"fusion-fullwidth fullwidth-box fusion-builder-row-1 fusion-flex-container has-pattern-background has-mask-background nonhundred-percent-fullwidth non-hundred-percent-height-scrolling\" style=\"--awb-border-radius-top-left:0px;--awb-border-radius-top-right:0px;--awb-border-radius-bottom-right:0px;--awb-border-radius-bottom-left:0px;--awb-flex-wrap:wrap;\" ><div class=\"fusion-builder-row fusion-row fusion-flex-align-items-flex-start fusion-flex-content-wrap\" style=\"max-width:89.44%;margin-left: calc(-4% \/ 2 );margin-right: calc(-4% \/ 2 );\"><div class=\"fusion-layout-column fusion_builder_column fusion-builder-column-0 fusion_builder_column_1_1 1_1 fusion-flex-column\" style=\"--awb-bg-size:cover;--awb-width-large:100%;--awb-margin-top-large:0px;--awb-spacing-right-large:1.92%;--awb-margin-bottom-large:20px;--awb-spacing-left-large:1.92%;--awb-width-medium:100%;--awb-order-medium:0;--awb-spacing-right-medium:1.92%;--awb-spacing-left-medium:1.92%;--awb-width-small:100%;--awb-order-small:0;--awb-spacing-right-small:1.92%;--awb-spacing-left-small:1.92%;\"><div class=\"fusion-column-wrapper fusion-column-has-shadow fusion-flex-justify-content-flex-start fusion-content-layout-column\"><div class=\"fusion-title title fusion-title-1 fusion-sep-none fusion-title-text fusion-title-size-three\"><h3 class=\"fusion-title-heading title-heading-left\" style=\"margin:0;text-transform:none;\">El Comit\u00e9 IAMII de la ESE DEPARTAMENTAL SAN VICENTE DE PAUL es el responsable de la coordinaci\u00f3n, gesti\u00f3n, monitoreo y seguimiento de las normas establecidas para el cabal cumplimiento de Estrategia.<\/h3><\/div><div class=\"fusion-text fusion-text-1\"><p>El comit\u00e9 institucional de IAMII de la ESE DEPARTAMENTAL SAN VICENTE DE PAUL es el encargado de articular el plan de capacitaci\u00f3n de la estrategia al plan general de capacitaci\u00f3n institucional con todos sus programas, adem\u00e1s de llevar los registros de las actividades adelantadas en el Plan de capacitaci\u00f3n, incluyendo el diagn\u00f3stico del personal capacitado, actualizado y pendiente por hacerlo y de las jornadas de actualizaci\u00f3n, inducci\u00f3n e informaci\u00f3n que se tienen establecidas para el resto del personal con su respectivo cronograma.<\/p>\n<\/div><\/div><\/div><div class=\"fusion-layout-column fusion_builder_column fusion-builder-column-1 fusion_builder_column_1_2 1_2 fusion-flex-column\" style=\"--awb-bg-size:cover;--awb-width-large:50%;--awb-margin-top-large:0px;--awb-spacing-right-large:3.84%;--awb-margin-bottom-large:20px;--awb-spacing-left-large:3.84%;--awb-width-medium:50%;--awb-order-medium:0;--awb-spacing-right-medium:3.84%;--awb-spacing-left-medium:3.84%;--awb-width-small:100%;--awb-order-small:0;--awb-spacing-right-small:1.92%;--awb-spacing-left-small:1.92%;\"><div class=\"fusion-column-wrapper fusion-column-has-shadow fusion-flex-justify-content-flex-start fusion-content-layout-column\"><div class=\"fusion-image-element \" style=\"text-align:center;--awb-caption-title-font-family:var(--h2_typography-font-family);--awb-caption-title-font-weight:var(--h2_typography-font-weight);--awb-caption-title-font-style:var(--h2_typography-font-style);--awb-caption-title-size:var(--h2_typography-font-size);--awb-caption-title-transform:var(--h2_typography-text-transform);--awb-caption-title-line-height:var(--h2_typography-line-height);--awb-caption-title-letter-spacing:var(--h2_typography-letter-spacing);\"><span class=\" fusion-imageframe imageframe-none imageframe-1 hover-type-none\"><img decoding=\"async\" width=\"556\" height=\"391\" title=\"comite_uno\" src=\"https:\/\/hospitalsvpgarzon.gov.co\/wp-content\/uploads\/2024\/12\/comite_uno.jpg\" data-orig-src=\"https:\/\/portal.hospitalsvpgarzon.gov.co\/wp-content\/uploads\/2024\/12\/comite_uno.jpg\" alt class=\"lazyload img-responsive wp-image-1801\" srcset=\"data:image\/svg+xml,%3Csvg%20xmlns%3D%27http%3A%2F%2Fwww.w3.org%2F2000%2Fsvg%27%20width%3D%27556%27%20height%3D%27391%27%20viewBox%3D%270%200%20556%20391%27%3E%3Crect%20width%3D%27556%27%20height%3D%27391%27%20fill-opacity%3D%220%22%2F%3E%3C%2Fsvg%3E\" data-srcset=\"https:\/\/hospitalsvpgarzon.gov.co\/wp-content\/uploads\/2024\/12\/comite_uno-200x141.jpg 200w, https:\/\/hospitalsvpgarzon.gov.co\/wp-content\/uploads\/2024\/12\/comite_uno-400x281.jpg 400w, https:\/\/hospitalsvpgarzon.gov.co\/wp-content\/uploads\/2024\/12\/comite_uno.jpg 556w\" data-sizes=\"auto\" data-orig-sizes=\"(max-width: 700px) 100vw, 556px\" \/><\/span><\/div><\/div><\/div><div class=\"fusion-layout-column fusion_builder_column fusion-builder-column-2 fusion_builder_column_1_2 1_2 fusion-flex-column\" style=\"--awb-bg-size:cover;--awb-width-large:50%;--awb-margin-top-large:0px;--awb-spacing-right-large:3.84%;--awb-margin-bottom-large:20px;--awb-spacing-left-large:3.84%;--awb-width-medium:50%;--awb-order-medium:0;--awb-spacing-right-medium:3.84%;--awb-spacing-left-medium:3.84%;--awb-width-small:100%;--awb-order-small:0;--awb-spacing-right-small:1.92%;--awb-spacing-left-small:1.92%;\"><div class=\"fusion-column-wrapper fusion-column-has-shadow fusion-flex-justify-content-flex-start fusion-content-layout-column\"><div class=\"fusion-image-element \" style=\"text-align:center;--awb-caption-title-font-family:var(--h2_typography-font-family);--awb-caption-title-font-weight:var(--h2_typography-font-weight);--awb-caption-title-font-style:var(--h2_typography-font-style);--awb-caption-title-size:var(--h2_typography-font-size);--awb-caption-title-transform:var(--h2_typography-text-transform);--awb-caption-title-line-height:var(--h2_typography-line-height);--awb-caption-title-letter-spacing:var(--h2_typography-letter-spacing);\"><span class=\" fusion-imageframe imageframe-none imageframe-2 hover-type-none\"><img decoding=\"async\" width=\"556\" height=\"391\" title=\"comite_dos\" src=\"https:\/\/hospitalsvpgarzon.gov.co\/wp-content\/uploads\/2024\/12\/comite_dos.jpg\" data-orig-src=\"https:\/\/portal.hospitalsvpgarzon.gov.co\/wp-content\/uploads\/2024\/12\/comite_dos.jpg\" alt class=\"lazyload img-responsive wp-image-1803\" srcset=\"data:image\/svg+xml,%3Csvg%20xmlns%3D%27http%3A%2F%2Fwww.w3.org%2F2000%2Fsvg%27%20width%3D%27556%27%20height%3D%27391%27%20viewBox%3D%270%200%20556%20391%27%3E%3Crect%20width%3D%27556%27%20height%3D%27391%27%20fill-opacity%3D%220%22%2F%3E%3C%2Fsvg%3E\" data-srcset=\"https:\/\/hospitalsvpgarzon.gov.co\/wp-content\/uploads\/2024\/12\/comite_dos-200x141.jpg 200w, https:\/\/hospitalsvpgarzon.gov.co\/wp-content\/uploads\/2024\/12\/comite_dos-400x281.jpg 400w, https:\/\/hospitalsvpgarzon.gov.co\/wp-content\/uploads\/2024\/12\/comite_dos.jpg 556w\" data-sizes=\"auto\" data-orig-sizes=\"(max-width: 700px) 100vw, 556px\" \/><\/span><\/div><\/div><\/div><\/div><\/div>\n","protected":false},"excerpt":{"rendered":"","protected":false},"author":1,"featured_media":0,"parent":1787,"menu_order":0,"comment_status":"closed","ping_status":"closed","template":"","meta":{"footnotes":""},"class_list":["post-1796","page","type-page","status-publish","hentry"],"yoast_head":"<!-- This site is optimized with the Yoast SEO plugin v26.6 - https:\/\/yoast.com\/wordpress\/plugins\/seo\/ -->\n<title>Comit\u00e9 IAMII Institucional - San Vicente de Paul<\/title>\n<meta name=\"robots\" content=\"index, follow, max-snippet:-1, max-image-preview:large, max-video-preview:-1\" \/>\n<link rel=\"canonical\" href=\"https:\/\/hospitalsvpgarzon.gov.co\/index.php\/en-linea\/estrategia-iamii\/comite-iamii-institucional\/\" \/>\n<meta property=\"og:locale\" content=\"es_ES\" \/>\n<meta property=\"og:type\" content=\"article\" \/>\n<meta property=\"og:title\" content=\"Comit\u00e9 IAMII Institucional - San Vicente de Paul\" \/>\n<meta property=\"og:url\" content=\"https:\/\/hospitalsvpgarzon.gov.co\/index.php\/en-linea\/estrategia-iamii\/comite-iamii-institucional\/\" \/>\n<meta property=\"og:site_name\" content=\"San Vicente de Paul\" \/>\n<meta property=\"article:modified_time\" content=\"2024-12-16T20:08:46+00:00\" \/>\n<meta name=\"twitter:card\" content=\"summary_large_image\" \/>\n<meta name=\"twitter:label1\" content=\"Tiempo de lectura\" \/>\n\t<meta name=\"twitter:data1\" content=\"1 minuto\" \/>\n<script type=\"application\/ld+json\" class=\"yoast-schema-graph\">{\"@context\":\"https:\/\/schema.org\",\"@graph\":[{\"@type\":\"WebPage\",\"@id\":\"https:\/\/hospitalsvpgarzon.gov.co\/index.php\/en-linea\/estrategia-iamii\/comite-iamii-institucional\/\",\"url\":\"https:\/\/hospitalsvpgarzon.gov.co\/index.php\/en-linea\/estrategia-iamii\/comite-iamii-institucional\/\",\"name\":\"Comit\u00e9 IAMII Institucional - San Vicente de Paul\",\"isPartOf\":{\"@id\":\"https:\/\/hospitalsvpgarzon.gov.co\/#website\"},\"datePublished\":\"2024-12-16T17:04:00+00:00\",\"dateModified\":\"2024-12-16T20:08:46+00:00\",\"breadcrumb\":{\"@id\":\"https:\/\/hospitalsvpgarzon.gov.co\/index.php\/en-linea\/estrategia-iamii\/comite-iamii-institucional\/#breadcrumb\"},\"inLanguage\":\"es\",\"potentialAction\":[{\"@type\":\"ReadAction\",\"target\":[\"https:\/\/hospitalsvpgarzon.gov.co\/index.php\/en-linea\/estrategia-iamii\/comite-iamii-institucional\/\"]}]},{\"@type\":\"BreadcrumbList\",\"@id\":\"https:\/\/hospitalsvpgarzon.gov.co\/index.php\/en-linea\/estrategia-iamii\/comite-iamii-institucional\/#breadcrumb\",\"itemListElement\":[{\"@type\":\"ListItem\",\"position\":1,\"name\":\"Portada\",\"item\":\"https:\/\/hospitalsvpgarzon.gov.co\/\"},{\"@type\":\"ListItem\",\"position\":2,\"name\":\"En linea\",\"item\":\"https:\/\/hospitalsvpgarzon.gov.co\/index.php\/en-linea\/\"},{\"@type\":\"ListItem\",\"position\":3,\"name\":\"Estrategia IAMII\",\"item\":\"https:\/\/hospitalsvpgarzon.gov.co\/index.php\/en-linea\/estrategia-iamii\/\"},{\"@type\":\"ListItem\",\"position\":4,\"name\":\"Comit\u00e9 IAMII Institucional\"}]},{\"@type\":\"WebSite\",\"@id\":\"https:\/\/hospitalsvpgarzon.gov.co\/#website\",\"url\":\"https:\/\/hospitalsvpgarzon.gov.co\/\",\"name\":\"San Vicente de Paul\",\"description\":\"\",\"potentialAction\":[{\"@type\":\"SearchAction\",\"target\":{\"@type\":\"EntryPoint\",\"urlTemplate\":\"https:\/\/hospitalsvpgarzon.gov.co\/?s={search_term_string}\"},\"query-input\":{\"@type\":\"PropertyValueSpecification\",\"valueRequired\":true,\"valueName\":\"search_term_string\"}}],\"inLanguage\":\"es\"}]}<\/script>\n<!-- \/ Yoast SEO plugin. -->","yoast_head_json":{"title":"Comit\u00e9 IAMII Institucional - San Vicente de Paul","robots":{"index":"index","follow":"follow","max-snippet":"max-snippet:-1","max-image-preview":"max-image-preview:large","max-video-preview":"max-video-preview:-1"},"canonical":"https:\/\/hospitalsvpgarzon.gov.co\/index.php\/en-linea\/estrategia-iamii\/comite-iamii-institucional\/","og_locale":"es_ES","og_type":"article","og_title":"Comit\u00e9 IAMII Institucional - San Vicente de Paul","og_url":"https:\/\/hospitalsvpgarzon.gov.co\/index.php\/en-linea\/estrategia-iamii\/comite-iamii-institucional\/","og_site_name":"San Vicente de Paul","article_modified_time":"2024-12-16T20:08:46+00:00","twitter_card":"summary_large_image","twitter_misc":{"Tiempo de lectura":"1 minuto"},"schema":{"@context":"https:\/\/schema.org","@graph":[{"@type":"WebPage","@id":"https:\/\/hospitalsvpgarzon.gov.co\/index.php\/en-linea\/estrategia-iamii\/comite-iamii-institucional\/","url":"https:\/\/hospitalsvpgarzon.gov.co\/index.php\/en-linea\/estrategia-iamii\/comite-iamii-institucional\/","name":"Comit\u00e9 IAMII Institucional - San Vicente de Paul","isPartOf":{"@id":"https:\/\/hospitalsvpgarzon.gov.co\/#website"},"datePublished":"2024-12-16T17:04:00+00:00","dateModified":"2024-12-16T20:08:46+00:00","breadcrumb":{"@id":"https:\/\/hospitalsvpgarzon.gov.co\/index.php\/en-linea\/estrategia-iamii\/comite-iamii-institucional\/#breadcrumb"},"inLanguage":"es","potentialAction":[{"@type":"ReadAction","target":["https:\/\/hospitalsvpgarzon.gov.co\/index.php\/en-linea\/estrategia-iamii\/comite-iamii-institucional\/"]}]},{"@type":"BreadcrumbList","@id":"https:\/\/hospitalsvpgarzon.gov.co\/index.php\/en-linea\/estrategia-iamii\/comite-iamii-institucional\/#breadcrumb","itemListElement":[{"@type":"ListItem","position":1,"name":"Portada","item":"https:\/\/hospitalsvpgarzon.gov.co\/"},{"@type":"ListItem","position":2,"name":"En linea","item":"https:\/\/hospitalsvpgarzon.gov.co\/index.php\/en-linea\/"},{"@type":"ListItem","position":3,"name":"Estrategia IAMII","item":"https:\/\/hospitalsvpgarzon.gov.co\/index.php\/en-linea\/estrategia-iamii\/"},{"@type":"ListItem","position":4,"name":"Comit\u00e9 IAMII Institucional"}]},{"@type":"WebSite","@id":"https:\/\/hospitalsvpgarzon.gov.co\/#website","url":"https:\/\/hospitalsvpgarzon.gov.co\/","name":"San Vicente de Paul","description":"","potentialAction":[{"@type":"SearchAction","target":{"@type":"EntryPoint","urlTemplate":"https:\/\/hospitalsvpgarzon.gov.co\/?s={search_term_string}"},"query-input":{"@type":"PropertyValueSpecification","valueRequired":true,"valueName":"search_term_string"}}],"inLanguage":"es"}]}},"_links":{"self":[{"href":"https:\/\/hospitalsvpgarzon.gov.co\/index.php\/wp-json\/wp\/v2\/pages\/1796","targetHints":{"allow":["GET"]}}],"collection":[{"href":"https:\/\/hospitalsvpgarzon.gov.co\/index.php\/wp-json\/wp\/v2\/pages"}],"about":[{"href":"https:\/\/hospitalsvpgarzon.gov.co\/index.php\/wp-json\/wp\/v2\/types\/page"}],"author":[{"embeddable":true,"href":"https:\/\/hospitalsvpgarzon.gov.co\/index.php\/wp-json\/wp\/v2\/users\/1"}],"replies":[{"embeddable":true,"href":"https:\/\/hospitalsvpgarzon.gov.co\/index.php\/wp-json\/wp\/v2\/comments?post=1796"}],"version-history":[{"count":0,"href":"https:\/\/hospitalsvpgarzon.gov.co\/index.php\/wp-json\/wp\/v2\/pages\/1796\/revisions"}],"up":[{"embeddable":true,"href":"https:\/\/hospitalsvpgarzon.gov.co\/index.php\/wp-json\/wp\/v2\/pages\/1787"}],"wp:attachment":[{"href":"https:\/\/hospitalsvpgarzon.gov.co\/index.php\/wp-json\/wp\/v2\/media?parent=1796"}],"curies":[{"name":"wp","href":"https:\/\/api.w.org\/{rel}","templated":true}]}}