{"id":1655,"date":"2024-12-16T00:39:38","date_gmt":"2024-12-16T00:39:38","guid":{"rendered":"https:\/\/portal.hospitalsvpgarzon.gov.co\/?page_id=1655"},"modified":"2025-09-03T15:35:29","modified_gmt":"2025-09-03T15:35:29","slug":"derechos-y-deberes-de-los-pacientes","status":"publish","type":"page","link":"https:\/\/hospitalsvpgarzon.gov.co\/index.php\/en-linea\/siau_sistema-informacion-atencion-al-usuario\/derechos-y-deberes-de-los-pacientes\/","title":{"rendered":"Derechos y Deberes de los Pacientes"},"content":{"rendered":"<div class=\"fusion-fullwidth fullwidth-box fusion-builder-row-1 fusion-flex-container has-pattern-background has-mask-background nonhundred-percent-fullwidth non-hundred-percent-height-scrolling\" style=\"--awb-border-radius-top-left:0px;--awb-border-radius-top-right:0px;--awb-border-radius-bottom-right:0px;--awb-border-radius-bottom-left:0px;--awb-flex-wrap:wrap;\" ><div class=\"fusion-builder-row fusion-row fusion-flex-align-items-flex-start fusion-flex-content-wrap\" style=\"max-width:89.44%;margin-left: calc(-4% \/ 2 );margin-right: calc(-4% \/ 2 );\"><div class=\"fusion-layout-column fusion_builder_column fusion-builder-column-0 fusion_builder_column_1_1 1_1 fusion-flex-column\" style=\"--awb-bg-size:cover;--awb-width-large:100%;--awb-margin-top-large:0px;--awb-spacing-right-large:1.92%;--awb-margin-bottom-large:20px;--awb-spacing-left-large:1.92%;--awb-width-medium:100%;--awb-order-medium:0;--awb-spacing-right-medium:1.92%;--awb-spacing-left-medium:1.92%;--awb-width-small:100%;--awb-order-small:0;--awb-spacing-right-small:1.92%;--awb-spacing-left-small:1.92%;\"><div class=\"fusion-column-wrapper fusion-column-has-shadow fusion-flex-justify-content-flex-start fusion-content-layout-column\"><div class=\"fusion-text fusion-text-1\"><p>La ESE Hospital Departamental San Vicente de Pa\u00fal, atendiendo la misi\u00f3n institucional, busca \u00abgarantizar servicios de salud de calidad sostenible, humanizados y seguros; con un talento humano valorado que aporta gesti\u00f3n del conocimiento al mejoramiento continuo de la calidad de vida y salud de la poblaci\u00f3n.\u00bb De igual manera, nos proyectamos a brindar satisfacci\u00f3n mientras generamos los mejores resultados en salud.<\/p>\n<p><a href=\"https:\/\/www.hospitalsvpgarzon.gov.co\/documentos\/InformacionPublica\/DeclaracionDeberesyDerechosUsuarios2017.pdf\" target=\"_blank\" rel=\"noopener\">Descargar DECLARACI\u00d3N<\/a><\/p>\n<\/div><\/div><\/div><div class=\"fusion-layout-column fusion_builder_column fusion-builder-column-1 fusion_builder_column_1_1 1_1 fusion-flex-column\" style=\"--awb-bg-size:cover;--awb-width-large:100%;--awb-margin-top-large:0px;--awb-spacing-right-large:1.92%;--awb-margin-bottom-large:20px;--awb-spacing-left-large:1.92%;--awb-width-medium:100%;--awb-order-medium:0;--awb-spacing-right-medium:1.92%;--awb-spacing-left-medium:1.92%;--awb-width-small:100%;--awb-order-small:0;--awb-spacing-right-small:1.92%;--awb-spacing-left-small:1.92%;\"><div class=\"fusion-column-wrapper fusion-column-has-shadow fusion-flex-justify-content-flex-start fusion-content-layout-column\"><div class=\"fusion-title title fusion-title-1 fusion-sep-none fusion-title-text fusion-title-size-three\"><h3 class=\"fusion-title-heading title-heading-left\" style=\"margin:0;text-transform:none;\">Derechos:<\/h3><\/div><div class=\"fusion-text fusion-text-2\"><ul>\n<li>Acceder a los servicios sin que le impongan tr\u00e1mites administrativos\u00a0adicionales a los de ley.<\/li>\n<li>Ser atendido en caso de urgencia de manera inmediata, sin que le exijan\u00a0documentos o dinero.<\/li>\n<li>Recibir atenci\u00f3n con prioridad en caso de ser menor de edad, mujer\u00a0embarazada o adulto mayor.<\/li>\n<li>Recibir informaci\u00f3n de d\u00f3nde y c\u00f3mo presentar quejas o reclamos sobre\u00a0la atenci\u00f3n en salud prestada.<\/li>\n<li>Recibir un trato digno y amable sin discriminaci\u00f3n alguna respetando sus\u00a0creencias y costumbres<\/li>\n<li>Recibir los servicios de salud en condiciones de higiene, seguridad y\u00a0respetando su intimidad<\/li>\n<li>Recibir durante el proceso de la enfermedad; asistencia m\u00e9dica disponible,\u00a0servicios de manera integral, sin interrupci\u00f3n y garantizando la prestaci\u00f3n\u00a0de servicios con calidad.<\/li>\n<li>Disfrutar de una comunicaci\u00f3n clara y oportuna con el m\u00e9dico, sobre su\u00a0estado de salud, de los servicios a recibir, beneficios, alternativas y riesgos\u00a0del tratamiento.<\/li>\n<li>Ser informado sobre los costos de su atenci\u00f3n en salud.<\/li>\n<li>Recibir atenci\u00f3n oportuna en los casos de violencia intrafamiliar, violencia\u00a0o abuso sexual y a que se le brinde en coordinaci\u00f3n con las entidades de\u00a0protecci\u00f3n social, la seguridad y el apoyo necesario.<\/li>\n<li>Garantizar la confidencialidad sobre su informaci\u00f3n cl\u00ednica.<\/li>\n<li>Recibir una segunda opini\u00f3n m\u00e9dica si lo desea dentro de la disponibilidad\u00a0de profesionales de la IPS.<\/li>\n<li>Recibir o rechazar apoyo espiritual o moral.<\/li>\n<li>Ser representado por un familiar o acudiente en caso de inconsciencia,\u00a0minor\u00eda de edad o discapacidad, para que sea este quien acepte o rechace\u00a0cualquier tratamiento dejando constancia escrita de la decisi\u00f3n.<\/li>\n<li>Derecho a morir con dignidad y a que se le respete su voluntad de permitir\u00a0que el proceso de la muerte siga su curso natural en la fase terminal de su\u00a0enfermedad.<\/li>\n<li>Que se respete su voluntad de donar o no sus \u00f3rganos.<\/li>\n<li>En caso de realizarse estudios de investigaci\u00f3n cient\u00edfica, ser incluido s\u00f3lo\u00a0con su autorizaci\u00f3n.<\/li>\n<\/ul>\n<\/div><\/div><\/div><div class=\"fusion-layout-column fusion_builder_column fusion-builder-column-2 fusion_builder_column_1_1 1_1 fusion-flex-column\" style=\"--awb-bg-size:cover;--awb-width-large:100%;--awb-margin-top-large:0px;--awb-spacing-right-large:1.92%;--awb-margin-bottom-large:20px;--awb-spacing-left-large:1.92%;--awb-width-medium:100%;--awb-order-medium:0;--awb-spacing-right-medium:1.92%;--awb-spacing-left-medium:1.92%;--awb-width-small:100%;--awb-order-small:0;--awb-spacing-right-small:1.92%;--awb-spacing-left-small:1.92%;\"><div class=\"fusion-column-wrapper fusion-column-has-shadow fusion-flex-justify-content-flex-start fusion-content-layout-column\"><div class=\"fusion-image-element \" style=\"--awb-caption-title-font-family:var(--h2_typography-font-family);--awb-caption-title-font-weight:var(--h2_typography-font-weight);--awb-caption-title-font-style:var(--h2_typography-font-style);--awb-caption-title-size:var(--h2_typography-font-size);--awb-caption-title-transform:var(--h2_typography-text-transform);--awb-caption-title-line-height:var(--h2_typography-line-height);--awb-caption-title-letter-spacing:var(--h2_typography-letter-spacing);\"><span class=\" fusion-imageframe imageframe-none imageframe-1 hover-type-none\"><img decoding=\"async\" width=\"495\" height=\"293\" title=\"siau1\" src=\"https:\/\/hospitalsvpgarzon.gov.co\/wp-content\/uploads\/2024\/12\/siau1.png\" data-orig-src=\"https:\/\/portal.hospitalsvpgarzon.gov.co\/wp-content\/uploads\/2024\/12\/siau1.png\" alt class=\"lazyload img-responsive wp-image-1675\" srcset=\"data:image\/svg+xml,%3Csvg%20xmlns%3D%27http%3A%2F%2Fwww.w3.org%2F2000%2Fsvg%27%20width%3D%27495%27%20height%3D%27293%27%20viewBox%3D%270%200%20495%20293%27%3E%3Crect%20width%3D%27495%27%20height%3D%27293%27%20fill-opacity%3D%220%22%2F%3E%3C%2Fsvg%3E\" data-srcset=\"https:\/\/hospitalsvpgarzon.gov.co\/wp-content\/uploads\/2024\/12\/siau1-200x118.png 200w, https:\/\/hospitalsvpgarzon.gov.co\/wp-content\/uploads\/2024\/12\/siau1-400x237.png 400w, https:\/\/hospitalsvpgarzon.gov.co\/wp-content\/uploads\/2024\/12\/siau1.png 495w\" data-sizes=\"auto\" data-orig-sizes=\"(max-width: 700px) 100vw, 495px\" \/><\/span><\/div><\/div><\/div><div class=\"fusion-layout-column fusion_builder_column fusion-builder-column-3 fusion_builder_column_1_1 1_1 fusion-flex-column\" style=\"--awb-bg-size:cover;--awb-width-large:100%;--awb-margin-top-large:0px;--awb-spacing-right-large:1.92%;--awb-margin-bottom-large:20px;--awb-spacing-left-large:1.92%;--awb-width-medium:100%;--awb-order-medium:0;--awb-spacing-right-medium:1.92%;--awb-spacing-left-medium:1.92%;--awb-width-small:100%;--awb-order-small:0;--awb-spacing-right-small:1.92%;--awb-spacing-left-small:1.92%;\"><div class=\"fusion-column-wrapper fusion-column-has-shadow fusion-flex-justify-content-flex-start fusion-content-layout-column\"><div class=\"fusion-title title fusion-title-2 fusion-sep-none fusion-title-text fusion-title-size-three\"><h3 class=\"fusion-title-heading title-heading-left\" style=\"margin:0;text-transform:none;\">Deberes:<\/h3><\/div><div class=\"fusion-text fusion-text-3\"><ul>\n<li>Cuidar integralmente su salud, la de su familia y su comunidad,\u00a0cumplir de manera responsable con el tratamiento y seguir las\u00a0recomendaciones de su m\u00e9dico tratante.<\/li>\n<li>Cumplir con las normas e instrucciones establecidas dentro de la instituci\u00f3n\u00a0y actuar de buena fe frente al sistema de salud.<\/li>\n<li>Respetar y tratar con amabilidad al personal de salud.<\/li>\n<li>Cuidar las instalaciones donde le presten servicios de salud y hacer uso\u00a0racional de los recursos.<\/li>\n<li>Asistir oportunamente a las citas asignadas, en caso de no poder\u00a0presentarse, informar 24 horas antes para reasignar a otro usuario que la\u00a0requiera.<\/li>\n<li>Brindar la informaci\u00f3n al personal m\u00e9dico de manera veraz, clara y completa\u00a0de su estado de salud.<\/li>\n<li>Cancelar cuando corresponda, los pagos generados por su atenci\u00f3n de\u00a0acuerdo a su tipo de afiliaci\u00f3n al sistema de salud.<\/li>\n<li>Actuar de manera solidaria ante las situaciones que pongan en peligro la\u00a0vida o la salud de las personas<\/li>\n<li style=\"list-style-type: none;\">\n<ul>\n<li style=\"list-style-type: none;\"><\/li>\n<\/ul>\n<\/li>\n<\/ul>\n<p>Adaptado de la ley 100 de 1993 y la Resoluci\u00f3n 13437 de 1991<\/p>\n<\/div><div class=\"fusion-image-element \" style=\"--awb-caption-title-font-family:var(--h2_typography-font-family);--awb-caption-title-font-weight:var(--h2_typography-font-weight);--awb-caption-title-font-style:var(--h2_typography-font-style);--awb-caption-title-size:var(--h2_typography-font-size);--awb-caption-title-transform:var(--h2_typography-text-transform);--awb-caption-title-line-height:var(--h2_typography-line-height);--awb-caption-title-letter-spacing:var(--h2_typography-letter-spacing);\"><span class=\" fusion-imageframe imageframe-none imageframe-2 hover-type-none\"><a class=\"fusion-no-lightbox\" href=\"https:\/\/portal.hospitalsvpgarzon.gov.co\/wp-content\/uploads\/2025\/09\/FLAYER-DERECHO-2DA.-OPIION.jpeg\" target=\"_blank\" aria-label=\"FLAYER DERECHO 2DA. OPII\u00d3N\" rel=\"noopener noreferrer\"><img decoding=\"async\" width=\"1080\" height=\"1350\" alt=\"Opini\u00f3n m\u00e9dica\" src=\"https:\/\/hospitalsvpgarzon.gov.co\/wp-content\/uploads\/2025\/09\/FLAYER-DERECHO-2DA.-OPIION.jpeg\" data-orig-src=\"https:\/\/portal.hospitalsvpgarzon.gov.co\/wp-content\/uploads\/2025\/09\/FLAYER-DERECHO-2DA.-OPIION.jpeg\" class=\"lazyload img-responsive wp-image-3727\" srcset=\"data:image\/svg+xml,%3Csvg%20xmlns%3D%27http%3A%2F%2Fwww.w3.org%2F2000%2Fsvg%27%20width%3D%271080%27%20height%3D%271350%27%20viewBox%3D%270%200%201080%201350%27%3E%3Crect%20width%3D%271080%27%20height%3D%271350%27%20fill-opacity%3D%220%22%2F%3E%3C%2Fsvg%3E\" data-srcset=\"https:\/\/hospitalsvpgarzon.gov.co\/wp-content\/uploads\/2025\/09\/FLAYER-DERECHO-2DA.-OPIION-200x250.jpeg 200w, https:\/\/hospitalsvpgarzon.gov.co\/wp-content\/uploads\/2025\/09\/FLAYER-DERECHO-2DA.-OPIION-400x500.jpeg 400w, https:\/\/hospitalsvpgarzon.gov.co\/wp-content\/uploads\/2025\/09\/FLAYER-DERECHO-2DA.-OPIION-600x750.jpeg 600w, https:\/\/hospitalsvpgarzon.gov.co\/wp-content\/uploads\/2025\/09\/FLAYER-DERECHO-2DA.-OPIION-800x1000.jpeg 800w, https:\/\/hospitalsvpgarzon.gov.co\/wp-content\/uploads\/2025\/09\/FLAYER-DERECHO-2DA.-OPIION.jpeg 1080w\" data-sizes=\"auto\" data-orig-sizes=\"(max-width: 700px) 100vw, 1080px\" \/><\/a><\/span><\/div><\/div><\/div><\/div><\/div>\n","protected":false},"excerpt":{"rendered":"","protected":false},"author":1,"featured_media":0,"parent":1566,"menu_order":0,"comment_status":"closed","ping_status":"closed","template":"","meta":{"footnotes":""},"class_list":["post-1655","page","type-page","status-publish","hentry"],"yoast_head":"<!-- This site is optimized with the Yoast SEO plugin v26.6 - https:\/\/yoast.com\/wordpress\/plugins\/seo\/ -->\n<title>Derechos y Deberes de los Pacientes - San Vicente de Paul<\/title>\n<meta name=\"robots\" content=\"index, follow, max-snippet:-1, max-image-preview:large, max-video-preview:-1\" \/>\n<link rel=\"canonical\" href=\"https:\/\/hospitalsvpgarzon.gov.co\/index.php\/en-linea\/siau_sistema-informacion-atencion-al-usuario\/derechos-y-deberes-de-los-pacientes\/\" \/>\n<meta property=\"og:locale\" content=\"es_ES\" \/>\n<meta property=\"og:type\" content=\"article\" \/>\n<meta property=\"og:title\" content=\"Derechos y Deberes de los Pacientes - San Vicente de Paul\" \/>\n<meta property=\"og:url\" content=\"https:\/\/hospitalsvpgarzon.gov.co\/index.php\/en-linea\/siau_sistema-informacion-atencion-al-usuario\/derechos-y-deberes-de-los-pacientes\/\" \/>\n<meta property=\"og:site_name\" content=\"San Vicente de Paul\" \/>\n<meta property=\"article:modified_time\" content=\"2025-09-03T15:35:29+00:00\" \/>\n<meta name=\"twitter:card\" content=\"summary_large_image\" \/>\n<meta name=\"twitter:label1\" content=\"Tiempo de lectura\" \/>\n\t<meta name=\"twitter:data1\" content=\"3 minutos\" \/>\n<script type=\"application\/ld+json\" class=\"yoast-schema-graph\">{\"@context\":\"https:\/\/schema.org\",\"@graph\":[{\"@type\":\"WebPage\",\"@id\":\"https:\/\/hospitalsvpgarzon.gov.co\/index.php\/en-linea\/siau_sistema-informacion-atencion-al-usuario\/derechos-y-deberes-de-los-pacientes\/\",\"url\":\"https:\/\/hospitalsvpgarzon.gov.co\/index.php\/en-linea\/siau_sistema-informacion-atencion-al-usuario\/derechos-y-deberes-de-los-pacientes\/\",\"name\":\"Derechos y Deberes de los Pacientes - San Vicente de Paul\",\"isPartOf\":{\"@id\":\"https:\/\/hospitalsvpgarzon.gov.co\/#website\"},\"datePublished\":\"2024-12-16T00:39:38+00:00\",\"dateModified\":\"2025-09-03T15:35:29+00:00\",\"breadcrumb\":{\"@id\":\"https:\/\/hospitalsvpgarzon.gov.co\/index.php\/en-linea\/siau_sistema-informacion-atencion-al-usuario\/derechos-y-deberes-de-los-pacientes\/#breadcrumb\"},\"inLanguage\":\"es\",\"potentialAction\":[{\"@type\":\"ReadAction\",\"target\":[\"https:\/\/hospitalsvpgarzon.gov.co\/index.php\/en-linea\/siau_sistema-informacion-atencion-al-usuario\/derechos-y-deberes-de-los-pacientes\/\"]}]},{\"@type\":\"BreadcrumbList\",\"@id\":\"https:\/\/hospitalsvpgarzon.gov.co\/index.php\/en-linea\/siau_sistema-informacion-atencion-al-usuario\/derechos-y-deberes-de-los-pacientes\/#breadcrumb\",\"itemListElement\":[{\"@type\":\"ListItem\",\"position\":1,\"name\":\"Portada\",\"item\":\"https:\/\/hospitalsvpgarzon.gov.co\/\"},{\"@type\":\"ListItem\",\"position\":2,\"name\":\"En linea\",\"item\":\"https:\/\/hospitalsvpgarzon.gov.co\/index.php\/en-linea\/\"},{\"@type\":\"ListItem\",\"position\":3,\"name\":\"Sistema Informaci\u00f3n Atenci\u00f3n al Usuario\",\"item\":\"https:\/\/hospitalsvpgarzon.gov.co\/index.php\/en-linea\/siau_sistema-informacion-atencion-al-usuario\/\"},{\"@type\":\"ListItem\",\"position\":4,\"name\":\"Derechos y Deberes de los Pacientes\"}]},{\"@type\":\"WebSite\",\"@id\":\"https:\/\/hospitalsvpgarzon.gov.co\/#website\",\"url\":\"https:\/\/hospitalsvpgarzon.gov.co\/\",\"name\":\"San Vicente de Paul\",\"description\":\"\",\"potentialAction\":[{\"@type\":\"SearchAction\",\"target\":{\"@type\":\"EntryPoint\",\"urlTemplate\":\"https:\/\/hospitalsvpgarzon.gov.co\/?s={search_term_string}\"},\"query-input\":{\"@type\":\"PropertyValueSpecification\",\"valueRequired\":true,\"valueName\":\"search_term_string\"}}],\"inLanguage\":\"es\"}]}<\/script>\n<!-- \/ Yoast SEO plugin. -->","yoast_head_json":{"title":"Derechos y Deberes de los Pacientes - San Vicente de Paul","robots":{"index":"index","follow":"follow","max-snippet":"max-snippet:-1","max-image-preview":"max-image-preview:large","max-video-preview":"max-video-preview:-1"},"canonical":"https:\/\/hospitalsvpgarzon.gov.co\/index.php\/en-linea\/siau_sistema-informacion-atencion-al-usuario\/derechos-y-deberes-de-los-pacientes\/","og_locale":"es_ES","og_type":"article","og_title":"Derechos y Deberes de los Pacientes - San Vicente de Paul","og_url":"https:\/\/hospitalsvpgarzon.gov.co\/index.php\/en-linea\/siau_sistema-informacion-atencion-al-usuario\/derechos-y-deberes-de-los-pacientes\/","og_site_name":"San Vicente de Paul","article_modified_time":"2025-09-03T15:35:29+00:00","twitter_card":"summary_large_image","twitter_misc":{"Tiempo de lectura":"3 minutos"},"schema":{"@context":"https:\/\/schema.org","@graph":[{"@type":"WebPage","@id":"https:\/\/hospitalsvpgarzon.gov.co\/index.php\/en-linea\/siau_sistema-informacion-atencion-al-usuario\/derechos-y-deberes-de-los-pacientes\/","url":"https:\/\/hospitalsvpgarzon.gov.co\/index.php\/en-linea\/siau_sistema-informacion-atencion-al-usuario\/derechos-y-deberes-de-los-pacientes\/","name":"Derechos y Deberes de los Pacientes - San Vicente de Paul","isPartOf":{"@id":"https:\/\/hospitalsvpgarzon.gov.co\/#website"},"datePublished":"2024-12-16T00:39:38+00:00","dateModified":"2025-09-03T15:35:29+00:00","breadcrumb":{"@id":"https:\/\/hospitalsvpgarzon.gov.co\/index.php\/en-linea\/siau_sistema-informacion-atencion-al-usuario\/derechos-y-deberes-de-los-pacientes\/#breadcrumb"},"inLanguage":"es","potentialAction":[{"@type":"ReadAction","target":["https:\/\/hospitalsvpgarzon.gov.co\/index.php\/en-linea\/siau_sistema-informacion-atencion-al-usuario\/derechos-y-deberes-de-los-pacientes\/"]}]},{"@type":"BreadcrumbList","@id":"https:\/\/hospitalsvpgarzon.gov.co\/index.php\/en-linea\/siau_sistema-informacion-atencion-al-usuario\/derechos-y-deberes-de-los-pacientes\/#breadcrumb","itemListElement":[{"@type":"ListItem","position":1,"name":"Portada","item":"https:\/\/hospitalsvpgarzon.gov.co\/"},{"@type":"ListItem","position":2,"name":"En linea","item":"https:\/\/hospitalsvpgarzon.gov.co\/index.php\/en-linea\/"},{"@type":"ListItem","position":3,"name":"Sistema Informaci\u00f3n Atenci\u00f3n al Usuario","item":"https:\/\/hospitalsvpgarzon.gov.co\/index.php\/en-linea\/siau_sistema-informacion-atencion-al-usuario\/"},{"@type":"ListItem","position":4,"name":"Derechos y Deberes de los Pacientes"}]},{"@type":"WebSite","@id":"https:\/\/hospitalsvpgarzon.gov.co\/#website","url":"https:\/\/hospitalsvpgarzon.gov.co\/","name":"San Vicente de Paul","description":"","potentialAction":[{"@type":"SearchAction","target":{"@type":"EntryPoint","urlTemplate":"https:\/\/hospitalsvpgarzon.gov.co\/?s={search_term_string}"},"query-input":{"@type":"PropertyValueSpecification","valueRequired":true,"valueName":"search_term_string"}}],"inLanguage":"es"}]}},"_links":{"self":[{"href":"https:\/\/hospitalsvpgarzon.gov.co\/index.php\/wp-json\/wp\/v2\/pages\/1655","targetHints":{"allow":["GET"]}}],"collection":[{"href":"https:\/\/hospitalsvpgarzon.gov.co\/index.php\/wp-json\/wp\/v2\/pages"}],"about":[{"href":"https:\/\/hospitalsvpgarzon.gov.co\/index.php\/wp-json\/wp\/v2\/types\/page"}],"author":[{"embeddable":true,"href":"https:\/\/hospitalsvpgarzon.gov.co\/index.php\/wp-json\/wp\/v2\/users\/1"}],"replies":[{"embeddable":true,"href":"https:\/\/hospitalsvpgarzon.gov.co\/index.php\/wp-json\/wp\/v2\/comments?post=1655"}],"version-history":[{"count":1,"href":"https:\/\/hospitalsvpgarzon.gov.co\/index.php\/wp-json\/wp\/v2\/pages\/1655\/revisions"}],"predecessor-version":[{"id":3729,"href":"https:\/\/hospitalsvpgarzon.gov.co\/index.php\/wp-json\/wp\/v2\/pages\/1655\/revisions\/3729"}],"up":[{"embeddable":true,"href":"https:\/\/hospitalsvpgarzon.gov.co\/index.php\/wp-json\/wp\/v2\/pages\/1566"}],"wp:attachment":[{"href":"https:\/\/hospitalsvpgarzon.gov.co\/index.php\/wp-json\/wp\/v2\/media?parent=1655"}],"curies":[{"name":"wp","href":"https:\/\/api.w.org\/{rel}","templated":true}]}}