{"id":1595,"date":"2024-12-15T23:55:03","date_gmt":"2024-12-15T23:55:03","guid":{"rendered":"https:\/\/portal.hospitalsvpgarzon.gov.co\/?page_id=1595"},"modified":"2024-12-15T23:55:36","modified_gmt":"2024-12-15T23:55:36","slug":"comite-de-etica-hospitalaria","status":"publish","type":"page","link":"https:\/\/hospitalsvpgarzon.gov.co\/index.php\/en-linea\/siau_sistema-informacion-atencion-al-usuario\/comite-de-etica-hospitalaria\/","title":{"rendered":"Comit\u00e9 de \u00c9tica Hospitalaria"},"content":{"rendered":"<div class=\"fusion-fullwidth fullwidth-box fusion-builder-row-1 fusion-flex-container has-pattern-background has-mask-background nonhundred-percent-fullwidth non-hundred-percent-height-scrolling\" style=\"--awb-border-radius-top-left:0px;--awb-border-radius-top-right:0px;--awb-border-radius-bottom-right:0px;--awb-border-radius-bottom-left:0px;--awb-flex-wrap:wrap;\" ><div class=\"fusion-builder-row fusion-row fusion-flex-align-items-flex-start fusion-flex-content-wrap\" style=\"max-width:89.44%;margin-left: calc(-4% \/ 2 );margin-right: calc(-4% \/ 2 );\"><div class=\"fusion-layout-column fusion_builder_column fusion-builder-column-0 fusion_builder_column_1_1 1_1 fusion-flex-column\" style=\"--awb-bg-size:cover;--awb-width-large:100%;--awb-margin-top-large:0px;--awb-spacing-right-large:1.92%;--awb-margin-bottom-large:20px;--awb-spacing-left-large:1.92%;--awb-width-medium:100%;--awb-order-medium:0;--awb-spacing-right-medium:1.92%;--awb-spacing-left-medium:1.92%;--awb-width-small:100%;--awb-order-small:0;--awb-spacing-right-small:1.92%;--awb-spacing-left-small:1.92%;\"><div class=\"fusion-column-wrapper fusion-column-has-shadow fusion-flex-justify-content-flex-start fusion-content-layout-column\"><div class=\"fusion-text fusion-text-1\"><p>El Comit\u00e9 de \u00c9tica Hospitalaria de la E.S.E Hospital Departamental San Vicente de Pa\u00fal de Garz\u00f3n tiene como objetivo propender por la humanizaci\u00f3n en la atenci\u00f3n de pacientes y garantizar el mejoramiento de la calidad en la prestaci\u00f3n de servicios de salud.<\/p>\n<p><a href=\"https:\/\/www.hospitalsvpgarzon.gov.co\/documentos\/InformacionPublica\/SIAU_CMTE_ETICA_HOSPITALARIA.pdf\">Resoluci\u00f3n 0786 DE 2017 creaci\u00f3n del Comit\u00e9 de \u00e9tica hospitalaria<\/a><\/p>\n<\/div><div class=\"fusion-title title fusion-title-1 fusion-sep-none fusion-title-text fusion-title-size-three\"><h3 class=\"fusion-title-heading title-heading-left\" style=\"margin:0;text-transform:none;\"><p class=\"contentheading\">Comit\u00e9 de \u00c9tica Hospitalaria<\/p>\n<div class=\"iteminfo\"><\/div><\/h3><\/div><\/div><\/div><div class=\"fusion-layout-column fusion_builder_column fusion-builder-column-1 fusion_builder_column_1_1 1_1 fusion-flex-column\" style=\"--awb-bg-size:cover;--awb-width-large:100%;--awb-margin-top-large:0px;--awb-spacing-right-large:1.92%;--awb-margin-bottom-large:20px;--awb-spacing-left-large:1.92%;--awb-width-medium:100%;--awb-order-medium:0;--awb-spacing-right-medium:1.92%;--awb-spacing-left-medium:1.92%;--awb-width-small:100%;--awb-order-small:0;--awb-spacing-right-small:1.92%;--awb-spacing-left-small:1.92%;\"><div class=\"fusion-column-wrapper fusion-column-has-shadow fusion-flex-justify-content-flex-start fusion-content-layout-column\"><div class=\"accordian fusion-accordian\" style=\"--awb-border-size:1px;--awb-icon-size:14px;--awb-content-font-size:18px;--awb-icon-alignment:left;--awb-hover-color:#f9f9fb;--awb-border-color:#e2e2e2;--awb-background-color:#ffffff;--awb-divider-color:#e0dede;--awb-divider-hover-color:#e0dede;--awb-icon-color:#ffffff;--awb-title-color:var(--awb-color8);--awb-content-color:#282828;--awb-icon-box-color:var(--awb-color8);--awb-toggle-hover-accent-color:var(--awb-color8);--awb-title-font-family:&quot;Roboto&quot;;--awb-title-font-weight:700;--awb-title-font-style:normal;--awb-title-font-size:20px;--awb-content-font-family:&quot;Roboto&quot;;--awb-content-font-style:normal;--awb-content-font-weight:400;\"><div class=\"panel-group fusion-toggle-icon-boxed\" id=\"accordion-1595-1\"><div class=\"fusion-panel panel-default panel-d92bfc4ac2083dc7f fusion-toggle-no-divider fusion-toggle-boxed-mode\" style=\"--awb-title-color:var(--awb-color8);\"><div class=\"panel-heading\"><h4 class=\"panel-title toggle\" id=\"toggle_d92bfc4ac2083dc7f\"><a class=\"active\" aria-expanded=\"true\" aria-controls=\"d92bfc4ac2083dc7f\" role=\"button\" data-toggle=\"collapse\" data-target=\"#d92bfc4ac2083dc7f\" href=\"#d92bfc4ac2083dc7f\"><span class=\"fusion-toggle-icon-wrapper\" aria-hidden=\"true\"><i class=\"fa-fusion-box active-icon awb-icon-minus\" aria-hidden=\"true\"><\/i><i class=\"fa-fusion-box inactive-icon awb-icon-plus\" aria-hidden=\"true\"><\/i><\/span><span class=\"fusion-toggle-heading\">A\u00f1o 2022<\/span><\/a><\/h4><\/div><div id=\"d92bfc4ac2083dc7f\" class=\"panel-collapse collapse in\" aria-labelledby=\"toggle_d92bfc4ac2083dc7f\"><div class=\"panel-body toggle-content fusion-clearfix\">\n<ul>\n<li><a href=\"https:\/\/www.hospitalsvpgarzon.gov.co\/documentos\/InformacionPublica\/ACTA%20COMITE%20ETICA%2027%20ENERO%2001.pdf\">Acta Comite Etica &#8211; Enero<\/a><\/li>\n<li><a href=\"https:\/\/www.hospitalsvpgarzon.gov.co\/documentos\/InformacionPublica\/ASISTENCIA%20COMITE%20ETICA%2002%20FEBRERO%2024.pdf\">Asistencia Comite Etica -Enero<\/a><\/li>\n<li><a href=\"https:\/\/www.hospitalsvpgarzon.gov.co\/documentos\/InformacionPublica\/ACTA%20COMITE%20ETICA%2024%20FEBRERO%2002.pdf\">Acta Comite Etica &#8211; Febrero<\/a><\/li>\n<li><a href=\"https:\/\/www.hospitalsvpgarzon.gov.co\/documentos\/InformacionPublica\/ASISTENCIA%20COMITE%20ETICA%2002%20FEBRERO%2024%20(1).pdf\">Asitencia Comite Etica &#8211; Febrero<\/a><\/li>\n<li><a href=\"https:\/\/www.hospitalsvpgarzon.gov.co\/documentos\/InformacionPublica\/ACTA%20COMITE%20ETICA%2031%20MARZO%2003.pdf\">Acta Comite Etica &#8211; Marzo<\/a><\/li>\n<li><a href=\"https:\/\/www.hospitalsvpgarzon.gov.co\/documentos\/InformacionPublica\/ASISTENCIA%20COMITE%20ETICA%2003%20MARZO%2031.pdf\">Asitencia Comite Etica &#8211; Marzo<\/a><\/li>\n<li><a href=\"https:\/\/www.hospitalsvpgarzon.gov.co\/documentos\/InformacionPublica\/ACTA%20COMITE%20ABRIL%2004.pdf\">Acta Comite Etica &#8211; Abril<\/a><\/li>\n<li><a href=\"https:\/\/www.hospitalsvpgarzon.gov.co\/documentos\/InformacionPublica\/ASISTENCIA%20COMITE%20ETICA%2004%20ABRIL%2028.pdf\">Asistencia Comite Etica &#8211; Abril<\/a><\/li>\n<\/ul>\n<\/div><\/div><\/div><\/div><\/div><\/div><\/div><div class=\"fusion-layout-column fusion_builder_column fusion-builder-column-2 fusion_builder_column_1_1 1_1 fusion-flex-column\" style=\"--awb-bg-size:cover;--awb-width-large:100%;--awb-margin-top-large:0px;--awb-spacing-right-large:1.92%;--awb-margin-bottom-large:20px;--awb-spacing-left-large:1.92%;--awb-width-medium:100%;--awb-order-medium:0;--awb-spacing-right-medium:1.92%;--awb-spacing-left-medium:1.92%;--awb-width-small:100%;--awb-order-small:0;--awb-spacing-right-small:1.92%;--awb-spacing-left-small:1.92%;\"><div class=\"fusion-column-wrapper fusion-column-has-shadow fusion-flex-justify-content-flex-start fusion-content-layout-column\"><div class=\"accordian fusion-accordian\" style=\"--awb-border-size:1px;--awb-icon-size:14px;--awb-content-font-size:18px;--awb-icon-alignment:left;--awb-hover-color:#f9f9fb;--awb-border-color:#e2e2e2;--awb-background-color:#ffffff;--awb-divider-color:#e0dede;--awb-divider-hover-color:#e0dede;--awb-icon-color:#ffffff;--awb-title-color:var(--awb-color8);--awb-content-color:#282828;--awb-icon-box-color:var(--awb-color8);--awb-toggle-hover-accent-color:var(--awb-color8);--awb-title-font-family:&quot;Roboto&quot;;--awb-title-font-weight:700;--awb-title-font-style:normal;--awb-title-font-size:20px;--awb-content-font-family:&quot;Roboto&quot;;--awb-content-font-style:normal;--awb-content-font-weight:400;\"><div class=\"panel-group fusion-toggle-icon-boxed\" id=\"accordion-1595-2\"><div class=\"fusion-panel panel-default panel-ff7879eee7ec371a3 fusion-toggle-no-divider fusion-toggle-boxed-mode\" style=\"--awb-title-color:var(--awb-color8);\"><div class=\"panel-heading\"><h4 class=\"panel-title toggle\" id=\"toggle_ff7879eee7ec371a3\"><a aria-expanded=\"false\" aria-controls=\"ff7879eee7ec371a3\" role=\"button\" data-toggle=\"collapse\" data-target=\"#ff7879eee7ec371a3\" href=\"#ff7879eee7ec371a3\"><span class=\"fusion-toggle-icon-wrapper\" aria-hidden=\"true\"><i class=\"fa-fusion-box active-icon awb-icon-minus\" aria-hidden=\"true\"><\/i><i class=\"fa-fusion-box inactive-icon awb-icon-plus\" aria-hidden=\"true\"><\/i><\/span><span class=\"fusion-toggle-heading\">A\u00f1o 2019<\/span><\/a><\/h4><\/div><div id=\"ff7879eee7ec371a3\" class=\"panel-collapse collapse \" aria-labelledby=\"toggle_ff7879eee7ec371a3\"><div class=\"panel-body toggle-content fusion-clearfix\">\n<ul>\n<li><a href=\"https:\/\/www.hospitalsvpgarzon.gov.co\/documentos\/InformacionPublica\/SIAU_COMITEDEETICA072019.pdf\">Comite de Etica &#8211; Julio 2019<\/a><\/li>\n<li><a href=\"https:\/\/www.hospitalsvpgarzon.gov.co\/documentos\/InformacionPublica\/SIAU_COMITEDEETICA062019.pdf\">Comite de Etica &#8211; Junio 2019<\/a><\/li>\n<li><a href=\"https:\/\/www.hospitalsvpgarzon.gov.co\/documentos\/InformacionPublica\/SIAU_COMITEDEETICA052019.pdf\">Comite de Etica &#8211; mayo 2019<\/a><\/li>\n<li><a href=\"https:\/\/www.hospitalsvpgarzon.gov.co\/documentos\/InformacionPublica\/SIAU_COMITEDEETICA05ext2019.pdf\">Comite de Etica Extraordinario &#8211; mayo 2019<\/a><\/li>\n<li><a href=\"https:\/\/www.hospitalsvpgarzon.gov.co\/documentos\/InformacionPublica\/SIAU_COMITEDEETICA042019.pdf\">Comite de Etica &#8211; abril 2019<\/a><\/li>\n<li><a href=\"https:\/\/www.hospitalsvpgarzon.gov.co\/documentos\/InformacionPublica\/SIAU_COMITEDEETICA032019.pdf\">Comite de Etica &#8211; marzo 2019<\/a><\/li>\n<li><a href=\"https:\/\/www.hospitalsvpgarzon.gov.co\/documentos\/InformacionPublica\/SIAU_COMITEDEETICA022019.pdf\">Comite de Etica &#8211; febrero 2019<\/a><\/li>\n<li><a href=\"https:\/\/www.hospitalsvpgarzon.gov.co\/documentos\/InformacionPublica\/SIAU_COMITEDEETICA012019.pdf\">Comite de Etica &#8211; enero 2019<\/a><\/li>\n<li><a href=\"https:\/\/www.hospitalsvpgarzon.gov.co\/documentos\/InformacionPublica\/SIAU_COMITEDEETICA01ext2019.pdf\">Comite de Etica Extraordinario &#8211; enero 2019<\/a><\/li>\n<\/ul>\n<\/div><\/div><\/div><\/div><\/div><\/div><\/div><div class=\"fusion-layout-column fusion_builder_column fusion-builder-column-3 fusion_builder_column_1_1 1_1 fusion-flex-column\" style=\"--awb-bg-size:cover;--awb-width-large:100%;--awb-margin-top-large:0px;--awb-spacing-right-large:1.92%;--awb-margin-bottom-large:20px;--awb-spacing-left-large:1.92%;--awb-width-medium:100%;--awb-order-medium:0;--awb-spacing-right-medium:1.92%;--awb-spacing-left-medium:1.92%;--awb-width-small:100%;--awb-order-small:0;--awb-spacing-right-small:1.92%;--awb-spacing-left-small:1.92%;\"><div class=\"fusion-column-wrapper fusion-column-has-shadow fusion-flex-justify-content-flex-start fusion-content-layout-column\"><div class=\"accordian fusion-accordian\" style=\"--awb-border-size:1px;--awb-icon-size:14px;--awb-content-font-size:18px;--awb-icon-alignment:left;--awb-hover-color:#f9f9fb;--awb-border-color:#e2e2e2;--awb-background-color:#ffffff;--awb-divider-color:#e0dede;--awb-divider-hover-color:#e0dede;--awb-icon-color:#ffffff;--awb-title-color:var(--awb-color8);--awb-content-color:#282828;--awb-icon-box-color:var(--awb-color8);--awb-toggle-hover-accent-color:var(--awb-color8);--awb-title-font-family:&quot;Roboto&quot;;--awb-title-font-weight:700;--awb-title-font-style:normal;--awb-title-font-size:20px;--awb-content-font-family:&quot;Roboto&quot;;--awb-content-font-style:normal;--awb-content-font-weight:400;\"><div class=\"panel-group fusion-toggle-icon-boxed\" id=\"accordion-1595-3\"><div class=\"fusion-panel panel-default panel-f28d3940a7b26df7f fusion-toggle-no-divider fusion-toggle-boxed-mode\" style=\"--awb-title-color:var(--awb-color8);\"><div class=\"panel-heading\"><h4 class=\"panel-title toggle\" id=\"toggle_f28d3940a7b26df7f\"><a aria-expanded=\"false\" aria-controls=\"f28d3940a7b26df7f\" role=\"button\" data-toggle=\"collapse\" data-target=\"#f28d3940a7b26df7f\" href=\"#f28d3940a7b26df7f\"><span class=\"fusion-toggle-icon-wrapper\" aria-hidden=\"true\"><i class=\"fa-fusion-box active-icon awb-icon-minus\" aria-hidden=\"true\"><\/i><i class=\"fa-fusion-box inactive-icon awb-icon-plus\" aria-hidden=\"true\"><\/i><\/span><span class=\"fusion-toggle-heading\">A\u00f1o 2018<\/span><\/a><\/h4><\/div><div id=\"f28d3940a7b26df7f\" class=\"panel-collapse collapse \" aria-labelledby=\"toggle_f28d3940a7b26df7f\"><div class=\"panel-body toggle-content fusion-clearfix\">\n<ul>\n<li><a href=\"https:\/\/www.hospitalsvpgarzon.gov.co\/documentos\/InformacionPublica\/SIAU_ACTA12_COMITEDEETICA122018.pdf\">Comite de Etica &#8211; diciembre 2018<\/a><\/li>\n<li><a href=\"https:\/\/www.hospitalsvpgarzon.gov.co\/documentos\/InformacionPublica\/SIAU_ACTA11_COMITEDEETICA112018.pdf\">Comite de Etica &#8211; noviembre 2018<\/a><\/li>\n<li><a href=\"https:\/\/www.hospitalsvpgarzon.gov.co\/documentos\/InformacionPublica\/SIAU_ACTA10_COMITEDEETICA102018.pdf\">Comite de Etica &#8211; octubre 2018<\/a><\/li>\n<li><a href=\"https:\/\/www.hospitalsvpgarzon.gov.co\/documentos\/InformacionPublica\/SIAU_ACTA9_COMITEDEETICA092018.pdf\">Comite de Etica &#8211; septiembre 2018<\/a><\/li>\n<li><a href=\"https:\/\/www.hospitalsvpgarzon.gov.co\/documentos\/InformacionPublica\/SIAU_ACTA8_COMITEDEETICA082018.pdf\">Comite de Etica &#8211; agosto 2018<\/a><\/li>\n<li><a href=\"https:\/\/www.hospitalsvpgarzon.gov.co\/documentos\/InformacionPublica\/SIAU_ACTA7_COMITEDEETICA072018.pdf\">Comite de Etica &#8211; julio 2018<\/a><\/li>\n<li><a href=\"https:\/\/www.hospitalsvpgarzon.gov.co\/documentos\/InformacionPublica\/SIAU_ACTA6_COMITEDEETICA062018.pdf\">Comite de Etica &#8211; junio 2018<\/a><\/li>\n<li><a href=\"https:\/\/www.hospitalsvpgarzon.gov.co\/documentos\/InformacionPublica\/SIAU_ACTA5_COMITEDEETICA052018.pdf\">Comite de Etica &#8211; mayo 2018<\/a><\/li>\n<li><a href=\"https:\/\/www.hospitalsvpgarzon.gov.co\/documentos\/InformacionPublica\/SIAU_ACTA4_COMITEDEETICA042018.pdf\">Comite de Etica &#8211; abril 2018<\/a><\/li>\n<li><a href=\"https:\/\/www.hospitalsvpgarzon.gov.co\/documentos\/InformacionPublica\/SIAU_ACTA3_COMITEDEETICA032018.pdf\">Comite de Etica &#8211; marzo 2018<\/a><\/li>\n<li><a href=\"https:\/\/www.hospitalsvpgarzon.gov.co\/documentos\/InformacionPublica\/SIAU_ACTA2_COMITEDEETICA022018.pdf\">Comite de Etica &#8211; febrero 2018<\/a><\/li>\n<li><a href=\"https:\/\/www.hospitalsvpgarzon.gov.co\/documentos\/InformacionPublica\/SIAU_ACTA1_COMITEDEETICA012018.pdf\">Comite de Etica &#8211; enero 2018<\/a><\/li>\n<\/ul>\n<\/div><\/div><\/div><\/div><\/div><\/div><\/div><\/div><\/div>\n","protected":false},"excerpt":{"rendered":"","protected":false},"author":1,"featured_media":0,"parent":1566,"menu_order":0,"comment_status":"closed","ping_status":"closed","template":"","meta":{"footnotes":""},"class_list":["post-1595","page","type-page","status-publish","hentry"],"yoast_head":"<!-- This site is optimized with the Yoast SEO plugin v26.6 - https:\/\/yoast.com\/wordpress\/plugins\/seo\/ -->\n<title>Comit\u00e9 de \u00c9tica Hospitalaria - San Vicente de Paul<\/title>\n<meta name=\"robots\" content=\"index, follow, max-snippet:-1, max-image-preview:large, max-video-preview:-1\" \/>\n<link rel=\"canonical\" href=\"https:\/\/hospitalsvpgarzon.gov.co\/index.php\/en-linea\/siau_sistema-informacion-atencion-al-usuario\/comite-de-etica-hospitalaria\/\" \/>\n<meta property=\"og:locale\" content=\"es_ES\" \/>\n<meta property=\"og:type\" content=\"article\" \/>\n<meta property=\"og:title\" content=\"Comit\u00e9 de \u00c9tica Hospitalaria - San Vicente de Paul\" \/>\n<meta property=\"og:url\" content=\"https:\/\/hospitalsvpgarzon.gov.co\/index.php\/en-linea\/siau_sistema-informacion-atencion-al-usuario\/comite-de-etica-hospitalaria\/\" \/>\n<meta property=\"og:site_name\" content=\"San Vicente de Paul\" \/>\n<meta property=\"article:modified_time\" content=\"2024-12-15T23:55:36+00:00\" \/>\n<meta name=\"twitter:card\" content=\"summary_large_image\" \/>\n<meta name=\"twitter:label1\" content=\"Tiempo de lectura\" \/>\n\t<meta name=\"twitter:data1\" content=\"1 minuto\" \/>\n<script type=\"application\/ld+json\" class=\"yoast-schema-graph\">{\"@context\":\"https:\/\/schema.org\",\"@graph\":[{\"@type\":\"WebPage\",\"@id\":\"https:\/\/hospitalsvpgarzon.gov.co\/index.php\/en-linea\/siau_sistema-informacion-atencion-al-usuario\/comite-de-etica-hospitalaria\/\",\"url\":\"https:\/\/hospitalsvpgarzon.gov.co\/index.php\/en-linea\/siau_sistema-informacion-atencion-al-usuario\/comite-de-etica-hospitalaria\/\",\"name\":\"Comit\u00e9 de \u00c9tica Hospitalaria - San Vicente de Paul\",\"isPartOf\":{\"@id\":\"https:\/\/hospitalsvpgarzon.gov.co\/#website\"},\"datePublished\":\"2024-12-15T23:55:03+00:00\",\"dateModified\":\"2024-12-15T23:55:36+00:00\",\"breadcrumb\":{\"@id\":\"https:\/\/hospitalsvpgarzon.gov.co\/index.php\/en-linea\/siau_sistema-informacion-atencion-al-usuario\/comite-de-etica-hospitalaria\/#breadcrumb\"},\"inLanguage\":\"es\",\"potentialAction\":[{\"@type\":\"ReadAction\",\"target\":[\"https:\/\/hospitalsvpgarzon.gov.co\/index.php\/en-linea\/siau_sistema-informacion-atencion-al-usuario\/comite-de-etica-hospitalaria\/\"]}]},{\"@type\":\"BreadcrumbList\",\"@id\":\"https:\/\/hospitalsvpgarzon.gov.co\/index.php\/en-linea\/siau_sistema-informacion-atencion-al-usuario\/comite-de-etica-hospitalaria\/#breadcrumb\",\"itemListElement\":[{\"@type\":\"ListItem\",\"position\":1,\"name\":\"Portada\",\"item\":\"https:\/\/hospitalsvpgarzon.gov.co\/\"},{\"@type\":\"ListItem\",\"position\":2,\"name\":\"En linea\",\"item\":\"https:\/\/hospitalsvpgarzon.gov.co\/index.php\/en-linea\/\"},{\"@type\":\"ListItem\",\"position\":3,\"name\":\"Sistema Informaci\u00f3n Atenci\u00f3n al Usuario\",\"item\":\"https:\/\/hospitalsvpgarzon.gov.co\/index.php\/en-linea\/siau_sistema-informacion-atencion-al-usuario\/\"},{\"@type\":\"ListItem\",\"position\":4,\"name\":\"Comit\u00e9 de \u00c9tica Hospitalaria\"}]},{\"@type\":\"WebSite\",\"@id\":\"https:\/\/hospitalsvpgarzon.gov.co\/#website\",\"url\":\"https:\/\/hospitalsvpgarzon.gov.co\/\",\"name\":\"San Vicente de Paul\",\"description\":\"\",\"potentialAction\":[{\"@type\":\"SearchAction\",\"target\":{\"@type\":\"EntryPoint\",\"urlTemplate\":\"https:\/\/hospitalsvpgarzon.gov.co\/?s={search_term_string}\"},\"query-input\":{\"@type\":\"PropertyValueSpecification\",\"valueRequired\":true,\"valueName\":\"search_term_string\"}}],\"inLanguage\":\"es\"}]}<\/script>\n<!-- \/ Yoast SEO plugin. -->","yoast_head_json":{"title":"Comit\u00e9 de \u00c9tica Hospitalaria - San Vicente de Paul","robots":{"index":"index","follow":"follow","max-snippet":"max-snippet:-1","max-image-preview":"max-image-preview:large","max-video-preview":"max-video-preview:-1"},"canonical":"https:\/\/hospitalsvpgarzon.gov.co\/index.php\/en-linea\/siau_sistema-informacion-atencion-al-usuario\/comite-de-etica-hospitalaria\/","og_locale":"es_ES","og_type":"article","og_title":"Comit\u00e9 de \u00c9tica Hospitalaria - San Vicente de Paul","og_url":"https:\/\/hospitalsvpgarzon.gov.co\/index.php\/en-linea\/siau_sistema-informacion-atencion-al-usuario\/comite-de-etica-hospitalaria\/","og_site_name":"San Vicente de Paul","article_modified_time":"2024-12-15T23:55:36+00:00","twitter_card":"summary_large_image","twitter_misc":{"Tiempo de lectura":"1 minuto"},"schema":{"@context":"https:\/\/schema.org","@graph":[{"@type":"WebPage","@id":"https:\/\/hospitalsvpgarzon.gov.co\/index.php\/en-linea\/siau_sistema-informacion-atencion-al-usuario\/comite-de-etica-hospitalaria\/","url":"https:\/\/hospitalsvpgarzon.gov.co\/index.php\/en-linea\/siau_sistema-informacion-atencion-al-usuario\/comite-de-etica-hospitalaria\/","name":"Comit\u00e9 de \u00c9tica Hospitalaria - San Vicente de Paul","isPartOf":{"@id":"https:\/\/hospitalsvpgarzon.gov.co\/#website"},"datePublished":"2024-12-15T23:55:03+00:00","dateModified":"2024-12-15T23:55:36+00:00","breadcrumb":{"@id":"https:\/\/hospitalsvpgarzon.gov.co\/index.php\/en-linea\/siau_sistema-informacion-atencion-al-usuario\/comite-de-etica-hospitalaria\/#breadcrumb"},"inLanguage":"es","potentialAction":[{"@type":"ReadAction","target":["https:\/\/hospitalsvpgarzon.gov.co\/index.php\/en-linea\/siau_sistema-informacion-atencion-al-usuario\/comite-de-etica-hospitalaria\/"]}]},{"@type":"BreadcrumbList","@id":"https:\/\/hospitalsvpgarzon.gov.co\/index.php\/en-linea\/siau_sistema-informacion-atencion-al-usuario\/comite-de-etica-hospitalaria\/#breadcrumb","itemListElement":[{"@type":"ListItem","position":1,"name":"Portada","item":"https:\/\/hospitalsvpgarzon.gov.co\/"},{"@type":"ListItem","position":2,"name":"En linea","item":"https:\/\/hospitalsvpgarzon.gov.co\/index.php\/en-linea\/"},{"@type":"ListItem","position":3,"name":"Sistema Informaci\u00f3n Atenci\u00f3n al Usuario","item":"https:\/\/hospitalsvpgarzon.gov.co\/index.php\/en-linea\/siau_sistema-informacion-atencion-al-usuario\/"},{"@type":"ListItem","position":4,"name":"Comit\u00e9 de \u00c9tica Hospitalaria"}]},{"@type":"WebSite","@id":"https:\/\/hospitalsvpgarzon.gov.co\/#website","url":"https:\/\/hospitalsvpgarzon.gov.co\/","name":"San Vicente de Paul","description":"","potentialAction":[{"@type":"SearchAction","target":{"@type":"EntryPoint","urlTemplate":"https:\/\/hospitalsvpgarzon.gov.co\/?s={search_term_string}"},"query-input":{"@type":"PropertyValueSpecification","valueRequired":true,"valueName":"search_term_string"}}],"inLanguage":"es"}]}},"_links":{"self":[{"href":"https:\/\/hospitalsvpgarzon.gov.co\/index.php\/wp-json\/wp\/v2\/pages\/1595","targetHints":{"allow":["GET"]}}],"collection":[{"href":"https:\/\/hospitalsvpgarzon.gov.co\/index.php\/wp-json\/wp\/v2\/pages"}],"about":[{"href":"https:\/\/hospitalsvpgarzon.gov.co\/index.php\/wp-json\/wp\/v2\/types\/page"}],"author":[{"embeddable":true,"href":"https:\/\/hospitalsvpgarzon.gov.co\/index.php\/wp-json\/wp\/v2\/users\/1"}],"replies":[{"embeddable":true,"href":"https:\/\/hospitalsvpgarzon.gov.co\/index.php\/wp-json\/wp\/v2\/comments?post=1595"}],"version-history":[{"count":0,"href":"https:\/\/hospitalsvpgarzon.gov.co\/index.php\/wp-json\/wp\/v2\/pages\/1595\/revisions"}],"up":[{"embeddable":true,"href":"https:\/\/hospitalsvpgarzon.gov.co\/index.php\/wp-json\/wp\/v2\/pages\/1566"}],"wp:attachment":[{"href":"https:\/\/hospitalsvpgarzon.gov.co\/index.php\/wp-json\/wp\/v2\/media?parent=1595"}],"curies":[{"name":"wp","href":"https:\/\/api.w.org\/{rel}","templated":true}]}}