{"id":146,"date":"2024-11-24T16:53:07","date_gmt":"2024-11-24T16:53:07","guid":{"rendered":"https:\/\/portal.hospitalsvpgarzon.gov.co\/?page_id=146"},"modified":"2026-04-13T14:01:31","modified_gmt":"2026-04-13T19:01:31","slug":"modelo-de-operacion","status":"publish","type":"page","link":"https:\/\/hospitalsvpgarzon.gov.co\/index.php\/quienes-somos\/modelo-de-operacion\/","title":{"rendered":"Modelo de Operaci\u00f3n"},"content":{"rendered":"<div class=\"fusion-fullwidth fullwidth-box fusion-builder-row-1 fusion-flex-container has-pattern-background has-mask-background nonhundred-percent-fullwidth non-hundred-percent-height-scrolling\" style=\"--awb-border-radius-top-left:0px;--awb-border-radius-top-right:0px;--awb-border-radius-bottom-right:0px;--awb-border-radius-bottom-left:0px;--awb-flex-wrap:wrap;\" ><div class=\"fusion-builder-row fusion-row fusion-flex-align-items-flex-start fusion-flex-content-wrap\" style=\"max-width:89.44%;margin-left: calc(-4% \/ 2 );margin-right: calc(-4% \/ 2 );\"><div class=\"fusion-layout-column fusion_builder_column fusion-builder-column-0 fusion_builder_column_1_1 1_1 fusion-flex-column\" style=\"--awb-bg-size:cover;--awb-width-large:100%;--awb-margin-top-large:0px;--awb-spacing-right-large:1.92%;--awb-margin-bottom-large:20px;--awb-spacing-left-large:1.92%;--awb-width-medium:100%;--awb-order-medium:0;--awb-spacing-right-medium:1.92%;--awb-spacing-left-medium:1.92%;--awb-width-small:100%;--awb-order-small:0;--awb-spacing-right-small:1.92%;--awb-spacing-left-small:1.92%;\"><div class=\"fusion-column-wrapper fusion-column-has-shadow fusion-flex-justify-content-flex-start fusion-content-layout-column\"><div class=\"fusion-text fusion-text-1\"><p>Consecuente con lo fijado por Modelo Est\u00e1ndar de Control Interno y Sistema Obligatorio de Garant\u00eda de Calidad de la Atenci\u00f3n de Salud del Sistema General de Seguridad Social en Salud SOGCS, la empresa con la participaci\u00f3n activa de sus directivos y dem\u00e1s personal de la ESE y en desarrollo e implementaci\u00f3n de estas normas, ha establecido la nueva versi\u00f3n del Modelo de Operaci\u00f3n por Procesos para la ESE.<\/p>\n<p>Como su nombre lo indica el modelo, se basa en el enfoque por proceso, teniendo de presente que en la ESE existe una red de procesos, la cual al trabajar articuladamente, permite generar valor, tal como expresa la Ley 872 de 2.003. Un resultado deseado, se alcanza m\u00e1s eficientemente cuando las actividades y los recursos relacionados se gestionan como un proceso.<\/p>\n<\/div><div class=\"fusion-title title fusion-title-1 fusion-sep-none fusion-title-text fusion-title-size-three\"><h3 class=\"fusion-title-heading title-heading-left\" style=\"margin:0;text-transform:none;\">Mapa de Procesos<\/h3><\/div><\/div><\/div><div class=\"fusion-layout-column fusion_builder_column fusion-builder-column-1 fusion_builder_column_2_3 2_3 fusion-flex-column\" style=\"--awb-bg-size:cover;--awb-width-large:66.666666666667%;--awb-margin-top-large:0px;--awb-spacing-right-large:2.88%;--awb-margin-bottom-large:20px;--awb-spacing-left-large:2.88%;--awb-width-medium:66.666666666667%;--awb-order-medium:0;--awb-spacing-right-medium:2.88%;--awb-spacing-left-medium:2.88%;--awb-width-small:100%;--awb-order-small:0;--awb-spacing-right-small:1.92%;--awb-spacing-left-small:1.92%;\" data-scroll-devices=\"small-visibility,medium-visibility,large-visibility\"><div class=\"fusion-column-wrapper fusion-column-has-shadow fusion-flex-justify-content-flex-start fusion-content-layout-column\"><div class=\"fusion-image-element \" style=\"--awb-caption-title-font-family:var(--h2_typography-font-family);--awb-caption-title-font-weight:var(--h2_typography-font-weight);--awb-caption-title-font-style:var(--h2_typography-font-style);--awb-caption-title-size:var(--h2_typography-font-size);--awb-caption-title-transform:var(--h2_typography-text-transform);--awb-caption-title-line-height:var(--h2_typography-line-height);--awb-caption-title-letter-spacing:var(--h2_typography-letter-spacing);\"><span class=\" fusion-imageframe imageframe-none imageframe-1 hover-type-none\"><img decoding=\"async\" width=\"703\" height=\"228\" alt=\"Modelo de Operaci\u00f3n\" title=\"ModelOperacion\" src=\"https:\/\/hospitalsvpgarzon.gov.co\/wp-content\/uploads\/2024\/11\/ModelOperacion.jpg\" data-orig-src=\"https:\/\/hospitalsvpgarzon.gov.co\/wp-content\/uploads\/2024\/11\/ModelOperacion.jpg\" class=\"lazyload img-responsive wp-image-147\" srcset=\"data:image\/svg+xml,%3Csvg%20xmlns%3D%27http%3A%2F%2Fwww.w3.org%2F2000%2Fsvg%27%20width%3D%27703%27%20height%3D%27228%27%20viewBox%3D%270%200%20703%20228%27%3E%3Crect%20width%3D%27703%27%20height%3D%27228%27%20fill-opacity%3D%220%22%2F%3E%3C%2Fsvg%3E\" data-srcset=\"https:\/\/hospitalsvpgarzon.gov.co\/wp-content\/uploads\/2024\/11\/ModelOperacion-200x65.jpg 200w, https:\/\/hospitalsvpgarzon.gov.co\/wp-content\/uploads\/2024\/11\/ModelOperacion-400x130.jpg 400w, https:\/\/hospitalsvpgarzon.gov.co\/wp-content\/uploads\/2024\/11\/ModelOperacion-600x195.jpg 600w, https:\/\/hospitalsvpgarzon.gov.co\/wp-content\/uploads\/2024\/11\/ModelOperacion.jpg 703w\" data-sizes=\"auto\" data-orig-sizes=\"(max-width: 700px) 100vw, 703px\" \/><\/span><\/div><\/div><\/div><div class=\"fusion-layout-column fusion_builder_column fusion-builder-column-2 fusion_builder_column_1_3 1_3 fusion-flex-column\" style=\"--awb-bg-size:cover;--awb-width-large:33.333333333333%;--awb-margin-top-large:0px;--awb-spacing-right-large:5.76%;--awb-margin-bottom-large:20px;--awb-spacing-left-large:5.76%;--awb-width-medium:33.333333333333%;--awb-order-medium:0;--awb-spacing-right-medium:5.76%;--awb-spacing-left-medium:5.76%;--awb-width-small:100%;--awb-order-small:0;--awb-spacing-right-small:1.92%;--awb-spacing-left-small:1.92%;\"><div class=\"fusion-column-wrapper fusion-column-has-shadow fusion-flex-justify-content-flex-start fusion-content-layout-column\"><div class=\"fusion-text fusion-text-2\"><p>En la Empresa Social del Estado Hospital Departamental San Vicente de Pa\u00fal, los procesos est\u00e1n representados gr\u00e1ficamente en el Mapa de Procesos, el cual ilustra los cuatro niveles de ordenamiento de procesos, seg\u00fan lo fija el Modelo Est\u00e1ndar de Control Interno MECI 1000:2005 a saber: Estrat\u00e9gicos, Misionales, de Apoyo y de Evaluaci\u00f3n, as\u00ed:\u201d<\/p>\n<\/div><\/div><\/div><div class=\"fusion-layout-column fusion_builder_column fusion-builder-column-3 fusion_builder_column_1_1 1_1 fusion-flex-column\" style=\"--awb-bg-size:cover;--awb-width-large:100%;--awb-margin-top-large:0px;--awb-spacing-right-large:1.92%;--awb-margin-bottom-large:20px;--awb-spacing-left-large:1.92%;--awb-width-medium:100%;--awb-order-medium:0;--awb-spacing-right-medium:1.92%;--awb-spacing-left-medium:1.92%;--awb-width-small:100%;--awb-order-small:0;--awb-spacing-right-small:1.92%;--awb-spacing-left-small:1.92%;\"><div class=\"fusion-column-wrapper fusion-column-has-shadow fusion-flex-justify-content-flex-start fusion-content-layout-column\"><div class=\"fusion-title title fusion-title-2 fusion-sep-none fusion-title-text fusion-title-size-three\"><h3 class=\"fusion-title-heading title-heading-left\" style=\"margin:0;text-transform:none;\">Mapa para cada Proceso de la Empresa Social del Estado HSVP<\/h3><\/div><div class=\"fusion-text fusion-text-3\"><ul>\n<li>Macroprocesos (4): Estrat\u00e9gicos, misionales, de apoyo, evaluaci\u00f3n y mejoramiento.<\/li>\n<li>Procesos (6): Gesti\u00f3n de la comunidad en salud, gesti\u00f3n estrat\u00e9gica, gesti\u00f3n de la salud p\u00fablica, gesti\u00f3n de la atenci\u00f3n y el cuidado de la salud, gesti\u00f3n de apoyo corporativo, gesti\u00f3n de la mejora continua.<\/li>\n<li>Procedimientos (15): Administraci\u00f3n del entorno, gesti\u00f3n sistem\u00e1tica de actores, direccionamiento estrat\u00e9gico, gesti\u00f3n integral de planes, programas y proyectos, vigilancia en salud publica, gesti\u00f3n acciones colectivas, gesti\u00f3n acciones individuales, ingreso, atenci\u00f3n en salud, egreso, gesti\u00f3n de requerimientos de recursos, desarrollo y resultado de soluciones empresariales, administraci\u00f3n del riesgo, evaluaci\u00f3n y an\u00e1lisis de la gesti\u00f3n institucional, mejora continua.<\/li>\n<\/ul>\n<\/div><div class=\"fusion-image-element \" style=\"text-align:center;--awb-caption-title-font-family:var(--h2_typography-font-family);--awb-caption-title-font-weight:var(--h2_typography-font-weight);--awb-caption-title-font-style:var(--h2_typography-font-style);--awb-caption-title-size:var(--h2_typography-font-size);--awb-caption-title-transform:var(--h2_typography-text-transform);--awb-caption-title-line-height:var(--h2_typography-line-height);--awb-caption-title-letter-spacing:var(--h2_typography-letter-spacing);\"><span class=\" fusion-imageframe imageframe-none imageframe-2 hover-type-none\"><img decoding=\"async\" width=\"1200\" height=\"848\" title=\"mapa-procesos-procedimiento\" src=\"https:\/\/hospitalsvpgarzon.gov.co\/wp-content\/uploads\/2026\/04\/mapa-procesos-procedimiento.jpg\" data-orig-src=\"https:\/\/hospitalsvpgarzon.gov.co\/wp-content\/uploads\/2026\/04\/mapa-procesos-procedimiento.jpg\" alt class=\"lazyload img-responsive wp-image-4344\" srcset=\"data:image\/svg+xml,%3Csvg%20xmlns%3D%27http%3A%2F%2Fwww.w3.org%2F2000%2Fsvg%27%20width%3D%271200%27%20height%3D%27848%27%20viewBox%3D%270%200%201200%20848%27%3E%3Crect%20width%3D%271200%27%20height%3D%27848%27%20fill-opacity%3D%220%22%2F%3E%3C%2Fsvg%3E\" data-srcset=\"https:\/\/hospitalsvpgarzon.gov.co\/wp-content\/uploads\/2026\/04\/mapa-procesos-procedimiento-200x141.jpg 200w, https:\/\/hospitalsvpgarzon.gov.co\/wp-content\/uploads\/2026\/04\/mapa-procesos-procedimiento-400x283.jpg 400w, https:\/\/hospitalsvpgarzon.gov.co\/wp-content\/uploads\/2026\/04\/mapa-procesos-procedimiento-600x424.jpg 600w, https:\/\/hospitalsvpgarzon.gov.co\/wp-content\/uploads\/2026\/04\/mapa-procesos-procedimiento-800x565.jpg 800w, https:\/\/hospitalsvpgarzon.gov.co\/wp-content\/uploads\/2026\/04\/mapa-procesos-procedimiento.jpg 1200w\" data-sizes=\"auto\" data-orig-sizes=\"(max-width: 700px) 100vw, 1200px\" \/><\/span><\/div><\/div><\/div><div class=\"fusion-layout-column fusion_builder_column fusion-builder-column-4 fusion_builder_column_1_3 1_3 fusion-flex-column\" style=\"--awb-bg-size:cover;--awb-width-large:33.333333333333%;--awb-margin-top-large:0px;--awb-spacing-right-large:5.76%;--awb-margin-bottom-large:20px;--awb-spacing-left-large:5.76%;--awb-width-medium:33.333333333333%;--awb-order-medium:0;--awb-spacing-right-medium:5.76%;--awb-spacing-left-medium:5.76%;--awb-width-small:100%;--awb-order-small:0;--awb-spacing-right-small:1.92%;--awb-spacing-left-small:1.92%;\"><div class=\"fusion-column-wrapper fusion-column-has-shadow fusion-flex-justify-content-flex-start fusion-content-layout-column\"><div class=\"fusion-title title fusion-title-3 fusion-sep-none fusion-title-text fusion-title-size-three\"><h3 class=\"fusion-title-heading title-heading-left\" style=\"margin:0;text-transform:none;\">Modelo de Operaci\u00f3n por Procesos<\/h3><\/div><div class=\"fusion-text fusion-text-4\"><p style=\"font-weight: 400;\">\u201cEstablecer el Modelo de Operaci\u00f3n por procesos a trav\u00e9s del cual, se armonice con enfoque sistem\u00e1tico la funci\u00f3n, la misi\u00f3n y la visi\u00f3n de la Empresa Social del Estado HSVP, con los componentes corporativos que la integran, a fin de garantizarle el cumplimiento eficiente y eficaz de los planes y programas adoptados.\u201d<\/p>\n<ul>\n<li style=\"font-weight: 400;\"><a href=\"http:\/\/www.hospitalsvpgarzon.gov.co\/documentos\/ModeloOperacion\/MODELO_DE_OPERACION_POR_PROCESOS2019.pdf\" target=\"_blank\" rel=\"noopener\">Descargar Archivo<\/a><\/li>\n<\/ul>\n<\/div><\/div><\/div><div class=\"fusion-layout-column fusion_builder_column fusion-builder-column-5 fusion_builder_column_1_3 1_3 fusion-flex-column\" style=\"--awb-bg-size:cover;--awb-width-large:33.333333333333%;--awb-margin-top-large:0px;--awb-spacing-right-large:5.76%;--awb-margin-bottom-large:20px;--awb-spacing-left-large:5.76%;--awb-width-medium:33.333333333333%;--awb-order-medium:0;--awb-spacing-right-medium:5.76%;--awb-spacing-left-medium:5.76%;--awb-width-small:100%;--awb-order-small:0;--awb-spacing-right-small:1.92%;--awb-spacing-left-small:1.92%;\"><div class=\"fusion-column-wrapper fusion-column-has-shadow fusion-flex-justify-content-flex-start fusion-content-layout-column\"><div class=\"fusion-title title fusion-title-4 fusion-sep-none fusion-title-text fusion-title-size-three\"><h3 class=\"fusion-title-heading title-heading-left\" style=\"margin:0;text-transform:none;\">Pol\u00edticas de Operaci\u00f3n<\/h3><\/div><div class=\"fusion-text fusion-text-5\"><p style=\"font-weight: 400;\">\u201cImplica todos los procesos y subprocesos del Modelo de Operaci\u00f3n adoptado por la Empresa Social del Estado Hospital Departamental San Vicente de Pa\u00fal, de categor\u00eda especial de mediana y alta complejidad constituida as\u00ed mediante decreto 730 de 1.994. Ubicada en la calle 7 No 14 \u2013 69 en el municipio de Garz\u00f3n Huila. Su \u00e1rea de influencia est\u00e1 conformada por ocho (8) Municipios que integran la zona centro del Departamento del Huila; Garz\u00f3n, Tarqui, Suaza, Altamira, Agrado, Pital, Gigante, y Guadalupe.\u201d<\/p>\n<ul>\n<li style=\"font-weight: 400;\"><a href=\"https:\/\/www.hospitalsvpgarzon.gov.co\/documentos\/ModeloOperacion\/POLITICAS_DE_OPERACION2015.pdf\" target=\"_blank\" rel=\"noopener\">Descargar Archivo<\/a><\/li>\n<\/ul>\n<\/div><\/div><\/div><div class=\"fusion-layout-column fusion_builder_column fusion-builder-column-6 fusion_builder_column_1_3 1_3 fusion-flex-column\" style=\"--awb-bg-size:cover;--awb-width-large:33.333333333333%;--awb-margin-top-large:0px;--awb-spacing-right-large:5.76%;--awb-margin-bottom-large:20px;--awb-spacing-left-large:5.76%;--awb-width-medium:33.333333333333%;--awb-order-medium:0;--awb-spacing-right-medium:5.76%;--awb-spacing-left-medium:5.76%;--awb-width-small:100%;--awb-order-small:0;--awb-spacing-right-small:1.92%;--awb-spacing-left-small:1.92%;\"><div class=\"fusion-column-wrapper fusion-column-has-shadow fusion-flex-justify-content-flex-start fusion-content-layout-column\"><div class=\"fusion-text fusion-text-6\"><h3>Caracterizaci\u00f3n de Procesos<\/h3>\n<\/div><div class=\"fusion-text fusion-text-7\"><ul>\n<li><a href=\"https:\/\/www.hospitalsvpgarzon.gov.co\/documentos\/ModeloOperacion\/CARACTERIZACION_DE_PROCESOS_2011.pdf\" target=\"_blank\" rel=\"noopener\">Descargar Archivo<\/a><\/li>\n<\/ul>\n<\/div><\/div><\/div><\/div><\/div>\n","protected":false},"excerpt":{"rendered":"","protected":false},"author":1,"featured_media":0,"parent":57,"menu_order":0,"comment_status":"closed","ping_status":"closed","template":"","meta":{"footnotes":""},"class_list":["post-146","page","type-page","status-publish","hentry"],"yoast_head":"<!-- This site is optimized with the Yoast SEO plugin v26.6 - https:\/\/yoast.com\/wordpress\/plugins\/seo\/ -->\n<title>Modelo de Operaci\u00f3n - San Vicente de Paul<\/title>\n<meta name=\"robots\" content=\"index, follow, max-snippet:-1, max-image-preview:large, max-video-preview:-1\" \/>\n<link rel=\"canonical\" href=\"https:\/\/hospitalsvpgarzon.gov.co\/index.php\/quienes-somos\/modelo-de-operacion\/\" \/>\n<meta property=\"og:locale\" content=\"es_ES\" \/>\n<meta property=\"og:type\" content=\"article\" \/>\n<meta property=\"og:title\" content=\"Modelo de Operaci\u00f3n - San Vicente de Paul\" \/>\n<meta property=\"og:url\" content=\"https:\/\/hospitalsvpgarzon.gov.co\/index.php\/quienes-somos\/modelo-de-operacion\/\" \/>\n<meta property=\"og:site_name\" content=\"San Vicente de Paul\" \/>\n<meta property=\"article:modified_time\" content=\"2026-04-13T19:01:31+00:00\" \/>\n<meta name=\"twitter:card\" content=\"summary_large_image\" \/>\n<meta name=\"twitter:label1\" content=\"Tiempo de lectura\" \/>\n\t<meta name=\"twitter:data1\" content=\"3 minutos\" \/>\n<script type=\"application\/ld+json\" class=\"yoast-schema-graph\">{\"@context\":\"https:\/\/schema.org\",\"@graph\":[{\"@type\":\"WebPage\",\"@id\":\"https:\/\/hospitalsvpgarzon.gov.co\/index.php\/quienes-somos\/modelo-de-operacion\/\",\"url\":\"https:\/\/hospitalsvpgarzon.gov.co\/index.php\/quienes-somos\/modelo-de-operacion\/\",\"name\":\"Modelo de Operaci\u00f3n - San Vicente de Paul\",\"isPartOf\":{\"@id\":\"https:\/\/hospitalsvpgarzon.gov.co\/#website\"},\"datePublished\":\"2024-11-24T16:53:07+00:00\",\"dateModified\":\"2026-04-13T19:01:31+00:00\",\"breadcrumb\":{\"@id\":\"https:\/\/hospitalsvpgarzon.gov.co\/index.php\/quienes-somos\/modelo-de-operacion\/#breadcrumb\"},\"inLanguage\":\"es\",\"potentialAction\":[{\"@type\":\"ReadAction\",\"target\":[\"https:\/\/hospitalsvpgarzon.gov.co\/index.php\/quienes-somos\/modelo-de-operacion\/\"]}]},{\"@type\":\"BreadcrumbList\",\"@id\":\"https:\/\/hospitalsvpgarzon.gov.co\/index.php\/quienes-somos\/modelo-de-operacion\/#breadcrumb\",\"itemListElement\":[{\"@type\":\"ListItem\",\"position\":1,\"name\":\"Portada\",\"item\":\"https:\/\/hospitalsvpgarzon.gov.co\/\"},{\"@type\":\"ListItem\",\"position\":2,\"name\":\"Qui\u00e9nes Somos\",\"item\":\"https:\/\/hospitalsvpgarzon.gov.co\/index.php\/quienes-somos\/\"},{\"@type\":\"ListItem\",\"position\":3,\"name\":\"Modelo de Operaci\u00f3n\"}]},{\"@type\":\"WebSite\",\"@id\":\"https:\/\/hospitalsvpgarzon.gov.co\/#website\",\"url\":\"https:\/\/hospitalsvpgarzon.gov.co\/\",\"name\":\"San Vicente de Paul\",\"description\":\"\",\"potentialAction\":[{\"@type\":\"SearchAction\",\"target\":{\"@type\":\"EntryPoint\",\"urlTemplate\":\"https:\/\/hospitalsvpgarzon.gov.co\/?s={search_term_string}\"},\"query-input\":{\"@type\":\"PropertyValueSpecification\",\"valueRequired\":true,\"valueName\":\"search_term_string\"}}],\"inLanguage\":\"es\"}]}<\/script>\n<!-- \/ Yoast SEO plugin. -->","yoast_head_json":{"title":"Modelo de Operaci\u00f3n - San Vicente de Paul","robots":{"index":"index","follow":"follow","max-snippet":"max-snippet:-1","max-image-preview":"max-image-preview:large","max-video-preview":"max-video-preview:-1"},"canonical":"https:\/\/hospitalsvpgarzon.gov.co\/index.php\/quienes-somos\/modelo-de-operacion\/","og_locale":"es_ES","og_type":"article","og_title":"Modelo de Operaci\u00f3n - San Vicente de Paul","og_url":"https:\/\/hospitalsvpgarzon.gov.co\/index.php\/quienes-somos\/modelo-de-operacion\/","og_site_name":"San Vicente de Paul","article_modified_time":"2026-04-13T19:01:31+00:00","twitter_card":"summary_large_image","twitter_misc":{"Tiempo de lectura":"3 minutos"},"schema":{"@context":"https:\/\/schema.org","@graph":[{"@type":"WebPage","@id":"https:\/\/hospitalsvpgarzon.gov.co\/index.php\/quienes-somos\/modelo-de-operacion\/","url":"https:\/\/hospitalsvpgarzon.gov.co\/index.php\/quienes-somos\/modelo-de-operacion\/","name":"Modelo de Operaci\u00f3n - San Vicente de Paul","isPartOf":{"@id":"https:\/\/hospitalsvpgarzon.gov.co\/#website"},"datePublished":"2024-11-24T16:53:07+00:00","dateModified":"2026-04-13T19:01:31+00:00","breadcrumb":{"@id":"https:\/\/hospitalsvpgarzon.gov.co\/index.php\/quienes-somos\/modelo-de-operacion\/#breadcrumb"},"inLanguage":"es","potentialAction":[{"@type":"ReadAction","target":["https:\/\/hospitalsvpgarzon.gov.co\/index.php\/quienes-somos\/modelo-de-operacion\/"]}]},{"@type":"BreadcrumbList","@id":"https:\/\/hospitalsvpgarzon.gov.co\/index.php\/quienes-somos\/modelo-de-operacion\/#breadcrumb","itemListElement":[{"@type":"ListItem","position":1,"name":"Portada","item":"https:\/\/hospitalsvpgarzon.gov.co\/"},{"@type":"ListItem","position":2,"name":"Qui\u00e9nes Somos","item":"https:\/\/hospitalsvpgarzon.gov.co\/index.php\/quienes-somos\/"},{"@type":"ListItem","position":3,"name":"Modelo de Operaci\u00f3n"}]},{"@type":"WebSite","@id":"https:\/\/hospitalsvpgarzon.gov.co\/#website","url":"https:\/\/hospitalsvpgarzon.gov.co\/","name":"San Vicente de Paul","description":"","potentialAction":[{"@type":"SearchAction","target":{"@type":"EntryPoint","urlTemplate":"https:\/\/hospitalsvpgarzon.gov.co\/?s={search_term_string}"},"query-input":{"@type":"PropertyValueSpecification","valueRequired":true,"valueName":"search_term_string"}}],"inLanguage":"es"}]}},"_links":{"self":[{"href":"https:\/\/hospitalsvpgarzon.gov.co\/index.php\/wp-json\/wp\/v2\/pages\/146","targetHints":{"allow":["GET"]}}],"collection":[{"href":"https:\/\/hospitalsvpgarzon.gov.co\/index.php\/wp-json\/wp\/v2\/pages"}],"about":[{"href":"https:\/\/hospitalsvpgarzon.gov.co\/index.php\/wp-json\/wp\/v2\/types\/page"}],"author":[{"embeddable":true,"href":"https:\/\/hospitalsvpgarzon.gov.co\/index.php\/wp-json\/wp\/v2\/users\/1"}],"replies":[{"embeddable":true,"href":"https:\/\/hospitalsvpgarzon.gov.co\/index.php\/wp-json\/wp\/v2\/comments?post=146"}],"version-history":[{"count":1,"href":"https:\/\/hospitalsvpgarzon.gov.co\/index.php\/wp-json\/wp\/v2\/pages\/146\/revisions"}],"predecessor-version":[{"id":4345,"href":"https:\/\/hospitalsvpgarzon.gov.co\/index.php\/wp-json\/wp\/v2\/pages\/146\/revisions\/4345"}],"up":[{"embeddable":true,"href":"https:\/\/hospitalsvpgarzon.gov.co\/index.php\/wp-json\/wp\/v2\/pages\/57"}],"wp:attachment":[{"href":"https:\/\/hospitalsvpgarzon.gov.co\/index.php\/wp-json\/wp\/v2\/media?parent=146"}],"curies":[{"name":"wp","href":"https:\/\/api.w.org\/{rel}","templated":true}]}}