{"id":132,"date":"2024-11-24T15:58:32","date_gmt":"2024-11-24T15:58:32","guid":{"rendered":"https:\/\/portal.hospitalsvpgarzon.gov.co\/?page_id=132"},"modified":"2024-11-24T15:58:32","modified_gmt":"2024-11-24T15:58:32","slug":"funciones-y-deberes","status":"publish","type":"page","link":"https:\/\/hospitalsvpgarzon.gov.co\/index.php\/quienes-somos\/funciones-y-deberes\/","title":{"rendered":"Funciones y Deberes"},"content":{"rendered":"<div class=\"fusion-fullwidth fullwidth-box fusion-builder-row-1 fusion-flex-container has-pattern-background has-mask-background nonhundred-percent-fullwidth non-hundred-percent-height-scrolling\" style=\"--awb-border-radius-top-left:0px;--awb-border-radius-top-right:0px;--awb-border-radius-bottom-right:0px;--awb-border-radius-bottom-left:0px;--awb-flex-wrap:wrap;\" ><div class=\"fusion-builder-row fusion-row fusion-flex-align-items-flex-start fusion-flex-content-wrap\" style=\"max-width:89.44%;margin-left: calc(-4% \/ 2 );margin-right: calc(-4% \/ 2 );\"><div class=\"fusion-layout-column fusion_builder_column fusion-builder-column-0 fusion_builder_column_1_1 1_1 fusion-flex-column\" style=\"--awb-bg-size:cover;--awb-width-large:100%;--awb-margin-top-large:0px;--awb-spacing-right-large:1.92%;--awb-margin-bottom-large:20px;--awb-spacing-left-large:1.92%;--awb-width-medium:100%;--awb-order-medium:0;--awb-spacing-right-medium:1.92%;--awb-spacing-left-medium:1.92%;--awb-width-small:100%;--awb-order-small:0;--awb-spacing-right-small:1.92%;--awb-spacing-left-small:1.92%;\"><div class=\"fusion-column-wrapper fusion-column-has-shadow fusion-flex-justify-content-flex-start fusion-content-layout-column\"><div class=\"fusion-title title fusion-title-1 fusion-sep-none fusion-title-text fusion-title-size-three\"><h3 class=\"fusion-title-heading title-heading-left\" style=\"margin:0;text-transform:none;\">Funciones de la E.S.E Hospital Departamental San Vicente de Pa\u00fal de Garz\u00f3n<\/h3><\/div><div class=\"fusion-text fusion-text-1\"><ul>\n<li>Contribuir al desarrollo social del pa\u00eds mejorando la calidad de vida, y reduciendo la morbilidad y la mortalidad evitables en la poblaci\u00f3n usuaria, en la medida en que \u00e9sto est\u00e9 a su alcance.<\/li>\n<li>Producir servicios de salud eficientes y efectivos, que cumplan con las normas de calidad establecidas, de acuerdo con la reglamentaci\u00f3n que se expida para tal prop\u00f3sito.<\/li>\n<li>Prestar los servicios de salud que la poblaci\u00f3n requiera y que la Empresa, de acuerdo con su desarrollo y recursos disponibles, pueda ofrecer.<br \/>\nGarantizar, mediante un manejo gerencial adecuado, la rentabilidad social y financiera de la Empresa.<\/li>\n<li>Ofrecer a las Empresas Promotoras de Salud y dem\u00e1s personas naturales o jur\u00eddicas que lo demanden, servicios y\/o paquetes de servicios a tarifas competitivas en el mercado.<\/li>\n<li>Satisfacer los requerimientos del entorno, adecuando continuamente sus servicios y funcionamiento.<\/li>\n<li>Garantizar los mecanismos de participaci\u00f3n ciudadana y comunitaria establecidos por la ley y los reglamentos.<\/li>\n<li>Prestar servicios de salud que satisfagan de manera \u00f3ptima las necesidades y expectativas de la poblaci\u00f3n en relaci\u00f3n con la promoci\u00f3n, el fomento y la conservaci\u00f3n de la salud y la prevenci\u00f3n, tratamiento y rehabilitaci\u00f3n de la enfermedad.<\/li>\n<li>Satisfacer las necesidades esenciales y secundarias de salud de la poblaci\u00f3n usuaria a trav\u00e9s de acciones gremiales, organizativas, t\u00e9cnico-cient\u00edficas y t\u00e9cnico-administrativas.<\/li>\n<li>Desarrollar la estructura y capacidad operativa de la Empresa mediante la aplicaci\u00f3n de principios y t\u00e9cnicas gerenciales que aseguren su supervivencia, crecimiento, calidad de sus recursos, capacidad de competir en el mercado y rentabilidad social y financiera<\/li>\n<li>Impulsar y desarrollar la investigaci\u00f3n como estrategia para el mejoramiento de los servicios prestados por la empresa.<\/li>\n<\/ul>\n<\/div><\/div><\/div><\/div><\/div>\n","protected":false},"excerpt":{"rendered":"","protected":false},"author":1,"featured_media":0,"parent":57,"menu_order":0,"comment_status":"closed","ping_status":"closed","template":"","meta":{"footnotes":""},"class_list":["post-132","page","type-page","status-publish","hentry"],"yoast_head":"<!-- This site is optimized with the Yoast SEO plugin v26.6 - https:\/\/yoast.com\/wordpress\/plugins\/seo\/ -->\n<title>Funciones y Deberes - San Vicente de Paul<\/title>\n<meta name=\"robots\" content=\"index, follow, max-snippet:-1, max-image-preview:large, max-video-preview:-1\" \/>\n<link rel=\"canonical\" href=\"https:\/\/hospitalsvpgarzon.gov.co\/index.php\/quienes-somos\/funciones-y-deberes\/\" \/>\n<meta property=\"og:locale\" content=\"es_ES\" \/>\n<meta property=\"og:type\" content=\"article\" \/>\n<meta property=\"og:title\" content=\"Funciones y Deberes - San Vicente de Paul\" \/>\n<meta property=\"og:url\" content=\"https:\/\/hospitalsvpgarzon.gov.co\/index.php\/quienes-somos\/funciones-y-deberes\/\" \/>\n<meta property=\"og:site_name\" content=\"San Vicente de Paul\" \/>\n<meta name=\"twitter:card\" content=\"summary_large_image\" \/>\n<meta name=\"twitter:label1\" content=\"Tiempo de lectura\" \/>\n\t<meta name=\"twitter:data1\" content=\"2 minutos\" \/>\n<script type=\"application\/ld+json\" class=\"yoast-schema-graph\">{\"@context\":\"https:\/\/schema.org\",\"@graph\":[{\"@type\":\"WebPage\",\"@id\":\"https:\/\/hospitalsvpgarzon.gov.co\/index.php\/quienes-somos\/funciones-y-deberes\/\",\"url\":\"https:\/\/hospitalsvpgarzon.gov.co\/index.php\/quienes-somos\/funciones-y-deberes\/\",\"name\":\"Funciones y Deberes - San Vicente de Paul\",\"isPartOf\":{\"@id\":\"https:\/\/hospitalsvpgarzon.gov.co\/#website\"},\"datePublished\":\"2024-11-24T15:58:32+00:00\",\"breadcrumb\":{\"@id\":\"https:\/\/hospitalsvpgarzon.gov.co\/index.php\/quienes-somos\/funciones-y-deberes\/#breadcrumb\"},\"inLanguage\":\"es\",\"potentialAction\":[{\"@type\":\"ReadAction\",\"target\":[\"https:\/\/hospitalsvpgarzon.gov.co\/index.php\/quienes-somos\/funciones-y-deberes\/\"]}]},{\"@type\":\"BreadcrumbList\",\"@id\":\"https:\/\/hospitalsvpgarzon.gov.co\/index.php\/quienes-somos\/funciones-y-deberes\/#breadcrumb\",\"itemListElement\":[{\"@type\":\"ListItem\",\"position\":1,\"name\":\"Portada\",\"item\":\"https:\/\/hospitalsvpgarzon.gov.co\/\"},{\"@type\":\"ListItem\",\"position\":2,\"name\":\"Qui\u00e9nes Somos\",\"item\":\"https:\/\/hospitalsvpgarzon.gov.co\/index.php\/quienes-somos\/\"},{\"@type\":\"ListItem\",\"position\":3,\"name\":\"Funciones y Deberes\"}]},{\"@type\":\"WebSite\",\"@id\":\"https:\/\/hospitalsvpgarzon.gov.co\/#website\",\"url\":\"https:\/\/hospitalsvpgarzon.gov.co\/\",\"name\":\"San Vicente de Paul\",\"description\":\"\",\"potentialAction\":[{\"@type\":\"SearchAction\",\"target\":{\"@type\":\"EntryPoint\",\"urlTemplate\":\"https:\/\/hospitalsvpgarzon.gov.co\/?s={search_term_string}\"},\"query-input\":{\"@type\":\"PropertyValueSpecification\",\"valueRequired\":true,\"valueName\":\"search_term_string\"}}],\"inLanguage\":\"es\"}]}<\/script>\n<!-- \/ Yoast SEO plugin. -->","yoast_head_json":{"title":"Funciones y Deberes - San Vicente de Paul","robots":{"index":"index","follow":"follow","max-snippet":"max-snippet:-1","max-image-preview":"max-image-preview:large","max-video-preview":"max-video-preview:-1"},"canonical":"https:\/\/hospitalsvpgarzon.gov.co\/index.php\/quienes-somos\/funciones-y-deberes\/","og_locale":"es_ES","og_type":"article","og_title":"Funciones y Deberes - San Vicente de Paul","og_url":"https:\/\/hospitalsvpgarzon.gov.co\/index.php\/quienes-somos\/funciones-y-deberes\/","og_site_name":"San Vicente de Paul","twitter_card":"summary_large_image","twitter_misc":{"Tiempo de lectura":"2 minutos"},"schema":{"@context":"https:\/\/schema.org","@graph":[{"@type":"WebPage","@id":"https:\/\/hospitalsvpgarzon.gov.co\/index.php\/quienes-somos\/funciones-y-deberes\/","url":"https:\/\/hospitalsvpgarzon.gov.co\/index.php\/quienes-somos\/funciones-y-deberes\/","name":"Funciones y Deberes - San Vicente de Paul","isPartOf":{"@id":"https:\/\/hospitalsvpgarzon.gov.co\/#website"},"datePublished":"2024-11-24T15:58:32+00:00","breadcrumb":{"@id":"https:\/\/hospitalsvpgarzon.gov.co\/index.php\/quienes-somos\/funciones-y-deberes\/#breadcrumb"},"inLanguage":"es","potentialAction":[{"@type":"ReadAction","target":["https:\/\/hospitalsvpgarzon.gov.co\/index.php\/quienes-somos\/funciones-y-deberes\/"]}]},{"@type":"BreadcrumbList","@id":"https:\/\/hospitalsvpgarzon.gov.co\/index.php\/quienes-somos\/funciones-y-deberes\/#breadcrumb","itemListElement":[{"@type":"ListItem","position":1,"name":"Portada","item":"https:\/\/hospitalsvpgarzon.gov.co\/"},{"@type":"ListItem","position":2,"name":"Qui\u00e9nes Somos","item":"https:\/\/hospitalsvpgarzon.gov.co\/index.php\/quienes-somos\/"},{"@type":"ListItem","position":3,"name":"Funciones y Deberes"}]},{"@type":"WebSite","@id":"https:\/\/hospitalsvpgarzon.gov.co\/#website","url":"https:\/\/hospitalsvpgarzon.gov.co\/","name":"San Vicente de Paul","description":"","potentialAction":[{"@type":"SearchAction","target":{"@type":"EntryPoint","urlTemplate":"https:\/\/hospitalsvpgarzon.gov.co\/?s={search_term_string}"},"query-input":{"@type":"PropertyValueSpecification","valueRequired":true,"valueName":"search_term_string"}}],"inLanguage":"es"}]}},"_links":{"self":[{"href":"https:\/\/hospitalsvpgarzon.gov.co\/index.php\/wp-json\/wp\/v2\/pages\/132","targetHints":{"allow":["GET"]}}],"collection":[{"href":"https:\/\/hospitalsvpgarzon.gov.co\/index.php\/wp-json\/wp\/v2\/pages"}],"about":[{"href":"https:\/\/hospitalsvpgarzon.gov.co\/index.php\/wp-json\/wp\/v2\/types\/page"}],"author":[{"embeddable":true,"href":"https:\/\/hospitalsvpgarzon.gov.co\/index.php\/wp-json\/wp\/v2\/users\/1"}],"replies":[{"embeddable":true,"href":"https:\/\/hospitalsvpgarzon.gov.co\/index.php\/wp-json\/wp\/v2\/comments?post=132"}],"version-history":[{"count":0,"href":"https:\/\/hospitalsvpgarzon.gov.co\/index.php\/wp-json\/wp\/v2\/pages\/132\/revisions"}],"up":[{"embeddable":true,"href":"https:\/\/hospitalsvpgarzon.gov.co\/index.php\/wp-json\/wp\/v2\/pages\/57"}],"wp:attachment":[{"href":"https:\/\/hospitalsvpgarzon.gov.co\/index.php\/wp-json\/wp\/v2\/media?parent=132"}],"curies":[{"name":"wp","href":"https:\/\/api.w.org\/{rel}","templated":true}]}}