{"id":1207,"date":"2024-12-14T17:19:59","date_gmt":"2024-12-14T17:19:59","guid":{"rendered":"https:\/\/portal.hospitalsvpgarzon.gov.co\/?page_id=1207"},"modified":"2024-12-16T00:46:54","modified_gmt":"2024-12-16T00:46:54","slug":"glosario","status":"publish","type":"page","link":"https:\/\/hospitalsvpgarzon.gov.co\/index.php\/gestion\/glosario\/","title":{"rendered":"Glosario"},"content":{"rendered":"<div class=\"fusion-fullwidth fullwidth-box fusion-builder-row-1 fusion-flex-container has-pattern-background has-mask-background nonhundred-percent-fullwidth non-hundred-percent-height-scrolling\" style=\"--awb-border-radius-top-left:0px;--awb-border-radius-top-right:0px;--awb-border-radius-bottom-right:0px;--awb-border-radius-bottom-left:0px;--awb-flex-wrap:wrap;\" ><div class=\"fusion-builder-row fusion-row fusion-flex-align-items-flex-start fusion-flex-content-wrap\" style=\"max-width:89.44%;margin-left: calc(-4% \/ 2 );margin-right: calc(-4% \/ 2 );\"><div class=\"fusion-layout-column fusion_builder_column fusion-builder-column-0 fusion_builder_column_1_1 1_1 fusion-flex-column\" style=\"--awb-bg-size:cover;--awb-width-large:100%;--awb-margin-top-large:0px;--awb-spacing-right-large:1.92%;--awb-margin-bottom-large:20px;--awb-spacing-left-large:1.92%;--awb-width-medium:100%;--awb-order-medium:0;--awb-spacing-right-medium:1.92%;--awb-spacing-left-medium:1.92%;--awb-width-small:100%;--awb-order-small:0;--awb-spacing-right-small:1.92%;--awb-spacing-left-small:1.92%;\"><div class=\"fusion-column-wrapper fusion-column-has-shadow fusion-flex-justify-content-flex-start fusion-content-layout-column\"><div class=\"fusion-text fusion-text-1\"><h3>A<\/h3>\n<h4>ACCESIBILIDAD<\/h4>\n<p>Es la posibilidad que tiene el usuario de utilizar los servicios de salud que le garantiza el Sistema General de Seguridad Social en Salud.<\/p>\n<h4>AFP<\/h4>\n<p>Administradora de Fondos de Pensiones.<\/p>\n<h4>ALC<\/h4>\n<p>Autoliquidaci\u00f3n de Aportes por Cotizaci\u00f3n.<\/p>\n<h4>ARP<\/h4>\n<p>Administradora de Riesgos Profesionales.<\/p>\n<h4>ASEPSIA<\/h4>\n<p>Conjunto de acciones que se ejecutan con el fin de impedir la llegada de microorganismos da\u00f1inos a un medio.<\/p>\n<h4>ATENCI\u00d3N DE SALUD<\/h4>\n<p>Se define como el conjunto de servicios que se prestan al usuario en el marco de los procesos propios del aseguramiento, as\u00ed como de las actividades, procedimientos e intervenciones asistenciales en las fases de promoci\u00f3n y prevenci\u00f3n, diagn\u00f3stico, tratamiento y rehabilitaci\u00f3n que se prestan a toda la poblaci\u00f3n.<\/p>\n<h4>ATENCI\u00d3N DE URGENCIAS<\/h4>\n<p>Es el conjunto de acciones realizadas por un equipo de salud debidamente capacitado y con los recursos materiales necesarios para satisfacer la demanda de atenci\u00f3n generada por las urgencias.<\/p>\n<h4>ATC<\/h4>\n<p>Sistema de Clasificaci\u00f3n Anat\u00f3mica, Terap\u00e9utica, Qu\u00edmica.<\/p>\n<h4>ATEP<\/h4>\n<p>Accidentes de Trabajo y Enfermedad Profesional.<\/p>\n<h4>AYUDA DIAGN\u00d3STICA<\/h4>\n<p>Instrumento que permite esclarecer un diagn\u00f3stico cl\u00ednico. Por ejemplo ex\u00e1menes de laboratorio, endoscopias, rayos x etc.<\/p>\n<h3>B<\/h3>\n<h4>BDUA<\/h4>\n<p>Base de Datos \u00danica de Afiliados.<\/p>\n<h3>C<\/h3>\n<h4>CAA<\/h4>\n<p>Centro de Atenci\u00f3n Ambulatoria.<\/p>\n<h4>CALIDAD DE LA ATENCI\u00d3N DE SALUD<\/h4>\n<p>Se entiende como la provisi\u00f3n de servicios de salud a los usuarios individuales y colectivos de manera accesible y equitativa, a trav\u00e9s de un nivel profesional \u00f3ptimo, teniendo en cuenta el balance entre beneficios, riesgos y costos, con el prop\u00f3sito de lograr la adhesi\u00f3n y satisfacci\u00f3n de dichos usuarios.<\/p>\n<h4>CAM<\/h4>\n<p>Central de Adecuaci\u00f3n de Medicamentos.<\/p>\n<h4>CUPS<\/h4>\n<p>Clasificaci\u00f3n \u00danica en Procedimientos en Salud.<\/p>\n<h4>CANCELACI\u00d3N DE CIRUG\u00cdA<\/h4>\n<p>Es el aplazamiento o suspensi\u00f3n de un procedimiento quir\u00fargico relacionado con ineficiencia en los procesos de programaci\u00f3n o asignaci\u00f3n de recursos, planificaci\u00f3n de la atenci\u00f3n al paciente y causas inherentes al propio paciente.<\/p>\n<h4>COMPLICACI\u00d3N<\/h4>\n<p>Es el da\u00f1o o resultado cl\u00ednico, no atribuible a la atenci\u00f3n en salud sino a la enfermedad o a las condiciones propias del paciente.<\/p>\n<h4>CONDICIONES DE CAPACIDAD TECNOL\u00d3GICA Y CIENT\u00cdFICA<\/h4>\n<p>Son los requisitos b\u00e1sicos de estructura y de procesos que deben cumplir los Prestadores de Servicios de Salud por cada uno de los servicios que prestan y que se consideran suficientes y necesarios para reducir los principales riesgos que amenazan la vida o la salud de los usuarios en el marco de la prestaci\u00f3n del servicio de salud.<\/p>\n<h4>CONTINUIDAD<\/h4>\n<p>Es el grado en el cual los usuarios reciben las intervenciones requeridas, mediante una secuencia l\u00f3gica y racional de actividades, basada en el conocimiento cient\u00edfico.<\/p>\n<h4>CONSENTIMIENTO INFORMADO<\/h4>\n<p>Informaci\u00f3n t\u00e9cnica y formal brindada por los profesionales tratantes a los pacientes para tomar decisiones compartidas sobre procedimientos y terap\u00e9uticas que suponen un riesgo m\u00e1s alto que el habitual.<\/p>\n<h4>CONSULTA EXTERNA<\/h4>\n<p>Atenci\u00f3n brindada por un profesional de la salud a un paciente ambulatorio en los locales definidos como consultorios externos, con fines diagn\u00f3sticos, terap\u00e9uticos o de seguimiento.<\/p>\n<h4>CONTRAREFERENCIA<\/h4>\n<p>Es la respuesta que las IPS receptoras de la referencia, dan al organismo o la unidad familiar. La respuesta puede ser la contra-remisi\u00f3n del usuario con las debidas indicaciones a seguir o, simplemente, la informaci\u00f3n sobre la atenci\u00f3n recibida por el usuario en una instituci\u00f3n receptora, o el resultado de las solicitudes de ayuda diagn\u00f3stica.<\/p>\n<h4>CUPS<\/h4>\n<p>Clasificaci\u00f3n \u00danica en Procedimientos en Salud.<\/p>\n<h3>D<\/h3>\n<h4>DIAGN\u00d3STICO<\/h4>\n<p>Proceso mediante el cual se establece el estado de salud y\/o de situaci\u00f3n de individuos, familias, grupos o comunidad, as\u00ed como los factores que lo determinan.<\/p>\n<h3>E<\/h3>\n<h4>EAPB-EMPRESAS ADMINISTRADORAS DE PLANES DE BENEFICIOS<\/h4>\n<p>Se consideran como tales, las Entidades Promotoras de Salud del R\u00e9gimen Contributivo y del R\u00e9gimen Subsidiado (Administradoras del R\u00e9gimen Subsidiado), Entidades Adaptadas y Empresas de Medicina Pre-pagada.<\/p>\n<h4>ESE<\/h4>\n<p>Empresa Social del Estado.<\/p>\n<h4>EPS<\/h4>\n<p>Entidad Promotora de Salud.<\/p>\n<h4>EPOC<\/h4>\n<p>Enfermedad pulmonar obstructiva cr\u00f3nica.<\/p>\n<h4>ESP<\/h4>\n<p>Fondo de Solidaridad Pensional.<\/p>\n<h4>ESS<\/h4>\n<p>Empresas Solidarias de Salud.<\/p>\n<h4>EVENTO ADVERSO<\/h4>\n<p>Es el resultado de una atenci\u00f3n en salud que de manera no intencional produjo da\u00f1o.<\/p>\n<h3>I<\/h3>\n<h4>IAAS-LAS INFECCIONES ASOCIADAS A LA ATENCI\u00d3N EN SALUD<\/h4>\n<p>Anteriormente llamadas nosocomiales o intrahospitalarias son aquellas infecciones que el paciente adquiere mientras recibe tratamiento para alguna condici\u00f3n m\u00e9dica o quir\u00fargica y en quien la infecci\u00f3n no se hab\u00eda manifestado ni estaba en per\u00edodo de incubaci\u00f3n en el momento del ingreso a la instituci\u00f3n.<\/p>\n<h4>IAMI<\/h4>\n<p>Instituci\u00f3n amiga de la mujer y de la infancia.<\/p>\n<h4>ICBF<\/h4>\n<p>Instituto Colombiano de Bienestar Familiar.<\/p>\n<h4>INCIDENTE<\/h4>\n<p>Es un evento o circunstancia que sucede en la atenci\u00f3n cl\u00ednica de un paciente que no le genera da\u00f1o, pero que en su ocurrencia se incorporan fallas en los procesos de atenci\u00f3n.<\/p>\n<h4>INS<\/h4>\n<p>Instituto Nacional de Salud.<\/p>\n<h4>IPS-INSTITUCIONES PRESTADORES DE SERVICIOS DE SALUD<\/h4>\n<p>Se consideran como tales, las Instituciones Prestadoras de Servicios de Salud, los Profesionales Independientes de Salud y los Servicios de Transporte Especial de Pacientes. Se consideran como instituciones prestadoras de servicios de salud a los grupos de pr\u00e1ctica profesional que cuentan con infraestructura f\u00edsica para prestar servicios de salud.<\/p>\n<h4>INTERCONSULTA<\/h4>\n<p>Es la solicitud elevada por el profesional o Instituci\u00f3n de salud, responsable de la atenci\u00f3n al usuario a otros profesionales o Instituciones de salud para que emitan juicios y orientaciones sobre la conducta a seguir con determinados usuarios, sin que estos profesionales o Instituciones asuman la responsabilidad directa de su manejo.<\/p>\n<h4>ITS<\/h4>\n<p>Infecciones Transmisi\u00f3n Sexual.<\/p>\n<h4>INVIMA<\/h4>\n<p>Instituto Nacional de Vigilancia de Medicamentos y Alimentos.<\/p>\n<h3>M<\/h3>\n<h4>MCE<\/h4>\n<p>Medicamento de Control Especial.<\/p>\n<h4>MEJORAMIENTO CONTINUO<\/h4>\n<p>Proceso de Autocontrol, centrado en el usuario y sus necesidades, que lo involucra en sus actividades, y que consiste en la identificaci\u00f3n permanente de aspectos del proceso que resulten susceptibles de mejoramiento, con el fin de establecer los ajustes necesarios y superar las expectativas de dichos usuarios y\/o pacientes.<\/p>\n<h4>MIPG<\/h4>\n<p>Modelo Integrado de Planeaci\u00f3n y Gesti\u00f3n.<\/p>\n<h4>MPS<\/h4>\n<p>Ministerio de la Protecci\u00f3n Social.<\/p>\n<h3>N<\/h3>\n<h4>NO PBS<\/h4>\n<p>No Plan Beneficio de Salud.<\/p>\n<h3>O<\/h3>\n<h4>OMS<\/h4>\n<p>Organizaci\u00f3n Mundial de la Salud.<\/p>\n<h4>OPORTUNIDAD<\/h4>\n<p>Es la posibilidad que tiene el usuario de obtener los servicios que requiere, sin que se presenten retrasos que pongan en riesgo su vida o su salud. Esta caracter\u00edstica se relaciona con la organizaci\u00f3n de la oferta de servicios en relaci\u00f3n con la demanda y con el nivel de coordinaci\u00f3n institucional para gestionar el acceso a los servicios.<\/p>\n<h3>P<\/h3>\n<h4>PAI<\/h4>\n<p>Programa Ampliado de Inmunizaciones.<\/p>\n<h4>PAMI<\/h4>\n<p>Plan de Atenci\u00f3n Materno Infantil.<\/p>\n<h4>PAMEC-PROGRAMA DE AUDITOR\u00cdA PARA EL MEJORAMIENTO DE LA CALIDAD DE LA ATENCI\u00d3N DE SALUD<\/h4>\n<p>Evaluaci\u00f3n sistem\u00e1tica realizada en la misma instituci\u00f3n, Su prop\u00f3sito es contribuir a que la instituci\u00f3n adquiera la cultura del autocontrol.<\/p>\n<h4>PBS<\/h4>\n<p>Plan Beneficio de Salud.<\/p>\n<h4>PERTINENCIA<\/h4>\n<p>Es el grado en el cual los usuarios obtienen los servicios que requieren, con la mejor utilizaci\u00f3n de los recursos de acuerdo con la evidencia cient\u00edfica y sus efectos secundarios son menores que los beneficios potenciales.<\/p>\n<h4>PILA<\/h4>\n<p>Planilla integrada de liquidaci\u00f3n de aportes.<\/p>\n<h4>PIRC<\/h4>\n<p>Pensi\u00f3n de Invalidez por Riesgo Com\u00fan.<\/p>\n<h4>POS<\/h4>\n<p>Plan de Obligatoriedad de Salud.<\/p>\n<h4>PRM<\/h4>\n<p>Problema Relacionado con Medicamento.<\/p>\n<h3>R<\/h3>\n<h4>RAM<\/h4>\n<p>Reacci\u00f3n Adversa a Medicamento.<\/p>\n<h4>REPS-REGISTRO ESPECIAL DE PRESTADORES DE SERVICIOS DE SALUD<\/h4>\n<p>Es la base de datos de las Entidades Departamentales y Distritales de Salud, en la cual se efect\u00faa el registro de los Prestadores de Servicios de Salud que se encuentren habilitados y es consolidada por parte del Ministerio de la Protecci\u00f3n Social.<\/p>\n<h4>RIPS<\/h4>\n<p>Registros Individuales de Prestaci\u00f3n de Servicios de Salud.<\/p>\n<h4>RUAF<\/h4>\n<p>Registro \u00danico de Afiliados.<\/p>\n<h3>S<\/h3>\n<h4>SARLAFT<\/h4>\n<p>Sistema de Administraci\u00f3n del Riesgo de Lavado de Activos y de la Financiaci\u00f3n del Terrorismo.<\/p>\n<h4>SCI<\/h4>\n<p>Sistema Control Interno.<\/p>\n<h4>SEGURIDAD DEL PACIENTE<\/h4>\n<p>Es el conjunto de elementos estructurales, procesos, instrumentos y metodolog\u00edas basadas en evidencias cient\u00edficamente probadas que propenden por minimizar el riesgo de sufrir un evento adverso en el proceso de atenci\u00f3n de salud o de mitigar sus consecuencias.<\/p>\n<h4>SGA<\/h4>\n<p>Sistema General de Archivos.<\/p>\n<h4>SGSSS<\/h4>\n<p>Sistema General de Seguridad Social en Salud.<\/p>\n<h4>SGSST<\/h4>\n<p>Sistema de Gesti\u00f3n de la Seguridad y Salud en el Trabajo.<\/p>\n<h4>SIC<\/h4>\n<p>Sistema de Informaci\u00f3n de Calidad.<\/p>\n<h4>SIDA<\/h4>\n<p>S\u00edndrome de inmuno deficiencia adquirida.<\/p>\n<h4>SIGA<\/h4>\n<p>Sistema Integrado de Gesti\u00f3n Administrativa.<\/p>\n<h4>SILOS<\/h4>\n<p>Sistemas Locales de Salud.<\/p>\n<h4>SISTEDA<\/h4>\n<p>Sistema de Desarrollo Administrativo.<\/p>\n<h4>SISTEMA DE INFORMACI\u00d3N PARA LA CALIDAD<\/h4>\n<p>Informaci\u00f3n peri\u00f3dica institucional requerida por el Ministerio de salud y Protecci\u00f3n Social con el objeto de estimular la competencia por calidad entre los agentes del sector que al mismo tiempo, permita orientar a los usuarios en el conocimiento de las caracter\u00edsticas del sistema, en el ejercicio de sus derechos y deberes y en los niveles de calidad de los Prestadores de Servicios de Salud y de las EAPB, de manera que puedan tomar decisiones informadas en el momento de ejercer los derechos que para ellos contempla el Sistema General de Seguridad Social en Salud.\u00a0El Ministerio de la Protecci\u00f3n Social incluir\u00e1 en su p\u00e1gina web los datos del Sistema de Informaci\u00f3n para la Calidad con el prop\u00f3sito de facilitar al p\u00fablico el acceso en l\u00ednea sobre esta materia.<\/p>\n<h4>SISTEMA \u00daNICO DE ACREDITACI\u00d3N<\/h4>\n<p>Es el conjunto de entidades, est\u00e1ndares, actividades de apoyo y procedimientos de autoevaluaci\u00f3n, mejoramiento y evaluaci\u00f3n externa, destinados a demostrar, evaluar y comprobar el cumplimiento de niveles superiores de calidad por parte de las Instituciones Prestadoras de Servicios de Salud, las EAPB y las Direcciones Departamentales, Distritales y Municipales que voluntariamente decidan acogerse a este proceso.<\/p>\n<h4>SOGCS-SISTEMA OBLIGATORIO DE GARANT\u00cdA DE CALIDAD DE ATENCI\u00d3N EN SALUD DEL SISTEMA GENERAL DE SEGURIDAD SOCIAL EN SALUD<\/h4>\n<p>Es el conjunto de instituciones, normas, requisitos, mecanismos y procesos deliberados y sistem\u00e1ticos que desarrolla el sector salud para generar, mantener y mejorar la calidad de los servicios de salud en el pa\u00eds.<\/p>\n<h4>SSI<\/h4>\n<p>Sistema de Seguridad de la Informaci\u00f3n.<\/p>\n<h4>SUA<\/h4>\n<p>Sistema \u00danico de Acreditaci\u00f3n.<\/p>\n<h4>SUH-SISTEMA \u00daNICO DE HABILITACI\u00d3N<\/h4>\n<p>Es el conjunto de normas, requisitos y procedimientos mediante los cuales se establece, registra, verifica y controla el cumplimiento de las condiciones b\u00e1sicas de capacidad tecnol\u00f3gica y cient\u00edfica, de suficiencia patrimonial y financiera y de capacidad t\u00e9cnico administrativa, indispensables para la entrada y permanencia en el Sistema, los cuales buscan dar seguridad a los usuarios frente a los potenciales riesgos asociados a la prestaci\u00f3n de servicios y son de obligatorio cumplimiento por parte de los Prestadores de Servicios de Salud y las EAPB.<\/p>\n<h4>SUIT<\/h4>\n<p>Sistema \u00danico de Informaci\u00f3n de Tramites.<\/p>\n<h3>T<\/h3>\n<h4>TRIAGE SELECCI\u00d3N DE PACIENTES<\/h4>\n<p>Proceso por el cual un integrante calificado del equipo de salud valora a trav\u00e9s de un algoritmo espec\u00edfico: la urgencia con la cual es necesaria la atenci\u00f3n de un paciente y el nivel apropiado de resoluci\u00f3n de la patolog\u00eda en cuesti\u00f3n.<\/p>\n<h3>U<\/h3>\n<h4>UBA<\/h4>\n<p>Unidad B\u00e1sica de Atenci\u00f3n.<\/p>\n<h4>UNYLAC<\/h4>\n<p>Unidad de Nutrici\u00f3n y Lactancia.<\/p>\n<h4>UPA<\/h4>\n<p>Unidad Primaria de Atenci\u00f3n.<\/p>\n<h4>UPC<\/h4>\n<p>Unidad de Pago por Capitaci\u00f3n.<\/p>\n<h4>UPCS<\/h4>\n<p>Unidad de Pago por Capitaci\u00f3n Subsidiada.<\/p>\n<h4>UPI<\/h4>\n<p>Unidad Program\u00e1tica Institucional.<\/p>\n<h3>V<\/h3>\n<h4>VIH<\/h4>\n<p>Virus de inmunodeficiencia humana.<\/p>\n<\/div><\/div><\/div><\/div><\/div>\n","protected":false},"excerpt":{"rendered":"","protected":false},"author":1,"featured_media":0,"parent":1052,"menu_order":0,"comment_status":"closed","ping_status":"closed","template":"","meta":{"footnotes":""},"class_list":["post-1207","page","type-page","status-publish","hentry"],"yoast_head":"<!-- This site is optimized with the Yoast SEO plugin v26.6 - https:\/\/yoast.com\/wordpress\/plugins\/seo\/ -->\n<title>Glosario - San Vicente de Paul<\/title>\n<meta name=\"robots\" content=\"index, follow, max-snippet:-1, max-image-preview:large, max-video-preview:-1\" \/>\n<link rel=\"canonical\" href=\"https:\/\/hospitalsvpgarzon.gov.co\/index.php\/gestion\/glosario\/\" \/>\n<meta property=\"og:locale\" content=\"es_ES\" \/>\n<meta property=\"og:type\" content=\"article\" \/>\n<meta property=\"og:title\" content=\"Glosario - San Vicente de Paul\" \/>\n<meta property=\"og:url\" content=\"https:\/\/hospitalsvpgarzon.gov.co\/index.php\/gestion\/glosario\/\" \/>\n<meta property=\"og:site_name\" content=\"San Vicente de Paul\" \/>\n<meta property=\"article:modified_time\" content=\"2024-12-16T00:46:54+00:00\" \/>\n<meta name=\"twitter:card\" content=\"summary_large_image\" \/>\n<meta name=\"twitter:label1\" content=\"Tiempo de lectura\" \/>\n\t<meta name=\"twitter:data1\" content=\"1 minuto\" \/>\n<script type=\"application\/ld+json\" class=\"yoast-schema-graph\">{\"@context\":\"https:\/\/schema.org\",\"@graph\":[{\"@type\":\"WebPage\",\"@id\":\"https:\/\/hospitalsvpgarzon.gov.co\/index.php\/gestion\/glosario\/\",\"url\":\"https:\/\/hospitalsvpgarzon.gov.co\/index.php\/gestion\/glosario\/\",\"name\":\"Glosario - San Vicente de Paul\",\"isPartOf\":{\"@id\":\"https:\/\/hospitalsvpgarzon.gov.co\/#website\"},\"datePublished\":\"2024-12-14T17:19:59+00:00\",\"dateModified\":\"2024-12-16T00:46:54+00:00\",\"breadcrumb\":{\"@id\":\"https:\/\/hospitalsvpgarzon.gov.co\/index.php\/gestion\/glosario\/#breadcrumb\"},\"inLanguage\":\"es\",\"potentialAction\":[{\"@type\":\"ReadAction\",\"target\":[\"https:\/\/hospitalsvpgarzon.gov.co\/index.php\/gestion\/glosario\/\"]}]},{\"@type\":\"BreadcrumbList\",\"@id\":\"https:\/\/hospitalsvpgarzon.gov.co\/index.php\/gestion\/glosario\/#breadcrumb\",\"itemListElement\":[{\"@type\":\"ListItem\",\"position\":1,\"name\":\"Portada\",\"item\":\"https:\/\/hospitalsvpgarzon.gov.co\/\"},{\"@type\":\"ListItem\",\"position\":2,\"name\":\"Gesti\u00f3n\",\"item\":\"https:\/\/hospitalsvpgarzon.gov.co\/index.php\/gestion\/\"},{\"@type\":\"ListItem\",\"position\":3,\"name\":\"Glosario\"}]},{\"@type\":\"WebSite\",\"@id\":\"https:\/\/hospitalsvpgarzon.gov.co\/#website\",\"url\":\"https:\/\/hospitalsvpgarzon.gov.co\/\",\"name\":\"San Vicente de Paul\",\"description\":\"\",\"potentialAction\":[{\"@type\":\"SearchAction\",\"target\":{\"@type\":\"EntryPoint\",\"urlTemplate\":\"https:\/\/hospitalsvpgarzon.gov.co\/?s={search_term_string}\"},\"query-input\":{\"@type\":\"PropertyValueSpecification\",\"valueRequired\":true,\"valueName\":\"search_term_string\"}}],\"inLanguage\":\"es\"}]}<\/script>\n<!-- \/ Yoast SEO plugin. -->","yoast_head_json":{"title":"Glosario - San Vicente de Paul","robots":{"index":"index","follow":"follow","max-snippet":"max-snippet:-1","max-image-preview":"max-image-preview:large","max-video-preview":"max-video-preview:-1"},"canonical":"https:\/\/hospitalsvpgarzon.gov.co\/index.php\/gestion\/glosario\/","og_locale":"es_ES","og_type":"article","og_title":"Glosario - San Vicente de Paul","og_url":"https:\/\/hospitalsvpgarzon.gov.co\/index.php\/gestion\/glosario\/","og_site_name":"San Vicente de Paul","article_modified_time":"2024-12-16T00:46:54+00:00","twitter_card":"summary_large_image","twitter_misc":{"Tiempo de lectura":"1 minuto"},"schema":{"@context":"https:\/\/schema.org","@graph":[{"@type":"WebPage","@id":"https:\/\/hospitalsvpgarzon.gov.co\/index.php\/gestion\/glosario\/","url":"https:\/\/hospitalsvpgarzon.gov.co\/index.php\/gestion\/glosario\/","name":"Glosario - San Vicente de Paul","isPartOf":{"@id":"https:\/\/hospitalsvpgarzon.gov.co\/#website"},"datePublished":"2024-12-14T17:19:59+00:00","dateModified":"2024-12-16T00:46:54+00:00","breadcrumb":{"@id":"https:\/\/hospitalsvpgarzon.gov.co\/index.php\/gestion\/glosario\/#breadcrumb"},"inLanguage":"es","potentialAction":[{"@type":"ReadAction","target":["https:\/\/hospitalsvpgarzon.gov.co\/index.php\/gestion\/glosario\/"]}]},{"@type":"BreadcrumbList","@id":"https:\/\/hospitalsvpgarzon.gov.co\/index.php\/gestion\/glosario\/#breadcrumb","itemListElement":[{"@type":"ListItem","position":1,"name":"Portada","item":"https:\/\/hospitalsvpgarzon.gov.co\/"},{"@type":"ListItem","position":2,"name":"Gesti\u00f3n","item":"https:\/\/hospitalsvpgarzon.gov.co\/index.php\/gestion\/"},{"@type":"ListItem","position":3,"name":"Glosario"}]},{"@type":"WebSite","@id":"https:\/\/hospitalsvpgarzon.gov.co\/#website","url":"https:\/\/hospitalsvpgarzon.gov.co\/","name":"San Vicente de Paul","description":"","potentialAction":[{"@type":"SearchAction","target":{"@type":"EntryPoint","urlTemplate":"https:\/\/hospitalsvpgarzon.gov.co\/?s={search_term_string}"},"query-input":{"@type":"PropertyValueSpecification","valueRequired":true,"valueName":"search_term_string"}}],"inLanguage":"es"}]}},"_links":{"self":[{"href":"https:\/\/hospitalsvpgarzon.gov.co\/index.php\/wp-json\/wp\/v2\/pages\/1207","targetHints":{"allow":["GET"]}}],"collection":[{"href":"https:\/\/hospitalsvpgarzon.gov.co\/index.php\/wp-json\/wp\/v2\/pages"}],"about":[{"href":"https:\/\/hospitalsvpgarzon.gov.co\/index.php\/wp-json\/wp\/v2\/types\/page"}],"author":[{"embeddable":true,"href":"https:\/\/hospitalsvpgarzon.gov.co\/index.php\/wp-json\/wp\/v2\/users\/1"}],"replies":[{"embeddable":true,"href":"https:\/\/hospitalsvpgarzon.gov.co\/index.php\/wp-json\/wp\/v2\/comments?post=1207"}],"version-history":[{"count":0,"href":"https:\/\/hospitalsvpgarzon.gov.co\/index.php\/wp-json\/wp\/v2\/pages\/1207\/revisions"}],"up":[{"embeddable":true,"href":"https:\/\/hospitalsvpgarzon.gov.co\/index.php\/wp-json\/wp\/v2\/pages\/1052"}],"wp:attachment":[{"href":"https:\/\/hospitalsvpgarzon.gov.co\/index.php\/wp-json\/wp\/v2\/media?parent=1207"}],"curies":[{"name":"wp","href":"https:\/\/api.w.org\/{rel}","templated":true}]}}