{"id":1163,"date":"2024-12-12T22:01:26","date_gmt":"2024-12-12T22:01:26","guid":{"rendered":"https:\/\/portal.hospitalsvpgarzon.gov.co\/?page_id=1163"},"modified":"2026-01-05T15:55:39","modified_gmt":"2026-01-05T20:55:39","slug":"metas-objetivos-e-indicadores-gestion","status":"publish","type":"page","link":"https:\/\/hospitalsvpgarzon.gov.co\/index.php\/gestion\/modelo-integrado-de-planeacion-y-gestion-mipg\/metas-objetivos-e-indicadores-gestion\/","title":{"rendered":"Metas, objetivos e indicadores gesti\u00f3n"},"content":{"rendered":"<div class=\"fusion-fullwidth fullwidth-box fusion-builder-row-1 fusion-flex-container has-pattern-background has-mask-background nonhundred-percent-fullwidth non-hundred-percent-height-scrolling\" style=\"--awb-border-radius-top-left:0px;--awb-border-radius-top-right:0px;--awb-border-radius-bottom-right:0px;--awb-border-radius-bottom-left:0px;--awb-flex-wrap:wrap;\" ><div class=\"fusion-builder-row fusion-row fusion-flex-align-items-flex-start fusion-flex-content-wrap\" style=\"max-width:89.44%;margin-left: calc(-4% \/ 2 );margin-right: calc(-4% \/ 2 );\"><div class=\"fusion-layout-column fusion_builder_column fusion-builder-column-0 fusion_builder_column_1_1 1_1 fusion-flex-column\" style=\"--awb-bg-size:cover;--awb-width-large:100%;--awb-margin-top-large:0px;--awb-spacing-right-large:1.92%;--awb-margin-bottom-large:20px;--awb-spacing-left-large:1.92%;--awb-width-medium:100%;--awb-order-medium:0;--awb-spacing-right-medium:1.92%;--awb-spacing-left-medium:1.92%;--awb-width-small:100%;--awb-order-small:0;--awb-spacing-right-small:1.92%;--awb-spacing-left-small:1.92%;\"><div class=\"fusion-column-wrapper fusion-column-has-shadow fusion-flex-justify-content-flex-start fusion-content-layout-column\">\n<div class=\"table-1\">\n<p>&nbsp;<\/p>\n<table width=\"100%\">\n<thead>\n<tr>\n<th align=\"left\"><strong data-renderer-mark=\"true\">Informes Planes Operativos Vigencia 2024<\/strong><\/th>\n<th align=\"left\">Documento<\/th>\n<\/tr>\n<\/thead>\n<tbody>\n<tr>\n<td align=\"left\"><strong data-renderer-mark=\"true\">Informe Anual de Planes de Acci\u00f3n por Dependencias<\/strong><\/td>\n<td align=\"left\"><a href=\"https:\/\/hospitalsvpgarzon.gov.co\/wp-content\/uploads\/2025\/04\/Informe_Planes_Operativos_Anual_2024.pdf\">Descargar<\/a><\/td>\n<\/tr>\n<tr>\n<td align=\"left\"><strong data-renderer-mark=\"true\">Informe I Trimestre de Seguimiento a los Planes de Acci\u00f3n por Dependencias<\/strong><\/td>\n<td align=\"left\"><a href=\"https:\/\/hospitalsvpgarzon.gov.co\/wp-content\/uploads\/2025\/04\/Informe_Planes_Operativos_I_Trimestre_2024.pdf\">Descargar<\/a><\/td>\n<\/tr>\n<tr>\n<td align=\"left\"><strong data-renderer-mark=\"true\">Informe II Trimestre de Seguimiento a los Planes de Acci\u00f3n por Dependencias<\/strong><\/td>\n<td align=\"left\"><a href=\"https:\/\/hospitalsvpgarzon.gov.co\/wp-content\/uploads\/2025\/04\/Informe_Planes_Operativos_II_Trimestre_2024.pdf\">Descargar<\/a><\/td>\n<\/tr>\n<tr>\n<td align=\"left\"><strong data-renderer-mark=\"true\">Informe III Trimestre de Seguimiento a los Planes de Acci\u00f3n por Dependencias<\/strong><\/td>\n<td align=\"left\"><a href=\"https:\/\/hospitalsvpgarzon.gov.co\/wp-content\/uploads\/2025\/04\/Informe_Planes_Operativos_III_Trimestre_2024.pdf\">Descargar<\/a><\/td>\n<\/tr>\n<tr>\n<td align=\"left\"><strong data-renderer-mark=\"true\">Informe IV Trimestre de Seguimiento a los Planes de Acci\u00f3n por Dependencias<\/strong><\/td>\n<td align=\"left\"><a href=\"https:\/\/hospitalsvpgarzon.gov.co\/wp-content\/uploads\/2025\/04\/Informe_Planes_Operativos_IV_Trimestre_2024.pdf\">Descargar<\/a><\/td>\n<\/tr>\n<\/tbody>\n<\/table>\n<\/div>\n<\/div><\/div><div class=\"fusion-layout-column fusion_builder_column fusion-builder-column-1 fusion_builder_column_1_1 1_1 fusion-flex-column\" style=\"--awb-bg-size:cover;--awb-width-large:100%;--awb-margin-top-large:0px;--awb-spacing-right-large:1.92%;--awb-margin-bottom-large:20px;--awb-spacing-left-large:1.92%;--awb-width-medium:100%;--awb-order-medium:0;--awb-spacing-right-medium:1.92%;--awb-spacing-left-medium:1.92%;--awb-width-small:100%;--awb-order-small:0;--awb-spacing-right-small:1.92%;--awb-spacing-left-small:1.92%;\"><div class=\"fusion-column-wrapper fusion-column-has-shadow fusion-flex-justify-content-flex-start fusion-content-layout-column\">\n<div class=\"table-1\">\n<p>&nbsp;<\/p>\n<p>&nbsp;<\/p>\n<table width=\"100%\">\n<thead>\n<tr>\n<th align=\"left\">Informe<\/th>\n<th align=\"left\">Documento<\/th>\n<\/tr>\n<\/thead>\n<tbody>\n<tr>\n<td align=\"left\">Informe II Trimestre seguimiento planes de acci\u00f3n por dependencia 2022<\/td>\n<td align=\"left\"><a href=\"https:\/\/hospitalsvpgarzon.gov.co\/wp-content\/uploads\/2024\/12\/INFORME-PLANES-DE-ACCION-II-TRIMESTRE.pdf\" target=\"_blank\" rel=\"noopener\">Descargar<\/a><\/td>\n<\/tr>\n<tr>\n<td align=\"left\">Informe I Trimestre seguimiento planes de acci\u00f3n por dependencia 2022<\/td>\n<td align=\"left\"><a href=\"https:\/\/hospitalsvpgarzon.gov.co\/wp-content\/uploads\/2024\/12\/Informeprimertrimestre2022.pdf\" target=\"_blank\" rel=\"noopener\">Descargar<\/a><\/td>\n<\/tr>\n<tr>\n<td align=\"left\">Informe II trimestre seguimiento planes de acci\u00f3n por dependencia 2021<\/td>\n<td align=\"left\"><a href=\"https:\/\/hospitalsvpgarzon.gov.co\/wp-content\/uploads\/2024\/12\/6_INFORME_II_TRIMESTRE_SEGUIMIENTO_PLANES_DE_ACCION_POR_DEPENDENCIA.pdf\" target=\"_blank\" rel=\"noopener\">Descargar<\/a><\/td>\n<\/tr>\n<tr>\n<td align=\"left\">Informe de Gesti\u00f3n I Trimestre de 2021<\/td>\n<td align=\"left\"><a href=\"https:\/\/hospitalsvpgarzon.gov.co\/wp-content\/uploads\/2024\/12\/1_Seguimiento_Plan_Accion_primer_trimestre_2021.pdf\" target=\"_blank\" rel=\"noopener\">Descargar<\/a><\/td>\n<\/tr>\n<tr>\n<td align=\"left\">\n<p>Informe de Gesti\u00f3n III Trimestre de 2019<\/p>\n<p>Al cierre de Septiembre 30 de 2019, la ejecuci\u00f3n del Plan de Acci\u00f3n o T\u00e1ctico de la ESE, evidencia una ejecuci\u00f3n del 78,8% del total programado para la vigencia fiscal de 2019.<\/p>\n<\/td>\n<td align=\"left\">\n<p><a href=\"https:\/\/hospitalsvpgarzon.gov.co\/wp-content\/uploads\/2024\/12\/Informe_Gestion_IIITrimestre2019.pdf\" target=\"_blank\" rel=\"noopener\">Descargar<\/a><\/p>\n<p><a href=\"https:\/\/hospitalsvpgarzon.gov.co\/wp-content\/uploads\/2024\/12\/SeguimientoyevaluacionPlandeAccionSeptiembre30de2019.pdf\" target=\"_blank\" rel=\"noopener\">Matriz de monitoreo, seguimiento y evaluaci\u00f3n de metas e indicadores del Plan de Acci\u00f3n o T\u00e1ctico 2019<\/a><\/p>\n<\/td>\n<\/tr>\n<tr>\n<td align=\"left\">\n<p>Informe de Gesti\u00f3n II Trimestre de 2019<\/p>\n<p>Al cierre de Junio 30 de 2019, la ejecuci\u00f3n del Plan de Acci\u00f3n o T\u00e1ctico de la ESE, evidencia una ejecuci\u00f3n del 56,7% del total programado para la vigencia fiscal de 2019.<\/p>\n<\/td>\n<td align=\"left\">\n<p><a href=\"https:\/\/hospitalsvpgarzon.gov.co\/wp-content\/uploads\/2024\/12\/Informe_Gestion_IITrimestre2019.pdf\" target=\"_blank\" rel=\"noopener\">Descargar<\/a><\/p>\n<p><a href=\"https:\/\/hospitalsvpgarzon.gov.co\/wp-content\/uploads\/2024\/12\/SeguimientoyevaluacionPlandeAccionJunio30de2019.pdf\" target=\"_blank\" rel=\"noopener\">Matriz de monitoreo, seguimiento y evaluaci\u00f3n de metas e indicadores del Plan de Acci\u00f3n o T\u00e1ctico 2019<\/a><\/p>\n<\/td>\n<\/tr>\n<tr>\n<td align=\"left\">\n<p>Informe de Gesti\u00f3n I Trimestre de 2019<\/p>\n<p>Al cierre de Marzo 31 de 2019, la ejecuci\u00f3n del Plan de Acci\u00f3n o T\u00e1ctico de la ESE, evidencia una ejecuci\u00f3n del 33,4% del total programado para la vigencia fiscal de 2019.<\/p>\n<\/td>\n<td align=\"left\">\n<p><a href=\"https:\/\/hospitalsvpgarzon.gov.co\/wp-content\/uploads\/2024\/12\/Informe_Gestion_ITrimestre2019.pdf\" target=\"_blank\" rel=\"noopener\">Descargar<\/a><\/p>\n<p><a href=\"https:\/\/hospitalsvpgarzon.gov.co\/wp-content\/uploads\/2024\/12\/SeguimientoyevaluacionPlandeAccionMarzo31de2019.pdf\" target=\"_blank\" rel=\"noopener\">Matriz de monitoreo, seguimiento y evaluaci\u00f3n de metas e indicadores del Plan de Acci\u00f3n o T\u00e1ctico 2019<\/a><\/p>\n<\/td>\n<\/tr>\n<\/tbody>\n<\/table>\n<\/div>\n<\/div><\/div><\/div><\/div>\n","protected":false},"excerpt":{"rendered":"","protected":false},"author":1,"featured_media":0,"parent":1055,"menu_order":0,"comment_status":"closed","ping_status":"closed","template":"100-width.php","meta":{"footnotes":""},"class_list":["post-1163","page","type-page","status-publish","hentry"],"yoast_head":"<!-- This site is optimized with the Yoast SEO plugin v26.6 - https:\/\/yoast.com\/wordpress\/plugins\/seo\/ -->\n<title>Metas, objetivos e indicadores gesti\u00f3n - San Vicente de Paul<\/title>\n<meta name=\"robots\" content=\"index, follow, max-snippet:-1, max-image-preview:large, max-video-preview:-1\" \/>\n<link rel=\"canonical\" href=\"https:\/\/hospitalsvpgarzon.gov.co\/index.php\/gestion\/modelo-integrado-de-planeacion-y-gestion-mipg\/metas-objetivos-e-indicadores-gestion\/\" \/>\n<meta property=\"og:locale\" content=\"es_ES\" \/>\n<meta property=\"og:type\" content=\"article\" \/>\n<meta property=\"og:title\" content=\"Metas, objetivos e indicadores gesti\u00f3n - San Vicente de Paul\" \/>\n<meta property=\"og:url\" content=\"https:\/\/hospitalsvpgarzon.gov.co\/index.php\/gestion\/modelo-integrado-de-planeacion-y-gestion-mipg\/metas-objetivos-e-indicadores-gestion\/\" \/>\n<meta property=\"og:site_name\" content=\"San Vicente de Paul\" \/>\n<meta property=\"article:modified_time\" content=\"2026-01-05T20:55:39+00:00\" \/>\n<meta name=\"twitter:card\" content=\"summary_large_image\" \/>\n<meta name=\"twitter:label1\" content=\"Tiempo de lectura\" \/>\n\t<meta name=\"twitter:data1\" content=\"1 minuto\" \/>\n<script type=\"application\/ld+json\" class=\"yoast-schema-graph\">{\"@context\":\"https:\/\/schema.org\",\"@graph\":[{\"@type\":\"WebPage\",\"@id\":\"https:\/\/hospitalsvpgarzon.gov.co\/index.php\/gestion\/modelo-integrado-de-planeacion-y-gestion-mipg\/metas-objetivos-e-indicadores-gestion\/\",\"url\":\"https:\/\/hospitalsvpgarzon.gov.co\/index.php\/gestion\/modelo-integrado-de-planeacion-y-gestion-mipg\/metas-objetivos-e-indicadores-gestion\/\",\"name\":\"Metas, objetivos e indicadores gesti\u00f3n - San Vicente de Paul\",\"isPartOf\":{\"@id\":\"https:\/\/hospitalsvpgarzon.gov.co\/#website\"},\"datePublished\":\"2024-12-12T22:01:26+00:00\",\"dateModified\":\"2026-01-05T20:55:39+00:00\",\"breadcrumb\":{\"@id\":\"https:\/\/hospitalsvpgarzon.gov.co\/index.php\/gestion\/modelo-integrado-de-planeacion-y-gestion-mipg\/metas-objetivos-e-indicadores-gestion\/#breadcrumb\"},\"inLanguage\":\"es\",\"potentialAction\":[{\"@type\":\"ReadAction\",\"target\":[\"https:\/\/hospitalsvpgarzon.gov.co\/index.php\/gestion\/modelo-integrado-de-planeacion-y-gestion-mipg\/metas-objetivos-e-indicadores-gestion\/\"]}]},{\"@type\":\"BreadcrumbList\",\"@id\":\"https:\/\/hospitalsvpgarzon.gov.co\/index.php\/gestion\/modelo-integrado-de-planeacion-y-gestion-mipg\/metas-objetivos-e-indicadores-gestion\/#breadcrumb\",\"itemListElement\":[{\"@type\":\"ListItem\",\"position\":1,\"name\":\"Portada\",\"item\":\"https:\/\/hospitalsvpgarzon.gov.co\/\"},{\"@type\":\"ListItem\",\"position\":2,\"name\":\"Gesti\u00f3n\",\"item\":\"https:\/\/hospitalsvpgarzon.gov.co\/index.php\/gestion\/\"},{\"@type\":\"ListItem\",\"position\":3,\"name\":\"Modelo integrado de planeaci\u00f3n y Gesti\u00f3n (MIPG)\",\"item\":\"https:\/\/hospitalsvpgarzon.gov.co\/index.php\/gestion\/modelo-integrado-de-planeacion-y-gestion-mipg\/\"},{\"@type\":\"ListItem\",\"position\":4,\"name\":\"Metas, objetivos e indicadores gesti\u00f3n\"}]},{\"@type\":\"WebSite\",\"@id\":\"https:\/\/hospitalsvpgarzon.gov.co\/#website\",\"url\":\"https:\/\/hospitalsvpgarzon.gov.co\/\",\"name\":\"San Vicente de Paul\",\"description\":\"\",\"potentialAction\":[{\"@type\":\"SearchAction\",\"target\":{\"@type\":\"EntryPoint\",\"urlTemplate\":\"https:\/\/hospitalsvpgarzon.gov.co\/?s={search_term_string}\"},\"query-input\":{\"@type\":\"PropertyValueSpecification\",\"valueRequired\":true,\"valueName\":\"search_term_string\"}}],\"inLanguage\":\"es\"}]}<\/script>\n<!-- \/ Yoast SEO plugin. -->","yoast_head_json":{"title":"Metas, objetivos e indicadores gesti\u00f3n - San Vicente de Paul","robots":{"index":"index","follow":"follow","max-snippet":"max-snippet:-1","max-image-preview":"max-image-preview:large","max-video-preview":"max-video-preview:-1"},"canonical":"https:\/\/hospitalsvpgarzon.gov.co\/index.php\/gestion\/modelo-integrado-de-planeacion-y-gestion-mipg\/metas-objetivos-e-indicadores-gestion\/","og_locale":"es_ES","og_type":"article","og_title":"Metas, objetivos e indicadores gesti\u00f3n - San Vicente de Paul","og_url":"https:\/\/hospitalsvpgarzon.gov.co\/index.php\/gestion\/modelo-integrado-de-planeacion-y-gestion-mipg\/metas-objetivos-e-indicadores-gestion\/","og_site_name":"San Vicente de Paul","article_modified_time":"2026-01-05T20:55:39+00:00","twitter_card":"summary_large_image","twitter_misc":{"Tiempo de lectura":"1 minuto"},"schema":{"@context":"https:\/\/schema.org","@graph":[{"@type":"WebPage","@id":"https:\/\/hospitalsvpgarzon.gov.co\/index.php\/gestion\/modelo-integrado-de-planeacion-y-gestion-mipg\/metas-objetivos-e-indicadores-gestion\/","url":"https:\/\/hospitalsvpgarzon.gov.co\/index.php\/gestion\/modelo-integrado-de-planeacion-y-gestion-mipg\/metas-objetivos-e-indicadores-gestion\/","name":"Metas, objetivos e indicadores gesti\u00f3n - San Vicente de Paul","isPartOf":{"@id":"https:\/\/hospitalsvpgarzon.gov.co\/#website"},"datePublished":"2024-12-12T22:01:26+00:00","dateModified":"2026-01-05T20:55:39+00:00","breadcrumb":{"@id":"https:\/\/hospitalsvpgarzon.gov.co\/index.php\/gestion\/modelo-integrado-de-planeacion-y-gestion-mipg\/metas-objetivos-e-indicadores-gestion\/#breadcrumb"},"inLanguage":"es","potentialAction":[{"@type":"ReadAction","target":["https:\/\/hospitalsvpgarzon.gov.co\/index.php\/gestion\/modelo-integrado-de-planeacion-y-gestion-mipg\/metas-objetivos-e-indicadores-gestion\/"]}]},{"@type":"BreadcrumbList","@id":"https:\/\/hospitalsvpgarzon.gov.co\/index.php\/gestion\/modelo-integrado-de-planeacion-y-gestion-mipg\/metas-objetivos-e-indicadores-gestion\/#breadcrumb","itemListElement":[{"@type":"ListItem","position":1,"name":"Portada","item":"https:\/\/hospitalsvpgarzon.gov.co\/"},{"@type":"ListItem","position":2,"name":"Gesti\u00f3n","item":"https:\/\/hospitalsvpgarzon.gov.co\/index.php\/gestion\/"},{"@type":"ListItem","position":3,"name":"Modelo integrado de planeaci\u00f3n y Gesti\u00f3n (MIPG)","item":"https:\/\/hospitalsvpgarzon.gov.co\/index.php\/gestion\/modelo-integrado-de-planeacion-y-gestion-mipg\/"},{"@type":"ListItem","position":4,"name":"Metas, objetivos e indicadores gesti\u00f3n"}]},{"@type":"WebSite","@id":"https:\/\/hospitalsvpgarzon.gov.co\/#website","url":"https:\/\/hospitalsvpgarzon.gov.co\/","name":"San Vicente de Paul","description":"","potentialAction":[{"@type":"SearchAction","target":{"@type":"EntryPoint","urlTemplate":"https:\/\/hospitalsvpgarzon.gov.co\/?s={search_term_string}"},"query-input":{"@type":"PropertyValueSpecification","valueRequired":true,"valueName":"search_term_string"}}],"inLanguage":"es"}]}},"_links":{"self":[{"href":"https:\/\/hospitalsvpgarzon.gov.co\/index.php\/wp-json\/wp\/v2\/pages\/1163","targetHints":{"allow":["GET"]}}],"collection":[{"href":"https:\/\/hospitalsvpgarzon.gov.co\/index.php\/wp-json\/wp\/v2\/pages"}],"about":[{"href":"https:\/\/hospitalsvpgarzon.gov.co\/index.php\/wp-json\/wp\/v2\/types\/page"}],"author":[{"embeddable":true,"href":"https:\/\/hospitalsvpgarzon.gov.co\/index.php\/wp-json\/wp\/v2\/users\/1"}],"replies":[{"embeddable":true,"href":"https:\/\/hospitalsvpgarzon.gov.co\/index.php\/wp-json\/wp\/v2\/comments?post=1163"}],"version-history":[{"count":3,"href":"https:\/\/hospitalsvpgarzon.gov.co\/index.php\/wp-json\/wp\/v2\/pages\/1163\/revisions"}],"predecessor-version":[{"id":4164,"href":"https:\/\/hospitalsvpgarzon.gov.co\/index.php\/wp-json\/wp\/v2\/pages\/1163\/revisions\/4164"}],"up":[{"embeddable":true,"href":"https:\/\/hospitalsvpgarzon.gov.co\/index.php\/wp-json\/wp\/v2\/pages\/1055"}],"wp:attachment":[{"href":"https:\/\/hospitalsvpgarzon.gov.co\/index.php\/wp-json\/wp\/v2\/media?parent=1163"}],"curies":[{"name":"wp","href":"https:\/\/api.w.org\/{rel}","templated":true}]}}