{"id":1155,"date":"2024-12-12T21:52:38","date_gmt":"2024-12-12T21:52:38","guid":{"rendered":"https:\/\/portal.hospitalsvpgarzon.gov.co\/?page_id=1155"},"modified":"2024-12-14T23:06:47","modified_gmt":"2024-12-14T23:06:47","slug":"accesibilidad-a-la-web","status":"publish","type":"page","link":"https:\/\/hospitalsvpgarzon.gov.co\/index.php\/transparencia-y-acceso-a-la-informacion-publica\/datos-abiertos\/accesibilidad-a-la-web\/","title":{"rendered":"Accesibilidad a la Web"},"content":{"rendered":"<div class=\"fusion-fullwidth fullwidth-box fusion-builder-row-1 fusion-flex-container has-pattern-background has-mask-background nonhundred-percent-fullwidth non-hundred-percent-height-scrolling\" style=\"--awb-border-radius-top-left:0px;--awb-border-radius-top-right:0px;--awb-border-radius-bottom-right:0px;--awb-border-radius-bottom-left:0px;--awb-flex-wrap:wrap;\" ><div class=\"fusion-builder-row fusion-row fusion-flex-align-items-flex-start fusion-flex-content-wrap\" style=\"max-width:89.44%;margin-left: calc(-4% \/ 2 );margin-right: calc(-4% \/ 2 );\"><div class=\"fusion-layout-column fusion_builder_column fusion-builder-column-0 fusion_builder_column_1_1 1_1 fusion-flex-column\" style=\"--awb-bg-size:cover;--awb-width-large:100%;--awb-margin-top-large:0px;--awb-spacing-right-large:1.92%;--awb-margin-bottom-large:20px;--awb-spacing-left-large:1.92%;--awb-width-medium:100%;--awb-order-medium:0;--awb-spacing-right-medium:1.92%;--awb-spacing-left-medium:1.92%;--awb-width-small:100%;--awb-order-small:0;--awb-spacing-right-small:1.92%;--awb-spacing-left-small:1.92%;\"><div class=\"fusion-column-wrapper fusion-column-has-shadow fusion-flex-justify-content-flex-start fusion-content-layout-column\"><div class=\"fusion-text fusion-text-1\"><p><img decoding=\"async\" class=\"lazyload size-full wp-image-1424 alignleft\" src=\"https:\/\/portal.hospitalsvpgarzon.gov.co\/wp-content\/uploads\/2024\/12\/futuro_digital.png\" data-orig-src=\"https:\/\/portal.hospitalsvpgarzon.gov.co\/wp-content\/uploads\/2024\/12\/futuro_digital.png\" alt=\"\" width=\"401\" height=\"85\" srcset=\"data:image\/svg+xml,%3Csvg%20xmlns%3D%27http%3A%2F%2Fwww.w3.org%2F2000%2Fsvg%27%20width%3D%27401%27%20height%3D%2785%27%20viewBox%3D%270%200%20401%2085%27%3E%3Crect%20width%3D%27401%27%20height%3D%2785%27%20fill-opacity%3D%220%22%2F%3E%3C%2Fsvg%3E\" data-srcset=\"https:\/\/hospitalsvpgarzon.gov.co\/wp-content\/uploads\/2024\/12\/futuro_digital-200x42.png 200w, https:\/\/hospitalsvpgarzon.gov.co\/wp-content\/uploads\/2024\/12\/futuro_digital-300x64.png 300w, https:\/\/hospitalsvpgarzon.gov.co\/wp-content\/uploads\/2024\/12\/futuro_digital.png 401w\" data-sizes=\"auto\" data-orig-sizes=\"(max-width: 401px) 100vw, 401px\" \/>La E.S.E. Hospital Departamental San Vicente de Paul Garz\u00f3n Huila\u00a0\u00a0\u00a0como entidad p\u00fablica, consciente de la diversidad de su poblaci\u00f3n, ha dispuesto \u00e9ste enlace para socializar las estrategias disponibles para poblaci\u00f3n con dificultades visuales y auditivas.<\/p>\n<p>Entre ellas es posible encontrar:<\/p>\n<p>A trav\u00e9s de herramientas gratuitas y desarrolladas por el\u00a0MINTIC,\u00a0es posible descargar el software que facilitar\u00e1 la adaptaci\u00f3n y conocimiento de los diferentes temas que aparecen en la p\u00e1gina web, simplemente instal\u00e1ndolo, diligenciando datos b\u00e1sicos de cada usuario y us\u00e1ndolo dentro del territorio nacional.<\/p>\n<p>Ellas son:<\/p>\n<h3 style=\"font-weight: 400;\"><strong><a href=\"https:\/\/convertic.gov.co\/641\/w3-propertyvalue-15339.html\">JAWS<\/a><\/strong><\/h3>\n<p style=\"font-weight: 400;\">Es un software que convierte a voz la informaci\u00f3n que se muestra en la pantalla, permitiendo a las personas ciegas hacer un uso aut\u00f3nomo del computador y sus aplicaciones.<\/p>\n<p style=\"font-weight: 400;\">Ingresa al siguiente link y sigues las instrucciones:<\/p>\n<p style=\"font-weight: 400;\"><a href=\"https:\/\/convertic.gov.co\/641\/w3-propertyvalue-15339.html\">https:\/\/convertic.gov.co\/641\/w3-propertyvalue-15339.html<\/a><\/p>\n<h3 style=\"font-weight: 400;\"><strong><a href=\"https:\/\/convertic.gov.co\/641\/w3-propertyvalue-15340.html\">ZOOMTEXT<\/a><\/strong><\/h3>\n<p style=\"font-weight: 400;\">Es un software que ampl\u00eda hasta 16 veces el tama\u00f1o de las letras en pantalla y permite variar color y contraste, beneficiando a personas con baja visi\u00f3n o que est\u00e9n empezando a experimentar problemas visuales por cuestiones de edad.<\/p>\n<p style=\"font-weight: 400;\">Disponible dando\u00a0clik\u00a0y siguiendo las instrucciones:<\/p>\n<p style=\"font-weight: 400;\"><a href=\"https:\/\/convertic.gov.co\/641\/w3-propertyvalue-15340.html\">https:\/\/convertic.gov.co\/641\/w3-propertyvalue-15340.html<\/a><\/p>\n<p style=\"font-weight: 400;\">Estas herramientas hacen parte de la propuesta del Gobierno de Colombia denominada ConverTIC que transforma la vida de personas con discapacidad visual, permiti\u00e9ndoles usar un computador y navegar en internet a trav\u00e9s de la descarga gratuita del software lector de pantalla Jaws y del magnificador ZoomText.<\/p>\n<\/div><\/div><\/div><\/div><\/div>\n","protected":false},"excerpt":{"rendered":"","protected":false},"author":1,"featured_media":0,"parent":357,"menu_order":0,"comment_status":"closed","ping_status":"closed","template":"","meta":{"footnotes":""},"class_list":["post-1155","page","type-page","status-publish","hentry"],"yoast_head":"<!-- This site is optimized with the Yoast SEO plugin v26.6 - https:\/\/yoast.com\/wordpress\/plugins\/seo\/ -->\n<title>Accesibilidad a la Web - San Vicente de Paul<\/title>\n<meta name=\"robots\" content=\"index, follow, max-snippet:-1, max-image-preview:large, max-video-preview:-1\" \/>\n<link rel=\"canonical\" href=\"https:\/\/hospitalsvpgarzon.gov.co\/index.php\/transparencia-y-acceso-a-la-informacion-publica\/datos-abiertos\/accesibilidad-a-la-web\/\" \/>\n<meta property=\"og:locale\" content=\"es_ES\" \/>\n<meta property=\"og:type\" content=\"article\" \/>\n<meta property=\"og:title\" content=\"Accesibilidad a la Web - San Vicente de Paul\" \/>\n<meta property=\"og:url\" content=\"https:\/\/hospitalsvpgarzon.gov.co\/index.php\/transparencia-y-acceso-a-la-informacion-publica\/datos-abiertos\/accesibilidad-a-la-web\/\" \/>\n<meta property=\"og:site_name\" content=\"San Vicente de Paul\" \/>\n<meta property=\"article:modified_time\" content=\"2024-12-14T23:06:47+00:00\" \/>\n<meta property=\"og:image\" content=\"https:\/\/portal.hospitalsvpgarzon.gov.co\/wp-content\/uploads\/2024\/12\/futuro_digital.png\" \/>\n<meta name=\"twitter:card\" content=\"summary_large_image\" \/>\n<meta name=\"twitter:label1\" content=\"Tiempo de lectura\" \/>\n\t<meta name=\"twitter:data1\" content=\"1 minuto\" \/>\n<script type=\"application\/ld+json\" class=\"yoast-schema-graph\">{\"@context\":\"https:\/\/schema.org\",\"@graph\":[{\"@type\":\"WebPage\",\"@id\":\"https:\/\/hospitalsvpgarzon.gov.co\/index.php\/transparencia-y-acceso-a-la-informacion-publica\/datos-abiertos\/accesibilidad-a-la-web\/\",\"url\":\"https:\/\/hospitalsvpgarzon.gov.co\/index.php\/transparencia-y-acceso-a-la-informacion-publica\/datos-abiertos\/accesibilidad-a-la-web\/\",\"name\":\"Accesibilidad a la Web - San Vicente de Paul\",\"isPartOf\":{\"@id\":\"https:\/\/hospitalsvpgarzon.gov.co\/#website\"},\"primaryImageOfPage\":{\"@id\":\"https:\/\/hospitalsvpgarzon.gov.co\/index.php\/transparencia-y-acceso-a-la-informacion-publica\/datos-abiertos\/accesibilidad-a-la-web\/#primaryimage\"},\"image\":{\"@id\":\"https:\/\/hospitalsvpgarzon.gov.co\/index.php\/transparencia-y-acceso-a-la-informacion-publica\/datos-abiertos\/accesibilidad-a-la-web\/#primaryimage\"},\"thumbnailUrl\":\"https:\/\/portal.hospitalsvpgarzon.gov.co\/wp-content\/uploads\/2024\/12\/futuro_digital.png\",\"datePublished\":\"2024-12-12T21:52:38+00:00\",\"dateModified\":\"2024-12-14T23:06:47+00:00\",\"breadcrumb\":{\"@id\":\"https:\/\/hospitalsvpgarzon.gov.co\/index.php\/transparencia-y-acceso-a-la-informacion-publica\/datos-abiertos\/accesibilidad-a-la-web\/#breadcrumb\"},\"inLanguage\":\"es\",\"potentialAction\":[{\"@type\":\"ReadAction\",\"target\":[\"https:\/\/hospitalsvpgarzon.gov.co\/index.php\/transparencia-y-acceso-a-la-informacion-publica\/datos-abiertos\/accesibilidad-a-la-web\/\"]}]},{\"@type\":\"ImageObject\",\"inLanguage\":\"es\",\"@id\":\"https:\/\/hospitalsvpgarzon.gov.co\/index.php\/transparencia-y-acceso-a-la-informacion-publica\/datos-abiertos\/accesibilidad-a-la-web\/#primaryimage\",\"url\":\"https:\/\/portal.hospitalsvpgarzon.gov.co\/wp-content\/uploads\/2024\/12\/futuro_digital.png\",\"contentUrl\":\"https:\/\/portal.hospitalsvpgarzon.gov.co\/wp-content\/uploads\/2024\/12\/futuro_digital.png\"},{\"@type\":\"BreadcrumbList\",\"@id\":\"https:\/\/hospitalsvpgarzon.gov.co\/index.php\/transparencia-y-acceso-a-la-informacion-publica\/datos-abiertos\/accesibilidad-a-la-web\/#breadcrumb\",\"itemListElement\":[{\"@type\":\"ListItem\",\"position\":1,\"name\":\"Portada\",\"item\":\"https:\/\/hospitalsvpgarzon.gov.co\/\"},{\"@type\":\"ListItem\",\"position\":2,\"name\":\"Transparencia y Acceso a la Informaci\u00f3n P\u00fablica\",\"item\":\"https:\/\/hospitalsvpgarzon.gov.co\/index.php\/transparencia-y-acceso-a-la-informacion-publica\/\"},{\"@type\":\"ListItem\",\"position\":3,\"name\":\"Datos Abiertos\",\"item\":\"https:\/\/hospitalsvpgarzon.gov.co\/index.php\/transparencia-y-acceso-a-la-informacion-publica\/datos-abiertos\/\"},{\"@type\":\"ListItem\",\"position\":4,\"name\":\"Accesibilidad a la Web\"}]},{\"@type\":\"WebSite\",\"@id\":\"https:\/\/hospitalsvpgarzon.gov.co\/#website\",\"url\":\"https:\/\/hospitalsvpgarzon.gov.co\/\",\"name\":\"San Vicente de Paul\",\"description\":\"\",\"potentialAction\":[{\"@type\":\"SearchAction\",\"target\":{\"@type\":\"EntryPoint\",\"urlTemplate\":\"https:\/\/hospitalsvpgarzon.gov.co\/?s={search_term_string}\"},\"query-input\":{\"@type\":\"PropertyValueSpecification\",\"valueRequired\":true,\"valueName\":\"search_term_string\"}}],\"inLanguage\":\"es\"}]}<\/script>\n<!-- \/ Yoast SEO plugin. -->","yoast_head_json":{"title":"Accesibilidad a la Web - San Vicente de Paul","robots":{"index":"index","follow":"follow","max-snippet":"max-snippet:-1","max-image-preview":"max-image-preview:large","max-video-preview":"max-video-preview:-1"},"canonical":"https:\/\/hospitalsvpgarzon.gov.co\/index.php\/transparencia-y-acceso-a-la-informacion-publica\/datos-abiertos\/accesibilidad-a-la-web\/","og_locale":"es_ES","og_type":"article","og_title":"Accesibilidad a la Web - San Vicente de Paul","og_url":"https:\/\/hospitalsvpgarzon.gov.co\/index.php\/transparencia-y-acceso-a-la-informacion-publica\/datos-abiertos\/accesibilidad-a-la-web\/","og_site_name":"San Vicente de Paul","article_modified_time":"2024-12-14T23:06:47+00:00","og_image":[{"url":"https:\/\/portal.hospitalsvpgarzon.gov.co\/wp-content\/uploads\/2024\/12\/futuro_digital.png","type":"","width":"","height":""}],"twitter_card":"summary_large_image","twitter_misc":{"Tiempo de lectura":"1 minuto"},"schema":{"@context":"https:\/\/schema.org","@graph":[{"@type":"WebPage","@id":"https:\/\/hospitalsvpgarzon.gov.co\/index.php\/transparencia-y-acceso-a-la-informacion-publica\/datos-abiertos\/accesibilidad-a-la-web\/","url":"https:\/\/hospitalsvpgarzon.gov.co\/index.php\/transparencia-y-acceso-a-la-informacion-publica\/datos-abiertos\/accesibilidad-a-la-web\/","name":"Accesibilidad a la Web - San Vicente de Paul","isPartOf":{"@id":"https:\/\/hospitalsvpgarzon.gov.co\/#website"},"primaryImageOfPage":{"@id":"https:\/\/hospitalsvpgarzon.gov.co\/index.php\/transparencia-y-acceso-a-la-informacion-publica\/datos-abiertos\/accesibilidad-a-la-web\/#primaryimage"},"image":{"@id":"https:\/\/hospitalsvpgarzon.gov.co\/index.php\/transparencia-y-acceso-a-la-informacion-publica\/datos-abiertos\/accesibilidad-a-la-web\/#primaryimage"},"thumbnailUrl":"https:\/\/portal.hospitalsvpgarzon.gov.co\/wp-content\/uploads\/2024\/12\/futuro_digital.png","datePublished":"2024-12-12T21:52:38+00:00","dateModified":"2024-12-14T23:06:47+00:00","breadcrumb":{"@id":"https:\/\/hospitalsvpgarzon.gov.co\/index.php\/transparencia-y-acceso-a-la-informacion-publica\/datos-abiertos\/accesibilidad-a-la-web\/#breadcrumb"},"inLanguage":"es","potentialAction":[{"@type":"ReadAction","target":["https:\/\/hospitalsvpgarzon.gov.co\/index.php\/transparencia-y-acceso-a-la-informacion-publica\/datos-abiertos\/accesibilidad-a-la-web\/"]}]},{"@type":"ImageObject","inLanguage":"es","@id":"https:\/\/hospitalsvpgarzon.gov.co\/index.php\/transparencia-y-acceso-a-la-informacion-publica\/datos-abiertos\/accesibilidad-a-la-web\/#primaryimage","url":"https:\/\/portal.hospitalsvpgarzon.gov.co\/wp-content\/uploads\/2024\/12\/futuro_digital.png","contentUrl":"https:\/\/portal.hospitalsvpgarzon.gov.co\/wp-content\/uploads\/2024\/12\/futuro_digital.png"},{"@type":"BreadcrumbList","@id":"https:\/\/hospitalsvpgarzon.gov.co\/index.php\/transparencia-y-acceso-a-la-informacion-publica\/datos-abiertos\/accesibilidad-a-la-web\/#breadcrumb","itemListElement":[{"@type":"ListItem","position":1,"name":"Portada","item":"https:\/\/hospitalsvpgarzon.gov.co\/"},{"@type":"ListItem","position":2,"name":"Transparencia y Acceso a la Informaci\u00f3n P\u00fablica","item":"https:\/\/hospitalsvpgarzon.gov.co\/index.php\/transparencia-y-acceso-a-la-informacion-publica\/"},{"@type":"ListItem","position":3,"name":"Datos Abiertos","item":"https:\/\/hospitalsvpgarzon.gov.co\/index.php\/transparencia-y-acceso-a-la-informacion-publica\/datos-abiertos\/"},{"@type":"ListItem","position":4,"name":"Accesibilidad a la Web"}]},{"@type":"WebSite","@id":"https:\/\/hospitalsvpgarzon.gov.co\/#website","url":"https:\/\/hospitalsvpgarzon.gov.co\/","name":"San Vicente de Paul","description":"","potentialAction":[{"@type":"SearchAction","target":{"@type":"EntryPoint","urlTemplate":"https:\/\/hospitalsvpgarzon.gov.co\/?s={search_term_string}"},"query-input":{"@type":"PropertyValueSpecification","valueRequired":true,"valueName":"search_term_string"}}],"inLanguage":"es"}]}},"_links":{"self":[{"href":"https:\/\/hospitalsvpgarzon.gov.co\/index.php\/wp-json\/wp\/v2\/pages\/1155","targetHints":{"allow":["GET"]}}],"collection":[{"href":"https:\/\/hospitalsvpgarzon.gov.co\/index.php\/wp-json\/wp\/v2\/pages"}],"about":[{"href":"https:\/\/hospitalsvpgarzon.gov.co\/index.php\/wp-json\/wp\/v2\/types\/page"}],"author":[{"embeddable":true,"href":"https:\/\/hospitalsvpgarzon.gov.co\/index.php\/wp-json\/wp\/v2\/users\/1"}],"replies":[{"embeddable":true,"href":"https:\/\/hospitalsvpgarzon.gov.co\/index.php\/wp-json\/wp\/v2\/comments?post=1155"}],"version-history":[{"count":0,"href":"https:\/\/hospitalsvpgarzon.gov.co\/index.php\/wp-json\/wp\/v2\/pages\/1155\/revisions"}],"up":[{"embeddable":true,"href":"https:\/\/hospitalsvpgarzon.gov.co\/index.php\/wp-json\/wp\/v2\/pages\/357"}],"wp:attachment":[{"href":"https:\/\/hospitalsvpgarzon.gov.co\/index.php\/wp-json\/wp\/v2\/media?parent=1155"}],"curies":[{"name":"wp","href":"https:\/\/api.w.org\/{rel}","templated":true}]}}