{"id":1125,"date":"2024-12-12T21:36:41","date_gmt":"2024-12-12T21:36:41","guid":{"rendered":"https:\/\/portal.hospitalsvpgarzon.gov.co\/?page_id=1125"},"modified":"2026-01-05T15:44:09","modified_gmt":"2026-01-05T20:44:09","slug":"higiene-de-manos","status":"publish","type":"page","link":"https:\/\/hospitalsvpgarzon.gov.co\/index.php\/gestion\/modelo-integrado-de-planeacion-y-gestion-mipg\/gestion-de-calidad\/higiene-de-manos\/","title":{"rendered":"Higiene de Manos"},"content":{"rendered":"<div class=\"fusion-fullwidth fullwidth-box fusion-builder-row-1 fusion-flex-container has-pattern-background has-mask-background nonhundred-percent-fullwidth non-hundred-percent-height-scrolling\" style=\"--awb-border-radius-top-left:0px;--awb-border-radius-top-right:0px;--awb-border-radius-bottom-right:0px;--awb-border-radius-bottom-left:0px;--awb-flex-wrap:wrap;\" ><div class=\"fusion-builder-row fusion-row fusion-flex-align-items-flex-start fusion-flex-content-wrap\" style=\"max-width:89.44%;margin-left: calc(-4% \/ 2 );margin-right: calc(-4% \/ 2 );\"><div class=\"fusion-layout-column fusion_builder_column fusion-builder-column-0 fusion_builder_column_1_1 1_1 fusion-flex-column\" style=\"--awb-bg-size:cover;--awb-width-large:100%;--awb-margin-top-large:0px;--awb-spacing-right-large:1.92%;--awb-margin-bottom-large:20px;--awb-spacing-left-large:1.92%;--awb-width-medium:100%;--awb-order-medium:0;--awb-spacing-right-medium:1.92%;--awb-spacing-left-medium:1.92%;--awb-width-small:100%;--awb-order-small:0;--awb-spacing-right-small:1.92%;--awb-spacing-left-small:1.92%;\"><div class=\"fusion-column-wrapper fusion-column-has-shadow fusion-flex-justify-content-flex-start fusion-content-layout-column\"><div class=\"fusion-text fusion-text-1\"><h4><strong>Manuales<\/strong><\/h4>\n<ul>\n<li><a href=\"https:\/\/hospitalsvpgarzon.gov.co\/wp-content\/uploads\/2024\/12\/74_PiramideguantesFinal.pdf\" target=\"_blank\" rel=\"noopener\">Piramide de Orientaci\u00f3n para el Uso de Guantes Est\u00e9riles y Manoplas<\/a><\/li>\n<li><a href=\"https:\/\/hospitalsvpgarzon.gov.co\/wp-content\/uploads\/2024\/12\/ES_PSP_GPSC1_Higiene-de-las-Manos_Brochure_June-2012.pdf\" target=\"_blank\" rel=\"noopener\">Higiene de Manos \u00bfpor qu\u00e9, c\u00f3mo, cu\u00e1ndo?<\/a><\/li>\n<li><a href=\"https:\/\/hospitalsvpgarzon.gov.co\/wp-content\/uploads\/2024\/12\/Lin_Autoevaluacion-estrategia-multimodal-de-higiene-de-manos_23042020.pdf\" target=\"_blank\" rel=\"noopener\">Lineamientos T\u00e9cnicos para la Evaluaci\u00f3n de la Estrategia Multimodal deHigiene de Manos<\/a><\/li>\n<li><a href=\"https:\/\/hospitalsvpgarzon.gov.co\/wp-content\/uploads\/2024\/12\/WHO_IER_PSP_2009.02_spa.pdf\" target=\"_blank\" rel=\"noopener\">Manual Tecnico de Referencia para la Higiene de las Manos<\/a><\/li>\n<\/ul>\n<h4><strong>Curso Gratis con Certificado<\/strong><\/h4>\n<ul>\n<li>Ingresa al Enlace: <a href=\"https:\/\/openwho.org\/courses\/IPC-HH-es\" target=\"_blank\" rel=\"noopener\">Precauciones B\u00e1sicas: Higiene de las Manos<\/a><\/li>\n<\/ul>\n<\/div><\/div><\/div><\/div><\/div>\n","protected":false},"excerpt":{"rendered":"","protected":false},"author":1,"featured_media":0,"parent":1086,"menu_order":0,"comment_status":"closed","ping_status":"closed","template":"100-width.php","meta":{"footnotes":""},"class_list":["post-1125","page","type-page","status-publish","hentry"],"yoast_head":"<!-- This site is optimized with the Yoast SEO plugin v26.6 - https:\/\/yoast.com\/wordpress\/plugins\/seo\/ -->\n<title>Higiene de Manos - San Vicente de Paul<\/title>\n<meta name=\"robots\" content=\"index, follow, max-snippet:-1, max-image-preview:large, max-video-preview:-1\" \/>\n<link rel=\"canonical\" href=\"https:\/\/hospitalsvpgarzon.gov.co\/index.php\/gestion\/modelo-integrado-de-planeacion-y-gestion-mipg\/gestion-de-calidad\/higiene-de-manos\/\" \/>\n<meta property=\"og:locale\" content=\"es_ES\" \/>\n<meta property=\"og:type\" content=\"article\" \/>\n<meta property=\"og:title\" content=\"Higiene de Manos - San Vicente de Paul\" \/>\n<meta property=\"og:url\" content=\"https:\/\/hospitalsvpgarzon.gov.co\/index.php\/gestion\/modelo-integrado-de-planeacion-y-gestion-mipg\/gestion-de-calidad\/higiene-de-manos\/\" \/>\n<meta property=\"og:site_name\" content=\"San Vicente de Paul\" \/>\n<meta property=\"article:modified_time\" content=\"2026-01-05T20:44:09+00:00\" \/>\n<meta name=\"twitter:card\" content=\"summary_large_image\" \/>\n<meta name=\"twitter:label1\" content=\"Tiempo de lectura\" \/>\n\t<meta name=\"twitter:data1\" content=\"1 minuto\" \/>\n<script type=\"application\/ld+json\" class=\"yoast-schema-graph\">{\"@context\":\"https:\/\/schema.org\",\"@graph\":[{\"@type\":\"WebPage\",\"@id\":\"https:\/\/hospitalsvpgarzon.gov.co\/index.php\/gestion\/modelo-integrado-de-planeacion-y-gestion-mipg\/gestion-de-calidad\/higiene-de-manos\/\",\"url\":\"https:\/\/hospitalsvpgarzon.gov.co\/index.php\/gestion\/modelo-integrado-de-planeacion-y-gestion-mipg\/gestion-de-calidad\/higiene-de-manos\/\",\"name\":\"Higiene de Manos - San Vicente de Paul\",\"isPartOf\":{\"@id\":\"https:\/\/hospitalsvpgarzon.gov.co\/#website\"},\"datePublished\":\"2024-12-12T21:36:41+00:00\",\"dateModified\":\"2026-01-05T20:44:09+00:00\",\"breadcrumb\":{\"@id\":\"https:\/\/hospitalsvpgarzon.gov.co\/index.php\/gestion\/modelo-integrado-de-planeacion-y-gestion-mipg\/gestion-de-calidad\/higiene-de-manos\/#breadcrumb\"},\"inLanguage\":\"es\",\"potentialAction\":[{\"@type\":\"ReadAction\",\"target\":[\"https:\/\/hospitalsvpgarzon.gov.co\/index.php\/gestion\/modelo-integrado-de-planeacion-y-gestion-mipg\/gestion-de-calidad\/higiene-de-manos\/\"]}]},{\"@type\":\"BreadcrumbList\",\"@id\":\"https:\/\/hospitalsvpgarzon.gov.co\/index.php\/gestion\/modelo-integrado-de-planeacion-y-gestion-mipg\/gestion-de-calidad\/higiene-de-manos\/#breadcrumb\",\"itemListElement\":[{\"@type\":\"ListItem\",\"position\":1,\"name\":\"Portada\",\"item\":\"https:\/\/hospitalsvpgarzon.gov.co\/\"},{\"@type\":\"ListItem\",\"position\":2,\"name\":\"Gesti\u00f3n\",\"item\":\"https:\/\/hospitalsvpgarzon.gov.co\/index.php\/gestion\/\"},{\"@type\":\"ListItem\",\"position\":3,\"name\":\"Modelo integrado de planeaci\u00f3n y Gesti\u00f3n (MIPG)\",\"item\":\"https:\/\/hospitalsvpgarzon.gov.co\/index.php\/gestion\/modelo-integrado-de-planeacion-y-gestion-mipg\/\"},{\"@type\":\"ListItem\",\"position\":4,\"name\":\"Gesti\u00f3n de Calidad\",\"item\":\"https:\/\/hospitalsvpgarzon.gov.co\/index.php\/gestion\/modelo-integrado-de-planeacion-y-gestion-mipg\/gestion-de-calidad\/\"},{\"@type\":\"ListItem\",\"position\":5,\"name\":\"Higiene de Manos\"}]},{\"@type\":\"WebSite\",\"@id\":\"https:\/\/hospitalsvpgarzon.gov.co\/#website\",\"url\":\"https:\/\/hospitalsvpgarzon.gov.co\/\",\"name\":\"San Vicente de Paul\",\"description\":\"\",\"potentialAction\":[{\"@type\":\"SearchAction\",\"target\":{\"@type\":\"EntryPoint\",\"urlTemplate\":\"https:\/\/hospitalsvpgarzon.gov.co\/?s={search_term_string}\"},\"query-input\":{\"@type\":\"PropertyValueSpecification\",\"valueRequired\":true,\"valueName\":\"search_term_string\"}}],\"inLanguage\":\"es\"}]}<\/script>\n<!-- \/ Yoast SEO plugin. -->","yoast_head_json":{"title":"Higiene de Manos - San Vicente de Paul","robots":{"index":"index","follow":"follow","max-snippet":"max-snippet:-1","max-image-preview":"max-image-preview:large","max-video-preview":"max-video-preview:-1"},"canonical":"https:\/\/hospitalsvpgarzon.gov.co\/index.php\/gestion\/modelo-integrado-de-planeacion-y-gestion-mipg\/gestion-de-calidad\/higiene-de-manos\/","og_locale":"es_ES","og_type":"article","og_title":"Higiene de Manos - San Vicente de Paul","og_url":"https:\/\/hospitalsvpgarzon.gov.co\/index.php\/gestion\/modelo-integrado-de-planeacion-y-gestion-mipg\/gestion-de-calidad\/higiene-de-manos\/","og_site_name":"San Vicente de Paul","article_modified_time":"2026-01-05T20:44:09+00:00","twitter_card":"summary_large_image","twitter_misc":{"Tiempo de lectura":"1 minuto"},"schema":{"@context":"https:\/\/schema.org","@graph":[{"@type":"WebPage","@id":"https:\/\/hospitalsvpgarzon.gov.co\/index.php\/gestion\/modelo-integrado-de-planeacion-y-gestion-mipg\/gestion-de-calidad\/higiene-de-manos\/","url":"https:\/\/hospitalsvpgarzon.gov.co\/index.php\/gestion\/modelo-integrado-de-planeacion-y-gestion-mipg\/gestion-de-calidad\/higiene-de-manos\/","name":"Higiene de Manos - San Vicente de Paul","isPartOf":{"@id":"https:\/\/hospitalsvpgarzon.gov.co\/#website"},"datePublished":"2024-12-12T21:36:41+00:00","dateModified":"2026-01-05T20:44:09+00:00","breadcrumb":{"@id":"https:\/\/hospitalsvpgarzon.gov.co\/index.php\/gestion\/modelo-integrado-de-planeacion-y-gestion-mipg\/gestion-de-calidad\/higiene-de-manos\/#breadcrumb"},"inLanguage":"es","potentialAction":[{"@type":"ReadAction","target":["https:\/\/hospitalsvpgarzon.gov.co\/index.php\/gestion\/modelo-integrado-de-planeacion-y-gestion-mipg\/gestion-de-calidad\/higiene-de-manos\/"]}]},{"@type":"BreadcrumbList","@id":"https:\/\/hospitalsvpgarzon.gov.co\/index.php\/gestion\/modelo-integrado-de-planeacion-y-gestion-mipg\/gestion-de-calidad\/higiene-de-manos\/#breadcrumb","itemListElement":[{"@type":"ListItem","position":1,"name":"Portada","item":"https:\/\/hospitalsvpgarzon.gov.co\/"},{"@type":"ListItem","position":2,"name":"Gesti\u00f3n","item":"https:\/\/hospitalsvpgarzon.gov.co\/index.php\/gestion\/"},{"@type":"ListItem","position":3,"name":"Modelo integrado de planeaci\u00f3n y Gesti\u00f3n (MIPG)","item":"https:\/\/hospitalsvpgarzon.gov.co\/index.php\/gestion\/modelo-integrado-de-planeacion-y-gestion-mipg\/"},{"@type":"ListItem","position":4,"name":"Gesti\u00f3n de Calidad","item":"https:\/\/hospitalsvpgarzon.gov.co\/index.php\/gestion\/modelo-integrado-de-planeacion-y-gestion-mipg\/gestion-de-calidad\/"},{"@type":"ListItem","position":5,"name":"Higiene de Manos"}]},{"@type":"WebSite","@id":"https:\/\/hospitalsvpgarzon.gov.co\/#website","url":"https:\/\/hospitalsvpgarzon.gov.co\/","name":"San Vicente de Paul","description":"","potentialAction":[{"@type":"SearchAction","target":{"@type":"EntryPoint","urlTemplate":"https:\/\/hospitalsvpgarzon.gov.co\/?s={search_term_string}"},"query-input":{"@type":"PropertyValueSpecification","valueRequired":true,"valueName":"search_term_string"}}],"inLanguage":"es"}]}},"_links":{"self":[{"href":"https:\/\/hospitalsvpgarzon.gov.co\/index.php\/wp-json\/wp\/v2\/pages\/1125","targetHints":{"allow":["GET"]}}],"collection":[{"href":"https:\/\/hospitalsvpgarzon.gov.co\/index.php\/wp-json\/wp\/v2\/pages"}],"about":[{"href":"https:\/\/hospitalsvpgarzon.gov.co\/index.php\/wp-json\/wp\/v2\/types\/page"}],"author":[{"embeddable":true,"href":"https:\/\/hospitalsvpgarzon.gov.co\/index.php\/wp-json\/wp\/v2\/users\/1"}],"replies":[{"embeddable":true,"href":"https:\/\/hospitalsvpgarzon.gov.co\/index.php\/wp-json\/wp\/v2\/comments?post=1125"}],"version-history":[{"count":1,"href":"https:\/\/hospitalsvpgarzon.gov.co\/index.php\/wp-json\/wp\/v2\/pages\/1125\/revisions"}],"predecessor-version":[{"id":4158,"href":"https:\/\/hospitalsvpgarzon.gov.co\/index.php\/wp-json\/wp\/v2\/pages\/1125\/revisions\/4158"}],"up":[{"embeddable":true,"href":"https:\/\/hospitalsvpgarzon.gov.co\/index.php\/wp-json\/wp\/v2\/pages\/1086"}],"wp:attachment":[{"href":"https:\/\/hospitalsvpgarzon.gov.co\/index.php\/wp-json\/wp\/v2\/media?parent=1125"}],"curies":[{"name":"wp","href":"https:\/\/api.w.org\/{rel}","templated":true}]}}