{"id":1123,"date":"2024-12-12T21:36:26","date_gmt":"2024-12-12T21:36:26","guid":{"rendered":"https:\/\/portal.hospitalsvpgarzon.gov.co\/?page_id=1123"},"modified":"2026-01-05T15:42:46","modified_gmt":"2026-01-05T20:42:46","slug":"estudios-e-investigaciones","status":"publish","type":"page","link":"https:\/\/hospitalsvpgarzon.gov.co\/index.php\/gestion\/modelo-integrado-de-planeacion-y-gestion-mipg\/gestion-de-calidad\/estudios-e-investigaciones\/","title":{"rendered":"Estudios e Investigaciones"},"content":{"rendered":"<div class=\"fusion-fullwidth fullwidth-box fusion-builder-row-1 fusion-flex-container has-pattern-background has-mask-background nonhundred-percent-fullwidth non-hundred-percent-height-scrolling\" style=\"--awb-border-radius-top-left:0px;--awb-border-radius-top-right:0px;--awb-border-radius-bottom-right:0px;--awb-border-radius-bottom-left:0px;--awb-flex-wrap:wrap;\" ><div class=\"fusion-builder-row fusion-row fusion-flex-align-items-flex-start fusion-flex-content-wrap\" style=\"max-width:89.44%;margin-left: calc(-4% \/ 2 );margin-right: calc(-4% \/ 2 );\"><div class=\"fusion-layout-column fusion_builder_column fusion-builder-column-0 fusion_builder_column_1_1 1_1 fusion-flex-column\" style=\"--awb-bg-size:cover;--awb-width-large:100%;--awb-margin-top-large:0px;--awb-spacing-right-large:1.92%;--awb-margin-bottom-large:20px;--awb-spacing-left-large:1.92%;--awb-width-medium:100%;--awb-order-medium:0;--awb-spacing-right-medium:1.92%;--awb-spacing-left-medium:1.92%;--awb-width-small:100%;--awb-order-small:0;--awb-spacing-right-small:1.92%;--awb-spacing-left-small:1.92%;\"><div class=\"fusion-column-wrapper fusion-column-has-shadow fusion-flex-justify-content-flex-start fusion-content-layout-column\"><div class=\"fusion-text fusion-text-1\"><p>Los est\u00e1ndares \u00e9ticos y cient\u00edficos para llevar a cabo investigaci\u00f3n biom\u00e9dica en humanos, han sido desarrollados y establecidos en gu\u00edas, protocolos y normativa internacionales incluyendo el C\u00f3digo de N\u00faremberg (Tribunal Internacional de N\u00faremberg, 1947), la Declaraci\u00f3n Universal de Derechos Humanos (Organizaci\u00f3n de las Naciones Unidas, 1948), la Declaraci\u00f3n de Helsinki (Asociaci\u00f3n M\u00e9dica Mundial, 1964), el Informe Belmont (Departamento de Salud, Educaci\u00f3n y Bienestar de los Estados Unidos, 1979), las Gu\u00edas Operacionales para Comit\u00e9s de \u00c9tica (Organizaci\u00f3n Mundial de la Salud, 2000), las Gu\u00edas para las Buenas Practicas Cl\u00ednicas (Conferencia Internacional de Armonizaci\u00f3n \u2013 ICH por sus siglas en ingl\u00e9s, 1996), y las Pautas \u00c9ticas Internacionales para Investigaci\u00f3n Biom\u00e9dica en seres humanos (Consejo de Organizaciones Internacionales de las Ciencias M\u00e9dicas \u2013 CIOMS en colaboraci\u00f3n con la Organizaci\u00f3n Mundial de la Salud \u2013 OMS, 4\u00aa Edici\u00f3n, 2016). A nivel nacional los lineamientos \u00e9ticos contenidos en la Resoluci\u00f3n No. 8430 de 1993 (octubre 4), la Ley 1374 de 2010 (enero 8), la Ley 1581 de 2012 (octubre 17) y su Decreto 1377 de 2013 (junio 27), la Resoluci\u00f3n 1995 de 1999 (julio 8), la Resoluci\u00f3n 2378 de 2008 (junio 27), y la Pol\u00edtica de \u00c9tica de la Investigaci\u00f3n, Bio\u00e9tica e Integridad Cient\u00edfica (Departamento Administrativo de Ciencia, Tecnolog\u00eda e Innovaci\u00f3n \u2013 Colciencias, 2018).<\/p>\n<p>El prop\u00f3sito de un Comit\u00e9 de \u00c9tica en Investigaci\u00f3n (CEI) al evaluar la investigaci\u00f3n biom\u00e9dica, es contribuir a salvaguardar la dignidad, derechos, seguridad y bienestar de todos los participantes actuales y potenciales de la investigaci\u00f3n. Un principio cardinal de la investigaci\u00f3n que involucra participantes humanos es \u201crespetar la dignidad de las personas\u201d. Las metas de la investigaci\u00f3n, si bien importantes, nunca deben pasar por encima de la salud, bienestar y cuidado de los participantes en investigaci\u00f3n.<\/p>\n<p>Los CEI deben proporcionar una evaluaci\u00f3n independiente, competente y oportuna de la \u00e9tica de los estudios propuestos. En su composici\u00f3n, procedimientos y decisiones, los CEI necesitan tener independencia de influencias pol\u00edticas, institucionales, profesionales y comerciales. Asimismo, necesitan demostrar competencia y eficiencia en su trabajo.<\/p>\n<p>Nuestra Instituci\u00f3n valorando la importancia del desarrollo de procedimientos de investigaci\u00f3n y teniendo en cuenta lo anteriormente expuesto, crea el comit\u00e9 de ETICA EN INVESTIGACION de la ESE Hospital Departamental San Vicente de Pa\u00fal, mediante Resoluci\u00f3n Institucional 1155 de 2017, el cual constituye un elemento sustancial y b\u00e1sico dentro de las oraciones filos\u00f3ficas de misi\u00f3n y visi\u00f3n de la ESE teniendo dentro de sus funciones las de \u201canalizar y aprobar las propuestas y proyectos de investigaci\u00f3n que sean formuladas por investigadores internos y externos revisando y emitiendo conceptos en t\u00e9rminos \u00e9ticos, bio\u00e9ticos y metodol\u00f3gicos\u201d, verificando:<\/p>\n<ul>\n<li>Oficio de solicitud an\u00e1lisis de la propuesta de investigaci\u00f3n<\/li>\n<li>Anteproyecto de Investigaci\u00f3n<\/li>\n<li>Acuerdo de confidencialidad para investigadores<\/li>\n<li>Consentimiento informado<\/li>\n<li>Evaluaci\u00f3n de requisitos y aspectos metodol\u00f3gicos del proyecto de investigaci\u00f3n<\/li>\n<li>Solicitud de aprobaci\u00f3n ante el comit\u00e9 de \u00e9tica para la investigaci\u00f3n en salud<\/li>\n<\/ul>\n<p>Desde su creaci\u00f3n y hasta la fecha, el CEI ha evaluado y emitido concepto a las siguientes solicitudes de aprobaci\u00f3n:<\/p>\n<\/div>\n<div class=\"table-1\">\n<table width=\"100%\">\n<thead>\n<tr>\n<th align=\"left\"><strong>PROYECTO DE INVESTIGACI\u00d3N<\/strong><\/th>\n<th align=\"left\"><strong>FECHA EXPOSICI\u00d3N ANTE EL COMITE<\/strong><\/th>\n<th align=\"left\"><strong>AUTOR<\/strong><\/th>\n<th align=\"left\"><strong>PROFESI\u00d3N<\/strong><\/th>\n<th align=\"left\"><strong>CONCEPTO DEL COMITE<\/strong><\/th>\n<\/tr>\n<\/thead>\n<tbody>\n<tr>\n<td align=\"left\">COSTOS ADICIONALES ATRIBUIBLES A INFECCIONES POS PROCEDIMIENTOS INVASIVOS EN EL HOSPITAL SAN VICENTE DE PA\u00daL GARZ\u00d3N HUILA ENTRE EL A\u00d1O 2015-2016<\/td>\n<td align=\"left\">30\/11\/2017<\/td>\n<td align=\"left\">OSCAR ANDRES ORTIZ MARTINEZ<\/td>\n<td align=\"left\">M\u00e9dico General<\/p>\n<p>Instituci\u00f3n:&nbsp;ESE Hospital Departamental San Vicente de Pa\u00fal<\/p>\n<\/td>\n<td align=\"left\">V\u00e1lido desde el punto de Vista \u00c9tico y Metodol\u00f3gico de acuerdo a la normatividad vigente. Por lo cual la investigaci\u00f3n se considera categorizada&nbsp;<strong>SIN RIESGO<\/strong>&nbsp;para los usuarios de la instituci\u00f3n que participen en ella, se ajusta a los est\u00e1ndares de las Buenas Pr\u00e1cticas (BPC) en investigaci\u00f3n, las medidas tomadas para proteger a los sujetos de investigaci\u00f3n son las adecuadas. Por lo anterior el comit\u00e9 emite concepto:<strong>&nbsp;FAVORABLE<\/strong><\/td>\n<\/tr>\n<tr>\n<td align=\"left\">T\u00c9CNICA MIO (T\u00c9CNICA M\u00cdNIMAMENTE INVASIVA) EN FRACTURAS DE TIBIA DISTAL CON CLAVO ENDOMEDULAR MULTIBLOQUEADO, NO FRESADO\u201d<\/td>\n<td align=\"left\">22\/10\/2018<\/td>\n<td align=\"left\">JOSE IGNACIO MARTINEZ SUAREZ<\/td>\n<td align=\"left\">M\u00e9dico Especialista en Ortopedia<\/p>\n<p>Instituci\u00f3n: ESE Hospital Departamental San Vicente de Pa\u00fal<\/p>\n<\/td>\n<td align=\"left\">V\u00e1lido desde el punto de Vista \u00c9tico y Metodol\u00f3gico de acuerdo a la normatividad vigente. Por lo cual la investigaci\u00f3n se considera categorizada&nbsp;<strong>SIN RIESGO<\/strong>&nbsp;para los usuarios de la instituci\u00f3n que participen en ella, se ajusta a los est\u00e1ndares de las Buenas Pr\u00e1cticas (BPC) en investigaci\u00f3n, las medidas tomadas para proteger a los sujetos de investigaci\u00f3n son las adecuadas. Por lo anterior el comit\u00e9 emite concepto:&nbsp;<strong>FAVORABLE<\/strong><\/td>\n<\/tr>\n<tr>\n<td align=\"left\">\u201cT\u00c9CNICA MIO (OSTEOS\u00cdNTESIS M\u00cdNIMAMENTE INVASIVA) PARA LAS FRACTURAS DE DI\u00c1FISIS DE F\u00c9MUR MANEJADAS CON CLAVO ENDOMEDULAR LATERAL NO FRESADO\u201d<\/td>\n<td align=\"left\">22\/10\/2018<\/td>\n<td align=\"left\">JOSE IGNACIO MARTINEZ SUAREZ<\/td>\n<td align=\"left\">M\u00e9dico Especialista en Ortopedia<\/p>\n<p>Instituci\u00f3n: ESE Hospital Departamental San Vicente de Pa\u00fal<\/p>\n<\/td>\n<td align=\"left\">V\u00e1lido desde el punto de Vista \u00c9tico y Metodol\u00f3gico de acuerdo a la normatividad vigente. Por lo cual la investigaci\u00f3n se considera categorizada&nbsp;<strong>SIN RIESGO<\/strong>&nbsp;para los usuarios de la instituci\u00f3n que participen en ella, se ajusta a los est\u00e1ndares de las Buenas Pr\u00e1cticas (BPC) en investigaci\u00f3n, las medidas tomadas para proteger a los sujetos de investigaci\u00f3n son las adecuadas. Por lo anterior el comit\u00e9 emite concepto:&nbsp;<strong>FAVORABLE&nbsp;<\/strong><\/td>\n<\/tr>\n<tr>\n<td align=\"left\">\u201cPLACA SUPERIOR BLOQUEADA VS PLACA ANTERO-INFERIOR BLOQUEADA EN FRACTURAS DEL TERCIO MEDIO DE LA CLAV\u00cdCULA\u201d<\/td>\n<td align=\"left\">22\/10\/2018<\/td>\n<td align=\"left\">JOSE IGNACIO MARTINEZ SUAREZ<\/td>\n<td align=\"left\">M\u00e9dico Especialista en Ortopedia<\/p>\n<p>Instituci\u00f3n: ESE Hospital Departamental San Vicente de Pa\u00fal<\/p>\n<\/td>\n<td align=\"left\">V\u00e1lido desde el punto de Vista \u00c9tico y Metodol\u00f3gico de acuerdo a la normatividad vigente. Por lo cual la investigaci\u00f3n se considera categorizada&nbsp;<strong>SIN RIESGO<\/strong>&nbsp;para los usuarios de la instituci\u00f3n que participen en ella, se ajusta a los est\u00e1ndares de las Buenas Pr\u00e1cticas (BPC) en investigaci\u00f3n, las medidas tomadas para proteger a los sujetos de investigaci\u00f3n son las adecuadas. Por lo anterior el comit\u00e9 emite concepto:&nbsp;<strong>FAVORABLE&nbsp;<\/strong><\/td>\n<\/tr>\n<tr>\n<td align=\"left\">\u201cANALISIS COMPARATIVO DE EVENTOS ADVERSOS EN ATENCION DE URGENCIAS PARA ADULTO MAYOR EN INSTITUCION DE SALUD GARZON 2017\u201d<\/td>\n<td align=\"left\">26\/11\/2018<\/td>\n<td align=\"left\">DIANA DEL PILAR MENDEZ CABRERA<\/p>\n<p>NADIA ALEXANDRA JOYA APARICIO<\/p>\n<p>SHIRLEY XIMENA COLLAZOS ORTIZ<\/p>\n<p>EDWIN CAVIEDES CARDENAS<\/p>\n<\/td>\n<td align=\"left\">Especializaci\u00f3n en Sistemas de Garant\u00eda de Calidad y Auditoria de Servicios de Salud<\/p>\n<p>Instituci\u00f3n: Fundaci\u00f3n Universitaria Juan N. Corpas<\/p>\n<\/td>\n<td align=\"left\">V\u00e1lido desde el punto de Vista \u00c9tico y Metodol\u00f3gico de acuerdo a la normatividad vigente. Por lo cual la investigaci\u00f3n se considera categorizada&nbsp;<strong>SIN RIESGO<\/strong>&nbsp;para los usuarios de la instituci\u00f3n que participen en ella, se ajusta a los est\u00e1ndares de las Buenas Pr\u00e1cticas (BPC) en investigaci\u00f3n, las medidas tomadas para proteger a los sujetos de investigaci\u00f3n son las adecuadas. Por lo anterior el comit\u00e9 emite concepto:&nbsp;<strong>FAVORABLE&nbsp;<\/strong><\/td>\n<\/tr>\n<tr>\n<td align=\"left\">CALIDAD DEL DILIGENCIAMIENTO DEL CERTIFICADO DE NACIDO VIVO Y EVALUACION DEL BAJO PESO AL NACER&nbsp;&nbsp;EN LAS E.S.E.S DEPARTAMENTALES DEL HUILA EN EL 2017<\/td>\n<td align=\"left\">10\/12\/2018<\/td>\n<td align=\"left\">CARLOS ANDRES MONTALVO ARCE<\/td>\n<td align=\"left\">M\u00e9dico Especialista en Epidemiolog\u00eda<\/p>\n<p>Instituci\u00f3n: Epidemiolog\u00eda y salud P\u00fablica regi\u00f3n Surcolombina<\/p>\n<\/td>\n<td align=\"left\">V\u00e1lido desde el punto de Vista \u00c9tico y Metodol\u00f3gico de acuerdo a la normatividad vigente. Por lo cual la investigaci\u00f3n se considera categorizada&nbsp;<strong>SIN RIESGO<\/strong>&nbsp;para los usuarios de la instituci\u00f3n que participen en ella, se ajusta a los est\u00e1ndares de las Buenas Pr\u00e1cticas (BPC) en investigaci\u00f3n, las medidas tomadas para proteger a los sujetos de investigaci\u00f3n son las adecuadas. Por lo anterior el comit\u00e9 emite concepto:&nbsp;<strong>FAVORABLE&nbsp;<\/strong><\/td>\n<\/tr>\n<tr>\n<td align=\"left\">AGILIDAD DEL DILIGENCIAMIENTO DEL CERTIFICADO DE DEFUNCION EN LAS E.S.E.S DEPARTAMENTALES DEL HUILA EN EL 2017<\/td>\n<td align=\"left\">10\/12\/2018<\/td>\n<td align=\"left\">CARLOS ANDRES MONTALVO ARCE<\/td>\n<td align=\"left\">M\u00e9dico Especialista en Epidemiolog\u00eda<\/p>\n<p>Instituci\u00f3n: Epidemiolog\u00eda y salud P\u00fablica regi\u00f3n Surcolombina<\/p>\n<\/td>\n<td align=\"left\">V\u00e1lido desde el punto de Vista \u00c9tico y Metodol\u00f3gico de acuerdo a la normatividad vigente. Por lo cual la investigaci\u00f3n se considera categorizada&nbsp;<strong>SIN RIESGO<\/strong>&nbsp;para los usuarios de la instituci\u00f3n que participen en ella, se ajusta a los est\u00e1ndares de las Buenas Pr\u00e1cticas (BPC) en investigaci\u00f3n, las medidas tomadas para proteger a los sujetos de investigaci\u00f3n son las adecuadas. Por lo anterior el comit\u00e9 emite concepto:&nbsp;<strong>FAVORABLE<\/strong><\/td>\n<\/tr>\n<tr>\n<td align=\"left\">SITUACION SOCIAL, FAMILIAR Y DE SALUD DE HU\u00c9RFANOS POR MUERTE MATERNA TEMPRANA EN EL HUILA \u2013 COLOMBIA 2010-2015<\/td>\n<td align=\"left\">10\/12\/2018<\/td>\n<td align=\"left\">MARIA CONSUELO ANGARITA RIA\u00d1O<\/td>\n<td align=\"left\">M\u00e9dica Especialista<\/p>\n<p>Instituci\u00f3n: L\u00edder \u00c1rea de Habilitaci\u00f3n<\/p>\n<p>Secretar\u00eda de Salud Departamental &#8211; Huila<\/p>\n<\/td>\n<td align=\"left\">V\u00e1lido desde el punto de Vista \u00c9tico y Metodol\u00f3gico de acuerdo a la normatividad vigente. Por lo cual la investigaci\u00f3n se considera categorizada<strong>&nbsp;SIN RIESGO<\/strong>&nbsp;para los usuarios de la instituci\u00f3n que participen en ella, se ajusta a los est\u00e1ndares de las Buenas Pr\u00e1cticas (BPC) en investigaci\u00f3n, las medidas tomadas para proteger a los sujetos de investigaci\u00f3n son las adecuadas. Por lo anterior el comit\u00e9 emite concepto:&nbsp;<strong>FAVORABLE&nbsp;<\/strong><\/td>\n<\/tr>\n<\/tbody>\n<\/table>\n<\/div>\n<\/div><\/div><\/div><\/div>\n","protected":false},"excerpt":{"rendered":"","protected":false},"author":1,"featured_media":0,"parent":1086,"menu_order":0,"comment_status":"closed","ping_status":"closed","template":"100-width.php","meta":{"footnotes":""},"class_list":["post-1123","page","type-page","status-publish","hentry"],"yoast_head":"<!-- This site is optimized with the Yoast SEO plugin v26.6 - https:\/\/yoast.com\/wordpress\/plugins\/seo\/ -->\n<title>Estudios e Investigaciones - San Vicente de Paul<\/title>\n<meta name=\"robots\" content=\"index, follow, max-snippet:-1, max-image-preview:large, max-video-preview:-1\" \/>\n<link rel=\"canonical\" href=\"https:\/\/hospitalsvpgarzon.gov.co\/index.php\/gestion\/modelo-integrado-de-planeacion-y-gestion-mipg\/gestion-de-calidad\/estudios-e-investigaciones\/\" \/>\n<meta property=\"og:locale\" content=\"es_ES\" \/>\n<meta property=\"og:type\" content=\"article\" \/>\n<meta property=\"og:title\" content=\"Estudios e Investigaciones - San Vicente de Paul\" \/>\n<meta property=\"og:url\" content=\"https:\/\/hospitalsvpgarzon.gov.co\/index.php\/gestion\/modelo-integrado-de-planeacion-y-gestion-mipg\/gestion-de-calidad\/estudios-e-investigaciones\/\" \/>\n<meta property=\"og:site_name\" content=\"San Vicente de Paul\" \/>\n<meta property=\"article:modified_time\" content=\"2026-01-05T20:42:46+00:00\" \/>\n<meta name=\"twitter:card\" content=\"summary_large_image\" \/>\n<meta name=\"twitter:label1\" content=\"Tiempo de lectura\" \/>\n\t<meta name=\"twitter:data1\" content=\"7 minutos\" \/>\n<script type=\"application\/ld+json\" class=\"yoast-schema-graph\">{\"@context\":\"https:\/\/schema.org\",\"@graph\":[{\"@type\":\"WebPage\",\"@id\":\"https:\/\/hospitalsvpgarzon.gov.co\/index.php\/gestion\/modelo-integrado-de-planeacion-y-gestion-mipg\/gestion-de-calidad\/estudios-e-investigaciones\/\",\"url\":\"https:\/\/hospitalsvpgarzon.gov.co\/index.php\/gestion\/modelo-integrado-de-planeacion-y-gestion-mipg\/gestion-de-calidad\/estudios-e-investigaciones\/\",\"name\":\"Estudios e Investigaciones - San Vicente de Paul\",\"isPartOf\":{\"@id\":\"https:\/\/hospitalsvpgarzon.gov.co\/#website\"},\"datePublished\":\"2024-12-12T21:36:26+00:00\",\"dateModified\":\"2026-01-05T20:42:46+00:00\",\"breadcrumb\":{\"@id\":\"https:\/\/hospitalsvpgarzon.gov.co\/index.php\/gestion\/modelo-integrado-de-planeacion-y-gestion-mipg\/gestion-de-calidad\/estudios-e-investigaciones\/#breadcrumb\"},\"inLanguage\":\"es\",\"potentialAction\":[{\"@type\":\"ReadAction\",\"target\":[\"https:\/\/hospitalsvpgarzon.gov.co\/index.php\/gestion\/modelo-integrado-de-planeacion-y-gestion-mipg\/gestion-de-calidad\/estudios-e-investigaciones\/\"]}]},{\"@type\":\"BreadcrumbList\",\"@id\":\"https:\/\/hospitalsvpgarzon.gov.co\/index.php\/gestion\/modelo-integrado-de-planeacion-y-gestion-mipg\/gestion-de-calidad\/estudios-e-investigaciones\/#breadcrumb\",\"itemListElement\":[{\"@type\":\"ListItem\",\"position\":1,\"name\":\"Portada\",\"item\":\"https:\/\/hospitalsvpgarzon.gov.co\/\"},{\"@type\":\"ListItem\",\"position\":2,\"name\":\"Gesti\u00f3n\",\"item\":\"https:\/\/hospitalsvpgarzon.gov.co\/index.php\/gestion\/\"},{\"@type\":\"ListItem\",\"position\":3,\"name\":\"Modelo integrado de planeaci\u00f3n y Gesti\u00f3n (MIPG)\",\"item\":\"https:\/\/hospitalsvpgarzon.gov.co\/index.php\/gestion\/modelo-integrado-de-planeacion-y-gestion-mipg\/\"},{\"@type\":\"ListItem\",\"position\":4,\"name\":\"Gesti\u00f3n de Calidad\",\"item\":\"https:\/\/hospitalsvpgarzon.gov.co\/index.php\/gestion\/modelo-integrado-de-planeacion-y-gestion-mipg\/gestion-de-calidad\/\"},{\"@type\":\"ListItem\",\"position\":5,\"name\":\"Estudios e Investigaciones\"}]},{\"@type\":\"WebSite\",\"@id\":\"https:\/\/hospitalsvpgarzon.gov.co\/#website\",\"url\":\"https:\/\/hospitalsvpgarzon.gov.co\/\",\"name\":\"San Vicente de Paul\",\"description\":\"\",\"potentialAction\":[{\"@type\":\"SearchAction\",\"target\":{\"@type\":\"EntryPoint\",\"urlTemplate\":\"https:\/\/hospitalsvpgarzon.gov.co\/?s={search_term_string}\"},\"query-input\":{\"@type\":\"PropertyValueSpecification\",\"valueRequired\":true,\"valueName\":\"search_term_string\"}}],\"inLanguage\":\"es\"}]}<\/script>\n<!-- \/ Yoast SEO plugin. -->","yoast_head_json":{"title":"Estudios e Investigaciones - San Vicente de Paul","robots":{"index":"index","follow":"follow","max-snippet":"max-snippet:-1","max-image-preview":"max-image-preview:large","max-video-preview":"max-video-preview:-1"},"canonical":"https:\/\/hospitalsvpgarzon.gov.co\/index.php\/gestion\/modelo-integrado-de-planeacion-y-gestion-mipg\/gestion-de-calidad\/estudios-e-investigaciones\/","og_locale":"es_ES","og_type":"article","og_title":"Estudios e Investigaciones - San Vicente de Paul","og_url":"https:\/\/hospitalsvpgarzon.gov.co\/index.php\/gestion\/modelo-integrado-de-planeacion-y-gestion-mipg\/gestion-de-calidad\/estudios-e-investigaciones\/","og_site_name":"San Vicente de Paul","article_modified_time":"2026-01-05T20:42:46+00:00","twitter_card":"summary_large_image","twitter_misc":{"Tiempo de lectura":"7 minutos"},"schema":{"@context":"https:\/\/schema.org","@graph":[{"@type":"WebPage","@id":"https:\/\/hospitalsvpgarzon.gov.co\/index.php\/gestion\/modelo-integrado-de-planeacion-y-gestion-mipg\/gestion-de-calidad\/estudios-e-investigaciones\/","url":"https:\/\/hospitalsvpgarzon.gov.co\/index.php\/gestion\/modelo-integrado-de-planeacion-y-gestion-mipg\/gestion-de-calidad\/estudios-e-investigaciones\/","name":"Estudios e Investigaciones - San Vicente de Paul","isPartOf":{"@id":"https:\/\/hospitalsvpgarzon.gov.co\/#website"},"datePublished":"2024-12-12T21:36:26+00:00","dateModified":"2026-01-05T20:42:46+00:00","breadcrumb":{"@id":"https:\/\/hospitalsvpgarzon.gov.co\/index.php\/gestion\/modelo-integrado-de-planeacion-y-gestion-mipg\/gestion-de-calidad\/estudios-e-investigaciones\/#breadcrumb"},"inLanguage":"es","potentialAction":[{"@type":"ReadAction","target":["https:\/\/hospitalsvpgarzon.gov.co\/index.php\/gestion\/modelo-integrado-de-planeacion-y-gestion-mipg\/gestion-de-calidad\/estudios-e-investigaciones\/"]}]},{"@type":"BreadcrumbList","@id":"https:\/\/hospitalsvpgarzon.gov.co\/index.php\/gestion\/modelo-integrado-de-planeacion-y-gestion-mipg\/gestion-de-calidad\/estudios-e-investigaciones\/#breadcrumb","itemListElement":[{"@type":"ListItem","position":1,"name":"Portada","item":"https:\/\/hospitalsvpgarzon.gov.co\/"},{"@type":"ListItem","position":2,"name":"Gesti\u00f3n","item":"https:\/\/hospitalsvpgarzon.gov.co\/index.php\/gestion\/"},{"@type":"ListItem","position":3,"name":"Modelo integrado de planeaci\u00f3n y Gesti\u00f3n (MIPG)","item":"https:\/\/hospitalsvpgarzon.gov.co\/index.php\/gestion\/modelo-integrado-de-planeacion-y-gestion-mipg\/"},{"@type":"ListItem","position":4,"name":"Gesti\u00f3n de Calidad","item":"https:\/\/hospitalsvpgarzon.gov.co\/index.php\/gestion\/modelo-integrado-de-planeacion-y-gestion-mipg\/gestion-de-calidad\/"},{"@type":"ListItem","position":5,"name":"Estudios e Investigaciones"}]},{"@type":"WebSite","@id":"https:\/\/hospitalsvpgarzon.gov.co\/#website","url":"https:\/\/hospitalsvpgarzon.gov.co\/","name":"San Vicente de Paul","description":"","potentialAction":[{"@type":"SearchAction","target":{"@type":"EntryPoint","urlTemplate":"https:\/\/hospitalsvpgarzon.gov.co\/?s={search_term_string}"},"query-input":{"@type":"PropertyValueSpecification","valueRequired":true,"valueName":"search_term_string"}}],"inLanguage":"es"}]}},"_links":{"self":[{"href":"https:\/\/hospitalsvpgarzon.gov.co\/index.php\/wp-json\/wp\/v2\/pages\/1123","targetHints":{"allow":["GET"]}}],"collection":[{"href":"https:\/\/hospitalsvpgarzon.gov.co\/index.php\/wp-json\/wp\/v2\/pages"}],"about":[{"href":"https:\/\/hospitalsvpgarzon.gov.co\/index.php\/wp-json\/wp\/v2\/types\/page"}],"author":[{"embeddable":true,"href":"https:\/\/hospitalsvpgarzon.gov.co\/index.php\/wp-json\/wp\/v2\/users\/1"}],"replies":[{"embeddable":true,"href":"https:\/\/hospitalsvpgarzon.gov.co\/index.php\/wp-json\/wp\/v2\/comments?post=1123"}],"version-history":[{"count":1,"href":"https:\/\/hospitalsvpgarzon.gov.co\/index.php\/wp-json\/wp\/v2\/pages\/1123\/revisions"}],"predecessor-version":[{"id":4157,"href":"https:\/\/hospitalsvpgarzon.gov.co\/index.php\/wp-json\/wp\/v2\/pages\/1123\/revisions\/4157"}],"up":[{"embeddable":true,"href":"https:\/\/hospitalsvpgarzon.gov.co\/index.php\/wp-json\/wp\/v2\/pages\/1086"}],"wp:attachment":[{"href":"https:\/\/hospitalsvpgarzon.gov.co\/index.php\/wp-json\/wp\/v2\/media?parent=1123"}],"curies":[{"name":"wp","href":"https:\/\/api.w.org\/{rel}","templated":true}]}}