{"id":1118,"date":"2024-12-12T21:35:51","date_gmt":"2024-12-12T21:35:51","guid":{"rendered":"https:\/\/portal.hospitalsvpgarzon.gov.co\/?page_id=1118"},"modified":"2026-01-05T15:40:50","modified_gmt":"2026-01-05T20:40:50","slug":"etv","status":"publish","type":"page","link":"https:\/\/hospitalsvpgarzon.gov.co\/index.php\/gestion\/modelo-integrado-de-planeacion-y-gestion-mipg\/gestion-de-calidad\/etv\/","title":{"rendered":"Enfermedades Transmitidas por Vectores"},"content":{"rendered":"<div class=\"fusion-fullwidth fullwidth-box fusion-builder-row-1 fusion-flex-container has-pattern-background has-mask-background nonhundred-percent-fullwidth non-hundred-percent-height-scrolling\" style=\"--awb-border-radius-top-left:0px;--awb-border-radius-top-right:0px;--awb-border-radius-bottom-right:0px;--awb-border-radius-bottom-left:0px;--awb-flex-wrap:wrap;\" ><div class=\"fusion-builder-row fusion-row fusion-flex-align-items-flex-start fusion-flex-content-wrap\" style=\"max-width:89.44%;margin-left: calc(-4% \/ 2 );margin-right: calc(-4% \/ 2 );\"><div class=\"fusion-layout-column fusion_builder_column fusion-builder-column-0 fusion_builder_column_1_1 1_1 fusion-flex-column\" style=\"--awb-bg-size:cover;--awb-width-large:100%;--awb-margin-top-large:0px;--awb-spacing-right-large:1.92%;--awb-margin-bottom-large:20px;--awb-spacing-left-large:1.92%;--awb-width-medium:100%;--awb-order-medium:0;--awb-spacing-right-medium:1.92%;--awb-spacing-left-medium:1.92%;--awb-width-small:100%;--awb-order-small:0;--awb-spacing-right-small:1.92%;--awb-spacing-left-small:1.92%;\"><div class=\"fusion-column-wrapper fusion-column-has-shadow fusion-flex-justify-content-flex-start fusion-content-layout-column\"><div class=\"fusion-text fusion-text-1\"><h4>Enfermedades transmitidas por vectores<\/h4>\n<p>Las enfermedades transmitidas por vectores de importancia para salud p\u00fablica son aquellas enfermedades infecciosas propagadas por algunos organismos, como por ejemplo insectos y caracoles, que transportan virus, par\u00e1sitos y bacterias a humanos. Estas enfermedades representan una alta carga de morbilidad y mortalidad para las personas, sus familias y las comunidades, as\u00ed como altos costos y sobrecargas de los sistemas de salud de los pa\u00edses.<\/p>\n<h4>Dengue<\/h4>\n<p>El dengue se transmite a trav\u00e9s de la picadura de un mosquito infectado. Es una enfermedad que afecta personas de todas las edades, con s\u00edntomas que var\u00edan entre una fiebre leve a una fiebre incapacitante, acompa\u00f1ado de dolor intenso de cabeza, dolor detr\u00e1s de los ojos, dolor en m\u00fasculos y articulaciones, y eritema. La enfermedad puede progresar a formas graves, caracterizada principalmente por choque, dificultad respiratoria y\/o da\u00f1o grave de \u00f3rganos. El dengue tiene un comportamiento estacionario, es decir, en el hemisferio Sur la mayor\u00eda de los casos ocurren durante la primera mitad del a\u00f1o, en cambio, en el hemisferio Norte, los casos ocurren mayormente en la segunda mitad. Este patr\u00f3n de comportamiento corresponde a los meses m\u00e1s c\u00e1lidos y lluviosos. En las Am\u00e9ricas, el vector principal responsable de la trasmisi\u00f3n del dengue es el mosquito Aedes aegypti.<\/p>\n<h4><strong>Sobre el Dengue&#8230;<\/strong><\/h4>\n<ul>\n<li>Se transmite por la picadura de un mosquito infectado con uno de los cuatro serotipos del virus del dengue.<\/li>\n<li>Es una enfermedad febril que afecta a lactantes, ni\u00f1os y adultos. La infecci\u00f3n puede ser asintom\u00e1tica, o cursar con s\u00edntomas que van desde una fiebre moderada a una fiebre alta incapacitante, con dolor de cabeza intenso, dolor detr\u00e1s de los ojos, dolor muscular y en las articulaciones, y sarpullidos. La enfermedad puede evolucionar a un dengue grave, caracterizado por choque, dificultad para respirar, sangrado grave y\/o complicaciones graves de los \u00f3rganos.<\/li>\n<li>No hay medicina espec\u00edfica para tratar el dengue.<\/li>\n<li>La enfermedad tiene un patr\u00f3n acorde con las estaciones: la mayor\u00eda de los casos en el hemisferio sur ocurren en la primera parte del a\u00f1o, y la mayor\u00eda de los casos en el hemisferio norte ocurren en la segunda mitad.<\/li>\n<li>La prevenci\u00f3n y el control del dengue debe ser intersectorial e involucrar a la familia y la comunidad.<\/li>\n<\/ul>\n<h4>Tratamiento<\/h4>\n<p>Una buena atenci\u00f3n primaria no s\u00f3lo reduce el n\u00famero de hospitalizaciones innecesarias, sino que tambi\u00e9n salva la vida de los pacientes con dengue. La notificaci\u00f3n temprana de los casos de dengue atendidos en atenci\u00f3n primaria y secundaria, es crucial para la identificaci\u00f3n de los brotes y el inicio de la respuesta oportuna.<\/p>\n<h4><strong>\u00bfQu\u00e9 hacer si se tiene s\u00edntomas de dengue?<\/strong><\/h4>\n<ul>\n<li>Consulte a su m\u00e9dico.<\/li>\n<li>Vigile los signos de alarma.<\/li>\n<li>No se automedique, no use aspirina, debido a que su efecto puede provocar hemorragias.<\/li>\n<li>No use antibi\u00f3ticos porque el dengue es producido por un virus y los antibi\u00f3ticos solo atacan a las bacterias<\/li>\n<\/ul>\n<\/div><div class=\"fusion-text fusion-text-2\"><h4><b>Boletines&nbsp;<\/b><b>Epidemiol\u00f3gicos<\/b><\/h4>\n<ul>\n<li><a href=\"https:\/\/hospitalsvpgarzon.gov.co\/wp-content\/uploads\/2024\/12\/INFORME-dengue-JUNIO_pdf.pdf\" target=\"_blank\" rel=\"noopener\">Informe Dengue mes de Junio de 2023<\/a><\/li>\n<li><a href=\"https:\/\/hospitalsvpgarzon.gov.co\/wp-content\/uploads\/2024\/12\/informe-DENGUE-julio_pdf.pdf\" target=\"_blank\" rel=\"noopener\">Informe Dengue mes de Julio de 2023<\/a><\/li>\n<li><a href=\"https:\/\/hospitalsvpgarzon.gov.co\/wp-content\/uploads\/2024\/12\/INFORME-dengue-AGOSTO_pdf.pdf\" target=\"_blank\" rel=\"noopener\">Informe Dengue mes de Agosto de 2023<\/a><\/li>\n<li><a href=\"https:\/\/hospitalsvpgarzon.gov.co\/wp-content\/uploads\/2024\/12\/INFORME-SEPTIEMBRE_pdf.pdf\" target=\"_blank\" rel=\"noopener\">Informe Dengue mes de Septiembre de 2023<\/a><\/li>\n<li><a href=\"https:\/\/hospitalsvpgarzon.gov.co\/wp-content\/uploads\/2024\/12\/INFORME-dengue-OCTUBRE_pdf.pdf\" target=\"_blank\" rel=\"noopener\">Informe Dengue mes de Octubre de 2023<\/a><\/li>\n<li><a href=\"https:\/\/hospitalsvpgarzon.gov.co\/wp-content\/uploads\/2024\/12\/INFORME-dengue-NOVIEMBRE_pdf.pdf\" target=\"_blank\" rel=\"noopener\">Informe Dengue mes de Noviembre de 2023<\/a><\/li>\n<\/ul>\n<\/div><div class=\"fusion-image-carousel fusion-image-carousel-auto fusion-image-carousel-1 fusion-carousel-border\"><div class=\"awb-carousel awb-swiper awb-swiper-carousel\" data-autoplay=\"yes\" data-columns=\"1\" data-itemmargin=\"13\" data-itemwidth=\"180\" data-touchscroll=\"no\" data-imagesize=\"auto\" style=\"--awb-columns:1;\"><div class=\"swiper-wrapper awb-image-carousel-wrapper fusion-flex-align-items-center\"><div class=\"swiper-slide\"><div class=\"fusion-carousel-item-wrapper\"><div class=\"fusion-image-wrapper hover-type-none\"><img decoding=\"async\" width=\"2667\" height=\"1500\" src=\"https:\/\/hospitalsvpgarzon.gov.co\/wp-content\/uploads\/2024\/12\/MOTIVOS-DE-CONSULTA-1.png\" class=\"attachment-full size-full lazyload\" alt=\"Motivos de Consulta\" srcset=\"data:image\/svg+xml,%3Csvg%20xmlns%3D%27http%3A%2F%2Fwww.w3.org%2F2000%2Fsvg%27%20width%3D%272667%27%20height%3D%271500%27%20viewBox%3D%270%200%202667%201500%27%3E%3Crect%20width%3D%272667%27%20height%3D%271500%27%20fill-opacity%3D%220%22%2F%3E%3C%2Fsvg%3E\" data-orig-src=\"https:\/\/hospitalsvpgarzon.gov.co\/wp-content\/uploads\/2024\/12\/MOTIVOS-DE-CONSULTA-1.png\" data-srcset=\"https:\/\/hospitalsvpgarzon.gov.co\/wp-content\/uploads\/2024\/12\/MOTIVOS-DE-CONSULTA-1-200x112.png 200w, https:\/\/hospitalsvpgarzon.gov.co\/wp-content\/uploads\/2024\/12\/MOTIVOS-DE-CONSULTA-1-300x169.png 300w, https:\/\/hospitalsvpgarzon.gov.co\/wp-content\/uploads\/2024\/12\/MOTIVOS-DE-CONSULTA-1-400x225.png 400w, https:\/\/hospitalsvpgarzon.gov.co\/wp-content\/uploads\/2024\/12\/MOTIVOS-DE-CONSULTA-1-600x337.png 600w, https:\/\/hospitalsvpgarzon.gov.co\/wp-content\/uploads\/2024\/12\/MOTIVOS-DE-CONSULTA-1-768x432.png 768w, https:\/\/hospitalsvpgarzon.gov.co\/wp-content\/uploads\/2024\/12\/MOTIVOS-DE-CONSULTA-1-800x450.png 800w, https:\/\/hospitalsvpgarzon.gov.co\/wp-content\/uploads\/2024\/12\/MOTIVOS-DE-CONSULTA-1-1024x576.png 1024w, https:\/\/hospitalsvpgarzon.gov.co\/wp-content\/uploads\/2024\/12\/MOTIVOS-DE-CONSULTA-1-1200x675.png 1200w, https:\/\/hospitalsvpgarzon.gov.co\/wp-content\/uploads\/2024\/12\/MOTIVOS-DE-CONSULTA-1-1536x864.png 1536w, https:\/\/hospitalsvpgarzon.gov.co\/wp-content\/uploads\/2024\/12\/MOTIVOS-DE-CONSULTA-1.png 2667w\" data-sizes=\"auto\" \/><\/div><\/div><\/div><div class=\"swiper-slide\"><div class=\"fusion-carousel-item-wrapper\"><div class=\"fusion-image-wrapper hover-type-none\"><img decoding=\"async\" width=\"2200\" height=\"1700\" src=\"https:\/\/hospitalsvpgarzon.gov.co\/wp-content\/uploads\/2024\/12\/Situacion-de-dengue.png\" class=\"attachment-full size-full lazyload\" alt=\"Situaci\u00f3n de Dengue\" srcset=\"data:image\/svg+xml,%3Csvg%20xmlns%3D%27http%3A%2F%2Fwww.w3.org%2F2000%2Fsvg%27%20width%3D%272200%27%20height%3D%271700%27%20viewBox%3D%270%200%202200%201700%27%3E%3Crect%20width%3D%272200%27%20height%3D%271700%27%20fill-opacity%3D%220%22%2F%3E%3C%2Fsvg%3E\" data-orig-src=\"https:\/\/hospitalsvpgarzon.gov.co\/wp-content\/uploads\/2024\/12\/Situacion-de-dengue.png\" data-srcset=\"https:\/\/hospitalsvpgarzon.gov.co\/wp-content\/uploads\/2024\/12\/Situacion-de-dengue-200x155.png 200w, https:\/\/hospitalsvpgarzon.gov.co\/wp-content\/uploads\/2024\/12\/Situacion-de-dengue-300x232.png 300w, https:\/\/hospitalsvpgarzon.gov.co\/wp-content\/uploads\/2024\/12\/Situacion-de-dengue-400x309.png 400w, https:\/\/hospitalsvpgarzon.gov.co\/wp-content\/uploads\/2024\/12\/Situacion-de-dengue-600x464.png 600w, https:\/\/hospitalsvpgarzon.gov.co\/wp-content\/uploads\/2024\/12\/Situacion-de-dengue-768x593.png 768w, https:\/\/hospitalsvpgarzon.gov.co\/wp-content\/uploads\/2024\/12\/Situacion-de-dengue-800x618.png 800w, https:\/\/hospitalsvpgarzon.gov.co\/wp-content\/uploads\/2024\/12\/Situacion-de-dengue-1024x791.png 1024w, https:\/\/hospitalsvpgarzon.gov.co\/wp-content\/uploads\/2024\/12\/Situacion-de-dengue-1200x927.png 1200w, https:\/\/hospitalsvpgarzon.gov.co\/wp-content\/uploads\/2024\/12\/Situacion-de-dengue-1536x1187.png 1536w, https:\/\/hospitalsvpgarzon.gov.co\/wp-content\/uploads\/2024\/12\/Situacion-de-dengue.png 2200w\" data-sizes=\"auto\" \/><\/div><\/div><\/div><div class=\"swiper-slide\"><div class=\"fusion-carousel-item-wrapper\"><div class=\"fusion-image-wrapper hover-type-none\"><img decoding=\"async\" width=\"2667\" height=\"1500\" src=\"https:\/\/hospitalsvpgarzon.gov.co\/wp-content\/uploads\/2024\/12\/MANEJO-Y-SIGNOS-DE-ALARMA-1.png\" class=\"attachment-full size-full lazyload\" alt=\"Manejo y SIgnos de Alarma\" srcset=\"data:image\/svg+xml,%3Csvg%20xmlns%3D%27http%3A%2F%2Fwww.w3.org%2F2000%2Fsvg%27%20width%3D%272667%27%20height%3D%271500%27%20viewBox%3D%270%200%202667%201500%27%3E%3Crect%20width%3D%272667%27%20height%3D%271500%27%20fill-opacity%3D%220%22%2F%3E%3C%2Fsvg%3E\" data-orig-src=\"https:\/\/hospitalsvpgarzon.gov.co\/wp-content\/uploads\/2024\/12\/MANEJO-Y-SIGNOS-DE-ALARMA-1.png\" data-srcset=\"https:\/\/hospitalsvpgarzon.gov.co\/wp-content\/uploads\/2024\/12\/MANEJO-Y-SIGNOS-DE-ALARMA-1-200x112.png 200w, https:\/\/hospitalsvpgarzon.gov.co\/wp-content\/uploads\/2024\/12\/MANEJO-Y-SIGNOS-DE-ALARMA-1-300x169.png 300w, https:\/\/hospitalsvpgarzon.gov.co\/wp-content\/uploads\/2024\/12\/MANEJO-Y-SIGNOS-DE-ALARMA-1-400x225.png 400w, https:\/\/hospitalsvpgarzon.gov.co\/wp-content\/uploads\/2024\/12\/MANEJO-Y-SIGNOS-DE-ALARMA-1-600x337.png 600w, https:\/\/hospitalsvpgarzon.gov.co\/wp-content\/uploads\/2024\/12\/MANEJO-Y-SIGNOS-DE-ALARMA-1-768x432.png 768w, https:\/\/hospitalsvpgarzon.gov.co\/wp-content\/uploads\/2024\/12\/MANEJO-Y-SIGNOS-DE-ALARMA-1-800x450.png 800w, https:\/\/hospitalsvpgarzon.gov.co\/wp-content\/uploads\/2024\/12\/MANEJO-Y-SIGNOS-DE-ALARMA-1-1024x576.png 1024w, https:\/\/hospitalsvpgarzon.gov.co\/wp-content\/uploads\/2024\/12\/MANEJO-Y-SIGNOS-DE-ALARMA-1-1200x675.png 1200w, https:\/\/hospitalsvpgarzon.gov.co\/wp-content\/uploads\/2024\/12\/MANEJO-Y-SIGNOS-DE-ALARMA-1-1536x864.png 1536w, https:\/\/hospitalsvpgarzon.gov.co\/wp-content\/uploads\/2024\/12\/MANEJO-Y-SIGNOS-DE-ALARMA-1.png 2667w\" data-sizes=\"auto\" \/><\/div><\/div><\/div><div class=\"swiper-slide\"><div class=\"fusion-carousel-item-wrapper\"><div class=\"fusion-image-wrapper hover-type-none\"><img decoding=\"async\" width=\"2667\" height=\"1500\" src=\"https:\/\/hospitalsvpgarzon.gov.co\/wp-content\/uploads\/2024\/12\/EVITAR-1.png\" class=\"attachment-full size-full lazyload\" alt=\"Como Evitar\" srcset=\"data:image\/svg+xml,%3Csvg%20xmlns%3D%27http%3A%2F%2Fwww.w3.org%2F2000%2Fsvg%27%20width%3D%272667%27%20height%3D%271500%27%20viewBox%3D%270%200%202667%201500%27%3E%3Crect%20width%3D%272667%27%20height%3D%271500%27%20fill-opacity%3D%220%22%2F%3E%3C%2Fsvg%3E\" data-orig-src=\"https:\/\/hospitalsvpgarzon.gov.co\/wp-content\/uploads\/2024\/12\/EVITAR-1.png\" data-srcset=\"https:\/\/hospitalsvpgarzon.gov.co\/wp-content\/uploads\/2024\/12\/EVITAR-1-200x112.png 200w, https:\/\/hospitalsvpgarzon.gov.co\/wp-content\/uploads\/2024\/12\/EVITAR-1-300x169.png 300w, https:\/\/hospitalsvpgarzon.gov.co\/wp-content\/uploads\/2024\/12\/EVITAR-1-400x225.png 400w, https:\/\/hospitalsvpgarzon.gov.co\/wp-content\/uploads\/2024\/12\/EVITAR-1-600x337.png 600w, https:\/\/hospitalsvpgarzon.gov.co\/wp-content\/uploads\/2024\/12\/EVITAR-1-768x432.png 768w, https:\/\/hospitalsvpgarzon.gov.co\/wp-content\/uploads\/2024\/12\/EVITAR-1-800x450.png 800w, https:\/\/hospitalsvpgarzon.gov.co\/wp-content\/uploads\/2024\/12\/EVITAR-1-1024x576.png 1024w, https:\/\/hospitalsvpgarzon.gov.co\/wp-content\/uploads\/2024\/12\/EVITAR-1-1200x675.png 1200w, https:\/\/hospitalsvpgarzon.gov.co\/wp-content\/uploads\/2024\/12\/EVITAR-1-1536x864.png 1536w, https:\/\/hospitalsvpgarzon.gov.co\/wp-content\/uploads\/2024\/12\/EVITAR-1.png 2667w\" data-sizes=\"auto\" \/><\/div><\/div><\/div><div class=\"swiper-slide\"><div class=\"fusion-carousel-item-wrapper\"><div class=\"fusion-image-wrapper hover-type-none\"><img decoding=\"async\" width=\"2667\" height=\"1500\" src=\"https:\/\/hospitalsvpgarzon.gov.co\/wp-content\/uploads\/2024\/12\/CRIADEROS-1.png\" class=\"attachment-full size-full lazyload\" alt=\"Criaderos\" srcset=\"data:image\/svg+xml,%3Csvg%20xmlns%3D%27http%3A%2F%2Fwww.w3.org%2F2000%2Fsvg%27%20width%3D%272667%27%20height%3D%271500%27%20viewBox%3D%270%200%202667%201500%27%3E%3Crect%20width%3D%272667%27%20height%3D%271500%27%20fill-opacity%3D%220%22%2F%3E%3C%2Fsvg%3E\" data-orig-src=\"https:\/\/hospitalsvpgarzon.gov.co\/wp-content\/uploads\/2024\/12\/CRIADEROS-1.png\" data-srcset=\"https:\/\/hospitalsvpgarzon.gov.co\/wp-content\/uploads\/2024\/12\/CRIADEROS-1-200x112.png 200w, https:\/\/hospitalsvpgarzon.gov.co\/wp-content\/uploads\/2024\/12\/CRIADEROS-1-300x169.png 300w, https:\/\/hospitalsvpgarzon.gov.co\/wp-content\/uploads\/2024\/12\/CRIADEROS-1-400x225.png 400w, https:\/\/hospitalsvpgarzon.gov.co\/wp-content\/uploads\/2024\/12\/CRIADEROS-1-600x337.png 600w, https:\/\/hospitalsvpgarzon.gov.co\/wp-content\/uploads\/2024\/12\/CRIADEROS-1-768x432.png 768w, https:\/\/hospitalsvpgarzon.gov.co\/wp-content\/uploads\/2024\/12\/CRIADEROS-1-800x450.png 800w, https:\/\/hospitalsvpgarzon.gov.co\/wp-content\/uploads\/2024\/12\/CRIADEROS-1-1024x576.png 1024w, https:\/\/hospitalsvpgarzon.gov.co\/wp-content\/uploads\/2024\/12\/CRIADEROS-1-1200x675.png 1200w, https:\/\/hospitalsvpgarzon.gov.co\/wp-content\/uploads\/2024\/12\/CRIADEROS-1-1536x864.png 1536w, https:\/\/hospitalsvpgarzon.gov.co\/wp-content\/uploads\/2024\/12\/CRIADEROS-1.png 2667w\" data-sizes=\"auto\" \/><\/div><\/div><\/div><\/div><div class=\"awb-swiper-button awb-swiper-button-prev\"><i class=\"awb-icon-angle-left\" aria-hidden=\"true\"><\/i><\/div><div class=\"awb-swiper-button awb-swiper-button-next\"><i class=\"awb-icon-angle-right\" aria-hidden=\"true\"><\/i><\/div><\/div><\/div><\/div><\/div><\/div><\/div>\n","protected":false},"excerpt":{"rendered":"","protected":false},"author":1,"featured_media":0,"parent":1086,"menu_order":0,"comment_status":"closed","ping_status":"closed","template":"","meta":{"footnotes":""},"class_list":["post-1118","page","type-page","status-publish","hentry"],"yoast_head":"<!-- This site is optimized with the Yoast SEO plugin v26.6 - https:\/\/yoast.com\/wordpress\/plugins\/seo\/ -->\n<title>Enfermedades Transmitidas por Vectores - San Vicente de Paul<\/title>\n<meta name=\"robots\" content=\"index, follow, max-snippet:-1, max-image-preview:large, max-video-preview:-1\" \/>\n<link rel=\"canonical\" href=\"https:\/\/hospitalsvpgarzon.gov.co\/index.php\/gestion\/modelo-integrado-de-planeacion-y-gestion-mipg\/gestion-de-calidad\/etv\/\" \/>\n<meta property=\"og:locale\" content=\"es_ES\" \/>\n<meta property=\"og:type\" content=\"article\" \/>\n<meta property=\"og:title\" content=\"Enfermedades Transmitidas por Vectores - San Vicente de Paul\" \/>\n<meta property=\"og:url\" content=\"https:\/\/hospitalsvpgarzon.gov.co\/index.php\/gestion\/modelo-integrado-de-planeacion-y-gestion-mipg\/gestion-de-calidad\/etv\/\" \/>\n<meta property=\"og:site_name\" content=\"San Vicente de Paul\" \/>\n<meta property=\"article:modified_time\" content=\"2026-01-05T20:40:50+00:00\" \/>\n<meta name=\"twitter:card\" content=\"summary_large_image\" \/>\n<meta name=\"twitter:label1\" content=\"Tiempo de lectura\" \/>\n\t<meta name=\"twitter:data1\" content=\"4 minutos\" \/>\n<script type=\"application\/ld+json\" class=\"yoast-schema-graph\">{\"@context\":\"https:\/\/schema.org\",\"@graph\":[{\"@type\":\"WebPage\",\"@id\":\"https:\/\/hospitalsvpgarzon.gov.co\/index.php\/gestion\/modelo-integrado-de-planeacion-y-gestion-mipg\/gestion-de-calidad\/etv\/\",\"url\":\"https:\/\/hospitalsvpgarzon.gov.co\/index.php\/gestion\/modelo-integrado-de-planeacion-y-gestion-mipg\/gestion-de-calidad\/etv\/\",\"name\":\"Enfermedades Transmitidas por Vectores - San Vicente de Paul\",\"isPartOf\":{\"@id\":\"https:\/\/hospitalsvpgarzon.gov.co\/#website\"},\"datePublished\":\"2024-12-12T21:35:51+00:00\",\"dateModified\":\"2026-01-05T20:40:50+00:00\",\"breadcrumb\":{\"@id\":\"https:\/\/hospitalsvpgarzon.gov.co\/index.php\/gestion\/modelo-integrado-de-planeacion-y-gestion-mipg\/gestion-de-calidad\/etv\/#breadcrumb\"},\"inLanguage\":\"es\",\"potentialAction\":[{\"@type\":\"ReadAction\",\"target\":[\"https:\/\/hospitalsvpgarzon.gov.co\/index.php\/gestion\/modelo-integrado-de-planeacion-y-gestion-mipg\/gestion-de-calidad\/etv\/\"]}]},{\"@type\":\"BreadcrumbList\",\"@id\":\"https:\/\/hospitalsvpgarzon.gov.co\/index.php\/gestion\/modelo-integrado-de-planeacion-y-gestion-mipg\/gestion-de-calidad\/etv\/#breadcrumb\",\"itemListElement\":[{\"@type\":\"ListItem\",\"position\":1,\"name\":\"Portada\",\"item\":\"https:\/\/hospitalsvpgarzon.gov.co\/\"},{\"@type\":\"ListItem\",\"position\":2,\"name\":\"Gesti\u00f3n\",\"item\":\"https:\/\/hospitalsvpgarzon.gov.co\/index.php\/gestion\/\"},{\"@type\":\"ListItem\",\"position\":3,\"name\":\"Modelo integrado de planeaci\u00f3n y Gesti\u00f3n (MIPG)\",\"item\":\"https:\/\/hospitalsvpgarzon.gov.co\/index.php\/gestion\/modelo-integrado-de-planeacion-y-gestion-mipg\/\"},{\"@type\":\"ListItem\",\"position\":4,\"name\":\"Gesti\u00f3n de Calidad\",\"item\":\"https:\/\/hospitalsvpgarzon.gov.co\/index.php\/gestion\/modelo-integrado-de-planeacion-y-gestion-mipg\/gestion-de-calidad\/\"},{\"@type\":\"ListItem\",\"position\":5,\"name\":\"Enfermedades Transmitidas por Vectores\"}]},{\"@type\":\"WebSite\",\"@id\":\"https:\/\/hospitalsvpgarzon.gov.co\/#website\",\"url\":\"https:\/\/hospitalsvpgarzon.gov.co\/\",\"name\":\"San Vicente de Paul\",\"description\":\"\",\"potentialAction\":[{\"@type\":\"SearchAction\",\"target\":{\"@type\":\"EntryPoint\",\"urlTemplate\":\"https:\/\/hospitalsvpgarzon.gov.co\/?s={search_term_string}\"},\"query-input\":{\"@type\":\"PropertyValueSpecification\",\"valueRequired\":true,\"valueName\":\"search_term_string\"}}],\"inLanguage\":\"es\"}]}<\/script>\n<!-- \/ Yoast SEO plugin. -->","yoast_head_json":{"title":"Enfermedades Transmitidas por Vectores - San Vicente de Paul","robots":{"index":"index","follow":"follow","max-snippet":"max-snippet:-1","max-image-preview":"max-image-preview:large","max-video-preview":"max-video-preview:-1"},"canonical":"https:\/\/hospitalsvpgarzon.gov.co\/index.php\/gestion\/modelo-integrado-de-planeacion-y-gestion-mipg\/gestion-de-calidad\/etv\/","og_locale":"es_ES","og_type":"article","og_title":"Enfermedades Transmitidas por Vectores - San Vicente de Paul","og_url":"https:\/\/hospitalsvpgarzon.gov.co\/index.php\/gestion\/modelo-integrado-de-planeacion-y-gestion-mipg\/gestion-de-calidad\/etv\/","og_site_name":"San Vicente de Paul","article_modified_time":"2026-01-05T20:40:50+00:00","twitter_card":"summary_large_image","twitter_misc":{"Tiempo de lectura":"4 minutos"},"schema":{"@context":"https:\/\/schema.org","@graph":[{"@type":"WebPage","@id":"https:\/\/hospitalsvpgarzon.gov.co\/index.php\/gestion\/modelo-integrado-de-planeacion-y-gestion-mipg\/gestion-de-calidad\/etv\/","url":"https:\/\/hospitalsvpgarzon.gov.co\/index.php\/gestion\/modelo-integrado-de-planeacion-y-gestion-mipg\/gestion-de-calidad\/etv\/","name":"Enfermedades Transmitidas por Vectores - San Vicente de Paul","isPartOf":{"@id":"https:\/\/hospitalsvpgarzon.gov.co\/#website"},"datePublished":"2024-12-12T21:35:51+00:00","dateModified":"2026-01-05T20:40:50+00:00","breadcrumb":{"@id":"https:\/\/hospitalsvpgarzon.gov.co\/index.php\/gestion\/modelo-integrado-de-planeacion-y-gestion-mipg\/gestion-de-calidad\/etv\/#breadcrumb"},"inLanguage":"es","potentialAction":[{"@type":"ReadAction","target":["https:\/\/hospitalsvpgarzon.gov.co\/index.php\/gestion\/modelo-integrado-de-planeacion-y-gestion-mipg\/gestion-de-calidad\/etv\/"]}]},{"@type":"BreadcrumbList","@id":"https:\/\/hospitalsvpgarzon.gov.co\/index.php\/gestion\/modelo-integrado-de-planeacion-y-gestion-mipg\/gestion-de-calidad\/etv\/#breadcrumb","itemListElement":[{"@type":"ListItem","position":1,"name":"Portada","item":"https:\/\/hospitalsvpgarzon.gov.co\/"},{"@type":"ListItem","position":2,"name":"Gesti\u00f3n","item":"https:\/\/hospitalsvpgarzon.gov.co\/index.php\/gestion\/"},{"@type":"ListItem","position":3,"name":"Modelo integrado de planeaci\u00f3n y Gesti\u00f3n (MIPG)","item":"https:\/\/hospitalsvpgarzon.gov.co\/index.php\/gestion\/modelo-integrado-de-planeacion-y-gestion-mipg\/"},{"@type":"ListItem","position":4,"name":"Gesti\u00f3n de Calidad","item":"https:\/\/hospitalsvpgarzon.gov.co\/index.php\/gestion\/modelo-integrado-de-planeacion-y-gestion-mipg\/gestion-de-calidad\/"},{"@type":"ListItem","position":5,"name":"Enfermedades Transmitidas por Vectores"}]},{"@type":"WebSite","@id":"https:\/\/hospitalsvpgarzon.gov.co\/#website","url":"https:\/\/hospitalsvpgarzon.gov.co\/","name":"San Vicente de Paul","description":"","potentialAction":[{"@type":"SearchAction","target":{"@type":"EntryPoint","urlTemplate":"https:\/\/hospitalsvpgarzon.gov.co\/?s={search_term_string}"},"query-input":{"@type":"PropertyValueSpecification","valueRequired":true,"valueName":"search_term_string"}}],"inLanguage":"es"}]}},"_links":{"self":[{"href":"https:\/\/hospitalsvpgarzon.gov.co\/index.php\/wp-json\/wp\/v2\/pages\/1118","targetHints":{"allow":["GET"]}}],"collection":[{"href":"https:\/\/hospitalsvpgarzon.gov.co\/index.php\/wp-json\/wp\/v2\/pages"}],"about":[{"href":"https:\/\/hospitalsvpgarzon.gov.co\/index.php\/wp-json\/wp\/v2\/types\/page"}],"author":[{"embeddable":true,"href":"https:\/\/hospitalsvpgarzon.gov.co\/index.php\/wp-json\/wp\/v2\/users\/1"}],"replies":[{"embeddable":true,"href":"https:\/\/hospitalsvpgarzon.gov.co\/index.php\/wp-json\/wp\/v2\/comments?post=1118"}],"version-history":[{"count":1,"href":"https:\/\/hospitalsvpgarzon.gov.co\/index.php\/wp-json\/wp\/v2\/pages\/1118\/revisions"}],"predecessor-version":[{"id":4155,"href":"https:\/\/hospitalsvpgarzon.gov.co\/index.php\/wp-json\/wp\/v2\/pages\/1118\/revisions\/4155"}],"up":[{"embeddable":true,"href":"https:\/\/hospitalsvpgarzon.gov.co\/index.php\/wp-json\/wp\/v2\/pages\/1086"}],"wp:attachment":[{"href":"https:\/\/hospitalsvpgarzon.gov.co\/index.php\/wp-json\/wp\/v2\/media?parent=1118"}],"curies":[{"name":"wp","href":"https:\/\/api.w.org\/{rel}","templated":true}]}}