{"id":1055,"date":"2024-12-12T17:05:35","date_gmt":"2024-12-12T17:05:35","guid":{"rendered":"https:\/\/portal.hospitalsvpgarzon.gov.co\/?page_id=1055"},"modified":"2026-01-05T15:38:23","modified_gmt":"2026-01-05T20:38:23","slug":"modelo-integrado-de-planeacion-y-gestion-mipg","status":"publish","type":"page","link":"https:\/\/hospitalsvpgarzon.gov.co\/index.php\/gestion\/modelo-integrado-de-planeacion-y-gestion-mipg\/","title":{"rendered":"Modelo integrado de planeaci\u00f3n y Gesti\u00f3n (MIPG)"},"content":{"rendered":"<div class=\"fusion-fullwidth fullwidth-box fusion-builder-row-1 fusion-flex-container has-pattern-background has-mask-background nonhundred-percent-fullwidth non-hundred-percent-height-scrolling\" style=\"--awb-border-radius-top-left:0px;--awb-border-radius-top-right:0px;--awb-border-radius-bottom-right:0px;--awb-border-radius-bottom-left:0px;--awb-flex-wrap:wrap;\" ><div class=\"fusion-builder-row fusion-row fusion-flex-align-items-flex-start fusion-flex-content-wrap\" style=\"max-width:89.44%;margin-left: calc(-4% \/ 2 );margin-right: calc(-4% \/ 2 );\"><div class=\"fusion-layout-column fusion_builder_column fusion-builder-column-0 fusion_builder_column_1_1 1_1 fusion-flex-column\" style=\"--awb-bg-size:cover;--awb-width-large:100%;--awb-margin-top-large:0px;--awb-spacing-right-large:1.92%;--awb-margin-bottom-large:20px;--awb-spacing-left-large:1.92%;--awb-width-medium:100%;--awb-order-medium:0;--awb-spacing-right-medium:1.92%;--awb-spacing-left-medium:1.92%;--awb-width-small:100%;--awb-order-small:0;--awb-spacing-right-small:1.92%;--awb-spacing-left-small:1.92%;\"><div class=\"fusion-column-wrapper fusion-column-has-shadow fusion-flex-justify-content-flex-start fusion-content-layout-column\"><div class=\"fusion-text fusion-text-1\"><h2><strong>Modelo integrado de planeaci\u00f3n y Gesti\u00f3n (MIPG)<\/strong><\/h2>\n<ul>\n<li>Comit\u00e9 institucional de gesti\u00f3n y desempe\u00f1o <a href=\"https:\/\/hospitalsvpgarzon.gov.co\/wp-content\/uploads\/2025\/04\/15._CMTE_INSTITUCIONAL_DE_GESTION_Y_DESEMPENO_RESOL._0718_DE_2024.pdf\">Descargar Archivo Aqu\u00ed<\/a><\/li>\n<li>Modelo integrado de planeaci\u00f3n y Gesti\u00f3n 2021 (MIPG) <a href=\"https:\/\/hospitalsvpgarzon.gov.co\/documentos\/InformacionPublica\/AUTODIAGN%C3%93STICO.zip\">Descargar Archivo Aqu\u00ed <\/a><\/li>\n<li>C\u00f3digo de Integridad <a href=\"https:\/\/hospitalsvpgarzon.gov.co\/documentos\/controlinterno\/1_CODIGO_INTEGRIDAD.pdf\">Descargar Archivo Aqu\u00ed<br \/><\/a><\/li>\n<li>Resoluci\u00f3n N 0189 del 2021 <a href=\"https:\/\/hospitalsvpgarzon.gov.co\/documentos\/controlinterno\/2_Resoluci%C3%B3n_N_0189_2021.pdf\">Descargar Archivo Aqu\u00ed<\/a><\/li>\n<\/ul>\n<h2>&nbsp;<\/h2>\n<h2><strong>Medici\u00f3n del Desempe\u00f1o Institucional MDI<\/strong><\/h2>\n<p><strong>2024<\/strong><\/p>\n<ul>\n<li>Planeaci\u00f3n &#8211; <a href=\"https:\/\/hospitalsvpgarzon.gov.co\/wp-content\/uploads\/2025\/05\/PlaneaciON-Certificado_de_Diligenciamiento_Furag_2024.pdf\">Descargar Archivo Aqu\u00ed<\/a><\/li>\n<li>Control Interno &#8211; <a href=\"https:\/\/hospitalsvpgarzon.gov.co\/wp-content\/uploads\/2025\/05\/Control_Interno_-_Certificado_de_Diligenciamiento_Furag_2024.pdf\">Descargar Archivo Aqu\u00ed<\/a><\/li>\n<\/ul>\n<p><strong>2023<\/strong><\/p>\n<ul>\n<li>Resultados desempe\u00f1o institucional &#8211; <a href=\"https:\/\/hospitalsvpgarzon.gov.co\/wp-content\/uploads\/2025\/05\/Resultados_desempeno_institucional_2023.pdf\">Descargar Archivo Aqu\u00ed<\/a><\/li>\n<li>Planeaci\u00f3n &#8211; <a href=\"https:\/\/hospitalsvpgarzon.gov.co\/wp-content\/uploads\/2025\/05\/Planeacion_-_Certificado_de_Diligenciamiento_Furag_2023.pdf\">Descargar Archivo Aqu\u00ed<\/a><\/li>\n<li>Control Interno &#8211; <a href=\"https:\/\/hospitalsvpgarzon.gov.co\/wp-content\/uploads\/2025\/05\/Control_Interno_-_Certificado_de_Diligenciamiento_Furag_2023.pdf\">Descargar Archivo Aqu\u00ed<\/a><\/li>\n<\/ul>\n<\/div><div class=\"fusion-image-element \" style=\"--awb-caption-title-font-family:var(--h2_typography-font-family);--awb-caption-title-font-weight:var(--h2_typography-font-weight);--awb-caption-title-font-style:var(--h2_typography-font-style);--awb-caption-title-size:var(--h2_typography-font-size);--awb-caption-title-transform:var(--h2_typography-text-transform);--awb-caption-title-line-height:var(--h2_typography-line-height);--awb-caption-title-letter-spacing:var(--h2_typography-letter-spacing);\"><span class=\" fusion-imageframe imageframe-none imageframe-1 hover-type-none\"><img decoding=\"async\" width=\"1280\" height=\"720\" alt=\"Modelo integrado de planeaci\u00f3n y Gesti\u00f3n (MIPG)\" title=\"MIPG\" src=\"https:\/\/hospitalsvpgarzon.gov.co\/wp-content\/uploads\/2024\/12\/MIPG.png\" data-orig-src=\"https:\/\/hospitalsvpgarzon.gov.co\/wp-content\/uploads\/2024\/12\/MIPG.png\" class=\"lazyload img-responsive wp-image-1217\" srcset=\"data:image\/svg+xml,%3Csvg%20xmlns%3D%27http%3A%2F%2Fwww.w3.org%2F2000%2Fsvg%27%20width%3D%271280%27%20height%3D%27720%27%20viewBox%3D%270%200%201280%20720%27%3E%3Crect%20width%3D%271280%27%20height%3D%27720%27%20fill-opacity%3D%220%22%2F%3E%3C%2Fsvg%3E\" data-srcset=\"https:\/\/hospitalsvpgarzon.gov.co\/wp-content\/uploads\/2024\/12\/MIPG-200x113.png 200w, https:\/\/hospitalsvpgarzon.gov.co\/wp-content\/uploads\/2024\/12\/MIPG-400x225.png 400w, https:\/\/hospitalsvpgarzon.gov.co\/wp-content\/uploads\/2024\/12\/MIPG-600x338.png 600w, https:\/\/hospitalsvpgarzon.gov.co\/wp-content\/uploads\/2024\/12\/MIPG-800x450.png 800w, https:\/\/hospitalsvpgarzon.gov.co\/wp-content\/uploads\/2024\/12\/MIPG-1200x675.png 1200w, https:\/\/hospitalsvpgarzon.gov.co\/wp-content\/uploads\/2024\/12\/MIPG.png 1280w\" data-sizes=\"auto\" data-orig-sizes=\"(max-width: 700px) 100vw, 1280px\" \/><\/span><\/div><\/div><\/div><\/div><\/div>\n","protected":false},"excerpt":{"rendered":"","protected":false},"author":1,"featured_media":0,"parent":1052,"menu_order":0,"comment_status":"closed","ping_status":"closed","template":"100-width.php","meta":{"footnotes":""},"class_list":["post-1055","page","type-page","status-publish","hentry"],"yoast_head":"<!-- This site is optimized with the Yoast SEO plugin v26.6 - https:\/\/yoast.com\/wordpress\/plugins\/seo\/ -->\n<title>Modelo integrado de planeaci\u00f3n y Gesti\u00f3n (MIPG) - San Vicente de Paul<\/title>\n<meta name=\"robots\" content=\"index, follow, max-snippet:-1, max-image-preview:large, max-video-preview:-1\" \/>\n<link rel=\"canonical\" href=\"https:\/\/hospitalsvpgarzon.gov.co\/index.php\/gestion\/modelo-integrado-de-planeacion-y-gestion-mipg\/\" \/>\n<meta property=\"og:locale\" content=\"es_ES\" \/>\n<meta property=\"og:type\" content=\"article\" \/>\n<meta property=\"og:title\" content=\"Modelo integrado de planeaci\u00f3n y Gesti\u00f3n (MIPG) - San Vicente de Paul\" \/>\n<meta property=\"og:url\" content=\"https:\/\/hospitalsvpgarzon.gov.co\/index.php\/gestion\/modelo-integrado-de-planeacion-y-gestion-mipg\/\" \/>\n<meta property=\"og:site_name\" content=\"San Vicente de Paul\" \/>\n<meta property=\"article:modified_time\" content=\"2026-01-05T20:38:23+00:00\" \/>\n<meta name=\"twitter:card\" content=\"summary_large_image\" \/>\n<meta name=\"twitter:label1\" content=\"Tiempo de lectura\" \/>\n\t<meta name=\"twitter:data1\" content=\"1 minuto\" \/>\n<script type=\"application\/ld+json\" class=\"yoast-schema-graph\">{\"@context\":\"https:\/\/schema.org\",\"@graph\":[{\"@type\":\"WebPage\",\"@id\":\"https:\/\/hospitalsvpgarzon.gov.co\/index.php\/gestion\/modelo-integrado-de-planeacion-y-gestion-mipg\/\",\"url\":\"https:\/\/hospitalsvpgarzon.gov.co\/index.php\/gestion\/modelo-integrado-de-planeacion-y-gestion-mipg\/\",\"name\":\"Modelo integrado de planeaci\u00f3n y Gesti\u00f3n (MIPG) - San Vicente de Paul\",\"isPartOf\":{\"@id\":\"https:\/\/hospitalsvpgarzon.gov.co\/#website\"},\"datePublished\":\"2024-12-12T17:05:35+00:00\",\"dateModified\":\"2026-01-05T20:38:23+00:00\",\"breadcrumb\":{\"@id\":\"https:\/\/hospitalsvpgarzon.gov.co\/index.php\/gestion\/modelo-integrado-de-planeacion-y-gestion-mipg\/#breadcrumb\"},\"inLanguage\":\"es\",\"potentialAction\":[{\"@type\":\"ReadAction\",\"target\":[\"https:\/\/hospitalsvpgarzon.gov.co\/index.php\/gestion\/modelo-integrado-de-planeacion-y-gestion-mipg\/\"]}]},{\"@type\":\"BreadcrumbList\",\"@id\":\"https:\/\/hospitalsvpgarzon.gov.co\/index.php\/gestion\/modelo-integrado-de-planeacion-y-gestion-mipg\/#breadcrumb\",\"itemListElement\":[{\"@type\":\"ListItem\",\"position\":1,\"name\":\"Portada\",\"item\":\"https:\/\/hospitalsvpgarzon.gov.co\/\"},{\"@type\":\"ListItem\",\"position\":2,\"name\":\"Gesti\u00f3n\",\"item\":\"https:\/\/hospitalsvpgarzon.gov.co\/index.php\/gestion\/\"},{\"@type\":\"ListItem\",\"position\":3,\"name\":\"Modelo integrado de planeaci\u00f3n y Gesti\u00f3n (MIPG)\"}]},{\"@type\":\"WebSite\",\"@id\":\"https:\/\/hospitalsvpgarzon.gov.co\/#website\",\"url\":\"https:\/\/hospitalsvpgarzon.gov.co\/\",\"name\":\"San Vicente de Paul\",\"description\":\"\",\"potentialAction\":[{\"@type\":\"SearchAction\",\"target\":{\"@type\":\"EntryPoint\",\"urlTemplate\":\"https:\/\/hospitalsvpgarzon.gov.co\/?s={search_term_string}\"},\"query-input\":{\"@type\":\"PropertyValueSpecification\",\"valueRequired\":true,\"valueName\":\"search_term_string\"}}],\"inLanguage\":\"es\"}]}<\/script>\n<!-- \/ Yoast SEO plugin. -->","yoast_head_json":{"title":"Modelo integrado de planeaci\u00f3n y Gesti\u00f3n (MIPG) - San Vicente de Paul","robots":{"index":"index","follow":"follow","max-snippet":"max-snippet:-1","max-image-preview":"max-image-preview:large","max-video-preview":"max-video-preview:-1"},"canonical":"https:\/\/hospitalsvpgarzon.gov.co\/index.php\/gestion\/modelo-integrado-de-planeacion-y-gestion-mipg\/","og_locale":"es_ES","og_type":"article","og_title":"Modelo integrado de planeaci\u00f3n y Gesti\u00f3n (MIPG) - San Vicente de Paul","og_url":"https:\/\/hospitalsvpgarzon.gov.co\/index.php\/gestion\/modelo-integrado-de-planeacion-y-gestion-mipg\/","og_site_name":"San Vicente de Paul","article_modified_time":"2026-01-05T20:38:23+00:00","twitter_card":"summary_large_image","twitter_misc":{"Tiempo de lectura":"1 minuto"},"schema":{"@context":"https:\/\/schema.org","@graph":[{"@type":"WebPage","@id":"https:\/\/hospitalsvpgarzon.gov.co\/index.php\/gestion\/modelo-integrado-de-planeacion-y-gestion-mipg\/","url":"https:\/\/hospitalsvpgarzon.gov.co\/index.php\/gestion\/modelo-integrado-de-planeacion-y-gestion-mipg\/","name":"Modelo integrado de planeaci\u00f3n y Gesti\u00f3n (MIPG) - San Vicente de Paul","isPartOf":{"@id":"https:\/\/hospitalsvpgarzon.gov.co\/#website"},"datePublished":"2024-12-12T17:05:35+00:00","dateModified":"2026-01-05T20:38:23+00:00","breadcrumb":{"@id":"https:\/\/hospitalsvpgarzon.gov.co\/index.php\/gestion\/modelo-integrado-de-planeacion-y-gestion-mipg\/#breadcrumb"},"inLanguage":"es","potentialAction":[{"@type":"ReadAction","target":["https:\/\/hospitalsvpgarzon.gov.co\/index.php\/gestion\/modelo-integrado-de-planeacion-y-gestion-mipg\/"]}]},{"@type":"BreadcrumbList","@id":"https:\/\/hospitalsvpgarzon.gov.co\/index.php\/gestion\/modelo-integrado-de-planeacion-y-gestion-mipg\/#breadcrumb","itemListElement":[{"@type":"ListItem","position":1,"name":"Portada","item":"https:\/\/hospitalsvpgarzon.gov.co\/"},{"@type":"ListItem","position":2,"name":"Gesti\u00f3n","item":"https:\/\/hospitalsvpgarzon.gov.co\/index.php\/gestion\/"},{"@type":"ListItem","position":3,"name":"Modelo integrado de planeaci\u00f3n y Gesti\u00f3n (MIPG)"}]},{"@type":"WebSite","@id":"https:\/\/hospitalsvpgarzon.gov.co\/#website","url":"https:\/\/hospitalsvpgarzon.gov.co\/","name":"San Vicente de Paul","description":"","potentialAction":[{"@type":"SearchAction","target":{"@type":"EntryPoint","urlTemplate":"https:\/\/hospitalsvpgarzon.gov.co\/?s={search_term_string}"},"query-input":{"@type":"PropertyValueSpecification","valueRequired":true,"valueName":"search_term_string"}}],"inLanguage":"es"}]}},"_links":{"self":[{"href":"https:\/\/hospitalsvpgarzon.gov.co\/index.php\/wp-json\/wp\/v2\/pages\/1055","targetHints":{"allow":["GET"]}}],"collection":[{"href":"https:\/\/hospitalsvpgarzon.gov.co\/index.php\/wp-json\/wp\/v2\/pages"}],"about":[{"href":"https:\/\/hospitalsvpgarzon.gov.co\/index.php\/wp-json\/wp\/v2\/types\/page"}],"author":[{"embeddable":true,"href":"https:\/\/hospitalsvpgarzon.gov.co\/index.php\/wp-json\/wp\/v2\/users\/1"}],"replies":[{"embeddable":true,"href":"https:\/\/hospitalsvpgarzon.gov.co\/index.php\/wp-json\/wp\/v2\/comments?post=1055"}],"version-history":[{"count":6,"href":"https:\/\/hospitalsvpgarzon.gov.co\/index.php\/wp-json\/wp\/v2\/pages\/1055\/revisions"}],"predecessor-version":[{"id":4154,"href":"https:\/\/hospitalsvpgarzon.gov.co\/index.php\/wp-json\/wp\/v2\/pages\/1055\/revisions\/4154"}],"up":[{"embeddable":true,"href":"https:\/\/hospitalsvpgarzon.gov.co\/index.php\/wp-json\/wp\/v2\/pages\/1052"}],"wp:attachment":[{"href":"https:\/\/hospitalsvpgarzon.gov.co\/index.php\/wp-json\/wp\/v2\/media?parent=1055"}],"curies":[{"name":"wp","href":"https:\/\/api.w.org\/{rel}","templated":true}]}}